{"id":3359,"date":"2020-02-12T23:37:24","date_gmt":"2020-02-12T20:37:24","guid":{"rendered":"https:\/\/www.taninmismakina.com\/?page_id=3359"},"modified":"2020-05-04T16:00:56","modified_gmt":"2020-05-04T13:00:56","slug":"hakkimizda","status":"publish","type":"page","link":"https:\/\/www.taninmismakina.com\/en\/hakkimizda\/","title":{"rendered":"About Us"},"content":{"rendered":"<div class=\"vc_row wpb_row vc_row-fluid top-row vc_custom_1479204622560 vc_row-has-fill\"><div class=\"wh-box-big wpb_column vc_column_container vc_col-sm-12 vc_col-md-8 vc_col-has-fill\"><div class=\"vc_column-inner vc_custom_1477050417128\"><div class=\"wpb_wrapper\"><p style=\"color: #bababa;text-align: left\" class=\"vc_custom_heading vc_custom_1581539790959\" >About Us<\/p><h2 style=\"text-align: left\" class=\"vc_custom_heading vc_custom_1581539801344\" >Tan\u0131nm\u0131\u015f Makina<\/h2>\n\t<div  class=\"wpb_single_image wpb_content_element vc_align_left  wpb_animate_when_almost_visible wpb_left-to-right left-to-right vc_custom_1581883213999\">\n\t\t\n\t\t<figure class=\"wpb_wrapper vc_figure\">\n\t\t\t<div class=\"vc_single_image-wrapper   vc_box_border_grey\"><img loading=\"lazy\" decoding=\"async\" width=\"1200\" height=\"801\" src=\"https:\/\/www.taninmismakina.com\/wp-content\/uploads\/2020\/02\/taninmis-makina-hakkinda.jpg\" class=\"vc_single_image-img attachment-full\" alt=\"\" srcset=\"https:\/\/www.taninmismakina.com\/wp-content\/uploads\/2020\/02\/taninmis-makina-hakkinda.jpg 1200w, https:\/\/www.taninmismakina.com\/wp-content\/uploads\/2020\/02\/taninmis-makina-hakkinda-300x200.jpg 300w, https:\/\/www.taninmismakina.com\/wp-content\/uploads\/2020\/02\/taninmis-makina-hakkinda-1024x684.jpg 1024w, https:\/\/www.taninmismakina.com\/wp-content\/uploads\/2020\/02\/taninmis-makina-hakkinda-768x513.jpg 768w, https:\/\/www.taninmismakina.com\/wp-content\/uploads\/2020\/02\/taninmis-makina-hakkinda-150x100.jpg 150w, https:\/\/www.taninmismakina.com\/wp-content\/uploads\/2020\/02\/taninmis-makina-hakkinda-480x320.jpg 480w\" sizes=\"auto, (max-width: 1200px) 100vw, 1200px\" \/><\/div>\n\t\t<\/figure>\n\t<\/div>\n\n\t<div class=\"wpb_text_column wpb_content_element  vc_custom_1581539815561\" >\n\t\t<div class=\"wpb_wrapper\">\n\t\t\t<p>Taninmis Makine was established in 1998, since then we proudly serve and treat you as our valued customer with our experienced and unique sale &amp; after sale service unit. Further, we offer you, our own brand &amp; make Cooling Groups (Chiller) &amp; Temperature Control Units and \/ also Extruders &amp; Extrusion Lines made in Germany, HB-THERM Temperature Conrol Units made in Switzerland and Lanson Plastic Injection Moulding Machines manufactured in China. \nOur primary purpose \u2013 in all the services we provide - is; keeping the customer satisfaction as a priority with being worthy of winning quality rewards by team spirit which we created within our firm and increasing the Quality day by day, working with the best and genuine quality machine manufacturers worldwide in all industries, supporting and adding values to the production.<\/p>\n<p>Our firm Taninmis Makine; sales CHURCHILL (Turkey)  Cooling Machines &amp; Temperature Control Units and BREYER (Germany) Extruders &amp; Extrusion Lines manufactured in Germany, HB-THERM Temperature Conrol Units made in Switzerland and LANSON China) Plastic Injection Moulding Machines and provides after sale services for all those products. \nAs a single source Taninmis Makine supplies machines &amp; equipment for the needs of plastic product manufacturers and procures everything they need to enable them to produce faster, cheaper and better quality goods. Our machines &amp; tools and technologies have the latest configurations that help our customers in modifying the features of their products for a better output.<\/p>\n<p>Taninmis Makine, In this direction, will always be co-operating with the manufacturers of quality &amp; genuine products in accordance with their requests.<\/p>\n\n\t\t<\/div>\n\t<\/div>\n\n\t<div class=\"wpb_text_column wpb_content_element  vc_custom_1581539826734\" >\n\t\t<div class=\"wpb_wrapper\">\n\t\t\t<p>bilgi@taninmismakina.com<\/p>\n\n\t\t<\/div>\n\t<\/div>\n<div class=\"vc_row wpb_row vc_inner vc_row-fluid\"><div class=\"wpb_column vc_column_container vc_col-sm-12\"><div class=\"vc_column-inner\"><div class=\"wpb_wrapper\"><div class=\"wpb_gallery wpb_content_element vc_clearfix\" ><div class=\"wpb_wrapper\"><div class=\"wpb_gallery_slides wpb_image_grid\" data-interval=\"3\"><ul class=\"wpb_image_grid_ul\"><li class=\"isotope-item\"><img loading=\"lazy\" decoding=\"async\" width=\"188\" height=\"64\" src=\"https:\/\/www.taninmismakina.com\/wp-content\/uploads\/2020\/02\/isitan-logo.png\" class=\"attachment-full\" alt=\"\" srcset=\"https:\/\/www.taninmismakina.com\/wp-content\/uploads\/2020\/02\/isitan-logo.png 188w, https:\/\/www.taninmismakina.com\/wp-content\/uploads\/2020\/02\/isitan-logo-150x51.png 150w\" sizes=\"auto, (max-width: 188px) 100vw, 188px\" \/><\/li><li class=\"isotope-item\"><img loading=\"lazy\" decoding=\"async\" width=\"188\" height=\"64\" src=\"https:\/\/www.taninmismakina.com\/wp-content\/uploads\/2020\/02\/taninmis-mini-logo.png\" class=\"attachment-full\" alt=\"\" srcset=\"https:\/\/www.taninmismakina.com\/wp-content\/uploads\/2020\/02\/taninmis-mini-logo.png 188w, https:\/\/www.taninmismakina.com\/wp-content\/uploads\/2020\/02\/taninmis-mini-logo-150x51.png 150w\" sizes=\"auto, (max-width: 188px) 100vw, 188px\" \/><\/li><li class=\"isotope-item\"><img loading=\"lazy\" decoding=\"async\" width=\"64\" height=\"64\" src=\"https:\/\/www.taninmismakina.com\/wp-content\/uploads\/2020\/02\/churchill-logo.png\" class=\"attachment-full\" alt=\"\" \/><\/li><\/ul><\/div><\/div><\/div><\/div><\/div><\/div><\/div><\/div><\/div><\/div><div class=\"wh-box-big-left wpb_column vc_column_container vc_col-sm-12 vc_col-md-4\"><div class=\"vc_column-inner vc_custom_1479891183717\"><div class=\"wpb_wrapper\"><div class=\"wpb_column vc_column_container vc_col-sm-12\"><div class=\"vc_column-inner\"><div class=\"wpb_wrapper\"><\/div><\/div><\/div><div class=\"vc_row wpb_row vc_inner vc_row-fluid vc_custom_1479891169231\"><div class=\"wpb_column vc_column_container vc_col-sm-12\"><div class=\"vc_column-inner vc_custom_1479891176513\"><div class=\"wpb_wrapper\"><h5 style=\"text-align: left\" class=\"vc_custom_heading\" ><a href=\"#\">Our Vision<\/a><\/h5>\n\t<div class=\"wpb_text_column wpb_content_element  vc_custom_1581539995630\" >\n\t\t<div class=\"wpb_wrapper\">\n\t\t\t<p>We are supporting our production unit fully and adding values to all the services we provide, keeping the customer satisfaction as a priority within the frame of winning quality rewards by team spirit which we created within our firm, increasing our quality level every single day, working and co-operating with the best and highest quality machines manufacturing, industry-leading companies like CHURCHILL (Turkey), HB-THERM (Switzerland) ,BREYER (Germany), LANSON (China).<\/p>\n\n\t\t<\/div>\n\t<\/div>\n<h5 style=\"text-align: left\" class=\"vc_custom_heading\" ><a href=\"#\">Our Mission<\/a><\/h5>\n\t<div class=\"wpb_text_column wpb_content_element  vc_custom_1581540021511\" >\n\t\t<div class=\"wpb_wrapper\">\n\t\t\t<p>We are selling and providing services for 0 our own brand &amp; make CHURCHILL Cooling Machines and Temperature Control Units, Extruders &amp; Extrusion Lines made by BREYER (Germany),HB-THERM (Switzerland), LANSON Plastic Injection Moulding Machines (China) and most needed auxiliary equipments for the plastic product manufacturers to produce faster, cheaper and better quality goods.\nWe will always be in co-operation with manufacturers of quality products, accordingly.<\/p>\n\n\t\t<\/div>\n\t<\/div>\n<\/div><\/div><\/div><\/div><\/div><\/div><\/div><\/div>","protected":false},"excerpt":{"rendered":"Hakk\u0131m\u0131zdaTan\u0131nm\u0131\u015f Makina Tan\u0131nm\u0131\u015f Makina 1998 y\u0131l\u0131nda kurulmu\u015f olup yerli \u00fcretim olan So\u011futma Gruplar\u0131 (Chiller) ve Kal\u0131p \u015fartland\u0131r\u0131c\u0131 Cihazlar\u0131, Almanya \u00fcretimi&nbsp;<a href=\"https:\/\/www.taninmismakina.com\/en\/hakkimizda\/\">[&hellip;]<\/a>","protected":false},"author":1,"featured_media":0,"parent":0,"menu_order":0,"comment_status":"closed","ping_status":"closed","template":"template-fullwidth.php","meta":{"footnotes":""},"class_list":["post-3359","page","type-page","status-publish","hentry"],"yoast_head":"<!-- This site is optimized with the Yoast SEO plugin v22.9 - https:\/\/yoast.com\/wordpress\/plugins\/seo\/ -->\n<title>Hakk\u0131m\u0131zda - Tan\u0131nm\u0131\u015f Makina<\/title>\n<meta name=\"robots\" content=\"index, follow, max-snippet:-1, max-image-preview:large, max-video-preview:-1\" \/>\n<link rel=\"canonical\" href=\"https:\/\/www.taninmismakina.com\/en\/hakkimizda\/\" \/>\n<meta property=\"og:locale\" content=\"en_US\" \/>\n<meta property=\"og:type\" content=\"article\" \/>\n<meta property=\"og:title\" content=\"Hakk\u0131m\u0131zda - Tan\u0131nm\u0131\u015f Makina\" \/>\n<meta property=\"og:url\" content=\"https:\/\/www.taninmismakina.com\/en\/hakkimizda\/\" \/>\n<meta property=\"og:site_name\" content=\"Tan\u0131nm\u0131\u015f Makina\" \/>\n<meta property=\"article:modified_time\" content=\"2020-05-04T13:00:56+00:00\" \/>\n<meta name=\"twitter:card\" content=\"summary_large_image\" \/>\n<meta name=\"twitter:label1\" content=\"Est. reading time\" \/>\n\t<meta name=\"twitter:data1\" content=\"4 minutes\" \/>\n<script type=\"application\/ld+json\" class=\"yoast-schema-graph\">{\"@context\":\"https:\/\/schema.org\",\"@graph\":[{\"@type\":\"WebPage\",\"@id\":\"https:\/\/www.taninmismakina.com\/hakkimizda\/\",\"url\":\"https:\/\/www.taninmismakina.com\/hakkimizda\/\",\"name\":\"Hakk\u0131m\u0131zda - Tan\u0131nm\u0131\u015f Makina\",\"isPartOf\":{\"@id\":\"https:\/\/www.taninmismakina.com\/#website\"},\"datePublished\":\"2020-02-12T20:37:24+00:00\",\"dateModified\":\"2020-05-04T13:00:56+00:00\",\"breadcrumb\":{\"@id\":\"https:\/\/www.taninmismakina.com\/hakkimizda\/#breadcrumb\"},\"inLanguage\":\"en-US\",\"potentialAction\":[{\"@type\":\"ReadAction\",\"target\":[\"https:\/\/www.taninmismakina.com\/hakkimizda\/\"]}]},{\"@type\":\"BreadcrumbList\",\"@id\":\"https:\/\/www.taninmismakina.com\/hakkimizda\/#breadcrumb\",\"itemListElement\":[{\"@type\":\"ListItem\",\"position\":1,\"name\":\"Home\",\"item\":\"https:\/\/www.taninmismakina.com\/\"},{\"@type\":\"ListItem\",\"position\":2,\"name\":\"Hakk\u0131m\u0131zda\"}]},{\"@type\":\"WebSite\",\"@id\":\"https:\/\/www.taninmismakina.com\/#website\",\"url\":\"https:\/\/www.taninmismakina.com\/\",\"name\":\"Tan\u0131nm\u0131\u015f Makina\",\"description\":\"Is\u0131tma ve So\u011futma Sistemleri\",\"potentialAction\":[{\"@type\":\"SearchAction\",\"target\":{\"@type\":\"EntryPoint\",\"urlTemplate\":\"https:\/\/www.taninmismakina.com\/?s={search_term_string}\"},\"query-input\":\"required name=search_term_string\"}],\"inLanguage\":\"en-US\"}]}<\/script>\n<!-- \/ Yoast SEO plugin. -->","yoast_head_json":{"title":"Hakk\u0131m\u0131zda - Tan\u0131nm\u0131\u015f Makina","robots":{"index":"index","follow":"follow","max-snippet":"max-snippet:-1","max-image-preview":"max-image-preview:large","max-video-preview":"max-video-preview:-1"},"canonical":"https:\/\/www.taninmismakina.com\/en\/hakkimizda\/","og_locale":"en_US","og_type":"article","og_title":"Hakk\u0131m\u0131zda - Tan\u0131nm\u0131\u015f Makina","og_url":"https:\/\/www.taninmismakina.com\/en\/hakkimizda\/","og_site_name":"Tan\u0131nm\u0131\u015f Makina","article_modified_time":"2020-05-04T13:00:56+00:00","twitter_card":"summary_large_image","twitter_misc":{"Est. reading time":"4 minutes"},"schema":{"@context":"https:\/\/schema.org","@graph":[{"@type":"WebPage","@id":"https:\/\/www.taninmismakina.com\/hakkimizda\/","url":"https:\/\/www.taninmismakina.com\/hakkimizda\/","name":"Hakk\u0131m\u0131zda - Tan\u0131nm\u0131\u015f Makina","isPartOf":{"@id":"https:\/\/www.taninmismakina.com\/#website"},"datePublished":"2020-02-12T20:37:24+00:00","dateModified":"2020-05-04T13:00:56+00:00","breadcrumb":{"@id":"https:\/\/www.taninmismakina.com\/hakkimizda\/#breadcrumb"},"inLanguage":"en-US","potentialAction":[{"@type":"ReadAction","target":["https:\/\/www.taninmismakina.com\/hakkimizda\/"]}]},{"@type":"BreadcrumbList","@id":"https:\/\/www.taninmismakina.com\/hakkimizda\/#breadcrumb","itemListElement":[{"@type":"ListItem","position":1,"name":"Home","item":"https:\/\/www.taninmismakina.com\/"},{"@type":"ListItem","position":2,"name":"Hakk\u0131m\u0131zda"}]},{"@type":"WebSite","@id":"https:\/\/www.taninmismakina.com\/#website","url":"https:\/\/www.taninmismakina.com\/","name":"Tan\u0131nm\u0131\u015f Makina","description":"Is\u0131tma ve So\u011futma Sistemleri","potentialAction":[{"@type":"SearchAction","target":{"@type":"EntryPoint","urlTemplate":"https:\/\/www.taninmismakina.com\/?s={search_term_string}"},"query-input":"required name=search_term_string"}],"inLanguage":"en-US"}]}},"_links":{"self":[{"href":"https:\/\/www.taninmismakina.com\/en\/wp-json\/wp\/v2\/pages\/3359","targetHints":{"allow":["GET"]}}],"collection":[{"href":"https:\/\/www.taninmismakina.com\/en\/wp-json\/wp\/v2\/pages"}],"about":[{"href":"https:\/\/www.taninmismakina.com\/en\/wp-json\/wp\/v2\/types\/page"}],"author":[{"embeddable":true,"href":"https:\/\/www.taninmismakina.com\/en\/wp-json\/wp\/v2\/users\/1"}],"replies":[{"embeddable":true,"href":"https:\/\/www.taninmismakina.com\/en\/wp-json\/wp\/v2\/comments?post=3359"}],"version-history":[{"count":27,"href":"https:\/\/www.taninmismakina.com\/en\/wp-json\/wp\/v2\/pages\/3359\/revisions"}],"predecessor-version":[{"id":5010,"href":"https:\/\/www.taninmismakina.com\/en\/wp-json\/wp\/v2\/pages\/3359\/revisions\/5010"}],"wp:attachment":[{"href":"https:\/\/www.taninmismakina.com\/en\/wp-json\/wp\/v2\/media?parent=3359"}],"curies":[{"name":"wp","href":"https:\/\/api.w.org\/{rel}","templated":true}]}}