{"id":3394,"date":"2020-02-13T09:20:50","date_gmt":"2020-02-13T06:20:50","guid":{"rendered":"https:\/\/www.taninmismakina.com\/?page_id=3394"},"modified":"2021-09-24T11:33:51","modified_gmt":"2021-09-24T08:33:51","slug":"teknik-servis","status":"publish","type":"page","link":"https:\/\/www.taninmismakina.com\/en\/teknik-servis\/","title":{"rendered":"Teknik Servis"},"content":{"rendered":"<div class=\"vc_row wpb_row vc_row-fluid top-row vc_custom_1479204622560 vc_row-has-fill\"><div class=\"wh-box-big wpb_column vc_column_container vc_col-sm-12 vc_col-md-8 vc_col-has-fill\"><div class=\"vc_column-inner vc_custom_1477050417128\"><div class=\"wpb_wrapper\"><p style=\"color: #bababa;text-align: left\" class=\"vc_custom_heading vc_custom_1581574694584\" >Maintenance and Repair<\/p><h2 style=\"text-align: left\" class=\"vc_custom_heading vc_custom_1581574680473\" >Teknik Servis<\/h2>\n\t<div class=\"wpb_text_column wpb_content_element  vc_custom_1581574714574\" >\n\t\t<div class=\"wpb_wrapper\">\n\t\t\t<p>Firmam\u0131z 1998 y\u0131l\u0131nda faaliyete ge\u00e7mi\u015f olup sat\u0131\u015f\u0131n\u0131 yapt\u0131\u011f\u0131 t\u00fcm \u00fcr\u00fcnlerin sat\u0131\u015f sonras\u0131 hizmet, ar\u0131zalar\u0131n onar\u0131m\u0131, \u00fcr\u00fcnlerin bak\u0131m\u0131 ve ayr\u0131ca devreye alma i\u015flemlerini yapmak \u00fczere yetkili k\u0131l\u0131nm\u0131\u015ft\u0131r.<\/p>\n<p>Y\u0131llar\u0131n vermi\u015f oldu\u011fu deneyim ve tecr\u00fcbe ile dinamik teknik kadromuz kurulmu\u015f oldu\u011fu tarihten beri bir\u00e7ok projeye imza atm\u0131\u015ft\u0131r. Firmam\u0131z hava so\u011futmal\u0131 ve su so\u011futmal\u0131 Chiller, kal\u0131p \u015fartland\u0131r\u0131c\u0131 (k\u0131zg\u0131n ya\u011fl\u0131 ve sulu), plastik enjeksiyon ve ekstruder hatlar\u0131n teknik servis hizmetini sa\u011flamakta olup 7 g\u00fcn\/24 saat m\u00fc\u015fterilerimize \u00e7\u00f6z\u00fcm orta\u011f\u0131 olmay\u0131 arzulamaktay\u0131z.<\/p>\n<p>Hedefimiz Is\u0131tma, So\u011futma sekt\u00f6r\u00fcnde lider servislerin aras\u0131nda yer al\u0131p ileri teknoloji ile m\u00fc\u015fterilerimize en ekonomik, en az enerji t\u00fcketimi, en \u00fcst kalite ile \u00e7evreye duyarl\u0131 \u00e7\u00f6z\u00fcmler sunarak s\u00fcrekli geli\u015fme kaydederek ilerlemektir.<\/p>\n\n\t\t<\/div>\n\t<\/div>\n\n\t<div class=\"wpb_text_column wpb_content_element  vc_custom_1581574719161\" >\n\t\t<div class=\"wpb_wrapper\">\n\t\t\t<p><strong>7\/24 Chiller So\u011futucu ve \u015eartland\u0131r\u0131c\u0131 Teknik Servisi<\/strong><br \/>\nTelefon : 0212-501 43 16<br \/>\nCep \u00a0 \u00a0 \u00a0: 0555-571 87 61<br \/>\nMail \u00a0 \u00a0 \u00a0: teknik@taninmismakina.com<\/p>\n<p><strong>7\/24 Enjeksiyon Makinesi Teknik Servisi<\/strong><br \/>\nTelefon : 0212-501 43 16<br \/>\nCep \u00a0 \u00a0 \u00a0: 0555-571 87 61<br \/>\nMail \u00a0 \u00a0 \u00a0: teknik@taninmismakina.com<\/p>\n\n\t\t<\/div>\n\t<\/div>\n<div class=\"vc_row wpb_row vc_inner vc_row-fluid\"><div class=\"wpb_column vc_column_container vc_col-sm-12 vc_hidden-sm vc_hidden-xs\"><div class=\"vc_column-inner\"><div class=\"wpb_wrapper\"><div class=\"vc_empty_space\"   style=\"height: 32px\"><span class=\"vc_empty_space_inner\"><\/span><\/div><div class=\"wpb_gallery wpb_content_element vc_clearfix\" ><div class=\"wpb_wrapper\"><div class=\"wpb_gallery_slides wpb_image_grid\" data-interval=\"3\"><ul class=\"wpb_image_grid_ul\"><li class=\"isotope-item\"><img loading=\"lazy\" decoding=\"async\" width=\"188\" height=\"64\" src=\"https:\/\/www.taninmismakina.com\/wp-content\/uploads\/2020\/02\/isitan-logo.png\" class=\"attachment-medium\" alt=\"\" srcset=\"https:\/\/www.taninmismakina.com\/wp-content\/uploads\/2020\/02\/isitan-logo.png 188w, https:\/\/www.taninmismakina.com\/wp-content\/uploads\/2020\/02\/isitan-logo-150x51.png 150w\" sizes=\"auto, (max-width: 188px) 100vw, 188px\" \/><\/li><li class=\"isotope-item\"><img loading=\"lazy\" decoding=\"async\" width=\"188\" height=\"64\" src=\"https:\/\/www.taninmismakina.com\/wp-content\/uploads\/2020\/02\/taninmis-mini-logo.png\" class=\"attachment-medium\" alt=\"\" srcset=\"https:\/\/www.taninmismakina.com\/wp-content\/uploads\/2020\/02\/taninmis-mini-logo.png 188w, https:\/\/www.taninmismakina.com\/wp-content\/uploads\/2020\/02\/taninmis-mini-logo-150x51.png 150w\" sizes=\"auto, (max-width: 188px) 100vw, 188px\" \/><\/li><li class=\"isotope-item\"><img loading=\"lazy\" decoding=\"async\" width=\"64\" height=\"64\" src=\"https:\/\/www.taninmismakina.com\/wp-content\/uploads\/2020\/02\/churchill-logo.png\" class=\"attachment-medium\" alt=\"\" \/><\/li><\/ul><\/div><\/div><\/div><\/div><\/div><\/div><\/div><\/div><\/div><\/div><div class=\"wh-box-big-left wpb_column vc_column_container vc_col-sm-12 vc_col-md-4\"><div class=\"vc_column-inner vc_custom_1479891183717\"><div class=\"wpb_wrapper\"><div class=\"wpb_column vc_column_container vc_col-sm-12\"><div class=\"vc_column-inner\"><div class=\"wpb_wrapper\"><\/div><\/div><\/div><div class=\"vc_row wpb_row vc_inner vc_row-fluid vc_custom_1479891169231\"><div class=\"wpb_column vc_column_container vc_col-sm-12\"><div class=\"vc_column-inner vc_custom_1479891176513\"><div class=\"wpb_wrapper\"><h5 style=\"text-align: left\" class=\"vc_custom_heading\" ><a href=\"#\">Servis Talep Formu<\/a><\/h5>\n<div class=\"wpcf7 no-js\" id=\"wpcf7-f3395-o1\" lang=\"tr-TR\" dir=\"ltr\">\n<div class=\"screen-reader-response\"><p role=\"status\" aria-live=\"polite\" aria-atomic=\"true\"><\/p> <ul><\/ul><\/div>\n<form action=\"\/en\/wp-json\/wp\/v2\/pages\/3394#wpcf7-f3395-o1\" method=\"post\" class=\"wpcf7-form init\" aria-label=\"\u0130leti\u015fim Formu\" enctype=\"multipart\/form-data\" novalidate=\"novalidate\" data-status=\"init\" data-trp-original-action=\"\/en\/wp-json\/wp\/v2\/pages\/3394#wpcf7-f3395-o1\">\n<div style=\"display: none;\">\n<input type=\"hidden\" name=\"_wpcf7\" value=\"3395\" \/>\n<input type=\"hidden\" name=\"_wpcf7_version\" value=\"5.9.6\" \/>\n<input type=\"hidden\" name=\"_wpcf7_locale\" value=\"tr_TR\" \/>\n<input type=\"hidden\" name=\"_wpcf7_unit_tag\" value=\"wpcf7-f3395-o1\" \/>\n<input type=\"hidden\" name=\"_wpcf7_container_post\" value=\"0\" \/>\n<input type=\"hidden\" name=\"_wpcf7_posted_data_hash\" value=\"\" \/>\n<\/div>\n<p><label> Ad Soyad*<br \/>\n<span class=\"wpcf7-form-control-wrap\" data-name=\"ad-soyad\"><input size=\"40\" maxlength=\"80\" class=\"wpcf7-form-control wpcf7-text wpcf7-validates-as-required\" aria-required=\"true\" aria-invalid=\"false\" value=\"\" type=\"text\" name=\"ad-soyad\" \/><\/span> <\/label>\n<\/p>\n<p><label> Mobile Phone*<br \/>\n<span class=\"wpcf7-form-control-wrap\" data-name=\"tel-no\"><input size=\"40\" maxlength=\"80\" class=\"wpcf7-form-control wpcf7-tel wpcf7-validates-as-required wpcf7-text wpcf7-validates-as-tel\" aria-required=\"true\" aria-invalid=\"false\" value=\"\" type=\"tel\" name=\"tel-no\" \/><\/span> <\/label>\n<\/p>\n<p><label> E-posta<br \/>\n<span class=\"wpcf7-form-control-wrap\" data-name=\"eposta-adresi\"><input size=\"40\" maxlength=\"80\" class=\"wpcf7-form-control wpcf7-email wpcf7-text wpcf7-validates-as-email\" aria-invalid=\"false\" value=\"\" type=\"email\" name=\"eposta-adresi\" \/><\/span> <\/label><br \/>\n<label><br \/>\n<\/label>\n<\/p>\n<p style=\"margin: 20px 0;margin-left: 11px;font-size: 15px;line-height: 18px;\">Ar\u0131za Foto\u011fraf\u0131n\u0131 Y\u00fckle\n<\/p>\n<p><span class=\"wpcf7-form-control-wrap\" data-name=\"ariza\"><input size=\"40\" class=\"wpcf7-form-control wpcf7-file\" accept=\"audio\/*,video\/*,image\/*\" aria-invalid=\"false\" type=\"file\" name=\"ariza\" \/><\/span>\n<\/p>\n<p><label> Your Message<br \/>\n<span class=\"wpcf7-form-control-wrap\" data-name=\"servis-talep-mesaji\"><textarea cols=\"40\" rows=\"10\" maxlength=\"400\" class=\"wpcf7-form-control wpcf7-textarea\" aria-invalid=\"false\" placeholder=\"Servis talebinizin a\u00e7\u0131klamas\u0131n\u0131 bu alana yazabilirsiniz.\" name=\"servis-talep-mesaji\"><\/textarea><\/span> <\/label>\n<\/p>\n<p><input class=\"wpcf7-form-control wpcf7-submit has-spinner\" type=\"submit\" value=\"Submit\" \/>\n<\/p><div class=\"wpcf7-response-output\" aria-hidden=\"true\"><\/div>\n<input type=\"hidden\" name=\"trp-form-language\" value=\"en\"\/><\/form>\n<\/div>\n<\/div><\/div><\/div><\/div><\/div><\/div><\/div><\/div>","protected":false},"excerpt":{"rendered":"Bak\u0131m ve Onar\u0131mTeknik Servis Firmam\u0131z 1998 y\u0131l\u0131nda faaliyete ge\u00e7mi\u015f olup sat\u0131\u015f\u0131n\u0131 yapt\u0131\u011f\u0131 t\u00fcm \u00fcr\u00fcnlerin sat\u0131\u015f sonras\u0131 hizmet, ar\u0131zalar\u0131n onar\u0131m\u0131, \u00fcr\u00fcnlerin&nbsp;<a href=\"https:\/\/www.taninmismakina.com\/en\/teknik-servis\/\">[&hellip;]<\/a>","protected":false},"author":1,"featured_media":0,"parent":0,"menu_order":0,"comment_status":"closed","ping_status":"closed","template":"template-fullwidth.php","meta":{"footnotes":""},"class_list":["post-3394","page","type-page","status-publish","hentry"],"yoast_head":"<!-- This site is optimized with the Yoast SEO plugin v22.9 - https:\/\/yoast.com\/wordpress\/plugins\/seo\/ -->\n<title>Is\u0131tma ve So\u011futma Sistemi Teknik Servisi - Tan\u0131nm\u0131\u015f Makina<\/title>\n<meta name=\"description\" content=\"Is\u0131tma, So\u011futma sekt\u00f6r\u00fcnde ileri teknoloji ile m\u00fc\u015fterilerimize en ekonomik, en az enerji t\u00fcketimi, en \u00fcst kalite ile \u00e7evreye duyarl\u0131 \u00e7\u00f6z\u00fcmler sunuyoruz.\" \/>\n<meta name=\"robots\" content=\"index, follow, max-snippet:-1, max-image-preview:large, max-video-preview:-1\" \/>\n<link rel=\"canonical\" href=\"https:\/\/www.taninmismakina.com\/en\/teknik-servis\/\" \/>\n<meta property=\"og:locale\" content=\"en_US\" \/>\n<meta property=\"og:type\" content=\"article\" \/>\n<meta property=\"og:title\" content=\"Is\u0131tma ve So\u011futma Sistemi Teknik Servisi - Tan\u0131nm\u0131\u015f Makina\" \/>\n<meta property=\"og:description\" content=\"Is\u0131tma, So\u011futma sekt\u00f6r\u00fcnde ileri teknoloji ile m\u00fc\u015fterilerimize en ekonomik, en az enerji t\u00fcketimi, en \u00fcst kalite ile \u00e7evreye duyarl\u0131 \u00e7\u00f6z\u00fcmler sunuyoruz.\" \/>\n<meta property=\"og:url\" content=\"https:\/\/www.taninmismakina.com\/en\/teknik-servis\/\" \/>\n<meta property=\"og:site_name\" content=\"Tan\u0131nm\u0131\u015f Makina\" \/>\n<meta property=\"article:modified_time\" content=\"2021-09-24T08:33:51+00:00\" \/>\n<meta name=\"twitter:card\" content=\"summary_large_image\" \/>\n<meta name=\"twitter:label1\" content=\"Est. reading time\" \/>\n\t<meta name=\"twitter:data1\" content=\"2 minutes\" \/>\n<script type=\"application\/ld+json\" class=\"yoast-schema-graph\">{\"@context\":\"https:\/\/schema.org\",\"@graph\":[{\"@type\":\"WebPage\",\"@id\":\"https:\/\/www.taninmismakina.com\/teknik-servis\/\",\"url\":\"https:\/\/www.taninmismakina.com\/teknik-servis\/\",\"name\":\"Is\u0131tma ve So\u011futma Sistemi Teknik Servisi - Tan\u0131nm\u0131\u015f Makina\",\"isPartOf\":{\"@id\":\"https:\/\/www.taninmismakina.com\/#website\"},\"datePublished\":\"2020-02-13T06:20:50+00:00\",\"dateModified\":\"2021-09-24T08:33:51+00:00\",\"description\":\"Is\u0131tma, So\u011futma sekt\u00f6r\u00fcnde ileri teknoloji ile m\u00fc\u015fterilerimize en ekonomik, en az enerji t\u00fcketimi, en \u00fcst kalite ile \u00e7evreye duyarl\u0131 \u00e7\u00f6z\u00fcmler sunuyoruz.\",\"breadcrumb\":{\"@id\":\"https:\/\/www.taninmismakina.com\/teknik-servis\/#breadcrumb\"},\"inLanguage\":\"en-US\",\"potentialAction\":[{\"@type\":\"ReadAction\",\"target\":[\"https:\/\/www.taninmismakina.com\/teknik-servis\/\"]}]},{\"@type\":\"BreadcrumbList\",\"@id\":\"https:\/\/www.taninmismakina.com\/teknik-servis\/#breadcrumb\",\"itemListElement\":[{\"@type\":\"ListItem\",\"position\":1,\"name\":\"Home\",\"item\":\"https:\/\/www.taninmismakina.com\/\"},{\"@type\":\"ListItem\",\"position\":2,\"name\":\"Teknik Servis\"}]},{\"@type\":\"WebSite\",\"@id\":\"https:\/\/www.taninmismakina.com\/#website\",\"url\":\"https:\/\/www.taninmismakina.com\/\",\"name\":\"Tan\u0131nm\u0131\u015f Makina\",\"description\":\"Is\u0131tma ve So\u011futma Sistemleri\",\"potentialAction\":[{\"@type\":\"SearchAction\",\"target\":{\"@type\":\"EntryPoint\",\"urlTemplate\":\"https:\/\/www.taninmismakina.com\/?s={search_term_string}\"},\"query-input\":\"required name=search_term_string\"}],\"inLanguage\":\"en-US\"}]}<\/script>\n<!-- \/ Yoast SEO plugin. -->","yoast_head_json":{"title":"Is\u0131tma ve So\u011futma Sistemi Teknik Servisi - Tan\u0131nm\u0131\u015f Makina","description":"Is\u0131tma, So\u011futma sekt\u00f6r\u00fcnde ileri teknoloji ile m\u00fc\u015fterilerimize en ekonomik, en az enerji t\u00fcketimi, en \u00fcst kalite ile \u00e7evreye duyarl\u0131 \u00e7\u00f6z\u00fcmler sunuyoruz.","robots":{"index":"index","follow":"follow","max-snippet":"max-snippet:-1","max-image-preview":"max-image-preview:large","max-video-preview":"max-video-preview:-1"},"canonical":"https:\/\/www.taninmismakina.com\/en\/teknik-servis\/","og_locale":"en_US","og_type":"article","og_title":"Is\u0131tma ve So\u011futma Sistemi Teknik Servisi - Tan\u0131nm\u0131\u015f Makina","og_description":"Is\u0131tma, So\u011futma sekt\u00f6r\u00fcnde ileri teknoloji ile m\u00fc\u015fterilerimize en ekonomik, en az enerji t\u00fcketimi, en \u00fcst kalite ile \u00e7evreye duyarl\u0131 \u00e7\u00f6z\u00fcmler sunuyoruz.","og_url":"https:\/\/www.taninmismakina.com\/en\/teknik-servis\/","og_site_name":"Tan\u0131nm\u0131\u015f Makina","article_modified_time":"2021-09-24T08:33:51+00:00","twitter_card":"summary_large_image","twitter_misc":{"Est. reading time":"2 minutes"},"schema":{"@context":"https:\/\/schema.org","@graph":[{"@type":"WebPage","@id":"https:\/\/www.taninmismakina.com\/teknik-servis\/","url":"https:\/\/www.taninmismakina.com\/teknik-servis\/","name":"Is\u0131tma ve So\u011futma Sistemi Teknik Servisi - Tan\u0131nm\u0131\u015f Makina","isPartOf":{"@id":"https:\/\/www.taninmismakina.com\/#website"},"datePublished":"2020-02-13T06:20:50+00:00","dateModified":"2021-09-24T08:33:51+00:00","description":"Is\u0131tma, So\u011futma sekt\u00f6r\u00fcnde ileri teknoloji ile m\u00fc\u015fterilerimize en ekonomik, en az enerji t\u00fcketimi, en \u00fcst kalite ile \u00e7evreye duyarl\u0131 \u00e7\u00f6z\u00fcmler sunuyoruz.","breadcrumb":{"@id":"https:\/\/www.taninmismakina.com\/teknik-servis\/#breadcrumb"},"inLanguage":"en-US","potentialAction":[{"@type":"ReadAction","target":["https:\/\/www.taninmismakina.com\/teknik-servis\/"]}]},{"@type":"BreadcrumbList","@id":"https:\/\/www.taninmismakina.com\/teknik-servis\/#breadcrumb","itemListElement":[{"@type":"ListItem","position":1,"name":"Home","item":"https:\/\/www.taninmismakina.com\/"},{"@type":"ListItem","position":2,"name":"Teknik Servis"}]},{"@type":"WebSite","@id":"https:\/\/www.taninmismakina.com\/#website","url":"https:\/\/www.taninmismakina.com\/","name":"Tan\u0131nm\u0131\u015f Makina","description":"Is\u0131tma ve So\u011futma Sistemleri","potentialAction":[{"@type":"SearchAction","target":{"@type":"EntryPoint","urlTemplate":"https:\/\/www.taninmismakina.com\/?s={search_term_string}"},"query-input":"required name=search_term_string"}],"inLanguage":"en-US"}]}},"_links":{"self":[{"href":"https:\/\/www.taninmismakina.com\/en\/wp-json\/wp\/v2\/pages\/3394","targetHints":{"allow":["GET"]}}],"collection":[{"href":"https:\/\/www.taninmismakina.com\/en\/wp-json\/wp\/v2\/pages"}],"about":[{"href":"https:\/\/www.taninmismakina.com\/en\/wp-json\/wp\/v2\/types\/page"}],"author":[{"embeddable":true,"href":"https:\/\/www.taninmismakina.com\/en\/wp-json\/wp\/v2\/users\/1"}],"replies":[{"embeddable":true,"href":"https:\/\/www.taninmismakina.com\/en\/wp-json\/wp\/v2\/comments?post=3394"}],"version-history":[{"count":4,"href":"https:\/\/www.taninmismakina.com\/en\/wp-json\/wp\/v2\/pages\/3394\/revisions"}],"predecessor-version":[{"id":3586,"href":"https:\/\/www.taninmismakina.com\/en\/wp-json\/wp\/v2\/pages\/3394\/revisions\/3586"}],"wp:attachment":[{"href":"https:\/\/www.taninmismakina.com\/en\/wp-json\/wp\/v2\/media?parent=3394"}],"curies":[{"name":"wp","href":"https:\/\/api.w.org\/{rel}","templated":true}]}}