{"id":3650,"date":"2020-02-21T09:36:52","date_gmt":"2020-02-21T06:36:52","guid":{"rendered":"https:\/\/www.taninmismakina.com\/?page_id=3650"},"modified":"2020-03-05T16:00:48","modified_gmt":"2020-03-05T13:00:48","slug":"merkezi-sistem-yagli-isi-kontrol-cihazlari","status":"publish","type":"page","link":"https:\/\/www.taninmismakina.com\/en\/merkezi-sistem-yagli-isi-kontrol-cihazlari\/","title":{"rendered":"Central System Heat Control Devices"},"content":{"rendered":"<div class=\"vc_row wpb_row vc_row-fluid vc_custom_1582206935547\"><div class=\"wpb_column vc_column_container vc_col-sm-3\"><div class=\"vc_column-inner\"><div class=\"wpb_wrapper\"><a href=\"https:\/\/www.taninmismakina.com\/en\/merkezi-sistem-yagli-isi-kontrol-cihazlari\/ch-340\/\" class=\"wh-button vc_custom_1583413233063 wh-sidebar-btn wh-borderless hoverable genislik-full\" ><span class=\"anim\"><\/span>CH-340<\/a>\n\t\t\t\t\t<div class=\"wh-theme-icon banner-btn-i\" style=\"color:#ffffff!important;\"  >\n\t\t\t\t<i class=\"icon-sign\" onmouseover=\"this.style.color='#ffffff'\" onmouseout=\"this.style.color='#ffffff'\"><\/i>\n\t\t\t<\/div>\n\t\t\n\t\t<\/div><\/div><\/div><div class=\"wpb_column vc_column_container vc_col-sm-3\"><div class=\"vc_column-inner\"><div class=\"wpb_wrapper\"><a href=\"https:\/\/www.taninmismakina.com\/en\/merkezi-sistem-yagli-isi-kontrol-cihazlari\/ch-360\/\" class=\"wh-button vc_custom_1583413239503 wh-sidebar-btn wh-borderless hoverable genislik-full\" ><span class=\"anim\"><\/span>CH-360<\/a>\n\t\t\t\t\t<div class=\"wh-theme-icon banner-btn-i\" style=\"color:#ffffff!important;\"  >\n\t\t\t\t<i class=\"icon-sign\" onmouseover=\"this.style.color='#ffffff'\" onmouseout=\"this.style.color='#ffffff'\"><\/i>\n\t\t\t<\/div>\n\t\t\n\t\t<\/div><\/div><\/div><div class=\"wpb_column vc_column_container vc_col-sm-3\"><div class=\"vc_column-inner\"><div class=\"wpb_wrapper\"><a href=\"https:\/\/www.taninmismakina.com\/en\/merkezi-sistem-yagli-isi-kontrol-cihazlari\/ch-370\/\" class=\"wh-button vc_custom_1583413245062 wh-sidebar-btn wh-borderless hoverable genislik-full\" ><span class=\"anim\"><\/span>CH-370<\/a>\n\t\t\t\t\t<div class=\"wh-theme-icon banner-btn-i\" style=\"color:#ffffff!important;\"  >\n\t\t\t\t<i class=\"icon-sign\" onmouseover=\"this.style.color='#ffffff'\" onmouseout=\"this.style.color='#ffffff'\"><\/i>\n\t\t\t<\/div>\n\t\t\n\t\t<\/div><\/div><\/div><div class=\"wpb_column vc_column_container vc_col-sm-3\"><div class=\"vc_column-inner\"><div class=\"wpb_wrapper\"><a href=\"https:\/\/www.taninmismakina.com\/en\/merkezi-sistem-yagli-isi-kontrol-cihazlari\/ch-380\/\" class=\"wh-button vc_custom_1583413251262 wh-sidebar-btn wh-borderless hoverable genislik-full\" ><span class=\"anim\"><\/span>CH-380<\/a>\n\t\t\t\t\t<div class=\"wh-theme-icon banner-btn-i\" style=\"color:#ffffff!important;\"  >\n\t\t\t\t<i class=\"icon-sign\" onmouseover=\"this.style.color='#ffffff'\" onmouseout=\"this.style.color='#ffffff'\"><\/i>\n\t\t\t<\/div>\n\t\t\n\t\t<\/div><\/div><\/div><\/div>","protected":false},"excerpt":{"rendered":"CH-340 CH-360 CH-370 CH-380","protected":false},"author":1,"featured_media":0,"parent":0,"menu_order":0,"comment_status":"closed","ping_status":"closed","template":"template-fullwidth.php","meta":{"footnotes":""},"class_list":["post-3650","page","type-page","status-publish","hentry"],"yoast_head":"<!-- This site is optimized with the Yoast SEO plugin v22.9 - https:\/\/yoast.com\/wordpress\/plugins\/seo\/ -->\n<title>Merkezi Sistem Ya\u011fl\u0131 Is\u0131 Kontrol Cihazlar\u0131 - Tan\u0131nm\u0131\u015f Makina<\/title>\n<meta name=\"robots\" content=\"index, follow, max-snippet:-1, max-image-preview:large, max-video-preview:-1\" \/>\n<link rel=\"canonical\" href=\"https:\/\/www.taninmismakina.com\/en\/merkezi-sistem-yagli-isi-kontrol-cihazlari\/\" \/>\n<meta property=\"og:locale\" content=\"en_US\" \/>\n<meta property=\"og:type\" content=\"article\" \/>\n<meta property=\"og:title\" content=\"Merkezi Sistem Ya\u011fl\u0131 Is\u0131 Kontrol Cihazlar\u0131 - Tan\u0131nm\u0131\u015f Makina\" \/>\n<meta property=\"og:url\" content=\"https:\/\/www.taninmismakina.com\/en\/merkezi-sistem-yagli-isi-kontrol-cihazlari\/\" \/>\n<meta property=\"og:site_name\" content=\"Tan\u0131nm\u0131\u015f Makina\" \/>\n<meta property=\"article:modified_time\" content=\"2020-03-05T13:00:48+00:00\" \/>\n<meta name=\"twitter:card\" content=\"summary_large_image\" \/>\n<meta name=\"twitter:label1\" content=\"Est. reading time\" \/>\n\t<meta name=\"twitter:data1\" content=\"1 minute\" \/>\n<script type=\"application\/ld+json\" class=\"yoast-schema-graph\">{\"@context\":\"https:\/\/schema.org\",\"@graph\":[{\"@type\":\"WebPage\",\"@id\":\"https:\/\/www.taninmismakina.com\/merkezi-sistem-yagli-isi-kontrol-cihazlari\/\",\"url\":\"https:\/\/www.taninmismakina.com\/merkezi-sistem-yagli-isi-kontrol-cihazlari\/\",\"name\":\"Merkezi Sistem Ya\u011fl\u0131 Is\u0131 Kontrol Cihazlar\u0131 - Tan\u0131nm\u0131\u015f Makina\",\"isPartOf\":{\"@id\":\"https:\/\/www.taninmismakina.com\/#website\"},\"datePublished\":\"2020-02-21T06:36:52+00:00\",\"dateModified\":\"2020-03-05T13:00:48+00:00\",\"breadcrumb\":{\"@id\":\"https:\/\/www.taninmismakina.com\/merkezi-sistem-yagli-isi-kontrol-cihazlari\/#breadcrumb\"},\"inLanguage\":\"en-US\",\"potentialAction\":[{\"@type\":\"ReadAction\",\"target\":[\"https:\/\/www.taninmismakina.com\/merkezi-sistem-yagli-isi-kontrol-cihazlari\/\"]}]},{\"@type\":\"BreadcrumbList\",\"@id\":\"https:\/\/www.taninmismakina.com\/merkezi-sistem-yagli-isi-kontrol-cihazlari\/#breadcrumb\",\"itemListElement\":[{\"@type\":\"ListItem\",\"position\":1,\"name\":\"Home\",\"item\":\"https:\/\/www.taninmismakina.com\/\"},{\"@type\":\"ListItem\",\"position\":2,\"name\":\"Merkezi Sistem Ya\u011fl\u0131 Is\u0131 Kontrol Cihazlar\u0131\"}]},{\"@type\":\"WebSite\",\"@id\":\"https:\/\/www.taninmismakina.com\/#website\",\"url\":\"https:\/\/www.taninmismakina.com\/\",\"name\":\"Tan\u0131nm\u0131\u015f Makina\",\"description\":\"Is\u0131tma ve So\u011futma Sistemleri\",\"potentialAction\":[{\"@type\":\"SearchAction\",\"target\":{\"@type\":\"EntryPoint\",\"urlTemplate\":\"https:\/\/www.taninmismakina.com\/?s={search_term_string}\"},\"query-input\":\"required name=search_term_string\"}],\"inLanguage\":\"en-US\"}]}<\/script>\n<!-- \/ Yoast SEO plugin. -->","yoast_head_json":{"title":"Merkezi Sistem Ya\u011fl\u0131 Is\u0131 Kontrol Cihazlar\u0131 - Tan\u0131nm\u0131\u015f Makina","robots":{"index":"index","follow":"follow","max-snippet":"max-snippet:-1","max-image-preview":"max-image-preview:large","max-video-preview":"max-video-preview:-1"},"canonical":"https:\/\/www.taninmismakina.com\/en\/merkezi-sistem-yagli-isi-kontrol-cihazlari\/","og_locale":"en_US","og_type":"article","og_title":"Merkezi Sistem Ya\u011fl\u0131 Is\u0131 Kontrol Cihazlar\u0131 - Tan\u0131nm\u0131\u015f Makina","og_url":"https:\/\/www.taninmismakina.com\/en\/merkezi-sistem-yagli-isi-kontrol-cihazlari\/","og_site_name":"Tan\u0131nm\u0131\u015f Makina","article_modified_time":"2020-03-05T13:00:48+00:00","twitter_card":"summary_large_image","twitter_misc":{"Est. reading time":"1 minute"},"schema":{"@context":"https:\/\/schema.org","@graph":[{"@type":"WebPage","@id":"https:\/\/www.taninmismakina.com\/merkezi-sistem-yagli-isi-kontrol-cihazlari\/","url":"https:\/\/www.taninmismakina.com\/merkezi-sistem-yagli-isi-kontrol-cihazlari\/","name":"Merkezi Sistem Ya\u011fl\u0131 Is\u0131 Kontrol Cihazlar\u0131 - Tan\u0131nm\u0131\u015f Makina","isPartOf":{"@id":"https:\/\/www.taninmismakina.com\/#website"},"datePublished":"2020-02-21T06:36:52+00:00","dateModified":"2020-03-05T13:00:48+00:00","breadcrumb":{"@id":"https:\/\/www.taninmismakina.com\/merkezi-sistem-yagli-isi-kontrol-cihazlari\/#breadcrumb"},"inLanguage":"en-US","potentialAction":[{"@type":"ReadAction","target":["https:\/\/www.taninmismakina.com\/merkezi-sistem-yagli-isi-kontrol-cihazlari\/"]}]},{"@type":"BreadcrumbList","@id":"https:\/\/www.taninmismakina.com\/merkezi-sistem-yagli-isi-kontrol-cihazlari\/#breadcrumb","itemListElement":[{"@type":"ListItem","position":1,"name":"Home","item":"https:\/\/www.taninmismakina.com\/"},{"@type":"ListItem","position":2,"name":"Merkezi Sistem Ya\u011fl\u0131 Is\u0131 Kontrol Cihazlar\u0131"}]},{"@type":"WebSite","@id":"https:\/\/www.taninmismakina.com\/#website","url":"https:\/\/www.taninmismakina.com\/","name":"Tan\u0131nm\u0131\u015f Makina","description":"Is\u0131tma ve So\u011futma Sistemleri","potentialAction":[{"@type":"SearchAction","target":{"@type":"EntryPoint","urlTemplate":"https:\/\/www.taninmismakina.com\/?s={search_term_string}"},"query-input":"required name=search_term_string"}],"inLanguage":"en-US"}]}},"_links":{"self":[{"href":"https:\/\/www.taninmismakina.com\/en\/wp-json\/wp\/v2\/pages\/3650","targetHints":{"allow":["GET"]}}],"collection":[{"href":"https:\/\/www.taninmismakina.com\/en\/wp-json\/wp\/v2\/pages"}],"about":[{"href":"https:\/\/www.taninmismakina.com\/en\/wp-json\/wp\/v2\/types\/page"}],"author":[{"embeddable":true,"href":"https:\/\/www.taninmismakina.com\/en\/wp-json\/wp\/v2\/users\/1"}],"replies":[{"embeddable":true,"href":"https:\/\/www.taninmismakina.com\/en\/wp-json\/wp\/v2\/comments?post=3650"}],"version-history":[{"count":3,"href":"https:\/\/www.taninmismakina.com\/en\/wp-json\/wp\/v2\/pages\/3650\/revisions"}],"predecessor-version":[{"id":4258,"href":"https:\/\/www.taninmismakina.com\/en\/wp-json\/wp\/v2\/pages\/3650\/revisions\/4258"}],"wp:attachment":[{"href":"https:\/\/www.taninmismakina.com\/en\/wp-json\/wp\/v2\/media?parent=3650"}],"curies":[{"name":"wp","href":"https:\/\/api.w.org\/{rel}","templated":true}]}}