{"id":3709,"date":"2020-02-21T10:03:21","date_gmt":"2020-02-21T07:03:21","guid":{"rendered":"https:\/\/www.taninmismakina.com\/?page_id=3709"},"modified":"2020-02-21T10:03:52","modified_gmt":"2020-02-21T07:03:52","slug":"ch-20","status":"publish","type":"page","link":"https:\/\/www.taninmismakina.com\/en\/universal-isi-kontrol-cihazlari\/ch-20\/","title":{"rendered":"CH-20"},"content":{"rendered":"<div class=\"vc_row wpb_row vc_row-fluid\"><div class=\"wpb_column vc_column_container vc_col-sm-6\"><div class=\"vc_column-inner\"><div class=\"wpb_wrapper\">\n\t<div  class=\"wpb_single_image wpb_content_element vc_align_left   bulaniklastir\">\n\t\t\n\t\t<figure class=\"wpb_wrapper vc_figure\">\n\t\t\t<div class=\"vc_single_image-wrapper   vc_box_border_grey\"><img loading=\"lazy\" decoding=\"async\" data-vc-zoom=\"https:\/\/www.taninmismakina.com\/wp-content\/uploads\/2020\/02\/ch20.png\" width=\"900\" height=\"800\" src=\"https:\/\/www.taninmismakina.com\/wp-content\/uploads\/2020\/02\/ch20.png\" class=\"vc_single_image-img attachment-full\" alt=\"\" srcset=\"https:\/\/www.taninmismakina.com\/wp-content\/uploads\/2020\/02\/ch20.png 900w, https:\/\/www.taninmismakina.com\/wp-content\/uploads\/2020\/02\/ch20-300x267.png 300w, https:\/\/www.taninmismakina.com\/wp-content\/uploads\/2020\/02\/ch20-768x683.png 768w, https:\/\/www.taninmismakina.com\/wp-content\/uploads\/2020\/02\/ch20-150x133.png 150w\" sizes=\"auto, (max-width: 900px) 100vw, 900px\" \/><\/div>\n\t\t<\/figure>\n\t<\/div>\n<section class=\"vc_cta3-container\"><div class=\"vc_general vc_cta3 vc_cta3-style-classic vc_cta3-shape-rounded vc_cta3-align-left vc_cta3-color-classic vc_cta3-icon-size-md\"><div class=\"vc_cta3_content-container\"><div class=\"vc_cta3-content\"><header class=\"vc_cta3-content-header\"><h2>Product Features<\/h2><\/header><ul>\n<li>Maximum performance for circulation, minimum power pump usage<\/li>\n<li>Minimum wastage at the beginning of production<\/li>\n<li>Wide operating range, 90 \u00b0C with water, 150 \u00b0C with oil<\/li>\n<li>Low maintenance and operating costs<\/li>\n<li>Maximum protection and safety equipment<\/li>\n<li>Easy assembly<\/li>\n<li>(\u25a0) Standart Ekipman \/Standart Equipment<br \/>\n(\u25a1) Opsiyonel \/Optional<br \/>\n(-) Kullan\u0131lamaz \/Not Available<\/li>\n<li>ISI-TAN Machinery reserves the right to make changes without notifying the companies.<\/li>\n<\/ul>\n<\/div><\/div><\/div><\/section><\/div><\/div><\/div><div class=\"wpb_column vc_column_container vc_col-sm-6\"><div class=\"vc_column-inner\"><div class=\"wpb_wrapper\">\n\t<div class=\"wpb_text_column wpb_content_element\" >\n\t\t<div class=\"wpb_wrapper\">\n\t\t\t<table width=\"323\">\n<tbody>\n<tr>\n<td width=\"183\">Technical Information<\/td>\n<td width=\"64\">CH20<\/td>\n<td width=\"76\"><\/td>\n<\/tr>\n<tr>\n<td width=\"183\">Heating Capacity Water<\/td>\n<td width=\"64\">kW<\/td>\n<td width=\"76\">18<\/td>\n<\/tr>\n<tr>\n<td width=\"183\">Heating Capacity Oil<\/td>\n<td width=\"64\">kW<\/td>\n<td width=\"76\">6\/12\/18<\/td>\n<\/tr>\n<tr>\n<td width=\"183\">Cooling<\/td>\n<td width=\"64\"><\/td>\n<td width=\"76\">\u25a0<\/td>\n<\/tr>\n<tr>\n<td width=\"183\">Heat Transfer Fluid<\/td>\n<td width=\"64\"><\/td>\n<td width=\"76\">Su\/Ya\u011f<\/td>\n<\/tr>\n<tr>\n<td width=\"183\">Pump Max.Flow<\/td>\n<td width=\"64\">I\/min<\/td>\n<td width=\"76\">60<\/td>\n<\/tr>\n<tr>\n<td width=\"183\">Pump Max.Pressure<\/td>\n<td width=\"64\">Bar<\/td>\n<td width=\"76\">4<\/td>\n<\/tr>\n<tr>\n<td width=\"183\">Pump Power<\/td>\n<td width=\"64\">kW<\/td>\n<td width=\"76\">1<\/td>\n<\/tr>\n<tr>\n<td width=\"183\">Operating Voltage(Standard)<\/td>\n<td width=\"64\">V\/Hz<\/td>\n<td width=\"76\">400 \/ 50,3 PE<\/td>\n<\/tr>\n<tr>\n<td width=\"183\">Connections<\/td>\n<td width=\"64\">G\/\u00c7<\/td>\n<td width=\"76\">1\/2&#8243; &#8211; 1\/2&#8243;<\/td>\n<\/tr>\n<tr>\n<td width=\"183\">Operating Range With water<\/td>\n<td width=\"64\">\u00b0C<\/td>\n<td width=\"76\">90<\/td>\n<\/tr>\n<tr>\n<td width=\"183\">Operating Range With oil<\/td>\n<td width=\"64\">\u00b0C<\/td>\n<td width=\"76\">150<\/td>\n<\/tr>\n<tr>\n<td width=\"183\">Total Power Consumption<\/td>\n<td width=\"64\">kW<\/td>\n<td width=\"76\">19<\/td>\n<\/tr>\n<tr>\n<td width=\"183\">Dimensions<\/td>\n<td width=\"64\">mm<\/td>\n<td width=\"76\">280x600x620<\/td>\n<\/tr>\n<tr>\n<td width=\"183\">Net Weight<\/td>\n<td width=\"64\">kg<\/td>\n<td width=\"76\">50<\/td>\n<\/tr>\n<tr>\n<td width=\"183\">Colour<\/td>\n<td width=\"64\">RAL<\/td>\n<td width=\"76\">6034<\/td>\n<\/tr>\n<\/tbody>\n<\/table>\n\n\t\t<\/div>\n\t<\/div>\n<\/div><\/div><\/div><\/div>","protected":false},"excerpt":{"rendered":"\u00dcr\u00fcn \u00d6zellikleri Sirk\u00fclasyon i\u00e7in maximum performans minumum g\u00fc\u00e7 pompa kullan\u0131m\u0131 \u0130malat ba\u015flang\u0131c\u0131nda minimum fire Geni\u015f \u00e7al\u0131\u015fma aral\u0131\u011f\u0131 , su ile&nbsp;<a href=\"https:\/\/www.taninmismakina.com\/en\/universal-isi-kontrol-cihazlari\/ch-20\/\">[&hellip;]<\/a>","protected":false},"author":1,"featured_media":0,"parent":3607,"menu_order":0,"comment_status":"closed","ping_status":"closed","template":"","meta":{"footnotes":""},"class_list":["post-3709","page","type-page","status-publish","hentry"],"yoast_head":"<!-- This site is optimized with the Yoast SEO plugin v22.9 - https:\/\/yoast.com\/wordpress\/plugins\/seo\/ -->\n<title>CH-20 - Tan\u0131nm\u0131\u015f Makina<\/title>\n<meta name=\"robots\" content=\"index, follow, max-snippet:-1, max-image-preview:large, max-video-preview:-1\" \/>\n<link rel=\"canonical\" href=\"https:\/\/www.taninmismakina.com\/en\/universal-isi-kontrol-cihazlari\/ch-20\/\" \/>\n<meta property=\"og:locale\" content=\"en_US\" \/>\n<meta property=\"og:type\" content=\"article\" \/>\n<meta property=\"og:title\" content=\"CH-20 - Tan\u0131nm\u0131\u015f Makina\" \/>\n<meta property=\"og:url\" content=\"https:\/\/www.taninmismakina.com\/en\/universal-isi-kontrol-cihazlari\/ch-20\/\" \/>\n<meta property=\"og:site_name\" content=\"Tan\u0131nm\u0131\u015f Makina\" \/>\n<meta property=\"article:modified_time\" content=\"2020-02-21T07:03:52+00:00\" \/>\n<meta name=\"twitter:card\" content=\"summary_large_image\" \/>\n<meta name=\"twitter:label1\" content=\"Est. reading time\" \/>\n\t<meta name=\"twitter:data1\" content=\"1 minute\" \/>\n<script type=\"application\/ld+json\" class=\"yoast-schema-graph\">{\"@context\":\"https:\/\/schema.org\",\"@graph\":[{\"@type\":\"WebPage\",\"@id\":\"https:\/\/www.taninmismakina.com\/universal-isi-kontrol-cihazlari\/ch-20\/\",\"url\":\"https:\/\/www.taninmismakina.com\/universal-isi-kontrol-cihazlari\/ch-20\/\",\"name\":\"CH-20 - Tan\u0131nm\u0131\u015f Makina\",\"isPartOf\":{\"@id\":\"https:\/\/www.taninmismakina.com\/#website\"},\"datePublished\":\"2020-02-21T07:03:21+00:00\",\"dateModified\":\"2020-02-21T07:03:52+00:00\",\"breadcrumb\":{\"@id\":\"https:\/\/www.taninmismakina.com\/universal-isi-kontrol-cihazlari\/ch-20\/#breadcrumb\"},\"inLanguage\":\"en-US\",\"potentialAction\":[{\"@type\":\"ReadAction\",\"target\":[\"https:\/\/www.taninmismakina.com\/universal-isi-kontrol-cihazlari\/ch-20\/\"]}]},{\"@type\":\"BreadcrumbList\",\"@id\":\"https:\/\/www.taninmismakina.com\/universal-isi-kontrol-cihazlari\/ch-20\/#breadcrumb\",\"itemListElement\":[{\"@type\":\"ListItem\",\"position\":1,\"name\":\"Home\",\"item\":\"https:\/\/www.taninmismakina.com\/\"},{\"@type\":\"ListItem\",\"position\":2,\"name\":\"Universal Is\u0131 Kontrol Cihazlar\u0131\",\"item\":\"https:\/\/www.taninmismakina.com\/universal-isi-kontrol-cihazlari\/\"},{\"@type\":\"ListItem\",\"position\":3,\"name\":\"CH-20\"}]},{\"@type\":\"WebSite\",\"@id\":\"https:\/\/www.taninmismakina.com\/#website\",\"url\":\"https:\/\/www.taninmismakina.com\/\",\"name\":\"Tan\u0131nm\u0131\u015f Makina\",\"description\":\"Is\u0131tma ve So\u011futma Sistemleri\",\"potentialAction\":[{\"@type\":\"SearchAction\",\"target\":{\"@type\":\"EntryPoint\",\"urlTemplate\":\"https:\/\/www.taninmismakina.com\/?s={search_term_string}\"},\"query-input\":\"required name=search_term_string\"}],\"inLanguage\":\"en-US\"}]}<\/script>\n<!-- \/ Yoast SEO plugin. -->","yoast_head_json":{"title":"CH-20 - Tan\u0131nm\u0131\u015f Makina","robots":{"index":"index","follow":"follow","max-snippet":"max-snippet:-1","max-image-preview":"max-image-preview:large","max-video-preview":"max-video-preview:-1"},"canonical":"https:\/\/www.taninmismakina.com\/en\/universal-isi-kontrol-cihazlari\/ch-20\/","og_locale":"en_US","og_type":"article","og_title":"CH-20 - Tan\u0131nm\u0131\u015f Makina","og_url":"https:\/\/www.taninmismakina.com\/en\/universal-isi-kontrol-cihazlari\/ch-20\/","og_site_name":"Tan\u0131nm\u0131\u015f Makina","article_modified_time":"2020-02-21T07:03:52+00:00","twitter_card":"summary_large_image","twitter_misc":{"Est. reading time":"1 minute"},"schema":{"@context":"https:\/\/schema.org","@graph":[{"@type":"WebPage","@id":"https:\/\/www.taninmismakina.com\/universal-isi-kontrol-cihazlari\/ch-20\/","url":"https:\/\/www.taninmismakina.com\/universal-isi-kontrol-cihazlari\/ch-20\/","name":"CH-20 - Tan\u0131nm\u0131\u015f Makina","isPartOf":{"@id":"https:\/\/www.taninmismakina.com\/#website"},"datePublished":"2020-02-21T07:03:21+00:00","dateModified":"2020-02-21T07:03:52+00:00","breadcrumb":{"@id":"https:\/\/www.taninmismakina.com\/universal-isi-kontrol-cihazlari\/ch-20\/#breadcrumb"},"inLanguage":"en-US","potentialAction":[{"@type":"ReadAction","target":["https:\/\/www.taninmismakina.com\/universal-isi-kontrol-cihazlari\/ch-20\/"]}]},{"@type":"BreadcrumbList","@id":"https:\/\/www.taninmismakina.com\/universal-isi-kontrol-cihazlari\/ch-20\/#breadcrumb","itemListElement":[{"@type":"ListItem","position":1,"name":"Home","item":"https:\/\/www.taninmismakina.com\/"},{"@type":"ListItem","position":2,"name":"Universal Is\u0131 Kontrol Cihazlar\u0131","item":"https:\/\/www.taninmismakina.com\/universal-isi-kontrol-cihazlari\/"},{"@type":"ListItem","position":3,"name":"CH-20"}]},{"@type":"WebSite","@id":"https:\/\/www.taninmismakina.com\/#website","url":"https:\/\/www.taninmismakina.com\/","name":"Tan\u0131nm\u0131\u015f Makina","description":"Is\u0131tma ve So\u011futma Sistemleri","potentialAction":[{"@type":"SearchAction","target":{"@type":"EntryPoint","urlTemplate":"https:\/\/www.taninmismakina.com\/?s={search_term_string}"},"query-input":"required name=search_term_string"}],"inLanguage":"en-US"}]}},"_links":{"self":[{"href":"https:\/\/www.taninmismakina.com\/en\/wp-json\/wp\/v2\/pages\/3709","targetHints":{"allow":["GET"]}}],"collection":[{"href":"https:\/\/www.taninmismakina.com\/en\/wp-json\/wp\/v2\/pages"}],"about":[{"href":"https:\/\/www.taninmismakina.com\/en\/wp-json\/wp\/v2\/types\/page"}],"author":[{"embeddable":true,"href":"https:\/\/www.taninmismakina.com\/en\/wp-json\/wp\/v2\/users\/1"}],"replies":[{"embeddable":true,"href":"https:\/\/www.taninmismakina.com\/en\/wp-json\/wp\/v2\/comments?post=3709"}],"version-history":[{"count":2,"href":"https:\/\/www.taninmismakina.com\/en\/wp-json\/wp\/v2\/pages\/3709\/revisions"}],"predecessor-version":[{"id":3712,"href":"https:\/\/www.taninmismakina.com\/en\/wp-json\/wp\/v2\/pages\/3709\/revisions\/3712"}],"up":[{"embeddable":true,"href":"https:\/\/www.taninmismakina.com\/en\/wp-json\/wp\/v2\/pages\/3607"}],"wp:attachment":[{"href":"https:\/\/www.taninmismakina.com\/en\/wp-json\/wp\/v2\/media?parent=3709"}],"curies":[{"name":"wp","href":"https:\/\/api.w.org\/{rel}","templated":true}]}}