{"id":3761,"date":"2020-02-21T11:24:53","date_gmt":"2020-02-21T08:24:53","guid":{"rendered":"https:\/\/www.taninmismakina.com\/?page_id=3761"},"modified":"2020-02-21T11:24:53","modified_gmt":"2020-02-21T08:24:53","slug":"ch-240x2","status":"publish","type":"page","link":"https:\/\/www.taninmismakina.com\/en\/yagli-isi-kontrol-cihazlari\/ch-240x2\/","title":{"rendered":"CH-240X2"},"content":{"rendered":"<div class=\"vc_row wpb_row vc_row-fluid\"><div class=\"wpb_column vc_column_container vc_col-sm-6\"><div class=\"vc_column-inner\"><div class=\"wpb_wrapper\">\n\t<div  class=\"wpb_single_image wpb_content_element vc_align_left   bulaniklastir\">\n\t\t\n\t\t<figure class=\"wpb_wrapper vc_figure\">\n\t\t\t<div class=\"vc_single_image-wrapper   vc_box_border_grey\"><img loading=\"lazy\" decoding=\"async\" data-vc-zoom=\"https:\/\/www.taninmismakina.com\/wp-content\/uploads\/2020\/02\/ch240x2.png\" width=\"900\" height=\"800\" src=\"https:\/\/www.taninmismakina.com\/wp-content\/uploads\/2020\/02\/ch240x2.png\" class=\"vc_single_image-img attachment-full\" alt=\"\" srcset=\"https:\/\/www.taninmismakina.com\/wp-content\/uploads\/2020\/02\/ch240x2.png 900w, https:\/\/www.taninmismakina.com\/wp-content\/uploads\/2020\/02\/ch240x2-300x267.png 300w, https:\/\/www.taninmismakina.com\/wp-content\/uploads\/2020\/02\/ch240x2-768x683.png 768w, https:\/\/www.taninmismakina.com\/wp-content\/uploads\/2020\/02\/ch240x2-150x133.png 150w\" sizes=\"auto, (max-width: 900px) 100vw, 900px\" \/><\/div>\n\t\t<\/figure>\n\t<\/div>\n<section class=\"vc_cta3-container\"><div class=\"vc_general vc_cta3 vc_cta3-style-classic vc_cta3-shape-rounded vc_cta3-align-left vc_cta3-color-classic vc_cta3-icon-size-md\"><div class=\"vc_cta3_content-container\"><div class=\"vc_cta3-content\"><header class=\"vc_cta3-content-header\"><h2>Product Features<\/h2><\/header><ul>\n<li>(+) Standart Ekipman \/ Standart Equipment (\u25a1) Opsiyonel \/ Optional (-) Kullan\u0131lamaz \/ Not Available<\/li>\n<li>ISI-TAN Machinery reserves the right to make changes without notifying the companies.<\/li>\n<\/ul>\n<\/div><\/div><\/div><\/section><\/div><\/div><\/div><div class=\"wpb_column vc_column_container vc_col-sm-6\"><div class=\"vc_column-inner\"><div class=\"wpb_wrapper\">\n\t<div class=\"wpb_text_column wpb_content_element\" >\n\t\t<div class=\"wpb_wrapper\">\n\t\t\t<table width=\"303\">\n<tbody>\n<tr>\n<td width=\"172\">Technical Information<\/td>\n<td width=\"67\">CH240X2<\/td>\n<td width=\"64\"><\/td>\n<\/tr>\n<tr>\n<td width=\"172\">Heating Capacity Oil<\/td>\n<td width=\"67\">kW<\/td>\n<td width=\"64\">2&#215;40<\/td>\n<\/tr>\n<tr>\n<td width=\"172\">Cooling<\/td>\n<td width=\"67\"><\/td>\n<td width=\"64\">\u25a1<\/td>\n<\/tr>\n<tr>\n<td width=\"172\">Heat Transfer Fluid<\/td>\n<td width=\"67\"><\/td>\n<td width=\"64\">Ya\u011f<\/td>\n<\/tr>\n<tr>\n<td width=\"172\">Pump Max.Flow<\/td>\n<td width=\"67\">I\/min<\/td>\n<td width=\"64\">2&#215;90<\/td>\n<\/tr>\n<tr>\n<td width=\"172\">Pump Max.Pressure<\/td>\n<td width=\"67\">Bar<\/td>\n<td width=\"64\">8<\/td>\n<\/tr>\n<tr>\n<td width=\"172\">Pump Power<\/td>\n<td width=\"67\">kW<\/td>\n<td width=\"64\">1,5<\/td>\n<\/tr>\n<tr>\n<td width=\"172\">Operating Voltage(Standard)<\/td>\n<td width=\"67\">V\/Hz<\/td>\n<td width=\"64\">400 \/ 50,3 PE<\/td>\n<\/tr>\n<tr>\n<td width=\"172\">Connections<\/td>\n<td width=\"67\">G\/\u00c7<\/td>\n<td width=\"64\">\u00be \/ \u00be<\/td>\n<\/tr>\n<tr>\n<td width=\"172\">Operating Range With oil<\/td>\n<td width=\"67\">\u00b0C<\/td>\n<td width=\"64\">300<\/td>\n<\/tr>\n<tr>\n<td width=\"172\">Total Power Consumption<\/td>\n<td width=\"67\">kW<\/td>\n<td width=\"64\">43<\/td>\n<\/tr>\n<tr>\n<td width=\"172\">Dimensions<\/td>\n<td width=\"67\">mm<\/td>\n<td width=\"64\">900x1400x1450<\/td>\n<\/tr>\n<tr>\n<td width=\"172\">Net Weight<\/td>\n<td width=\"67\">kg<\/td>\n<td width=\"64\">600<\/td>\n<\/tr>\n<tr>\n<td width=\"172\">Colour<\/td>\n<td width=\"67\">RAL<\/td>\n<td width=\"64\">6034<\/td>\n<\/tr>\n<\/tbody>\n<\/table>\n\n\t\t<\/div>\n\t<\/div>\n<\/div><\/div><\/div><\/div>","protected":false},"excerpt":{"rendered":"\u00dcr\u00fcn \u00d6zellikleri (+) Standart Ekipman \/ Standart Equipment (\u25a1) Opsiyonel \/ Optional (-) Kullan\u0131lamaz \/ Not Available ISI-TAN Makine firmalara&nbsp;<a href=\"https:\/\/www.taninmismakina.com\/en\/yagli-isi-kontrol-cihazlari\/ch-240x2\/\">[&hellip;]<\/a>","protected":false},"author":1,"featured_media":0,"parent":3636,"menu_order":0,"comment_status":"closed","ping_status":"closed","template":"","meta":{"footnotes":""},"class_list":["post-3761","page","type-page","status-publish","hentry"],"yoast_head":"<!-- This site is optimized with the Yoast SEO plugin v22.9 - https:\/\/yoast.com\/wordpress\/plugins\/seo\/ -->\n<title>CH-240X2 - Tan\u0131nm\u0131\u015f Makina<\/title>\n<meta name=\"robots\" content=\"index, follow, max-snippet:-1, max-image-preview:large, max-video-preview:-1\" \/>\n<link rel=\"canonical\" href=\"https:\/\/www.taninmismakina.com\/en\/yagli-isi-kontrol-cihazlari\/ch-240x2\/\" \/>\n<meta property=\"og:locale\" content=\"en_US\" \/>\n<meta property=\"og:type\" content=\"article\" \/>\n<meta property=\"og:title\" content=\"CH-240X2 - Tan\u0131nm\u0131\u015f Makina\" \/>\n<meta property=\"og:url\" content=\"https:\/\/www.taninmismakina.com\/en\/yagli-isi-kontrol-cihazlari\/ch-240x2\/\" \/>\n<meta property=\"og:site_name\" content=\"Tan\u0131nm\u0131\u015f Makina\" \/>\n<meta name=\"twitter:card\" content=\"summary_large_image\" \/>\n<meta name=\"twitter:label1\" content=\"Est. reading time\" \/>\n\t<meta name=\"twitter:data1\" content=\"1 minute\" \/>\n<script type=\"application\/ld+json\" class=\"yoast-schema-graph\">{\"@context\":\"https:\/\/schema.org\",\"@graph\":[{\"@type\":\"WebPage\",\"@id\":\"https:\/\/www.taninmismakina.com\/yagli-isi-kontrol-cihazlari\/ch-240x2\/\",\"url\":\"https:\/\/www.taninmismakina.com\/yagli-isi-kontrol-cihazlari\/ch-240x2\/\",\"name\":\"CH-240X2 - Tan\u0131nm\u0131\u015f Makina\",\"isPartOf\":{\"@id\":\"https:\/\/www.taninmismakina.com\/#website\"},\"datePublished\":\"2020-02-21T08:24:53+00:00\",\"dateModified\":\"2020-02-21T08:24:53+00:00\",\"breadcrumb\":{\"@id\":\"https:\/\/www.taninmismakina.com\/yagli-isi-kontrol-cihazlari\/ch-240x2\/#breadcrumb\"},\"inLanguage\":\"en-US\",\"potentialAction\":[{\"@type\":\"ReadAction\",\"target\":[\"https:\/\/www.taninmismakina.com\/yagli-isi-kontrol-cihazlari\/ch-240x2\/\"]}]},{\"@type\":\"BreadcrumbList\",\"@id\":\"https:\/\/www.taninmismakina.com\/yagli-isi-kontrol-cihazlari\/ch-240x2\/#breadcrumb\",\"itemListElement\":[{\"@type\":\"ListItem\",\"position\":1,\"name\":\"Home\",\"item\":\"https:\/\/www.taninmismakina.com\/\"},{\"@type\":\"ListItem\",\"position\":2,\"name\":\"Ya\u011fl\u0131 Is\u0131 Kontrol Cihazlar\u0131\",\"item\":\"https:\/\/www.taninmismakina.com\/yagli-isi-kontrol-cihazlari\/\"},{\"@type\":\"ListItem\",\"position\":3,\"name\":\"CH-240X2\"}]},{\"@type\":\"WebSite\",\"@id\":\"https:\/\/www.taninmismakina.com\/#website\",\"url\":\"https:\/\/www.taninmismakina.com\/\",\"name\":\"Tan\u0131nm\u0131\u015f Makina\",\"description\":\"Is\u0131tma ve So\u011futma Sistemleri\",\"potentialAction\":[{\"@type\":\"SearchAction\",\"target\":{\"@type\":\"EntryPoint\",\"urlTemplate\":\"https:\/\/www.taninmismakina.com\/?s={search_term_string}\"},\"query-input\":\"required name=search_term_string\"}],\"inLanguage\":\"en-US\"}]}<\/script>\n<!-- \/ Yoast SEO plugin. -->","yoast_head_json":{"title":"CH-240X2 - Tan\u0131nm\u0131\u015f Makina","robots":{"index":"index","follow":"follow","max-snippet":"max-snippet:-1","max-image-preview":"max-image-preview:large","max-video-preview":"max-video-preview:-1"},"canonical":"https:\/\/www.taninmismakina.com\/en\/yagli-isi-kontrol-cihazlari\/ch-240x2\/","og_locale":"en_US","og_type":"article","og_title":"CH-240X2 - Tan\u0131nm\u0131\u015f Makina","og_url":"https:\/\/www.taninmismakina.com\/en\/yagli-isi-kontrol-cihazlari\/ch-240x2\/","og_site_name":"Tan\u0131nm\u0131\u015f Makina","twitter_card":"summary_large_image","twitter_misc":{"Est. reading time":"1 minute"},"schema":{"@context":"https:\/\/schema.org","@graph":[{"@type":"WebPage","@id":"https:\/\/www.taninmismakina.com\/yagli-isi-kontrol-cihazlari\/ch-240x2\/","url":"https:\/\/www.taninmismakina.com\/yagli-isi-kontrol-cihazlari\/ch-240x2\/","name":"CH-240X2 - Tan\u0131nm\u0131\u015f Makina","isPartOf":{"@id":"https:\/\/www.taninmismakina.com\/#website"},"datePublished":"2020-02-21T08:24:53+00:00","dateModified":"2020-02-21T08:24:53+00:00","breadcrumb":{"@id":"https:\/\/www.taninmismakina.com\/yagli-isi-kontrol-cihazlari\/ch-240x2\/#breadcrumb"},"inLanguage":"en-US","potentialAction":[{"@type":"ReadAction","target":["https:\/\/www.taninmismakina.com\/yagli-isi-kontrol-cihazlari\/ch-240x2\/"]}]},{"@type":"BreadcrumbList","@id":"https:\/\/www.taninmismakina.com\/yagli-isi-kontrol-cihazlari\/ch-240x2\/#breadcrumb","itemListElement":[{"@type":"ListItem","position":1,"name":"Home","item":"https:\/\/www.taninmismakina.com\/"},{"@type":"ListItem","position":2,"name":"Ya\u011fl\u0131 Is\u0131 Kontrol Cihazlar\u0131","item":"https:\/\/www.taninmismakina.com\/yagli-isi-kontrol-cihazlari\/"},{"@type":"ListItem","position":3,"name":"CH-240X2"}]},{"@type":"WebSite","@id":"https:\/\/www.taninmismakina.com\/#website","url":"https:\/\/www.taninmismakina.com\/","name":"Tan\u0131nm\u0131\u015f Makina","description":"Is\u0131tma ve So\u011futma Sistemleri","potentialAction":[{"@type":"SearchAction","target":{"@type":"EntryPoint","urlTemplate":"https:\/\/www.taninmismakina.com\/?s={search_term_string}"},"query-input":"required name=search_term_string"}],"inLanguage":"en-US"}]}},"_links":{"self":[{"href":"https:\/\/www.taninmismakina.com\/en\/wp-json\/wp\/v2\/pages\/3761","targetHints":{"allow":["GET"]}}],"collection":[{"href":"https:\/\/www.taninmismakina.com\/en\/wp-json\/wp\/v2\/pages"}],"about":[{"href":"https:\/\/www.taninmismakina.com\/en\/wp-json\/wp\/v2\/types\/page"}],"author":[{"embeddable":true,"href":"https:\/\/www.taninmismakina.com\/en\/wp-json\/wp\/v2\/users\/1"}],"replies":[{"embeddable":true,"href":"https:\/\/www.taninmismakina.com\/en\/wp-json\/wp\/v2\/comments?post=3761"}],"version-history":[{"count":1,"href":"https:\/\/www.taninmismakina.com\/en\/wp-json\/wp\/v2\/pages\/3761\/revisions"}],"predecessor-version":[{"id":3763,"href":"https:\/\/www.taninmismakina.com\/en\/wp-json\/wp\/v2\/pages\/3761\/revisions\/3763"}],"up":[{"embeddable":true,"href":"https:\/\/www.taninmismakina.com\/en\/wp-json\/wp\/v2\/pages\/3636"}],"wp:attachment":[{"href":"https:\/\/www.taninmismakina.com\/en\/wp-json\/wp\/v2\/media?parent=3761"}],"curies":[{"name":"wp","href":"https:\/\/api.w.org\/{rel}","templated":true}]}}