{"id":3812,"date":"2020-02-21T12:49:35","date_gmt":"2020-02-21T09:49:35","guid":{"rendered":"https:\/\/www.taninmismakina.com\/?page_id=3812"},"modified":"2022-01-04T09:28:37","modified_gmt":"2022-01-04T06:28:37","slug":"su-sogutmali-chiller-cihazlar","status":"publish","type":"page","link":"https:\/\/www.taninmismakina.com\/en\/chiller\/su-sogutmali-chiller-cihazlar\/","title":{"rendered":"Water Cooling Systems"},"content":{"rendered":"<div class=\"vc_row wpb_row vc_row-fluid\"><div class=\"wpb_column vc_column_container vc_col-sm-12\"><div class=\"vc_column-inner\"><div class=\"wpb_wrapper\"><h2 style=\"text-align: left\" class=\"vc_custom_heading\" >Water Cooled Chiller Features<\/h2>\n\t<div class=\"wpb_text_column wpb_content_element\" >\n\t\t<div class=\"wpb_wrapper\">\n\t\t\t<p>Water cooled chillers are devices in which the excess heat generated during the operation of the compressor is given to the water by shell &amp; tube or plate condensers.<\/p>\n<p>The prominent feature of water-cooled chiller devices is the possibility of larger capacity in small sizes and volumes and long condenser life if the tower water is at appropriate operating values.<\/p>\n<p>Another prominent feature of water-cooled chiller devices is that they consume lower energy consumption since there is no need for fans.<\/p>\n\n\t\t<\/div>\n\t<\/div>\n<\/div><\/div><\/div><\/div><div class=\"vc_row wpb_row vc_row-fluid vc_custom_1582206935547\"><div class=\"wpb_column vc_column_container vc_col-sm-3\"><div class=\"vc_column-inner\"><div class=\"wpb_wrapper\"><a href=\"https:\/\/www.taninmismakina.com\/en\/chiller\/su-sogutmali-chiller-cihazlar\/cc-300wcs\/\" class=\"wh-button vc_custom_1583414389879 wh-sidebar-btn wh-borderless hoverable genislik-full\" ><span class=\"anim\"><\/span>CC-300WCS<\/a>\n\t\t\t\t\t<div class=\"wh-theme-icon banner-btn-i\" style=\"color:#ffffff!important;\"  >\n\t\t\t\t<i class=\"icon-sign\" onmouseover=\"this.style.color='#ffffff'\" onmouseout=\"this.style.color='#ffffff'\"><\/i>\n\t\t\t<\/div>\n\t\t\n\t\t<\/div><\/div><\/div><div class=\"wpb_column vc_column_container vc_col-sm-3\"><div class=\"vc_column-inner\"><div class=\"wpb_wrapper\"><a href=\"https:\/\/www.taninmismakina.com\/en\/chiller\/su-sogutmali-chiller-cihazlar\/cc-350wcs\/\" class=\"wh-button vc_custom_1583414396600 wh-sidebar-btn wh-borderless hoverable genislik-full\" ><span class=\"anim\"><\/span>CC-350WCS<\/a>\n\t\t\t\t\t<div class=\"wh-theme-icon banner-btn-i\" style=\"color:#ffffff!important;\"  >\n\t\t\t\t<i class=\"icon-sign\" onmouseover=\"this.style.color='#ffffff'\" onmouseout=\"this.style.color='#ffffff'\"><\/i>\n\t\t\t<\/div>\n\t\t\n\t\t<\/div><\/div><\/div><div class=\"wpb_column vc_column_container vc_col-sm-3\"><div class=\"vc_column-inner\"><div class=\"wpb_wrapper\"><a href=\"https:\/\/www.taninmismakina.com\/en\/chiller\/su-sogutmali-chiller-cihazlar\/cc-400wcs\/\" class=\"wh-button vc_custom_1583414402039 wh-sidebar-btn wh-borderless hoverable genislik-full\" ><span class=\"anim\"><\/span>CC-400WCS<\/a>\n\t\t\t\t\t<div class=\"wh-theme-icon banner-btn-i\" style=\"color:#ffffff!important;\"  >\n\t\t\t\t<i class=\"icon-sign\" onmouseover=\"this.style.color='#ffffff'\" onmouseout=\"this.style.color='#ffffff'\"><\/i>\n\t\t\t<\/div>\n\t\t\n\t\t<\/div><\/div><\/div><div class=\"wpb_column vc_column_container vc_col-sm-3\"><div class=\"vc_column-inner\"><div class=\"wpb_wrapper\"><a href=\"https:\/\/www.taninmismakina.com\/en\/chiller\/su-sogutmali-chiller-cihazlar\/cc-450wcs\/\" class=\"wh-button vc_custom_1583414409231 wh-sidebar-btn wh-borderless hoverable genislik-full\" ><span class=\"anim\"><\/span>CC-450WCS<\/a>\n\t\t\t\t\t<div class=\"wh-theme-icon banner-btn-i\" style=\"color:#ffffff!important;\"  >\n\t\t\t\t<i class=\"icon-sign\" onmouseover=\"this.style.color='#ffffff'\" onmouseout=\"this.style.color='#ffffff'\"><\/i>\n\t\t\t<\/div>\n\t\t\n\t\t<\/div><\/div><\/div><\/div><div class=\"vc_row wpb_row vc_row-fluid vc_custom_1582275510011\"><div class=\"wpb_column vc_column_container vc_col-sm-3\"><div class=\"vc_column-inner\"><div class=\"wpb_wrapper\"><a href=\"https:\/\/www.taninmismakina.com\/en\/chiller\/su-sogutmali-chiller-cihazlar\/cc-500wcs\/\" class=\"wh-button vc_custom_1583414414711 wh-sidebar-btn wh-borderless hoverable genislik-full\" ><span class=\"anim\"><\/span>CC-500WCS<\/a>\n\t\t\t\t\t<div class=\"wh-theme-icon banner-btn-i\" style=\"color:#ffffff!important;\"  >\n\t\t\t\t<i class=\"icon-sign\" onmouseover=\"this.style.color='#ffffff'\" onmouseout=\"this.style.color='#ffffff'\"><\/i>\n\t\t\t<\/div>\n\t\t\n\t\t<\/div><\/div><\/div><div class=\"wpb_column vc_column_container vc_col-sm-3\"><div class=\"vc_column-inner\"><div class=\"wpb_wrapper\"><a href=\"https:\/\/www.taninmismakina.com\/en\/chiller\/su-sogutmali-chiller-cihazlar\/cc-550wcs\/\" class=\"wh-button vc_custom_1583414419951 wh-sidebar-btn wh-borderless hoverable genislik-full\" ><span class=\"anim\"><\/span>CC-550WCS<\/a>\n\t\t\t\t\t<div class=\"wh-theme-icon banner-btn-i\" style=\"color:#ffffff!important;\"  >\n\t\t\t\t<i class=\"icon-sign\" onmouseover=\"this.style.color='#ffffff'\" onmouseout=\"this.style.color='#ffffff'\"><\/i>\n\t\t\t<\/div>\n\t\t\n\t\t<\/div><\/div><\/div><div class=\"wpb_column vc_column_container vc_col-sm-3\"><div class=\"vc_column-inner\"><div class=\"wpb_wrapper\"><a href=\"https:\/\/www.taninmismakina.com\/en\/chiller\/su-sogutmali-chiller-cihazlar\/cc-600wcs\/\" class=\"wh-button vc_custom_1583414425911 wh-sidebar-btn wh-borderless hoverable genislik-full\" ><span class=\"anim\"><\/span>CC-600WCS<\/a>\n\t\t\t\t\t<div class=\"wh-theme-icon banner-btn-i\" style=\"color:#ffffff!important;\"  >\n\t\t\t\t<i class=\"icon-sign\" onmouseover=\"this.style.color='#ffffff'\" onmouseout=\"this.style.color='#ffffff'\"><\/i>\n\t\t\t<\/div>\n\t\t\n\t\t<\/div><\/div><\/div><div class=\"wpb_column vc_column_container vc_col-sm-3\"><div class=\"vc_column-inner\"><div class=\"wpb_wrapper\"><a href=\"https:\/\/www.taninmismakina.com\/en\/chiller\/su-sogutmali-chiller-cihazlar\/cc-750wcs\/\" class=\"wh-button vc_custom_1583414440456 wh-sidebar-btn wh-borderless hoverable genislik-full\" ><span class=\"anim\"><\/span>CC-750WCS<\/a>\n\t\t\t\t\t<div class=\"wh-theme-icon banner-btn-i\" style=\"color:#ffffff!important;\"  >\n\t\t\t\t<i class=\"icon-sign\" onmouseover=\"this.style.color='#ffffff'\" onmouseout=\"this.style.color='#ffffff'\"><\/i>\n\t\t\t<\/div>\n\t\t\n\t\t<\/div><\/div><\/div><\/div><div class=\"vc_row wpb_row vc_row-fluid vc_custom_1582278240194\"><div class=\"wpb_column vc_column_container vc_col-sm-3\"><div class=\"vc_column-inner\"><div class=\"wpb_wrapper\"><a href=\"https:\/\/www.taninmismakina.com\/en\/chiller\/su-sogutmali-chiller-cihazlar\/cc-900wcs\/\" class=\"wh-button vc_custom_1583414446831 wh-sidebar-btn wh-borderless hoverable genislik-full\" ><span class=\"anim\"><\/span>CC-900WCS<\/a>\n\t\t\t\t\t<div class=\"wh-theme-icon banner-btn-i\" style=\"color:#ffffff!important;\"  >\n\t\t\t\t<i class=\"icon-sign\" onmouseover=\"this.style.color='#ffffff'\" onmouseout=\"this.style.color='#ffffff'\"><\/i>\n\t\t\t<\/div>\n\t\t\n\t\t<\/div><\/div><\/div><div class=\"wpb_column vc_column_container vc_col-sm-3\"><div class=\"vc_column-inner\"><div class=\"wpb_wrapper\"><a href=\"https:\/\/www.taninmismakina.com\/en\/chiller\/su-sogutmali-chiller-cihazlar\/cc-1000wcs\/\" class=\"wh-button vc_custom_1583414452360 wh-sidebar-btn wh-borderless hoverable genislik-full\" ><span class=\"anim\"><\/span>CC-1000WCS<\/a>\n\t\t\t\t\t<div class=\"wh-theme-icon banner-btn-i\" style=\"color:#ffffff!important;\"  >\n\t\t\t\t<i class=\"icon-sign\" onmouseover=\"this.style.color='#ffffff'\" onmouseout=\"this.style.color='#ffffff'\"><\/i>\n\t\t\t<\/div>\n\t\t\n\t\t<\/div><\/div><\/div><div class=\"wpb_column vc_column_container vc_col-sm-3\"><div class=\"vc_column-inner\"><div class=\"wpb_wrapper\"><\/div><\/div><\/div><div class=\"wpb_column vc_column_container vc_col-sm-3\"><div class=\"vc_column-inner\"><div class=\"wpb_wrapper\"><\/div><\/div><\/div><\/div>","protected":false},"excerpt":{"rendered":"Su So\u011futmal\u0131 Chiller \u00d6zellikleri Su so\u011futmal\u0131 chiller cihazlar\u0131n\u0131n \u00e7al\u0131\u015fma \u015fekli, kompres\u00f6r\u00fcn \u00e7al\u0131\u015fmas\u0131 esnas\u0131nda olu\u015fan fazla \u0131s\u0131n\u0131n shell &amp; tube veya&nbsp;<a href=\"https:\/\/www.taninmismakina.com\/en\/chiller\/su-sogutmali-chiller-cihazlar\/\">[&hellip;]<\/a>","protected":false},"author":1,"featured_media":0,"parent":3809,"menu_order":0,"comment_status":"closed","ping_status":"closed","template":"template-fullwidth.php","meta":{"footnotes":""},"class_list":["post-3812","page","type-page","status-publish","hentry"],"yoast_head":"<!-- This site is optimized with the Yoast SEO plugin v22.9 - https:\/\/yoast.com\/wordpress\/plugins\/seo\/ -->\n<title>Su So\u011futmal\u0131 Chiller Cihazlar - Tan\u0131nm\u0131\u015f Makina<\/title>\n<meta name=\"robots\" content=\"index, follow, max-snippet:-1, max-image-preview:large, max-video-preview:-1\" \/>\n<link rel=\"canonical\" href=\"https:\/\/www.taninmismakina.com\/en\/chiller\/su-sogutmali-chiller-cihazlar\/\" \/>\n<meta property=\"og:locale\" content=\"en_US\" \/>\n<meta property=\"og:type\" content=\"article\" \/>\n<meta property=\"og:title\" content=\"Su So\u011futmal\u0131 Chiller Cihazlar - Tan\u0131nm\u0131\u015f Makina\" \/>\n<meta property=\"og:url\" content=\"https:\/\/www.taninmismakina.com\/en\/chiller\/su-sogutmali-chiller-cihazlar\/\" \/>\n<meta property=\"og:site_name\" content=\"Tan\u0131nm\u0131\u015f Makina\" \/>\n<meta property=\"article:modified_time\" content=\"2022-01-04T06:28:37+00:00\" \/>\n<meta name=\"twitter:card\" content=\"summary_large_image\" \/>\n<meta name=\"twitter:label1\" content=\"Est. reading time\" \/>\n\t<meta name=\"twitter:data1\" content=\"3 minutes\" \/>\n<script type=\"application\/ld+json\" class=\"yoast-schema-graph\">{\"@context\":\"https:\/\/schema.org\",\"@graph\":[{\"@type\":\"WebPage\",\"@id\":\"https:\/\/www.taninmismakina.com\/chiller\/su-sogutmali-chiller-cihazlar\/\",\"url\":\"https:\/\/www.taninmismakina.com\/chiller\/su-sogutmali-chiller-cihazlar\/\",\"name\":\"Su So\u011futmal\u0131 Chiller Cihazlar - Tan\u0131nm\u0131\u015f Makina\",\"isPartOf\":{\"@id\":\"https:\/\/www.taninmismakina.com\/#website\"},\"datePublished\":\"2020-02-21T09:49:35+00:00\",\"dateModified\":\"2022-01-04T06:28:37+00:00\",\"breadcrumb\":{\"@id\":\"https:\/\/www.taninmismakina.com\/chiller\/su-sogutmali-chiller-cihazlar\/#breadcrumb\"},\"inLanguage\":\"en-US\",\"potentialAction\":[{\"@type\":\"ReadAction\",\"target\":[\"https:\/\/www.taninmismakina.com\/chiller\/su-sogutmali-chiller-cihazlar\/\"]}]},{\"@type\":\"BreadcrumbList\",\"@id\":\"https:\/\/www.taninmismakina.com\/chiller\/su-sogutmali-chiller-cihazlar\/#breadcrumb\",\"itemListElement\":[{\"@type\":\"ListItem\",\"position\":1,\"name\":\"Home\",\"item\":\"https:\/\/www.taninmismakina.com\/\"},{\"@type\":\"ListItem\",\"position\":2,\"name\":\"Chiller\",\"item\":\"https:\/\/www.taninmismakina.com\/chiller\/\"},{\"@type\":\"ListItem\",\"position\":3,\"name\":\"Su So\u011futmal\u0131 Chiller Cihazlar\"}]},{\"@type\":\"WebSite\",\"@id\":\"https:\/\/www.taninmismakina.com\/#website\",\"url\":\"https:\/\/www.taninmismakina.com\/\",\"name\":\"Tan\u0131nm\u0131\u015f Makina\",\"description\":\"Is\u0131tma ve So\u011futma Sistemleri\",\"potentialAction\":[{\"@type\":\"SearchAction\",\"target\":{\"@type\":\"EntryPoint\",\"urlTemplate\":\"https:\/\/www.taninmismakina.com\/?s={search_term_string}\"},\"query-input\":\"required name=search_term_string\"}],\"inLanguage\":\"en-US\"}]}<\/script>\n<!-- \/ Yoast SEO plugin. -->","yoast_head_json":{"title":"Su So\u011futmal\u0131 Chiller Cihazlar - Tan\u0131nm\u0131\u015f Makina","robots":{"index":"index","follow":"follow","max-snippet":"max-snippet:-1","max-image-preview":"max-image-preview:large","max-video-preview":"max-video-preview:-1"},"canonical":"https:\/\/www.taninmismakina.com\/en\/chiller\/su-sogutmali-chiller-cihazlar\/","og_locale":"en_US","og_type":"article","og_title":"Su So\u011futmal\u0131 Chiller Cihazlar - Tan\u0131nm\u0131\u015f Makina","og_url":"https:\/\/www.taninmismakina.com\/en\/chiller\/su-sogutmali-chiller-cihazlar\/","og_site_name":"Tan\u0131nm\u0131\u015f Makina","article_modified_time":"2022-01-04T06:28:37+00:00","twitter_card":"summary_large_image","twitter_misc":{"Est. reading time":"3 minutes"},"schema":{"@context":"https:\/\/schema.org","@graph":[{"@type":"WebPage","@id":"https:\/\/www.taninmismakina.com\/chiller\/su-sogutmali-chiller-cihazlar\/","url":"https:\/\/www.taninmismakina.com\/chiller\/su-sogutmali-chiller-cihazlar\/","name":"Su So\u011futmal\u0131 Chiller Cihazlar - Tan\u0131nm\u0131\u015f Makina","isPartOf":{"@id":"https:\/\/www.taninmismakina.com\/#website"},"datePublished":"2020-02-21T09:49:35+00:00","dateModified":"2022-01-04T06:28:37+00:00","breadcrumb":{"@id":"https:\/\/www.taninmismakina.com\/chiller\/su-sogutmali-chiller-cihazlar\/#breadcrumb"},"inLanguage":"en-US","potentialAction":[{"@type":"ReadAction","target":["https:\/\/www.taninmismakina.com\/chiller\/su-sogutmali-chiller-cihazlar\/"]}]},{"@type":"BreadcrumbList","@id":"https:\/\/www.taninmismakina.com\/chiller\/su-sogutmali-chiller-cihazlar\/#breadcrumb","itemListElement":[{"@type":"ListItem","position":1,"name":"Home","item":"https:\/\/www.taninmismakina.com\/"},{"@type":"ListItem","position":2,"name":"Chiller","item":"https:\/\/www.taninmismakina.com\/chiller\/"},{"@type":"ListItem","position":3,"name":"Su So\u011futmal\u0131 Chiller Cihazlar"}]},{"@type":"WebSite","@id":"https:\/\/www.taninmismakina.com\/#website","url":"https:\/\/www.taninmismakina.com\/","name":"Tan\u0131nm\u0131\u015f Makina","description":"Is\u0131tma ve So\u011futma Sistemleri","potentialAction":[{"@type":"SearchAction","target":{"@type":"EntryPoint","urlTemplate":"https:\/\/www.taninmismakina.com\/?s={search_term_string}"},"query-input":"required name=search_term_string"}],"inLanguage":"en-US"}]}},"_links":{"self":[{"href":"https:\/\/www.taninmismakina.com\/en\/wp-json\/wp\/v2\/pages\/3812","targetHints":{"allow":["GET"]}}],"collection":[{"href":"https:\/\/www.taninmismakina.com\/en\/wp-json\/wp\/v2\/pages"}],"about":[{"href":"https:\/\/www.taninmismakina.com\/en\/wp-json\/wp\/v2\/types\/page"}],"author":[{"embeddable":true,"href":"https:\/\/www.taninmismakina.com\/en\/wp-json\/wp\/v2\/users\/1"}],"replies":[{"embeddable":true,"href":"https:\/\/www.taninmismakina.com\/en\/wp-json\/wp\/v2\/comments?post=3812"}],"version-history":[{"count":6,"href":"https:\/\/www.taninmismakina.com\/en\/wp-json\/wp\/v2\/pages\/3812\/revisions"}],"predecessor-version":[{"id":5083,"href":"https:\/\/www.taninmismakina.com\/en\/wp-json\/wp\/v2\/pages\/3812\/revisions\/5083"}],"up":[{"embeddable":true,"href":"https:\/\/www.taninmismakina.com\/en\/wp-json\/wp\/v2\/pages\/3809"}],"wp:attachment":[{"href":"https:\/\/www.taninmismakina.com\/en\/wp-json\/wp\/v2\/media?parent=3812"}],"curies":[{"name":"wp","href":"https:\/\/api.w.org\/{rel}","templated":true}]}}