{"id":3820,"date":"2020-02-21T14:27:11","date_gmt":"2020-02-21T11:27:11","guid":{"rendered":"https:\/\/www.taninmismakina.com\/?page_id=3820"},"modified":"2020-05-04T15:31:36","modified_gmt":"2020-05-04T12:31:36","slug":"scroll-komprosorlu-chiller-cihazlari","status":"publish","type":"page","link":"https:\/\/www.taninmismakina.com\/en\/chiller\/hava-sogutmali-chiller-cihazlar\/scroll-komprosorlu-chiller-cihazlari\/","title":{"rendered":"Scroll Compressor Chiller Devices"},"content":{"rendered":"<div class=\"vc_row wpb_row vc_row-fluid vc_custom_1582206935547\"><div class=\"wpb_column vc_column_container vc_col-sm-3\"><div class=\"vc_column-inner\"><div class=\"wpb_wrapper\"><a href=\"https:\/\/www.taninmismakina.com\/en\/chiller\/hava-sogutmali-chiller-cihazlar\/scroll-komprosorlu-chiller-cihazlari\/cc5\/\" class=\"wh-button vc_custom_1583414482422 wh-sidebar-btn wh-borderless hoverable genislik-full\" ><span class=\"anim\"><\/span>CC-5<\/a>\n\t\t\t\t\t<div class=\"wh-theme-icon banner-btn-i\" style=\"color:#ffffff!important;\"  >\n\t\t\t\t<i class=\"icon-sign\" onmouseover=\"this.style.color='#ffffff'\" onmouseout=\"this.style.color='#ffffff'\"><\/i>\n\t\t\t<\/div>\n\t\t\n\t\t<\/div><\/div><\/div><div class=\"wpb_column vc_column_container vc_col-sm-3\"><div class=\"vc_column-inner\"><div class=\"wpb_wrapper\"><a href=\"https:\/\/www.taninmismakina.com\/en\/chiller\/hava-sogutmali-chiller-cihazlar\/scroll-komprosorlu-chiller-cihazlari\/cc10\/\" class=\"wh-button vc_custom_1583414487358 wh-sidebar-btn wh-borderless hoverable genislik-full\" ><span class=\"anim\"><\/span>CC-10<\/a>\n\t\t\t\t\t<div class=\"wh-theme-icon banner-btn-i\" style=\"color:#ffffff!important;\"  >\n\t\t\t\t<i class=\"icon-sign\" onmouseover=\"this.style.color='#ffffff'\" onmouseout=\"this.style.color='#ffffff'\"><\/i>\n\t\t\t<\/div>\n\t\t\n\t\t<\/div><\/div><\/div><div class=\"wpb_column vc_column_container vc_col-sm-3\"><div class=\"vc_column-inner\"><div class=\"wpb_wrapper\"><a href=\"https:\/\/www.taninmismakina.com\/en\/chiller\/hava-sogutmali-chiller-cihazlar\/scroll-komprosorlu-chiller-cihazlari\/cc17\/\" class=\"wh-button vc_custom_1583414493808 wh-sidebar-btn wh-borderless hoverable genislik-full\" ><span class=\"anim\"><\/span>CC-17<\/a>\n\t\t\t\t\t<div class=\"wh-theme-icon banner-btn-i\" style=\"color:#ffffff!important;\"  >\n\t\t\t\t<i class=\"icon-sign\" onmouseover=\"this.style.color='#ffffff'\" onmouseout=\"this.style.color='#ffffff'\"><\/i>\n\t\t\t<\/div>\n\t\t\n\t\t<\/div><\/div><\/div><div class=\"wpb_column vc_column_container vc_col-sm-3\"><div class=\"vc_column-inner\"><div class=\"wpb_wrapper\"><a href=\"https:\/\/www.taninmismakina.com\/en\/chiller\/hava-sogutmali-chiller-cihazlar\/scroll-komprosorlu-chiller-cihazlari\/cc20\/\" class=\"wh-button vc_custom_1583414500038 wh-sidebar-btn wh-borderless hoverable genislik-full\" ><span class=\"anim\"><\/span>CC-20<\/a>\n\t\t\t\t\t<div class=\"wh-theme-icon banner-btn-i\" style=\"color:#ffffff!important;\"  >\n\t\t\t\t<i class=\"icon-sign\" onmouseover=\"this.style.color='#ffffff'\" onmouseout=\"this.style.color='#ffffff'\"><\/i>\n\t\t\t<\/div>\n\t\t\n\t\t<\/div><\/div><\/div><\/div><div class=\"vc_row wpb_row vc_row-fluid vc_custom_1582266703129\"><div class=\"wpb_column vc_column_container vc_col-sm-3\"><div class=\"vc_column-inner\"><div class=\"wpb_wrapper\"><a href=\"https:\/\/www.taninmismakina.com\/en\/chiller\/hava-sogutmali-chiller-cihazlar\/scroll-komprosorlu-chiller-cihazlari\/cc27\/\" class=\"wh-button vc_custom_1583414506406 wh-sidebar-btn wh-borderless hoverable genislik-full\" ><span class=\"anim\"><\/span>CC-27<\/a>\n\t\t\t\t\t<div class=\"wh-theme-icon banner-btn-i\" style=\"color:#ffffff!important;\"  >\n\t\t\t\t<i class=\"icon-sign\" onmouseover=\"this.style.color='#ffffff'\" onmouseout=\"this.style.color='#ffffff'\"><\/i>\n\t\t\t<\/div>\n\t\t\n\t\t<\/div><\/div><\/div><div class=\"wpb_column vc_column_container vc_col-sm-3\"><div class=\"vc_column-inner\"><div class=\"wpb_wrapper\"><a href=\"https:\/\/www.taninmismakina.com\/en\/chiller\/hava-sogutmali-chiller-cihazlar\/scroll-komprosorlu-chiller-cihazlari\/cc35\/\" class=\"wh-button vc_custom_1583414512831 wh-sidebar-btn wh-borderless hoverable genislik-full\" ><span class=\"anim\"><\/span>CC-35<\/a>\n\t\t\t\t\t<div class=\"wh-theme-icon banner-btn-i\" style=\"color:#ffffff!important;\"  >\n\t\t\t\t<i class=\"icon-sign\" onmouseover=\"this.style.color='#ffffff'\" onmouseout=\"this.style.color='#ffffff'\"><\/i>\n\t\t\t<\/div>\n\t\t\n\t\t<\/div><\/div><\/div><div class=\"wpb_column vc_column_container vc_col-sm-3\"><div class=\"vc_column-inner\"><div class=\"wpb_wrapper\"><a href=\"https:\/\/www.taninmismakina.com\/en\/chiller\/hava-sogutmali-chiller-cihazlar\/scroll-komprosorlu-chiller-cihazlari\/cc55\/\" class=\"wh-button vc_custom_1583414519806 wh-sidebar-btn wh-borderless hoverable genislik-full\" ><span class=\"anim\"><\/span>CC-55<\/a>\n\t\t\t\t\t<div class=\"wh-theme-icon banner-btn-i\" style=\"color:#ffffff!important;\"  >\n\t\t\t\t<i class=\"icon-sign\" onmouseover=\"this.style.color='#ffffff'\" onmouseout=\"this.style.color='#ffffff'\"><\/i>\n\t\t\t<\/div>\n\t\t\n\t\t<\/div><\/div><\/div><div class=\"wpb_column vc_column_container vc_col-sm-3\"><div class=\"vc_column-inner\"><div class=\"wpb_wrapper\"><a href=\"https:\/\/www.taninmismakina.com\/en\/chiller\/hava-sogutmali-chiller-cihazlar\/scroll-komprosorlu-chiller-cihazlari\/cc80\/\" class=\"wh-button vc_custom_1583414527256 wh-sidebar-btn wh-borderless hoverable genislik-full\" ><span class=\"anim\"><\/span>CC-80<\/a>\n\t\t\t\t\t<div class=\"wh-theme-icon banner-btn-i\" style=\"color:#ffffff!important;\"  >\n\t\t\t\t<i class=\"icon-sign\" onmouseover=\"this.style.color='#ffffff'\" onmouseout=\"this.style.color='#ffffff'\"><\/i>\n\t\t\t<\/div>\n\t\t\n\t\t<\/div><\/div><\/div><\/div><div class=\"vc_row wpb_row vc_row-fluid vc_custom_1582266703129\"><div class=\"wpb_column vc_column_container vc_col-sm-3\"><div class=\"vc_column-inner\"><div class=\"wpb_wrapper\"><a href=\"https:\/\/www.taninmismakina.com\/en\/chiller\/hava-sogutmali-chiller-cihazlar\/scroll-komprosorlu-chiller-cihazlari\/cc110\/\" class=\"wh-button vc_custom_1583414571872 wh-sidebar-btn wh-borderless hoverable genislik-full\" ><span class=\"anim\"><\/span>CC-110<\/a>\n\t\t\t\t\t<div class=\"wh-theme-icon banner-btn-i\" style=\"color:#ffffff!important;\"  >\n\t\t\t\t<i class=\"icon-sign\" onmouseover=\"this.style.color='#ffffff'\" onmouseout=\"this.style.color='#ffffff'\"><\/i>\n\t\t\t<\/div>\n\t\t\n\t\t<\/div><\/div><\/div><div class=\"wpb_column vc_column_container vc_col-sm-3\"><div class=\"vc_column-inner\"><div class=\"wpb_wrapper\"><a href=\"https:\/\/www.taninmismakina.com\/en\/chiller\/hava-sogutmali-chiller-cihazlar\/scroll-komprosorlu-chiller-cihazlari\/cc125\/\" class=\"wh-button vc_custom_1583414541496 wh-sidebar-btn wh-borderless hoverable genislik-full\" ><span class=\"anim\"><\/span>CC-125<\/a>\n\t\t\t\t\t<div class=\"wh-theme-icon banner-btn-i\" style=\"color:#ffffff!important;\"  >\n\t\t\t\t<i class=\"icon-sign\" onmouseover=\"this.style.color='#ffffff'\" onmouseout=\"this.style.color='#ffffff'\"><\/i>\n\t\t\t<\/div>\n\t\t\n\t\t<\/div><\/div><\/div><div class=\"wpb_column vc_column_container vc_col-sm-3\"><div class=\"vc_column-inner\"><div class=\"wpb_wrapper\"><a href=\"https:\/\/www.taninmismakina.com\/en\/chiller\/hava-sogutmali-chiller-cihazlar\/scroll-komprosorlu-chiller-cihazlari\/cc130\/\" class=\"wh-button vc_custom_1583414554608 wh-sidebar-btn wh-borderless hoverable genislik-full\" ><span class=\"anim\"><\/span>CC-130<\/a>\n\t\t\t\t\t<div class=\"wh-theme-icon banner-btn-i\" style=\"color:#ffffff!important;\"  >\n\t\t\t\t<i class=\"icon-sign\" onmouseover=\"this.style.color='#ffffff'\" onmouseout=\"this.style.color='#ffffff'\"><\/i>\n\t\t\t<\/div>\n\t\t\n\t\t<\/div><\/div><\/div><div class=\"wpb_column vc_column_container vc_col-sm-3\"><div class=\"vc_column-inner\"><div class=\"wpb_wrapper\"><a href=\"https:\/\/www.taninmismakina.com\/en\/chiller\/hava-sogutmali-chiller-cihazlar\/scroll-komprosorlu-chiller-cihazlari\/cc150\/\" class=\"wh-button vc_custom_1583414576959 wh-sidebar-btn wh-borderless hoverable genislik-full\" ><span class=\"anim\"><\/span>CC-150<\/a>\n\t\t\t\t\t<div class=\"wh-theme-icon banner-btn-i\" style=\"color:#ffffff!important;\"  >\n\t\t\t\t<i class=\"icon-sign\" onmouseover=\"this.style.color='#ffffff'\" onmouseout=\"this.style.color='#ffffff'\"><\/i>\n\t\t\t<\/div>\n\t\t\n\t\t<\/div><\/div><\/div><\/div><div class=\"vc_row wpb_row vc_row-fluid vc_custom_1582266703129\"><div class=\"wpb_column vc_column_container vc_col-sm-3\"><div class=\"vc_column-inner\"><div class=\"wpb_wrapper\"><a href=\"https:\/\/www.taninmismakina.com\/en\/chiller\/hava-sogutmali-chiller-cihazlar\/scroll-komprosorlu-chiller-cihazlari\/cc175\/\" class=\"wh-button vc_custom_1583414582280 wh-sidebar-btn wh-borderless hoverable genislik-full\" ><span class=\"anim\"><\/span>CC-175<\/a>\n\t\t\t\t\t<div class=\"wh-theme-icon banner-btn-i\" style=\"color:#ffffff!important;\"  >\n\t\t\t\t<i class=\"icon-sign\" onmouseover=\"this.style.color='#ffffff'\" onmouseout=\"this.style.color='#ffffff'\"><\/i>\n\t\t\t<\/div>\n\t\t\n\t\t<\/div><\/div><\/div><div class=\"wpb_column vc_column_container vc_col-sm-3\"><div class=\"vc_column-inner\"><div class=\"wpb_wrapper\"><a href=\"https:\/\/www.taninmismakina.com\/en\/chiller\/hava-sogutmali-chiller-cihazlar\/scroll-komprosorlu-chiller-cihazlari\/cc200\/\" class=\"wh-button vc_custom_1583414590559 wh-sidebar-btn wh-borderless hoverable genislik-full\" ><span class=\"anim\"><\/span>CC-200<\/a>\n\t\t\t\t\t<div class=\"wh-theme-icon banner-btn-i\" style=\"color:#ffffff!important;\"  >\n\t\t\t\t<i class=\"icon-sign\" onmouseover=\"this.style.color='#ffffff'\" onmouseout=\"this.style.color='#ffffff'\"><\/i>\n\t\t\t<\/div>\n\t\t\n\t\t<\/div><\/div><\/div><div class=\"wpb_column vc_column_container vc_col-sm-3\"><div class=\"vc_column-inner\"><div class=\"wpb_wrapper\"><a href=\"https:\/\/www.taninmismakina.com\/en\/chiller\/hava-sogutmali-chiller-cihazlar\/scroll-komprosorlu-chiller-cihazlari\/cc250\/\" class=\"wh-button vc_custom_1583414596574 wh-sidebar-btn wh-borderless hoverable genislik-full\" ><span class=\"anim\"><\/span>CC-250<\/a>\n\t\t\t\t\t<div class=\"wh-theme-icon banner-btn-i\" style=\"color:#ffffff!important;\"  >\n\t\t\t\t<i class=\"icon-sign\" onmouseover=\"this.style.color='#ffffff'\" onmouseout=\"this.style.color='#ffffff'\"><\/i>\n\t\t\t<\/div>\n\t\t\n\t\t<\/div><\/div><\/div><div class=\"wpb_column vc_column_container vc_col-sm-3\"><div class=\"vc_column-inner\"><div class=\"wpb_wrapper\"><a href=\"https:\/\/www.taninmismakina.com\/en\/chiller\/hava-sogutmali-chiller-cihazlar\/scroll-komprosorlu-chiller-cihazlari\/cc260\/\" class=\"wh-button vc_custom_1583414603535 wh-sidebar-btn wh-borderless hoverable genislik-full\" ><span class=\"anim\"><\/span>CC-260<\/a>\n\t\t\t\t\t<div class=\"wh-theme-icon banner-btn-i\" style=\"color:#ffffff!important;\"  >\n\t\t\t\t<i class=\"icon-sign\" onmouseover=\"this.style.color='#ffffff'\" onmouseout=\"this.style.color='#ffffff'\"><\/i>\n\t\t\t<\/div>\n\t\t\n\t\t<\/div><\/div><\/div><\/div><div class=\"vc_row wpb_row vc_row-fluid vc_custom_1582266703129\"><div class=\"wpb_column vc_column_container vc_col-sm-3\"><div class=\"vc_column-inner\"><div class=\"wpb_wrapper\"><a href=\"https:\/\/www.taninmismakina.com\/en\/chiller\/hava-sogutmali-chiller-cihazlar\/scroll-komprosorlu-chiller-cihazlari\/cc300\/\" class=\"wh-button vc_custom_1583414610606 wh-sidebar-btn wh-borderless hoverable genislik-full\" ><span class=\"anim\"><\/span>CC-300<\/a>\n\t\t\t\t\t<div class=\"wh-theme-icon banner-btn-i\" style=\"color:#ffffff!important;\"  >\n\t\t\t\t<i class=\"icon-sign\" onmouseover=\"this.style.color='#ffffff'\" onmouseout=\"this.style.color='#ffffff'\"><\/i>\n\t\t\t<\/div>\n\t\t\n\t\t<\/div><\/div><\/div><div class=\"wpb_column vc_column_container vc_col-sm-3\"><div class=\"vc_column-inner\"><div class=\"wpb_wrapper\"><\/div><\/div><\/div><div class=\"wpb_column vc_column_container vc_col-sm-3\"><div class=\"vc_column-inner\"><div class=\"wpb_wrapper\"><\/div><\/div><\/div><div class=\"wpb_column vc_column_container vc_col-sm-3\"><div class=\"vc_column-inner\"><div class=\"wpb_wrapper\"><\/div><\/div><\/div><\/div>","protected":false},"excerpt":{"rendered":"CC-5 CC-10 CC-17 CC-20 CC-27 CC-35 CC-55 CC-80 CC-110 CC-125 CC-130 CC-150 CC-175 CC-200 CC-250 CC-260 CC-300","protected":false},"author":1,"featured_media":0,"parent":3816,"menu_order":0,"comment_status":"closed","ping_status":"closed","template":"template-fullwidth.php","meta":{"footnotes":""},"class_list":["post-3820","page","type-page","status-publish","hentry"],"yoast_head":"<!-- This site is optimized with the Yoast SEO plugin v22.9 - https:\/\/yoast.com\/wordpress\/plugins\/seo\/ -->\n<title>Scroll Kompros\u00f6rl\u00fc Chiller Cihazlar\u0131 - Tan\u0131nm\u0131\u015f Makina<\/title>\n<meta name=\"robots\" content=\"index, follow, max-snippet:-1, max-image-preview:large, max-video-preview:-1\" \/>\n<link rel=\"canonical\" href=\"https:\/\/www.taninmismakina.com\/en\/chiller\/hava-sogutmali-chiller-cihazlar\/scroll-komprosorlu-chiller-cihazlari\/\" \/>\n<meta property=\"og:locale\" content=\"en_US\" \/>\n<meta property=\"og:type\" content=\"article\" \/>\n<meta property=\"og:title\" content=\"Scroll Kompros\u00f6rl\u00fc Chiller Cihazlar\u0131 - Tan\u0131nm\u0131\u015f Makina\" \/>\n<meta property=\"og:url\" content=\"https:\/\/www.taninmismakina.com\/en\/chiller\/hava-sogutmali-chiller-cihazlar\/scroll-komprosorlu-chiller-cihazlari\/\" \/>\n<meta property=\"og:site_name\" content=\"Tan\u0131nm\u0131\u015f Makina\" \/>\n<meta property=\"article:modified_time\" content=\"2020-05-04T12:31:36+00:00\" \/>\n<meta name=\"twitter:card\" content=\"summary_large_image\" \/>\n<meta name=\"twitter:label1\" content=\"Est. reading time\" \/>\n\t<meta name=\"twitter:data1\" content=\"4 minutes\" \/>\n<script type=\"application\/ld+json\" class=\"yoast-schema-graph\">{\"@context\":\"https:\/\/schema.org\",\"@graph\":[{\"@type\":\"WebPage\",\"@id\":\"https:\/\/www.taninmismakina.com\/chiller\/hava-sogutmali-chiller-cihazlar\/scroll-komprosorlu-chiller-cihazlari\/\",\"url\":\"https:\/\/www.taninmismakina.com\/chiller\/hava-sogutmali-chiller-cihazlar\/scroll-komprosorlu-chiller-cihazlari\/\",\"name\":\"Scroll Kompros\u00f6rl\u00fc Chiller Cihazlar\u0131 - Tan\u0131nm\u0131\u015f Makina\",\"isPartOf\":{\"@id\":\"https:\/\/www.taninmismakina.com\/#website\"},\"datePublished\":\"2020-02-21T11:27:11+00:00\",\"dateModified\":\"2020-05-04T12:31:36+00:00\",\"breadcrumb\":{\"@id\":\"https:\/\/www.taninmismakina.com\/chiller\/hava-sogutmali-chiller-cihazlar\/scroll-komprosorlu-chiller-cihazlari\/#breadcrumb\"},\"inLanguage\":\"en-US\",\"potentialAction\":[{\"@type\":\"ReadAction\",\"target\":[\"https:\/\/www.taninmismakina.com\/chiller\/hava-sogutmali-chiller-cihazlar\/scroll-komprosorlu-chiller-cihazlari\/\"]}]},{\"@type\":\"BreadcrumbList\",\"@id\":\"https:\/\/www.taninmismakina.com\/chiller\/hava-sogutmali-chiller-cihazlar\/scroll-komprosorlu-chiller-cihazlari\/#breadcrumb\",\"itemListElement\":[{\"@type\":\"ListItem\",\"position\":1,\"name\":\"Home\",\"item\":\"https:\/\/www.taninmismakina.com\/\"},{\"@type\":\"ListItem\",\"position\":2,\"name\":\"Chiller\",\"item\":\"https:\/\/www.taninmismakina.com\/chiller\/\"},{\"@type\":\"ListItem\",\"position\":3,\"name\":\"Hava So\u011futmal\u0131 Chiller Cihazlar\",\"item\":\"https:\/\/www.taninmismakina.com\/chiller\/hava-sogutmali-chiller-cihazlar\/\"},{\"@type\":\"ListItem\",\"position\":4,\"name\":\"Scroll Kompros\u00f6rl\u00fc Chiller Cihazlar\u0131\"}]},{\"@type\":\"WebSite\",\"@id\":\"https:\/\/www.taninmismakina.com\/#website\",\"url\":\"https:\/\/www.taninmismakina.com\/\",\"name\":\"Tan\u0131nm\u0131\u015f Makina\",\"description\":\"Is\u0131tma ve So\u011futma Sistemleri\",\"potentialAction\":[{\"@type\":\"SearchAction\",\"target\":{\"@type\":\"EntryPoint\",\"urlTemplate\":\"https:\/\/www.taninmismakina.com\/?s={search_term_string}\"},\"query-input\":\"required name=search_term_string\"}],\"inLanguage\":\"en-US\"}]}<\/script>\n<!-- \/ Yoast SEO plugin. -->","yoast_head_json":{"title":"Scroll Kompros\u00f6rl\u00fc Chiller Cihazlar\u0131 - Tan\u0131nm\u0131\u015f Makina","robots":{"index":"index","follow":"follow","max-snippet":"max-snippet:-1","max-image-preview":"max-image-preview:large","max-video-preview":"max-video-preview:-1"},"canonical":"https:\/\/www.taninmismakina.com\/en\/chiller\/hava-sogutmali-chiller-cihazlar\/scroll-komprosorlu-chiller-cihazlari\/","og_locale":"en_US","og_type":"article","og_title":"Scroll Kompros\u00f6rl\u00fc Chiller Cihazlar\u0131 - Tan\u0131nm\u0131\u015f Makina","og_url":"https:\/\/www.taninmismakina.com\/en\/chiller\/hava-sogutmali-chiller-cihazlar\/scroll-komprosorlu-chiller-cihazlari\/","og_site_name":"Tan\u0131nm\u0131\u015f Makina","article_modified_time":"2020-05-04T12:31:36+00:00","twitter_card":"summary_large_image","twitter_misc":{"Est. reading time":"4 minutes"},"schema":{"@context":"https:\/\/schema.org","@graph":[{"@type":"WebPage","@id":"https:\/\/www.taninmismakina.com\/chiller\/hava-sogutmali-chiller-cihazlar\/scroll-komprosorlu-chiller-cihazlari\/","url":"https:\/\/www.taninmismakina.com\/chiller\/hava-sogutmali-chiller-cihazlar\/scroll-komprosorlu-chiller-cihazlari\/","name":"Scroll Kompros\u00f6rl\u00fc Chiller Cihazlar\u0131 - Tan\u0131nm\u0131\u015f Makina","isPartOf":{"@id":"https:\/\/www.taninmismakina.com\/#website"},"datePublished":"2020-02-21T11:27:11+00:00","dateModified":"2020-05-04T12:31:36+00:00","breadcrumb":{"@id":"https:\/\/www.taninmismakina.com\/chiller\/hava-sogutmali-chiller-cihazlar\/scroll-komprosorlu-chiller-cihazlari\/#breadcrumb"},"inLanguage":"en-US","potentialAction":[{"@type":"ReadAction","target":["https:\/\/www.taninmismakina.com\/chiller\/hava-sogutmali-chiller-cihazlar\/scroll-komprosorlu-chiller-cihazlari\/"]}]},{"@type":"BreadcrumbList","@id":"https:\/\/www.taninmismakina.com\/chiller\/hava-sogutmali-chiller-cihazlar\/scroll-komprosorlu-chiller-cihazlari\/#breadcrumb","itemListElement":[{"@type":"ListItem","position":1,"name":"Home","item":"https:\/\/www.taninmismakina.com\/"},{"@type":"ListItem","position":2,"name":"Chiller","item":"https:\/\/www.taninmismakina.com\/chiller\/"},{"@type":"ListItem","position":3,"name":"Hava So\u011futmal\u0131 Chiller Cihazlar","item":"https:\/\/www.taninmismakina.com\/chiller\/hava-sogutmali-chiller-cihazlar\/"},{"@type":"ListItem","position":4,"name":"Scroll Kompros\u00f6rl\u00fc Chiller Cihazlar\u0131"}]},{"@type":"WebSite","@id":"https:\/\/www.taninmismakina.com\/#website","url":"https:\/\/www.taninmismakina.com\/","name":"Tan\u0131nm\u0131\u015f Makina","description":"Is\u0131tma ve So\u011futma Sistemleri","potentialAction":[{"@type":"SearchAction","target":{"@type":"EntryPoint","urlTemplate":"https:\/\/www.taninmismakina.com\/?s={search_term_string}"},"query-input":"required name=search_term_string"}],"inLanguage":"en-US"}]}},"_links":{"self":[{"href":"https:\/\/www.taninmismakina.com\/en\/wp-json\/wp\/v2\/pages\/3820","targetHints":{"allow":["GET"]}}],"collection":[{"href":"https:\/\/www.taninmismakina.com\/en\/wp-json\/wp\/v2\/pages"}],"about":[{"href":"https:\/\/www.taninmismakina.com\/en\/wp-json\/wp\/v2\/types\/page"}],"author":[{"embeddable":true,"href":"https:\/\/www.taninmismakina.com\/en\/wp-json\/wp\/v2\/users\/1"}],"replies":[{"embeddable":true,"href":"https:\/\/www.taninmismakina.com\/en\/wp-json\/wp\/v2\/comments?post=3820"}],"version-history":[{"count":5,"href":"https:\/\/www.taninmismakina.com\/en\/wp-json\/wp\/v2\/pages\/3820\/revisions"}],"predecessor-version":[{"id":4302,"href":"https:\/\/www.taninmismakina.com\/en\/wp-json\/wp\/v2\/pages\/3820\/revisions\/4302"}],"up":[{"embeddable":true,"href":"https:\/\/www.taninmismakina.com\/en\/wp-json\/wp\/v2\/pages\/3816"}],"wp:attachment":[{"href":"https:\/\/www.taninmismakina.com\/en\/wp-json\/wp\/v2\/media?parent=3820"}],"curies":[{"name":"wp","href":"https:\/\/api.w.org\/{rel}","templated":true}]}}