{"id":3823,"date":"2020-02-21T15:12:10","date_gmt":"2020-02-21T12:12:10","guid":{"rendered":"https:\/\/www.taninmismakina.com\/?page_id=3823"},"modified":"2020-05-04T15:31:57","modified_gmt":"2020-05-04T12:31:57","slug":"vidali-komprosorlu-chiller-cihazlari","status":"publish","type":"page","link":"https:\/\/www.taninmismakina.com\/en\/chiller\/hava-sogutmali-chiller-cihazlar\/vidali-komprosorlu-chiller-cihazlari\/","title":{"rendered":"Vidal\u0131 Kompres\u00f6rl\u00fc Chiller Cihazlar\u0131"},"content":{"rendered":"<div class=\"vc_row wpb_row vc_row-fluid vc_custom_1582206935547\"><div class=\"wpb_column vc_column_container vc_col-sm-3\"><div class=\"vc_column-inner\"><div class=\"wpb_wrapper\"><a href=\"https:\/\/www.taninmismakina.com\/en\/chiller\/hava-sogutmali-chiller-cihazlar\/vidali-komprosorlu-chiller-cihazlari\/cc260\/\" class=\"wh-button vc_custom_1583414619423 wh-sidebar-btn wh-borderless hoverable genislik-full\" ><span class=\"anim\"><\/span>CC-260<\/a>\n\t\t\t\t\t<div class=\"wh-theme-icon banner-btn-i\" style=\"color:#ffffff!important;\"  >\n\t\t\t\t<i class=\"icon-sign\" onmouseover=\"this.style.color='#ffffff'\" onmouseout=\"this.style.color='#ffffff'\"><\/i>\n\t\t\t<\/div>\n\t\t\n\t\t<\/div><\/div><\/div><div class=\"wpb_column vc_column_container vc_col-sm-3\"><div class=\"vc_column-inner\"><div class=\"wpb_wrapper\"><a href=\"https:\/\/www.taninmismakina.com\/en\/chiller\/hava-sogutmali-chiller-cihazlar\/vidali-komprosorlu-chiller-cihazlari\/cc260-r134\/\" class=\"wh-button vc_custom_1583414624343 wh-sidebar-btn wh-borderless hoverable genislik-full\" ><span class=\"anim\"><\/span>CC-260-R134<\/a>\n\t\t\t\t\t<div class=\"wh-theme-icon banner-btn-i\" style=\"color:#ffffff!important;\"  >\n\t\t\t\t<i class=\"icon-sign\" onmouseover=\"this.style.color='#ffffff'\" onmouseout=\"this.style.color='#ffffff'\"><\/i>\n\t\t\t<\/div>\n\t\t\n\t\t<\/div><\/div><\/div><div class=\"wpb_column vc_column_container vc_col-sm-3\"><div class=\"vc_column-inner\"><div class=\"wpb_wrapper\"><a href=\"https:\/\/www.taninmismakina.com\/en\/chiller\/hava-sogutmali-chiller-cihazlar\/vidali-komprosorlu-chiller-cihazlari\/cc300\/\" class=\"wh-button vc_custom_1583414629080 wh-sidebar-btn wh-borderless hoverable genislik-full\" ><span class=\"anim\"><\/span>CC-300<\/a>\n\t\t\t\t\t<div class=\"wh-theme-icon banner-btn-i\" style=\"color:#ffffff!important;\"  >\n\t\t\t\t<i class=\"icon-sign\" onmouseover=\"this.style.color='#ffffff'\" onmouseout=\"this.style.color='#ffffff'\"><\/i>\n\t\t\t<\/div>\n\t\t\n\t\t<\/div><\/div><\/div><div class=\"wpb_column vc_column_container vc_col-sm-3\"><div class=\"vc_column-inner\"><div class=\"wpb_wrapper\"><a href=\"https:\/\/www.taninmismakina.com\/en\/chiller\/hava-sogutmali-chiller-cihazlar\/vidali-komprosorlu-chiller-cihazlari\/cc300-r134\/\" class=\"wh-button vc_custom_1583414639127 wh-sidebar-btn wh-borderless hoverable genislik-full\" ><span class=\"anim\"><\/span>CC-300-R134<\/a>\n\t\t\t\t\t<div class=\"wh-theme-icon banner-btn-i\" style=\"color:#ffffff!important;\"  >\n\t\t\t\t<i class=\"icon-sign\" onmouseover=\"this.style.color='#ffffff'\" onmouseout=\"this.style.color='#ffffff'\"><\/i>\n\t\t\t<\/div>\n\t\t\n\t\t<\/div><\/div><\/div><\/div><div class=\"vc_row wpb_row vc_row-fluid vc_custom_1582266703129\"><div class=\"wpb_column vc_column_container vc_col-sm-3\"><div class=\"vc_column-inner\"><div class=\"wpb_wrapper\"><a href=\"https:\/\/www.taninmismakina.com\/en\/chiller\/hava-sogutmali-chiller-cihazlar\/vidali-komprosorlu-chiller-cihazlari\/cc350\/\" class=\"wh-button vc_custom_1583414645159 wh-sidebar-btn wh-borderless hoverable genislik-full\" ><span class=\"anim\"><\/span>CC-350<\/a>\n\t\t\t\t\t<div class=\"wh-theme-icon banner-btn-i\" style=\"color:#ffffff!important;\"  >\n\t\t\t\t<i class=\"icon-sign\" onmouseover=\"this.style.color='#ffffff'\" onmouseout=\"this.style.color='#ffffff'\"><\/i>\n\t\t\t<\/div>\n\t\t\n\t\t<\/div><\/div><\/div><div class=\"wpb_column vc_column_container vc_col-sm-3\"><div class=\"vc_column-inner\"><div class=\"wpb_wrapper\"><a href=\"https:\/\/www.taninmismakina.com\/en\/chiller\/hava-sogutmali-chiller-cihazlar\/vidali-komprosorlu-chiller-cihazlari\/cc350-r134\/\" class=\"wh-button vc_custom_1583414650384 wh-sidebar-btn wh-borderless hoverable genislik-full\" ><span class=\"anim\"><\/span>CC350-R134<\/a>\n\t\t\t\t\t<div class=\"wh-theme-icon banner-btn-i\" style=\"color:#ffffff!important;\"  >\n\t\t\t\t<i class=\"icon-sign\" onmouseover=\"this.style.color='#ffffff'\" onmouseout=\"this.style.color='#ffffff'\"><\/i>\n\t\t\t<\/div>\n\t\t\n\t\t<\/div><\/div><\/div><div class=\"wpb_column vc_column_container vc_col-sm-3\"><div class=\"vc_column-inner\"><div class=\"wpb_wrapper\"><a href=\"https:\/\/www.taninmismakina.com\/en\/chiller\/hava-sogutmali-chiller-cihazlar\/vidali-komprosorlu-chiller-cihazlari\/cc400\/\" class=\"wh-button vc_custom_1583414655191 wh-sidebar-btn wh-borderless hoverable genislik-full\" ><span class=\"anim\"><\/span>CC-400<\/a>\n\t\t\t\t\t<div class=\"wh-theme-icon banner-btn-i\" style=\"color:#ffffff!important;\"  >\n\t\t\t\t<i class=\"icon-sign\" onmouseover=\"this.style.color='#ffffff'\" onmouseout=\"this.style.color='#ffffff'\"><\/i>\n\t\t\t<\/div>\n\t\t\n\t\t<\/div><\/div><\/div><div class=\"wpb_column vc_column_container vc_col-sm-3\"><div class=\"vc_column-inner\"><div class=\"wpb_wrapper\"><a href=\"https:\/\/www.taninmismakina.com\/en\/chiller\/hava-sogutmali-chiller-cihazlar\/vidali-komprosorlu-chiller-cihazlari\/cc400-r134\/\" class=\"wh-button vc_custom_1583414662694 wh-sidebar-btn wh-borderless hoverable genislik-full\" ><span class=\"anim\"><\/span>CC-400-R134<\/a>\n\t\t\t\t\t<div class=\"wh-theme-icon banner-btn-i\" style=\"color:#ffffff!important;\"  >\n\t\t\t\t<i class=\"icon-sign\" onmouseover=\"this.style.color='#ffffff'\" onmouseout=\"this.style.color='#ffffff'\"><\/i>\n\t\t\t<\/div>\n\t\t\n\t\t<\/div><\/div><\/div><\/div><div class=\"vc_row wpb_row vc_row-fluid vc_custom_1582266703129\"><div class=\"wpb_column vc_column_container vc_col-sm-3\"><div class=\"vc_column-inner\"><div class=\"wpb_wrapper\"><a href=\"https:\/\/www.taninmismakina.com\/en\/chiller\/hava-sogutmali-chiller-cihazlar\/vidali-komprosorlu-chiller-cihazlari\/cc450\/\" class=\"wh-button vc_custom_1583414671598 wh-sidebar-btn wh-borderless hoverable genislik-full\" ><span class=\"anim\"><\/span>CC-450<\/a>\n\t\t\t\t\t<div class=\"wh-theme-icon banner-btn-i\" style=\"color:#ffffff!important;\"  >\n\t\t\t\t<i class=\"icon-sign\" onmouseover=\"this.style.color='#ffffff'\" onmouseout=\"this.style.color='#ffffff'\"><\/i>\n\t\t\t<\/div>\n\t\t\n\t\t<\/div><\/div><\/div><div class=\"wpb_column vc_column_container vc_col-sm-3\"><div class=\"vc_column-inner\"><div class=\"wpb_wrapper\"><a href=\"https:\/\/www.taninmismakina.com\/en\/chiller\/hava-sogutmali-chiller-cihazlar\/vidali-komprosorlu-chiller-cihazlari\/cc-450-r134\/\" class=\"wh-button vc_custom_1583414683440 wh-sidebar-btn wh-borderless hoverable genislik-full\" ><span class=\"anim\"><\/span>CC-450-R134<\/a>\n\t\t\t\t\t<div class=\"wh-theme-icon banner-btn-i\" style=\"color:#ffffff!important;\"  >\n\t\t\t\t<i class=\"icon-sign\" onmouseover=\"this.style.color='#ffffff'\" onmouseout=\"this.style.color='#ffffff'\"><\/i>\n\t\t\t<\/div>\n\t\t\n\t\t<\/div><\/div><\/div><div class=\"wpb_column vc_column_container vc_col-sm-3\"><div class=\"vc_column-inner\"><div class=\"wpb_wrapper\"><a href=\"https:\/\/www.taninmismakina.com\/en\/chiller\/hava-sogutmali-chiller-cihazlar\/vidali-komprosorlu-chiller-cihazlari\/cc500\/\" class=\"wh-button vc_custom_1583414689655 wh-sidebar-btn wh-borderless hoverable genislik-full\" ><span class=\"anim\"><\/span>CC-500<\/a>\n\t\t\t\t\t<div class=\"wh-theme-icon banner-btn-i\" style=\"color:#ffffff!important;\"  >\n\t\t\t\t<i class=\"icon-sign\" onmouseover=\"this.style.color='#ffffff'\" onmouseout=\"this.style.color='#ffffff'\"><\/i>\n\t\t\t<\/div>\n\t\t\n\t\t<\/div><\/div><\/div><div class=\"wpb_column vc_column_container vc_col-sm-3\"><div class=\"vc_column-inner\"><div class=\"wpb_wrapper\"><a href=\"https:\/\/www.taninmismakina.com\/en\/chiller\/hava-sogutmali-chiller-cihazlar\/vidali-komprosorlu-chiller-cihazlari\/cc500-r134\/\" class=\"wh-button vc_custom_1583414699544 wh-sidebar-btn wh-borderless hoverable genislik-full\" ><span class=\"anim\"><\/span>CC-500-R134<\/a>\n\t\t\t\t\t<div class=\"wh-theme-icon banner-btn-i\" style=\"color:#ffffff!important;\"  >\n\t\t\t\t<i class=\"icon-sign\" onmouseover=\"this.style.color='#ffffff'\" onmouseout=\"this.style.color='#ffffff'\"><\/i>\n\t\t\t<\/div>\n\t\t\n\t\t<\/div><\/div><\/div><\/div><div class=\"vc_row wpb_row vc_row-fluid vc_custom_1582266703129\"><div class=\"wpb_column vc_column_container vc_col-sm-3\"><div class=\"vc_column-inner\"><div class=\"wpb_wrapper\"><a href=\"https:\/\/www.taninmismakina.com\/en\/chiller\/hava-sogutmali-chiller-cihazlar\/vidali-komprosorlu-chiller-cihazlari\/cc550\/\" class=\"wh-button vc_custom_1583414705414 wh-sidebar-btn wh-borderless hoverable genislik-full\" ><span class=\"anim\"><\/span>CC-550<\/a>\n\t\t\t\t\t<div class=\"wh-theme-icon banner-btn-i\" style=\"color:#ffffff!important;\"  >\n\t\t\t\t<i class=\"icon-sign\" onmouseover=\"this.style.color='#ffffff'\" onmouseout=\"this.style.color='#ffffff'\"><\/i>\n\t\t\t<\/div>\n\t\t\n\t\t<\/div><\/div><\/div><div class=\"wpb_column vc_column_container vc_col-sm-3\"><div class=\"vc_column-inner\"><div class=\"wpb_wrapper\"><a href=\"https:\/\/www.taninmismakina.com\/en\/chiller\/hava-sogutmali-chiller-cihazlar\/vidali-komprosorlu-chiller-cihazlari\/cc550-r134\/\" class=\"wh-button vc_custom_1583414713791 wh-sidebar-btn wh-borderless hoverable genislik-full\" ><span class=\"anim\"><\/span>CC-550-R134<\/a>\n\t\t\t\t\t<div class=\"wh-theme-icon banner-btn-i\" style=\"color:#ffffff!important;\"  >\n\t\t\t\t<i class=\"icon-sign\" onmouseover=\"this.style.color='#ffffff'\" onmouseout=\"this.style.color='#ffffff'\"><\/i>\n\t\t\t<\/div>\n\t\t\n\t\t<\/div><\/div><\/div><div class=\"wpb_column vc_column_container vc_col-sm-3\"><div class=\"vc_column-inner\"><div class=\"wpb_wrapper\"><a href=\"https:\/\/www.taninmismakina.com\/en\/chiller\/hava-sogutmali-chiller-cihazlar\/vidali-komprosorlu-chiller-cihazlari\/cc600\/\" class=\"wh-button vc_custom_1583414720358 wh-sidebar-btn wh-borderless hoverable genislik-full\" ><span class=\"anim\"><\/span>CC-600<\/a>\n\t\t\t\t\t<div class=\"wh-theme-icon banner-btn-i\" style=\"color:#ffffff!important;\"  >\n\t\t\t\t<i class=\"icon-sign\" onmouseover=\"this.style.color='#ffffff'\" onmouseout=\"this.style.color='#ffffff'\"><\/i>\n\t\t\t<\/div>\n\t\t\n\t\t<\/div><\/div><\/div><div class=\"wpb_column vc_column_container vc_col-sm-3\"><div class=\"vc_column-inner\"><div class=\"wpb_wrapper\"><a href=\"https:\/\/www.taninmismakina.com\/en\/chiller\/hava-sogutmali-chiller-cihazlar\/vidali-komprosorlu-chiller-cihazlari\/cc600-r134\/\" class=\"wh-button vc_custom_1583414728599 wh-sidebar-btn wh-borderless hoverable genislik-full\" ><span class=\"anim\"><\/span>CC-600-R134<\/a>\n\t\t\t\t\t<div class=\"wh-theme-icon banner-btn-i\" style=\"color:#ffffff!important;\"  >\n\t\t\t\t<i class=\"icon-sign\" onmouseover=\"this.style.color='#ffffff'\" onmouseout=\"this.style.color='#ffffff'\"><\/i>\n\t\t\t<\/div>\n\t\t\n\t\t<\/div><\/div><\/div><\/div><div class=\"vc_row wpb_row vc_row-fluid vc_custom_1582266703129\"><div class=\"wpb_column vc_column_container vc_col-sm-3\"><div class=\"vc_column-inner\"><div class=\"wpb_wrapper\"><a href=\"https:\/\/www.taninmismakina.com\/en\/chiller\/hava-sogutmali-chiller-cihazlar\/vidali-komprosorlu-chiller-cihazlari\/cc650\/\" class=\"wh-button vc_custom_1583414734814 wh-sidebar-btn wh-borderless hoverable genislik-full\" ><span class=\"anim\"><\/span>CC-650<\/a>\n\t\t\t\t\t<div class=\"wh-theme-icon banner-btn-i\" style=\"color:#ffffff!important;\"  >\n\t\t\t\t<i class=\"icon-sign\" onmouseover=\"this.style.color='#ffffff'\" onmouseout=\"this.style.color='#ffffff'\"><\/i>\n\t\t\t<\/div>\n\t\t\n\t\t<\/div><\/div><\/div><div class=\"wpb_column vc_column_container vc_col-sm-3\"><div class=\"vc_column-inner\"><div class=\"wpb_wrapper\"><a href=\"https:\/\/www.taninmismakina.com\/en\/chiller\/hava-sogutmali-chiller-cihazlar\/vidali-komprosorlu-chiller-cihazlari\/cc650-r134\/\" class=\"wh-button vc_custom_1583414740239 wh-sidebar-btn wh-borderless hoverable genislik-full\" ><span class=\"anim\"><\/span>CC-650-R134<\/a>\n\t\t\t\t\t<div class=\"wh-theme-icon banner-btn-i\" style=\"color:#ffffff!important;\"  >\n\t\t\t\t<i class=\"icon-sign\" onmouseover=\"this.style.color='#ffffff'\" onmouseout=\"this.style.color='#ffffff'\"><\/i>\n\t\t\t<\/div>\n\t\t\n\t\t<\/div><\/div><\/div><div class=\"wpb_column vc_column_container vc_col-sm-3\"><div class=\"vc_column-inner\"><div class=\"wpb_wrapper\"><a href=\"https:\/\/www.taninmismakina.com\/en\/chiller\/hava-sogutmali-chiller-cihazlar\/vidali-komprosorlu-chiller-cihazlari\/cc750\/\" class=\"wh-button vc_custom_1583414747543 wh-sidebar-btn wh-borderless hoverable genislik-full\" ><span class=\"anim\"><\/span>CC-750<\/a>\n\t\t\t\t\t<div class=\"wh-theme-icon banner-btn-i\" style=\"color:#ffffff!important;\"  >\n\t\t\t\t<i class=\"icon-sign\" onmouseover=\"this.style.color='#ffffff'\" onmouseout=\"this.style.color='#ffffff'\"><\/i>\n\t\t\t<\/div>\n\t\t\n\t\t<\/div><\/div><\/div><div class=\"wpb_column vc_column_container vc_col-sm-3\"><div class=\"vc_column-inner\"><div class=\"wpb_wrapper\"><a href=\"https:\/\/www.taninmismakina.com\/en\/chiller\/hava-sogutmali-chiller-cihazlar\/vidali-komprosorlu-chiller-cihazlari\/cc750-r134\/\" class=\"wh-button vc_custom_1583414756207 wh-sidebar-btn wh-borderless hoverable genislik-full\" ><span class=\"anim\"><\/span>CC-750-R134<\/a>\n\t\t\t\t\t<div class=\"wh-theme-icon banner-btn-i\" style=\"color:#ffffff!important;\"  >\n\t\t\t\t<i class=\"icon-sign\" onmouseover=\"this.style.color='#ffffff'\" onmouseout=\"this.style.color='#ffffff'\"><\/i>\n\t\t\t<\/div>\n\t\t\n\t\t<\/div><\/div><\/div><\/div>","protected":false},"excerpt":{"rendered":"CC-260 CC-260-R134 CC-300 CC-300-R134 CC-350 CC350-R134 CC-400 CC-400-R134 CC-450 CC-450-R134 CC-500 CC-500-R134 CC-550 CC-550-R134 CC-600 CC-600-R134 CC-650 CC-650-R134 CC-750 CC-750-R134","protected":false},"author":1,"featured_media":0,"parent":3816,"menu_order":0,"comment_status":"closed","ping_status":"closed","template":"template-fullwidth.php","meta":{"footnotes":""},"class_list":["post-3823","page","type-page","status-publish","hentry"],"yoast_head":"<!-- This site is optimized with the Yoast SEO plugin v22.9 - https:\/\/yoast.com\/wordpress\/plugins\/seo\/ -->\n<title>Vidal\u0131 Kompres\u00f6rl\u00fc Chiller Cihazlar\u0131 - Tan\u0131nm\u0131\u015f Makina<\/title>\n<meta name=\"robots\" content=\"index, follow, max-snippet:-1, max-image-preview:large, max-video-preview:-1\" \/>\n<link rel=\"canonical\" href=\"https:\/\/www.taninmismakina.com\/en\/chiller\/hava-sogutmali-chiller-cihazlar\/vidali-komprosorlu-chiller-cihazlari\/\" \/>\n<meta property=\"og:locale\" content=\"en_US\" \/>\n<meta property=\"og:type\" content=\"article\" \/>\n<meta property=\"og:title\" content=\"Vidal\u0131 Kompres\u00f6rl\u00fc Chiller Cihazlar\u0131 - Tan\u0131nm\u0131\u015f Makina\" \/>\n<meta property=\"og:url\" content=\"https:\/\/www.taninmismakina.com\/en\/chiller\/hava-sogutmali-chiller-cihazlar\/vidali-komprosorlu-chiller-cihazlari\/\" \/>\n<meta property=\"og:site_name\" content=\"Tan\u0131nm\u0131\u015f Makina\" \/>\n<meta property=\"article:modified_time\" content=\"2020-05-04T12:31:57+00:00\" \/>\n<meta name=\"twitter:card\" content=\"summary_large_image\" \/>\n<meta name=\"twitter:label1\" content=\"Est. reading time\" \/>\n\t<meta name=\"twitter:data1\" content=\"5 minutes\" \/>\n<script type=\"application\/ld+json\" class=\"yoast-schema-graph\">{\"@context\":\"https:\/\/schema.org\",\"@graph\":[{\"@type\":\"WebPage\",\"@id\":\"https:\/\/www.taninmismakina.com\/chiller\/hava-sogutmali-chiller-cihazlar\/vidali-komprosorlu-chiller-cihazlari\/\",\"url\":\"https:\/\/www.taninmismakina.com\/chiller\/hava-sogutmali-chiller-cihazlar\/vidali-komprosorlu-chiller-cihazlari\/\",\"name\":\"Vidal\u0131 Kompres\u00f6rl\u00fc Chiller Cihazlar\u0131 - Tan\u0131nm\u0131\u015f Makina\",\"isPartOf\":{\"@id\":\"https:\/\/www.taninmismakina.com\/#website\"},\"datePublished\":\"2020-02-21T12:12:10+00:00\",\"dateModified\":\"2020-05-04T12:31:57+00:00\",\"breadcrumb\":{\"@id\":\"https:\/\/www.taninmismakina.com\/chiller\/hava-sogutmali-chiller-cihazlar\/vidali-komprosorlu-chiller-cihazlari\/#breadcrumb\"},\"inLanguage\":\"en-US\",\"potentialAction\":[{\"@type\":\"ReadAction\",\"target\":[\"https:\/\/www.taninmismakina.com\/chiller\/hava-sogutmali-chiller-cihazlar\/vidali-komprosorlu-chiller-cihazlari\/\"]}]},{\"@type\":\"BreadcrumbList\",\"@id\":\"https:\/\/www.taninmismakina.com\/chiller\/hava-sogutmali-chiller-cihazlar\/vidali-komprosorlu-chiller-cihazlari\/#breadcrumb\",\"itemListElement\":[{\"@type\":\"ListItem\",\"position\":1,\"name\":\"Home\",\"item\":\"https:\/\/www.taninmismakina.com\/\"},{\"@type\":\"ListItem\",\"position\":2,\"name\":\"Chiller\",\"item\":\"https:\/\/www.taninmismakina.com\/chiller\/\"},{\"@type\":\"ListItem\",\"position\":3,\"name\":\"Hava So\u011futmal\u0131 Chiller Cihazlar\",\"item\":\"https:\/\/www.taninmismakina.com\/chiller\/hava-sogutmali-chiller-cihazlar\/\"},{\"@type\":\"ListItem\",\"position\":4,\"name\":\"Vidal\u0131 Kompres\u00f6rl\u00fc Chiller Cihazlar\u0131\"}]},{\"@type\":\"WebSite\",\"@id\":\"https:\/\/www.taninmismakina.com\/#website\",\"url\":\"https:\/\/www.taninmismakina.com\/\",\"name\":\"Tan\u0131nm\u0131\u015f Makina\",\"description\":\"Is\u0131tma ve So\u011futma Sistemleri\",\"potentialAction\":[{\"@type\":\"SearchAction\",\"target\":{\"@type\":\"EntryPoint\",\"urlTemplate\":\"https:\/\/www.taninmismakina.com\/?s={search_term_string}\"},\"query-input\":\"required name=search_term_string\"}],\"inLanguage\":\"en-US\"}]}<\/script>\n<!-- \/ Yoast SEO plugin. -->","yoast_head_json":{"title":"Vidal\u0131 Kompres\u00f6rl\u00fc Chiller Cihazlar\u0131 - Tan\u0131nm\u0131\u015f Makina","robots":{"index":"index","follow":"follow","max-snippet":"max-snippet:-1","max-image-preview":"max-image-preview:large","max-video-preview":"max-video-preview:-1"},"canonical":"https:\/\/www.taninmismakina.com\/en\/chiller\/hava-sogutmali-chiller-cihazlar\/vidali-komprosorlu-chiller-cihazlari\/","og_locale":"en_US","og_type":"article","og_title":"Vidal\u0131 Kompres\u00f6rl\u00fc Chiller Cihazlar\u0131 - Tan\u0131nm\u0131\u015f Makina","og_url":"https:\/\/www.taninmismakina.com\/en\/chiller\/hava-sogutmali-chiller-cihazlar\/vidali-komprosorlu-chiller-cihazlari\/","og_site_name":"Tan\u0131nm\u0131\u015f Makina","article_modified_time":"2020-05-04T12:31:57+00:00","twitter_card":"summary_large_image","twitter_misc":{"Est. reading time":"5 minutes"},"schema":{"@context":"https:\/\/schema.org","@graph":[{"@type":"WebPage","@id":"https:\/\/www.taninmismakina.com\/chiller\/hava-sogutmali-chiller-cihazlar\/vidali-komprosorlu-chiller-cihazlari\/","url":"https:\/\/www.taninmismakina.com\/chiller\/hava-sogutmali-chiller-cihazlar\/vidali-komprosorlu-chiller-cihazlari\/","name":"Vidal\u0131 Kompres\u00f6rl\u00fc Chiller Cihazlar\u0131 - Tan\u0131nm\u0131\u015f Makina","isPartOf":{"@id":"https:\/\/www.taninmismakina.com\/#website"},"datePublished":"2020-02-21T12:12:10+00:00","dateModified":"2020-05-04T12:31:57+00:00","breadcrumb":{"@id":"https:\/\/www.taninmismakina.com\/chiller\/hava-sogutmali-chiller-cihazlar\/vidali-komprosorlu-chiller-cihazlari\/#breadcrumb"},"inLanguage":"en-US","potentialAction":[{"@type":"ReadAction","target":["https:\/\/www.taninmismakina.com\/chiller\/hava-sogutmali-chiller-cihazlar\/vidali-komprosorlu-chiller-cihazlari\/"]}]},{"@type":"BreadcrumbList","@id":"https:\/\/www.taninmismakina.com\/chiller\/hava-sogutmali-chiller-cihazlar\/vidali-komprosorlu-chiller-cihazlari\/#breadcrumb","itemListElement":[{"@type":"ListItem","position":1,"name":"Home","item":"https:\/\/www.taninmismakina.com\/"},{"@type":"ListItem","position":2,"name":"Chiller","item":"https:\/\/www.taninmismakina.com\/chiller\/"},{"@type":"ListItem","position":3,"name":"Hava So\u011futmal\u0131 Chiller Cihazlar","item":"https:\/\/www.taninmismakina.com\/chiller\/hava-sogutmali-chiller-cihazlar\/"},{"@type":"ListItem","position":4,"name":"Vidal\u0131 Kompres\u00f6rl\u00fc Chiller Cihazlar\u0131"}]},{"@type":"WebSite","@id":"https:\/\/www.taninmismakina.com\/#website","url":"https:\/\/www.taninmismakina.com\/","name":"Tan\u0131nm\u0131\u015f Makina","description":"Is\u0131tma ve So\u011futma Sistemleri","potentialAction":[{"@type":"SearchAction","target":{"@type":"EntryPoint","urlTemplate":"https:\/\/www.taninmismakina.com\/?s={search_term_string}"},"query-input":"required name=search_term_string"}],"inLanguage":"en-US"}]}},"_links":{"self":[{"href":"https:\/\/www.taninmismakina.com\/en\/wp-json\/wp\/v2\/pages\/3823","targetHints":{"allow":["GET"]}}],"collection":[{"href":"https:\/\/www.taninmismakina.com\/en\/wp-json\/wp\/v2\/pages"}],"about":[{"href":"https:\/\/www.taninmismakina.com\/en\/wp-json\/wp\/v2\/types\/page"}],"author":[{"embeddable":true,"href":"https:\/\/www.taninmismakina.com\/en\/wp-json\/wp\/v2\/users\/1"}],"replies":[{"embeddable":true,"href":"https:\/\/www.taninmismakina.com\/en\/wp-json\/wp\/v2\/comments?post=3823"}],"version-history":[{"count":19,"href":"https:\/\/www.taninmismakina.com\/en\/wp-json\/wp\/v2\/pages\/3823\/revisions"}],"predecessor-version":[{"id":4303,"href":"https:\/\/www.taninmismakina.com\/en\/wp-json\/wp\/v2\/pages\/3823\/revisions\/4303"}],"up":[{"embeddable":true,"href":"https:\/\/www.taninmismakina.com\/en\/wp-json\/wp\/v2\/pages\/3816"}],"wp:attachment":[{"href":"https:\/\/www.taninmismakina.com\/en\/wp-json\/wp\/v2\/media?parent=3823"}],"curies":[{"name":"wp","href":"https:\/\/api.w.org\/{rel}","templated":true}]}}