{"id":3834,"date":"2020-02-25T09:16:42","date_gmt":"2020-02-25T06:16:42","guid":{"rendered":"https:\/\/www.taninmismakina.com\/?page_id=3834"},"modified":"2020-02-25T09:16:42","modified_gmt":"2020-02-25T06:16:42","slug":"hsd2","status":"publish","type":"page","link":"https:\/\/www.taninmismakina.com\/en\/pano-sogutucular\/hsd2\/","title":{"rendered":"HSD2"},"content":{"rendered":"<div class=\"vc_row wpb_row vc_row-fluid\"><div class=\"wpb_column vc_column_container vc_col-sm-6\"><div class=\"vc_column-inner\"><div class=\"wpb_wrapper\">\n\t<div  class=\"wpb_single_image wpb_content_element vc_align_left   bulaniklastir\">\n\t\t\n\t\t<figure class=\"wpb_wrapper vc_figure\">\n\t\t\t<div class=\"vc_single_image-wrapper   vc_box_border_grey\"><img loading=\"lazy\" decoding=\"async\" data-vc-zoom=\"https:\/\/www.taninmismakina.com\/wp-content\/uploads\/2020\/02\/hsd2.png\" width=\"900\" height=\"800\" src=\"https:\/\/www.taninmismakina.com\/wp-content\/uploads\/2020\/02\/hsd2.png\" class=\"vc_single_image-img attachment-full\" alt=\"\" srcset=\"https:\/\/www.taninmismakina.com\/wp-content\/uploads\/2020\/02\/hsd2.png 900w, https:\/\/www.taninmismakina.com\/wp-content\/uploads\/2020\/02\/hsd2-300x267.png 300w, https:\/\/www.taninmismakina.com\/wp-content\/uploads\/2020\/02\/hsd2-768x683.png 768w, https:\/\/www.taninmismakina.com\/wp-content\/uploads\/2020\/02\/hsd2-150x133.png 150w\" sizes=\"auto, (max-width: 900px) 100vw, 900px\" \/><\/div>\n\t\t<\/figure>\n\t<\/div>\n<section class=\"vc_cta3-container\"><div class=\"vc_general vc_cta3 vc_cta3-style-classic vc_cta3-shape-rounded vc_cta3-align-left vc_cta3-color-classic vc_cta3-icon-size-md\"><div class=\"vc_cta3_content-container\"><div class=\"vc_cta3-content\"><header class=\"vc_cta3-content-header\"><h2>Product Features<\/h2><\/header><ul>\n<li>Easy assembly<\/li>\n<li>Quality equipment<\/li>\n<li>Economical solution for cooling existing data centres<\/li>\n<li>ISI-TAN Machinery reserves the right to make changes without notifying the companies.<\/li>\n<\/ul>\n<\/div><\/div><\/div><\/section><\/div><\/div><\/div><div class=\"wpb_column vc_column_container vc_col-sm-6\"><div class=\"vc_column-inner\"><div class=\"wpb_wrapper\">\n\t<div class=\"wpb_text_column wpb_content_element\" >\n\t\t<div class=\"wpb_wrapper\">\n\t\t\t<table width=\"326\">\n<tbody>\n<tr>\n<td width=\"183\">Technical Information<\/td>\n<td width=\"67\">HSD2<\/td>\n<td width=\"76\"><\/td>\n<\/tr>\n<tr>\n<td width=\"183\">Cooling Capacity<\/td>\n<td width=\"67\">W<\/td>\n<td width=\"76\">2000<\/td>\n<\/tr>\n<tr>\n<td width=\"183\">Water Output Operating Range<\/td>\n<td width=\"67\">\u00b0C<\/td>\n<td width=\"76\">+5 \/ +65<\/td>\n<\/tr>\n<tr>\n<td width=\"183\">Fan Flow Rate<\/td>\n<td width=\"67\">m\u00b3\/h<\/td>\n<td width=\"76\">560<\/td>\n<\/tr>\n<tr>\n<td width=\"183\">Operating Voltage (Standard)<\/td>\n<td width=\"67\">V\/Hz<\/td>\n<td width=\"76\">400 \/ 50,3 PE<\/td>\n<\/tr>\n<tr>\n<td width=\"183\">Connections<\/td>\n<td width=\"67\">G\/\u00c7<\/td>\n<td width=\"76\">1\/2&#8243; &#8211; 1\/2&#8243;<\/td>\n<\/tr>\n<tr>\n<td width=\"183\">Dimensions<\/td>\n<td width=\"67\">mm<\/td>\n<td width=\"76\">140x400x710<\/td>\n<\/tr>\n<tr>\n<td width=\"183\">Colour<\/td>\n<td width=\"67\">RAL<\/td>\n<td width=\"76\">6034<\/td>\n<\/tr>\n<\/tbody>\n<\/table>\n\n\t\t<\/div>\n\t<\/div>\n<\/div><\/div><\/div><\/div>","protected":false},"excerpt":{"rendered":"\u00dcr\u00fcn \u00d6zellikleri Kolay montaj Kaliteli ekipman Mevcut veri merkezlerini so\u011futmak i\u00e7in ekonomik \u00e7\u00f6z\u00fcm ISI-TAN Makine firmalara bildirmeksizin de\u011fi\u015fiklik yapma hakk\u0131n\u0131&nbsp;<a href=\"https:\/\/www.taninmismakina.com\/en\/pano-sogutucular\/hsd2\/\">[&hellip;]<\/a>","protected":false},"author":1,"featured_media":0,"parent":3792,"menu_order":0,"comment_status":"closed","ping_status":"closed","template":"","meta":{"footnotes":""},"class_list":["post-3834","page","type-page","status-publish","hentry"],"yoast_head":"<!-- This site is optimized with the Yoast SEO plugin v22.9 - https:\/\/yoast.com\/wordpress\/plugins\/seo\/ -->\n<title>HSD2 - Tan\u0131nm\u0131\u015f Makina<\/title>\n<meta name=\"robots\" content=\"index, follow, max-snippet:-1, max-image-preview:large, max-video-preview:-1\" \/>\n<link rel=\"canonical\" href=\"https:\/\/www.taninmismakina.com\/en\/pano-sogutucular\/hsd2\/\" \/>\n<meta property=\"og:locale\" content=\"en_US\" \/>\n<meta property=\"og:type\" content=\"article\" \/>\n<meta property=\"og:title\" content=\"HSD2 - Tan\u0131nm\u0131\u015f Makina\" \/>\n<meta property=\"og:url\" content=\"https:\/\/www.taninmismakina.com\/en\/pano-sogutucular\/hsd2\/\" \/>\n<meta property=\"og:site_name\" content=\"Tan\u0131nm\u0131\u015f Makina\" \/>\n<meta name=\"twitter:card\" content=\"summary_large_image\" \/>\n<meta name=\"twitter:label1\" content=\"Est. reading time\" \/>\n\t<meta name=\"twitter:data1\" content=\"1 minute\" \/>\n<script type=\"application\/ld+json\" class=\"yoast-schema-graph\">{\"@context\":\"https:\/\/schema.org\",\"@graph\":[{\"@type\":\"WebPage\",\"@id\":\"https:\/\/www.taninmismakina.com\/pano-sogutucular\/hsd2\/\",\"url\":\"https:\/\/www.taninmismakina.com\/pano-sogutucular\/hsd2\/\",\"name\":\"HSD2 - Tan\u0131nm\u0131\u015f Makina\",\"isPartOf\":{\"@id\":\"https:\/\/www.taninmismakina.com\/#website\"},\"datePublished\":\"2020-02-25T06:16:42+00:00\",\"dateModified\":\"2020-02-25T06:16:42+00:00\",\"breadcrumb\":{\"@id\":\"https:\/\/www.taninmismakina.com\/pano-sogutucular\/hsd2\/#breadcrumb\"},\"inLanguage\":\"en-US\",\"potentialAction\":[{\"@type\":\"ReadAction\",\"target\":[\"https:\/\/www.taninmismakina.com\/pano-sogutucular\/hsd2\/\"]}]},{\"@type\":\"BreadcrumbList\",\"@id\":\"https:\/\/www.taninmismakina.com\/pano-sogutucular\/hsd2\/#breadcrumb\",\"itemListElement\":[{\"@type\":\"ListItem\",\"position\":1,\"name\":\"Home\",\"item\":\"https:\/\/www.taninmismakina.com\/\"},{\"@type\":\"ListItem\",\"position\":2,\"name\":\"Pano So\u011futucular\",\"item\":\"https:\/\/www.taninmismakina.com\/en\/pano-sogutucular\/\"},{\"@type\":\"ListItem\",\"position\":3,\"name\":\"HSD2\"}]},{\"@type\":\"WebSite\",\"@id\":\"https:\/\/www.taninmismakina.com\/#website\",\"url\":\"https:\/\/www.taninmismakina.com\/\",\"name\":\"Tan\u0131nm\u0131\u015f Makina\",\"description\":\"Is\u0131tma ve So\u011futma Sistemleri\",\"potentialAction\":[{\"@type\":\"SearchAction\",\"target\":{\"@type\":\"EntryPoint\",\"urlTemplate\":\"https:\/\/www.taninmismakina.com\/?s={search_term_string}\"},\"query-input\":\"required name=search_term_string\"}],\"inLanguage\":\"en-US\"}]}<\/script>\n<!-- \/ Yoast SEO plugin. -->","yoast_head_json":{"title":"HSD2 - Tan\u0131nm\u0131\u015f Makina","robots":{"index":"index","follow":"follow","max-snippet":"max-snippet:-1","max-image-preview":"max-image-preview:large","max-video-preview":"max-video-preview:-1"},"canonical":"https:\/\/www.taninmismakina.com\/en\/pano-sogutucular\/hsd2\/","og_locale":"en_US","og_type":"article","og_title":"HSD2 - Tan\u0131nm\u0131\u015f Makina","og_url":"https:\/\/www.taninmismakina.com\/en\/pano-sogutucular\/hsd2\/","og_site_name":"Tan\u0131nm\u0131\u015f Makina","twitter_card":"summary_large_image","twitter_misc":{"Est. reading time":"1 minute"},"schema":{"@context":"https:\/\/schema.org","@graph":[{"@type":"WebPage","@id":"https:\/\/www.taninmismakina.com\/pano-sogutucular\/hsd2\/","url":"https:\/\/www.taninmismakina.com\/pano-sogutucular\/hsd2\/","name":"HSD2 - Tan\u0131nm\u0131\u015f Makina","isPartOf":{"@id":"https:\/\/www.taninmismakina.com\/#website"},"datePublished":"2020-02-25T06:16:42+00:00","dateModified":"2020-02-25T06:16:42+00:00","breadcrumb":{"@id":"https:\/\/www.taninmismakina.com\/pano-sogutucular\/hsd2\/#breadcrumb"},"inLanguage":"en-US","potentialAction":[{"@type":"ReadAction","target":["https:\/\/www.taninmismakina.com\/pano-sogutucular\/hsd2\/"]}]},{"@type":"BreadcrumbList","@id":"https:\/\/www.taninmismakina.com\/pano-sogutucular\/hsd2\/#breadcrumb","itemListElement":[{"@type":"ListItem","position":1,"name":"Home","item":"https:\/\/www.taninmismakina.com\/"},{"@type":"ListItem","position":2,"name":"Pano So\u011futucular","item":"https:\/\/www.taninmismakina.com\/en\/pano-sogutucular\/"},{"@type":"ListItem","position":3,"name":"HSD2"}]},{"@type":"WebSite","@id":"https:\/\/www.taninmismakina.com\/#website","url":"https:\/\/www.taninmismakina.com\/","name":"Tan\u0131nm\u0131\u015f Makina","description":"Is\u0131tma ve So\u011futma Sistemleri","potentialAction":[{"@type":"SearchAction","target":{"@type":"EntryPoint","urlTemplate":"https:\/\/www.taninmismakina.com\/?s={search_term_string}"},"query-input":"required name=search_term_string"}],"inLanguage":"en-US"}]}},"_links":{"self":[{"href":"https:\/\/www.taninmismakina.com\/en\/wp-json\/wp\/v2\/pages\/3834","targetHints":{"allow":["GET"]}}],"collection":[{"href":"https:\/\/www.taninmismakina.com\/en\/wp-json\/wp\/v2\/pages"}],"about":[{"href":"https:\/\/www.taninmismakina.com\/en\/wp-json\/wp\/v2\/types\/page"}],"author":[{"embeddable":true,"href":"https:\/\/www.taninmismakina.com\/en\/wp-json\/wp\/v2\/users\/1"}],"replies":[{"embeddable":true,"href":"https:\/\/www.taninmismakina.com\/en\/wp-json\/wp\/v2\/comments?post=3834"}],"version-history":[{"count":1,"href":"https:\/\/www.taninmismakina.com\/en\/wp-json\/wp\/v2\/pages\/3834\/revisions"}],"predecessor-version":[{"id":3836,"href":"https:\/\/www.taninmismakina.com\/en\/wp-json\/wp\/v2\/pages\/3834\/revisions\/3836"}],"up":[{"embeddable":true,"href":"https:\/\/www.taninmismakina.com\/en\/wp-json\/wp\/v2\/pages\/3792"}],"wp:attachment":[{"href":"https:\/\/www.taninmismakina.com\/en\/wp-json\/wp\/v2\/media?parent=3834"}],"curies":[{"name":"wp","href":"https:\/\/api.w.org\/{rel}","templated":true}]}}