{"id":3865,"date":"2020-02-25T23:10:19","date_gmt":"2020-02-25T20:10:19","guid":{"rendered":"https:\/\/www.taninmismakina.com\/?page_id=3865"},"modified":"2020-02-25T23:11:17","modified_gmt":"2020-02-25T20:11:17","slug":"cac60","status":"publish","type":"page","link":"https:\/\/www.taninmismakina.com\/en\/hava-sogutucular\/cac60\/","title":{"rendered":"CAC60"},"content":{"rendered":"<div class=\"vc_row wpb_row vc_row-fluid\"><div class=\"wpb_column vc_column_container vc_col-sm-6\"><div class=\"vc_column-inner\"><div class=\"wpb_wrapper\">\n\t<div  class=\"wpb_single_image wpb_content_element vc_align_left   bulaniklastir\">\n\t\t\n\t\t<figure class=\"wpb_wrapper vc_figure\">\n\t\t\t<div class=\"vc_single_image-wrapper   vc_box_border_grey\"><img loading=\"lazy\" decoding=\"async\" data-vc-zoom=\"https:\/\/www.taninmismakina.com\/wp-content\/uploads\/2020\/02\/cac60.png\" width=\"900\" height=\"800\" src=\"https:\/\/www.taninmismakina.com\/wp-content\/uploads\/2020\/02\/cac60.png\" class=\"vc_single_image-img attachment-full\" alt=\"\" srcset=\"https:\/\/www.taninmismakina.com\/wp-content\/uploads\/2020\/02\/cac60.png 900w, https:\/\/www.taninmismakina.com\/wp-content\/uploads\/2020\/02\/cac60-300x267.png 300w, https:\/\/www.taninmismakina.com\/wp-content\/uploads\/2020\/02\/cac60-768x683.png 768w, https:\/\/www.taninmismakina.com\/wp-content\/uploads\/2020\/02\/cac60-150x133.png 150w\" sizes=\"auto, (max-width: 900px) 100vw, 900px\" \/><\/div>\n\t\t<\/figure>\n\t<\/div>\n<section class=\"vc_cta3-container\"><div class=\"vc_general vc_cta3 vc_cta3-style-classic vc_cta3-shape-rounded vc_cta3-align-left vc_cta3-color-classic vc_cta3-icon-size-md\"><div class=\"vc_cta3_content-container\"><div class=\"vc_cta3-content\"><header class=\"vc_cta3-content-header\"><h2>Product Features<\/h2><\/header><ul>\n<li>ISI-TAN Machinery reserves the right to make changes without notifying the companies.<\/li>\n<\/ul>\n<\/div><\/div><\/div><\/section><\/div><\/div><\/div><div class=\"wpb_column vc_column_container vc_col-sm-6\"><div class=\"vc_column-inner\"><div class=\"wpb_wrapper\">\n\t<div class=\"wpb_text_column wpb_content_element\" >\n\t\t<div class=\"wpb_wrapper\">\n\t\t\t<table width=\"189\">\n<tbody>\n<tr>\n<td width=\"125\">Device Model<\/td>\n<td width=\"64\">CAC60<\/td>\n<\/tr>\n<tr>\n<td width=\"125\">Cooling Capacity<\/td>\n<td width=\"64\">67,51 kW<\/td>\n<\/tr>\n<tr>\n<td width=\"125\">Refrigerant<\/td>\n<td width=\"64\">Su<\/td>\n<\/tr>\n<tr>\n<td width=\"125\">Voltage and Frequency<\/td>\n<td width=\"64\">220 Volt \/50 Hz<\/td>\n<\/tr>\n<tr>\n<td width=\"125\">Water Flow Rate<\/td>\n<td width=\"64\">11,6(m3\/h)<\/td>\n<\/tr>\n<tr>\n<td width=\"125\">Water Inlet<\/td>\n<td width=\"64\">7\/12 \u00b0C<\/td>\n<\/tr>\n<tr>\n<td width=\"125\">Air in \/ out<\/td>\n<td width=\"64\">35\/12 \u00b0C<\/td>\n<\/tr>\n<\/tbody>\n<\/table>\n\n\t\t<\/div>\n\t<\/div>\n<\/div><\/div><\/div><\/div>","protected":false},"excerpt":{"rendered":"\u00dcr\u00fcn \u00d6zellikleri ISI-TAN Makine firmalara bildirmeksizin de\u011fi\u015fiklik yapma hakk\u0131n\u0131 sakl\u0131 tutar. Cihaz Modeli CAC60 So\u011futma Kapasitesi 67,51 kW So\u011futucu Ak\u0131\u015fkan&nbsp;<a href=\"https:\/\/www.taninmismakina.com\/en\/hava-sogutucular\/cac60\/\">[&hellip;]<\/a>","protected":false},"author":1,"featured_media":0,"parent":3795,"menu_order":0,"comment_status":"closed","ping_status":"closed","template":"","meta":{"footnotes":""},"class_list":["post-3865","page","type-page","status-publish","hentry"],"yoast_head":"<!-- This site is optimized with the Yoast SEO plugin v22.9 - https:\/\/yoast.com\/wordpress\/plugins\/seo\/ -->\n<title>CAC60 - Tan\u0131nm\u0131\u015f Makina<\/title>\n<meta name=\"robots\" content=\"index, follow, max-snippet:-1, max-image-preview:large, max-video-preview:-1\" \/>\n<link rel=\"canonical\" href=\"https:\/\/www.taninmismakina.com\/en\/hava-sogutucular\/cac60\/\" \/>\n<meta property=\"og:locale\" content=\"en_US\" \/>\n<meta property=\"og:type\" content=\"article\" \/>\n<meta property=\"og:title\" content=\"CAC60 - Tan\u0131nm\u0131\u015f Makina\" \/>\n<meta property=\"og:url\" content=\"https:\/\/www.taninmismakina.com\/en\/hava-sogutucular\/cac60\/\" \/>\n<meta property=\"og:site_name\" content=\"Tan\u0131nm\u0131\u015f Makina\" \/>\n<meta property=\"article:modified_time\" content=\"2020-02-25T20:11:17+00:00\" \/>\n<meta name=\"twitter:card\" content=\"summary_large_image\" \/>\n<script type=\"application\/ld+json\" class=\"yoast-schema-graph\">{\"@context\":\"https:\/\/schema.org\",\"@graph\":[{\"@type\":\"WebPage\",\"@id\":\"https:\/\/www.taninmismakina.com\/hava-sogutucular\/cac60\/\",\"url\":\"https:\/\/www.taninmismakina.com\/hava-sogutucular\/cac60\/\",\"name\":\"CAC60 - Tan\u0131nm\u0131\u015f Makina\",\"isPartOf\":{\"@id\":\"https:\/\/www.taninmismakina.com\/#website\"},\"datePublished\":\"2020-02-25T20:10:19+00:00\",\"dateModified\":\"2020-02-25T20:11:17+00:00\",\"breadcrumb\":{\"@id\":\"https:\/\/www.taninmismakina.com\/hava-sogutucular\/cac60\/#breadcrumb\"},\"inLanguage\":\"en-US\",\"potentialAction\":[{\"@type\":\"ReadAction\",\"target\":[\"https:\/\/www.taninmismakina.com\/hava-sogutucular\/cac60\/\"]}]},{\"@type\":\"BreadcrumbList\",\"@id\":\"https:\/\/www.taninmismakina.com\/hava-sogutucular\/cac60\/#breadcrumb\",\"itemListElement\":[{\"@type\":\"ListItem\",\"position\":1,\"name\":\"Home\",\"item\":\"https:\/\/www.taninmismakina.com\/\"},{\"@type\":\"ListItem\",\"position\":2,\"name\":\"Hava So\u011futucular\",\"item\":\"https:\/\/www.taninmismakina.com\/hava-sogutucular\/\"},{\"@type\":\"ListItem\",\"position\":3,\"name\":\"CAC60\"}]},{\"@type\":\"WebSite\",\"@id\":\"https:\/\/www.taninmismakina.com\/#website\",\"url\":\"https:\/\/www.taninmismakina.com\/\",\"name\":\"Tan\u0131nm\u0131\u015f Makina\",\"description\":\"Is\u0131tma ve So\u011futma Sistemleri\",\"potentialAction\":[{\"@type\":\"SearchAction\",\"target\":{\"@type\":\"EntryPoint\",\"urlTemplate\":\"https:\/\/www.taninmismakina.com\/?s={search_term_string}\"},\"query-input\":\"required name=search_term_string\"}],\"inLanguage\":\"en-US\"}]}<\/script>\n<!-- \/ Yoast SEO plugin. -->","yoast_head_json":{"title":"CAC60 - Tan\u0131nm\u0131\u015f Makina","robots":{"index":"index","follow":"follow","max-snippet":"max-snippet:-1","max-image-preview":"max-image-preview:large","max-video-preview":"max-video-preview:-1"},"canonical":"https:\/\/www.taninmismakina.com\/en\/hava-sogutucular\/cac60\/","og_locale":"en_US","og_type":"article","og_title":"CAC60 - Tan\u0131nm\u0131\u015f Makina","og_url":"https:\/\/www.taninmismakina.com\/en\/hava-sogutucular\/cac60\/","og_site_name":"Tan\u0131nm\u0131\u015f Makina","article_modified_time":"2020-02-25T20:11:17+00:00","twitter_card":"summary_large_image","schema":{"@context":"https:\/\/schema.org","@graph":[{"@type":"WebPage","@id":"https:\/\/www.taninmismakina.com\/hava-sogutucular\/cac60\/","url":"https:\/\/www.taninmismakina.com\/hava-sogutucular\/cac60\/","name":"CAC60 - Tan\u0131nm\u0131\u015f Makina","isPartOf":{"@id":"https:\/\/www.taninmismakina.com\/#website"},"datePublished":"2020-02-25T20:10:19+00:00","dateModified":"2020-02-25T20:11:17+00:00","breadcrumb":{"@id":"https:\/\/www.taninmismakina.com\/hava-sogutucular\/cac60\/#breadcrumb"},"inLanguage":"en-US","potentialAction":[{"@type":"ReadAction","target":["https:\/\/www.taninmismakina.com\/hava-sogutucular\/cac60\/"]}]},{"@type":"BreadcrumbList","@id":"https:\/\/www.taninmismakina.com\/hava-sogutucular\/cac60\/#breadcrumb","itemListElement":[{"@type":"ListItem","position":1,"name":"Home","item":"https:\/\/www.taninmismakina.com\/"},{"@type":"ListItem","position":2,"name":"Hava So\u011futucular","item":"https:\/\/www.taninmismakina.com\/hava-sogutucular\/"},{"@type":"ListItem","position":3,"name":"CAC60"}]},{"@type":"WebSite","@id":"https:\/\/www.taninmismakina.com\/#website","url":"https:\/\/www.taninmismakina.com\/","name":"Tan\u0131nm\u0131\u015f Makina","description":"Is\u0131tma ve So\u011futma Sistemleri","potentialAction":[{"@type":"SearchAction","target":{"@type":"EntryPoint","urlTemplate":"https:\/\/www.taninmismakina.com\/?s={search_term_string}"},"query-input":"required name=search_term_string"}],"inLanguage":"en-US"}]}},"_links":{"self":[{"href":"https:\/\/www.taninmismakina.com\/en\/wp-json\/wp\/v2\/pages\/3865","targetHints":{"allow":["GET"]}}],"collection":[{"href":"https:\/\/www.taninmismakina.com\/en\/wp-json\/wp\/v2\/pages"}],"about":[{"href":"https:\/\/www.taninmismakina.com\/en\/wp-json\/wp\/v2\/types\/page"}],"author":[{"embeddable":true,"href":"https:\/\/www.taninmismakina.com\/en\/wp-json\/wp\/v2\/users\/1"}],"replies":[{"embeddable":true,"href":"https:\/\/www.taninmismakina.com\/en\/wp-json\/wp\/v2\/comments?post=3865"}],"version-history":[{"count":3,"href":"https:\/\/www.taninmismakina.com\/en\/wp-json\/wp\/v2\/pages\/3865\/revisions"}],"predecessor-version":[{"id":3869,"href":"https:\/\/www.taninmismakina.com\/en\/wp-json\/wp\/v2\/pages\/3865\/revisions\/3869"}],"up":[{"embeddable":true,"href":"https:\/\/www.taninmismakina.com\/en\/wp-json\/wp\/v2\/pages\/3795"}],"wp:attachment":[{"href":"https:\/\/www.taninmismakina.com\/en\/wp-json\/wp\/v2\/media?parent=3865"}],"curies":[{"name":"wp","href":"https:\/\/api.w.org\/{rel}","templated":true}]}}