{"id":3910,"date":"2020-02-25T23:46:05","date_gmt":"2020-02-25T20:46:05","guid":{"rendered":"https:\/\/www.taninmismakina.com\/?page_id=3910"},"modified":"2020-02-25T23:46:05","modified_gmt":"2020-02-25T20:46:05","slug":"ck-600","status":"publish","type":"page","link":"https:\/\/www.taninmismakina.com\/en\/kuru-sogutucular\/ck-600\/","title":{"rendered":"CK-600"},"content":{"rendered":"<div class=\"vc_row wpb_row vc_row-fluid\"><div class=\"wpb_column vc_column_container vc_col-sm-6\"><div class=\"vc_column-inner\"><div class=\"wpb_wrapper\">\n\t<div  class=\"wpb_single_image wpb_content_element vc_align_left   bulaniklastir\">\n\t\t\n\t\t<figure class=\"wpb_wrapper vc_figure\">\n\t\t\t<div class=\"vc_single_image-wrapper   vc_box_border_grey\"><img loading=\"lazy\" decoding=\"async\" data-vc-zoom=\"https:\/\/www.taninmismakina.com\/wp-content\/uploads\/2020\/02\/ck600.png\" width=\"900\" height=\"800\" src=\"https:\/\/www.taninmismakina.com\/wp-content\/uploads\/2020\/02\/ck600.png\" class=\"vc_single_image-img attachment-full\" alt=\"\" srcset=\"https:\/\/www.taninmismakina.com\/wp-content\/uploads\/2020\/02\/ck600.png 900w, https:\/\/www.taninmismakina.com\/wp-content\/uploads\/2020\/02\/ck600-300x267.png 300w, https:\/\/www.taninmismakina.com\/wp-content\/uploads\/2020\/02\/ck600-768x683.png 768w, https:\/\/www.taninmismakina.com\/wp-content\/uploads\/2020\/02\/ck600-150x133.png 150w\" sizes=\"auto, (max-width: 900px) 100vw, 900px\" \/><\/div>\n\t\t<\/figure>\n\t<\/div>\n<section class=\"vc_cta3-container\"><div class=\"vc_general vc_cta3 vc_cta3-style-classic vc_cta3-shape-rounded vc_cta3-align-left vc_cta3-color-classic vc_cta3-icon-size-md\"><div class=\"vc_cta3_content-container\"><div class=\"vc_cta3-content\"><header class=\"vc_cta3-content-header\"><h2>Product Features<\/h2><\/header><p><strong>Product Features<\/strong><\/p>\n<ul>\n<li>Closed cycle, therefore zero water consumption, preventing limescale, corrosion and bacteria formation.<br \/>\n<em>Closed circiut so no water consumption, no calcification<\/em><\/li>\n<li>Maximum energy efficiency and silent operation with direct coupled fan motor and blade structure. (Maintenance and inefficiency caused by belt - pulley are eliminated).<br \/>\n<em>Direct Drive Forced Draft Propeller Fans &#8211; For Maximum Energy Efficiency and Quilet Operation (No V Belts to Maintain)<\/em><\/li>\n<li>Low maintenance and operating costs<br \/>\n<em>Low maintenance and running cost<\/em><\/li>\n<li>Short payback period of 6-12 months<br \/>\n<em>Payback from as little as 6-12 months<\/em><\/li>\n<li>(*) Valid at air temperature 32, water temperature 45, water outlet temperature 40.<\/li>\n<li>ISI-TAN Machinery reserves the right to make changes without notifying the companies.<\/li>\n<\/ul>\n<\/div><\/div><\/div><\/section><\/div><\/div><\/div><div class=\"wpb_column vc_column_container vc_col-sm-6\"><div class=\"vc_column-inner\"><div class=\"wpb_wrapper\">\n\t<div class=\"wpb_text_column wpb_content_element\" >\n\t\t<div class=\"wpb_wrapper\">\n\t\t\t<table width=\"326\">\n<tbody>\n<tr>\n<td width=\"183\">Technical Information<\/td>\n<td width=\"67\">CK600<\/td>\n<td width=\"76\"><\/td>\n<\/tr>\n<tr>\n<td width=\"183\">Cooling Capacity<\/td>\n<td width=\"67\">kW<\/td>\n<td width=\"76\">692<\/td>\n<\/tr>\n<tr>\n<td width=\"183\">Water Output Operating Range<\/td>\n<td width=\"67\">\u00b0C<\/td>\n<td width=\"76\">+5 \/ +65<\/td>\n<\/tr>\n<tr>\n<td width=\"183\">Fan Power<\/td>\n<td width=\"67\">kW<\/td>\n<td width=\"76\">10&#215;1,94<\/td>\n<\/tr>\n<tr>\n<td width=\"183\">Number of Fans \/ Diameter<\/td>\n<td width=\"67\">ad\/mm<\/td>\n<td width=\"76\">10&#215;800<\/td>\n<\/tr>\n<tr>\n<td width=\"183\">Operating Voltage (Standard)<\/td>\n<td width=\"67\">V\/Hz<\/td>\n<td width=\"76\">400 \/ 50,3 PE<\/td>\n<\/tr>\n<tr>\n<td width=\"183\">Nom.Total Power Consumption.<\/td>\n<td width=\"67\">kW<\/td>\n<td width=\"76\">19,4<\/td>\n<\/tr>\n<tr>\n<td width=\"183\">Connections<\/td>\n<td width=\"67\">G\/\u00c7<\/td>\n<td width=\"76\">5&#8243;\/5&#8243;<\/td>\n<\/tr>\n<tr>\n<td width=\"183\">Dimensions<\/td>\n<td width=\"67\">mm<\/td>\n<td width=\"76\">2260x6585x2280<\/td>\n<\/tr>\n<tr>\n<td width=\"183\">Colour<\/td>\n<td width=\"67\">RAL<\/td>\n<td width=\"76\">6034\/7021<\/td>\n<\/tr>\n<\/tbody>\n<\/table>\n\n\t\t<\/div>\n\t<\/div>\n<\/div><\/div><\/div><\/div>","protected":false},"excerpt":{"rendered":"\u00dcr\u00fcn \u00d6zellikleri\u00dcr\u00fcn \u00d6zellikleri Kapal\u0131 \u00e7evrim, dolay\u0131s\u0131yla s\u0131f\u0131r su sarfiyat\u0131, kire\u00e7, korozyon ve bakteri olu\u015fumunu \u00f6nleme. Closed circiut so no water&nbsp;<a href=\"https:\/\/www.taninmismakina.com\/en\/kuru-sogutucular\/ck-600\/\">[&hellip;]<\/a>","protected":false},"author":1,"featured_media":0,"parent":3803,"menu_order":0,"comment_status":"closed","ping_status":"closed","template":"","meta":{"footnotes":""},"class_list":["post-3910","page","type-page","status-publish","hentry"],"yoast_head":"<!-- This site is optimized with the Yoast SEO plugin v22.9 - https:\/\/yoast.com\/wordpress\/plugins\/seo\/ -->\n<title>CK-600 - Tan\u0131nm\u0131\u015f Makina<\/title>\n<meta name=\"robots\" content=\"index, follow, max-snippet:-1, max-image-preview:large, max-video-preview:-1\" \/>\n<link rel=\"canonical\" href=\"https:\/\/www.taninmismakina.com\/en\/kuru-sogutucular\/ck-600\/\" \/>\n<meta property=\"og:locale\" content=\"en_US\" \/>\n<meta property=\"og:type\" content=\"article\" \/>\n<meta property=\"og:title\" content=\"CK-600 - Tan\u0131nm\u0131\u015f Makina\" \/>\n<meta property=\"og:url\" content=\"https:\/\/www.taninmismakina.com\/en\/kuru-sogutucular\/ck-600\/\" \/>\n<meta property=\"og:site_name\" content=\"Tan\u0131nm\u0131\u015f Makina\" \/>\n<meta name=\"twitter:card\" content=\"summary_large_image\" \/>\n<meta name=\"twitter:label1\" content=\"Est. reading time\" \/>\n\t<meta name=\"twitter:data1\" content=\"1 minute\" \/>\n<script type=\"application\/ld+json\" class=\"yoast-schema-graph\">{\"@context\":\"https:\/\/schema.org\",\"@graph\":[{\"@type\":\"WebPage\",\"@id\":\"https:\/\/www.taninmismakina.com\/kuru-sogutucular\/ck-600\/\",\"url\":\"https:\/\/www.taninmismakina.com\/kuru-sogutucular\/ck-600\/\",\"name\":\"CK-600 - Tan\u0131nm\u0131\u015f Makina\",\"isPartOf\":{\"@id\":\"https:\/\/www.taninmismakina.com\/#website\"},\"datePublished\":\"2020-02-25T20:46:05+00:00\",\"dateModified\":\"2020-02-25T20:46:05+00:00\",\"breadcrumb\":{\"@id\":\"https:\/\/www.taninmismakina.com\/kuru-sogutucular\/ck-600\/#breadcrumb\"},\"inLanguage\":\"en-US\",\"potentialAction\":[{\"@type\":\"ReadAction\",\"target\":[\"https:\/\/www.taninmismakina.com\/kuru-sogutucular\/ck-600\/\"]}]},{\"@type\":\"BreadcrumbList\",\"@id\":\"https:\/\/www.taninmismakina.com\/kuru-sogutucular\/ck-600\/#breadcrumb\",\"itemListElement\":[{\"@type\":\"ListItem\",\"position\":1,\"name\":\"Home\",\"item\":\"https:\/\/www.taninmismakina.com\/\"},{\"@type\":\"ListItem\",\"position\":2,\"name\":\"Kuru So\u011futucular\",\"item\":\"https:\/\/www.taninmismakina.com\/kuru-sogutucular\/\"},{\"@type\":\"ListItem\",\"position\":3,\"name\":\"CK-600\"}]},{\"@type\":\"WebSite\",\"@id\":\"https:\/\/www.taninmismakina.com\/#website\",\"url\":\"https:\/\/www.taninmismakina.com\/\",\"name\":\"Tan\u0131nm\u0131\u015f Makina\",\"description\":\"Is\u0131tma ve So\u011futma Sistemleri\",\"potentialAction\":[{\"@type\":\"SearchAction\",\"target\":{\"@type\":\"EntryPoint\",\"urlTemplate\":\"https:\/\/www.taninmismakina.com\/?s={search_term_string}\"},\"query-input\":\"required name=search_term_string\"}],\"inLanguage\":\"en-US\"}]}<\/script>\n<!-- \/ Yoast SEO plugin. -->","yoast_head_json":{"title":"CK-600 - Tan\u0131nm\u0131\u015f Makina","robots":{"index":"index","follow":"follow","max-snippet":"max-snippet:-1","max-image-preview":"max-image-preview:large","max-video-preview":"max-video-preview:-1"},"canonical":"https:\/\/www.taninmismakina.com\/en\/kuru-sogutucular\/ck-600\/","og_locale":"en_US","og_type":"article","og_title":"CK-600 - Tan\u0131nm\u0131\u015f Makina","og_url":"https:\/\/www.taninmismakina.com\/en\/kuru-sogutucular\/ck-600\/","og_site_name":"Tan\u0131nm\u0131\u015f Makina","twitter_card":"summary_large_image","twitter_misc":{"Est. reading time":"1 minute"},"schema":{"@context":"https:\/\/schema.org","@graph":[{"@type":"WebPage","@id":"https:\/\/www.taninmismakina.com\/kuru-sogutucular\/ck-600\/","url":"https:\/\/www.taninmismakina.com\/kuru-sogutucular\/ck-600\/","name":"CK-600 - Tan\u0131nm\u0131\u015f Makina","isPartOf":{"@id":"https:\/\/www.taninmismakina.com\/#website"},"datePublished":"2020-02-25T20:46:05+00:00","dateModified":"2020-02-25T20:46:05+00:00","breadcrumb":{"@id":"https:\/\/www.taninmismakina.com\/kuru-sogutucular\/ck-600\/#breadcrumb"},"inLanguage":"en-US","potentialAction":[{"@type":"ReadAction","target":["https:\/\/www.taninmismakina.com\/kuru-sogutucular\/ck-600\/"]}]},{"@type":"BreadcrumbList","@id":"https:\/\/www.taninmismakina.com\/kuru-sogutucular\/ck-600\/#breadcrumb","itemListElement":[{"@type":"ListItem","position":1,"name":"Home","item":"https:\/\/www.taninmismakina.com\/"},{"@type":"ListItem","position":2,"name":"Kuru So\u011futucular","item":"https:\/\/www.taninmismakina.com\/kuru-sogutucular\/"},{"@type":"ListItem","position":3,"name":"CK-600"}]},{"@type":"WebSite","@id":"https:\/\/www.taninmismakina.com\/#website","url":"https:\/\/www.taninmismakina.com\/","name":"Tan\u0131nm\u0131\u015f Makina","description":"Is\u0131tma ve So\u011futma Sistemleri","potentialAction":[{"@type":"SearchAction","target":{"@type":"EntryPoint","urlTemplate":"https:\/\/www.taninmismakina.com\/?s={search_term_string}"},"query-input":"required name=search_term_string"}],"inLanguage":"en-US"}]}},"_links":{"self":[{"href":"https:\/\/www.taninmismakina.com\/en\/wp-json\/wp\/v2\/pages\/3910","targetHints":{"allow":["GET"]}}],"collection":[{"href":"https:\/\/www.taninmismakina.com\/en\/wp-json\/wp\/v2\/pages"}],"about":[{"href":"https:\/\/www.taninmismakina.com\/en\/wp-json\/wp\/v2\/types\/page"}],"author":[{"embeddable":true,"href":"https:\/\/www.taninmismakina.com\/en\/wp-json\/wp\/v2\/users\/1"}],"replies":[{"embeddable":true,"href":"https:\/\/www.taninmismakina.com\/en\/wp-json\/wp\/v2\/comments?post=3910"}],"version-history":[{"count":1,"href":"https:\/\/www.taninmismakina.com\/en\/wp-json\/wp\/v2\/pages\/3910\/revisions"}],"predecessor-version":[{"id":3912,"href":"https:\/\/www.taninmismakina.com\/en\/wp-json\/wp\/v2\/pages\/3910\/revisions\/3912"}],"up":[{"embeddable":true,"href":"https:\/\/www.taninmismakina.com\/en\/wp-json\/wp\/v2\/pages\/3803"}],"wp:attachment":[{"href":"https:\/\/www.taninmismakina.com\/en\/wp-json\/wp\/v2\/media?parent=3910"}],"curies":[{"name":"wp","href":"https:\/\/api.w.org\/{rel}","templated":true}]}}