{"id":4020,"date":"2020-02-27T17:24:40","date_gmt":"2020-02-27T14:24:40","guid":{"rendered":"https:\/\/www.taninmismakina.com\/?page_id=4020"},"modified":"2020-02-27T17:24:40","modified_gmt":"2020-02-27T14:24:40","slug":"cc300","status":"publish","type":"page","link":"https:\/\/www.taninmismakina.com\/en\/chiller\/hava-sogutmali-chiller-cihazlar\/vidali-komprosorlu-chiller-cihazlari\/cc300\/","title":{"rendered":"CC300"},"content":{"rendered":"<div class=\"vc_row wpb_row vc_row-fluid\"><div class=\"wpb_column vc_column_container vc_col-sm-6\"><div class=\"vc_column-inner\"><div class=\"wpb_wrapper\">\n\t<div  class=\"wpb_single_image wpb_content_element vc_align_left   bulaniklastir\">\n\t\t\n\t\t<figure class=\"wpb_wrapper vc_figure\">\n\t\t\t<div class=\"vc_single_image-wrapper   vc_box_border_grey\"><img loading=\"lazy\" decoding=\"async\" data-vc-zoom=\"https:\/\/www.taninmismakina.com\/wp-content\/uploads\/2020\/02\/cc300-1.png\" width=\"900\" height=\"800\" src=\"https:\/\/www.taninmismakina.com\/wp-content\/uploads\/2020\/02\/cc300-1.png\" class=\"vc_single_image-img attachment-full\" alt=\"\" srcset=\"https:\/\/www.taninmismakina.com\/wp-content\/uploads\/2020\/02\/cc300-1.png 900w, https:\/\/www.taninmismakina.com\/wp-content\/uploads\/2020\/02\/cc300-1-300x267.png 300w, https:\/\/www.taninmismakina.com\/wp-content\/uploads\/2020\/02\/cc300-1-768x683.png 768w, https:\/\/www.taninmismakina.com\/wp-content\/uploads\/2020\/02\/cc300-1-150x133.png 150w\" sizes=\"auto, (max-width: 900px) 100vw, 900px\" \/><\/div>\n\t\t<\/figure>\n\t<\/div>\n<section class=\"vc_cta3-container\"><div class=\"vc_general vc_cta3 vc_cta3-style-classic vc_cta3-shape-rounded vc_cta3-align-left vc_cta3-color-classic vc_cta3-icon-size-md\"><div class=\"vc_cta3_content-container\"><div class=\"vc_cta3-content\"><header class=\"vc_cta3-content-header\"><h2>Product Features<\/h2><\/header><ul>\n<li>Ba\u011f\u0131ms\u0131z \u00e7ift so\u011futma devresi<br \/>\n<em>Independet twinrefrigeration circiut<\/em><\/li>\n<li>Sesli ve g\u00f6rsel uyar\u0131 sistemi<br \/>\n<em>Warning system withaudible and visible<\/em><\/li>\n<li>PLC tabanl\u0131 Hassas Kapasite Kontrol<br \/>\n<em>Capacity controlwith PLC<\/em><\/li>\n<li>Yar\u0131 Hermetik Vidal\u0131 Kompres\u00f6r<br \/>\n<em>Semi Hermetic screw compressors<\/em><\/li>\n<li>Maksimum koruma ve emniyet ekipmanlar\u0131<br \/>\n<em>High protection leveland protection devices<\/em><\/li>\n<li>2 y\u0131l garanti, 10 y\u0131l yedek par\u00e7a garantisi<br \/>\n<em>Two years warranty, ten years sparete parts support<\/em><\/li>\n<li>(*) Kurulum ve \u00e7al\u0131\u015fma y\u00fck\u00fc olarak en az daha fazla g\u00fc\u00e7 dikkate al\u0131nmal\u0131d\u0131r.<\/li>\n<li>ISI-TAN Machinery reserves the right to make changes without notifying the companies.<\/li>\n<\/ul>\n<\/div><\/div><\/div><\/section><\/div><\/div><\/div><div class=\"wpb_column vc_column_container vc_col-sm-6\"><div class=\"vc_column-inner\"><div class=\"wpb_wrapper\">\n\t<div class=\"wpb_text_column wpb_content_element\" >\n\t\t<div class=\"wpb_wrapper\">\n\t\t\t<table width=\"326\">\n<tbody>\n<tr>\n<td width=\"183\">Technical Information<\/td>\n<td width=\"67\">CC300<\/td>\n<td width=\"76\"><\/td>\n<\/tr>\n<tr>\n<td width=\"183\">Cooling Capacity<\/td>\n<td width=\"67\">kCal<\/td>\n<td width=\"76\">365 156<\/td>\n<\/tr>\n<tr>\n<td width=\"183\">Cooling Capacity<\/td>\n<td width=\"67\">kW<\/td>\n<td width=\"76\">424,6<\/td>\n<\/tr>\n<tr>\n<td width=\"183\">Water Output Operating Range<\/td>\n<td width=\"67\">\u00b0C<\/td>\n<td width=\"76\">-5 \/ +30<\/td>\n<\/tr>\n<tr>\n<td width=\"183\">Max. Ortam S\u0131cakl\u0131\u011f\u0131<\/td>\n<td width=\"67\">\u00b0C<\/td>\n<td width=\"76\">+ 40 (R134 A Gaz\u0131 ile +60 \u00b0C )<\/td>\n<\/tr>\n<tr>\n<td width=\"183\">Refrigerant<\/td>\n<td width=\"67\"><\/td>\n<td width=\"76\">R407 C<\/td>\n<\/tr>\n<tr>\n<td width=\"183\">Kompres\u00f6r Verimi<\/td>\n<td width=\"67\"><\/td>\n<td width=\"76\">4,91<\/td>\n<\/tr>\n<tr>\n<td width=\"183\">Norm. Kompres\u00f6r G\u00fcc\u00fc<\/td>\n<td width=\"67\">kW<\/td>\n<td width=\"76\">2&#215;43,2<\/td>\n<\/tr>\n<tr>\n<td width=\"183\">Fan Power<\/td>\n<td width=\"67\">kW<\/td>\n<td width=\"76\">8&#215;1,94<\/td>\n<\/tr>\n<tr>\n<td width=\"183\">Number of Fans \/ Diameter<\/td>\n<td width=\"67\">ad\/mm<\/td>\n<td width=\"76\">8&#215;800<\/td>\n<\/tr>\n<tr>\n<td width=\"183\">\u0130\u00e7 Pompa Debi<\/td>\n<td width=\"67\">m\u00b3<\/td>\n<td width=\"76\">66,6<\/td>\n<\/tr>\n<tr>\n<td width=\"183\">\u0130\u00e7 Pompa Bas\u0131n\u00e7<\/td>\n<td width=\"67\">Bar<\/td>\n<td width=\"76\">1,6<\/td>\n<\/tr>\n<tr>\n<td width=\"183\">\u0130\u00e7 Pompa G\u00fc\u00e7<\/td>\n<td width=\"67\">kW<\/td>\n<td width=\"76\">3<\/td>\n<\/tr>\n<tr>\n<td width=\"183\">Operating Voltage (Standard)<\/td>\n<td width=\"67\">V\/Hz<\/td>\n<td width=\"76\">400 \/ 50,3 PE<\/td>\n<\/tr>\n<tr>\n<td width=\"183\">Norm. Toplam G\u00fc\u00e7 T\u00fcketimi<\/td>\n<td width=\"67\">kW<\/td>\n<td width=\"76\">105<\/td>\n<\/tr>\n<tr>\n<td width=\"183\">Connections<\/td>\n<td width=\"67\">G\/\u00c7<\/td>\n<td width=\"76\">3&#8221;\/3&#8221;<\/td>\n<\/tr>\n<tr>\n<td width=\"183\">Dimensions<\/td>\n<td width=\"67\">mm<\/td>\n<td width=\"76\">2260x5500x2560<\/td>\n<\/tr>\n<tr>\n<td width=\"183\">Net Weight<\/td>\n<td width=\"67\">kg<\/td>\n<td width=\"76\">3650<\/td>\n<\/tr>\n<tr>\n<td width=\"183\">Colour<\/td>\n<td width=\"67\">RAL<\/td>\n<td width=\"76\">6034\/7021<\/td>\n<\/tr>\n<\/tbody>\n<\/table>\n\n\t\t<\/div>\n\t<\/div>\n<\/div><\/div><\/div><\/div>","protected":false},"excerpt":{"rendered":"\u00dcr\u00fcn \u00d6zellikleri Ba\u011f\u0131ms\u0131z \u00e7ift so\u011futma devresi Independet twinrefrigeration circiut Sesli ve g\u00f6rsel uyar\u0131 sistemi Warning system withaudible and visible PLC&nbsp;<a href=\"https:\/\/www.taninmismakina.com\/en\/chiller\/hava-sogutmali-chiller-cihazlar\/vidali-komprosorlu-chiller-cihazlari\/cc300\/\">[&hellip;]<\/a>","protected":false},"author":1,"featured_media":0,"parent":3823,"menu_order":0,"comment_status":"closed","ping_status":"closed","template":"","meta":{"footnotes":""},"class_list":["post-4020","page","type-page","status-publish","hentry"],"yoast_head":"<!-- This site is optimized with the Yoast SEO plugin v22.9 - https:\/\/yoast.com\/wordpress\/plugins\/seo\/ -->\n<title>CC300 - Tan\u0131nm\u0131\u015f Makina<\/title>\n<meta name=\"robots\" content=\"index, follow, max-snippet:-1, max-image-preview:large, max-video-preview:-1\" \/>\n<link rel=\"canonical\" href=\"https:\/\/www.taninmismakina.com\/en\/chiller\/hava-sogutmali-chiller-cihazlar\/vidali-komprosorlu-chiller-cihazlari\/cc300\/\" \/>\n<meta property=\"og:locale\" content=\"en_US\" \/>\n<meta property=\"og:type\" content=\"article\" \/>\n<meta property=\"og:title\" content=\"CC300 - Tan\u0131nm\u0131\u015f Makina\" \/>\n<meta property=\"og:url\" content=\"https:\/\/www.taninmismakina.com\/en\/chiller\/hava-sogutmali-chiller-cihazlar\/vidali-komprosorlu-chiller-cihazlari\/cc300\/\" \/>\n<meta property=\"og:site_name\" content=\"Tan\u0131nm\u0131\u015f Makina\" \/>\n<meta name=\"twitter:card\" content=\"summary_large_image\" \/>\n<meta name=\"twitter:label1\" content=\"Est. reading time\" \/>\n\t<meta name=\"twitter:data1\" content=\"1 minute\" \/>\n<script type=\"application\/ld+json\" class=\"yoast-schema-graph\">{\"@context\":\"https:\/\/schema.org\",\"@graph\":[{\"@type\":\"WebPage\",\"@id\":\"https:\/\/www.taninmismakina.com\/chiller\/hava-sogutmali-chiller-cihazlar\/vidali-komprosorlu-chiller-cihazlari\/cc300\/\",\"url\":\"https:\/\/www.taninmismakina.com\/chiller\/hava-sogutmali-chiller-cihazlar\/vidali-komprosorlu-chiller-cihazlari\/cc300\/\",\"name\":\"CC300 - Tan\u0131nm\u0131\u015f Makina\",\"isPartOf\":{\"@id\":\"https:\/\/www.taninmismakina.com\/#website\"},\"datePublished\":\"2020-02-27T14:24:40+00:00\",\"dateModified\":\"2020-02-27T14:24:40+00:00\",\"breadcrumb\":{\"@id\":\"https:\/\/www.taninmismakina.com\/chiller\/hava-sogutmali-chiller-cihazlar\/vidali-komprosorlu-chiller-cihazlari\/cc300\/#breadcrumb\"},\"inLanguage\":\"en-US\",\"potentialAction\":[{\"@type\":\"ReadAction\",\"target\":[\"https:\/\/www.taninmismakina.com\/chiller\/hava-sogutmali-chiller-cihazlar\/vidali-komprosorlu-chiller-cihazlari\/cc300\/\"]}]},{\"@type\":\"BreadcrumbList\",\"@id\":\"https:\/\/www.taninmismakina.com\/chiller\/hava-sogutmali-chiller-cihazlar\/vidali-komprosorlu-chiller-cihazlari\/cc300\/#breadcrumb\",\"itemListElement\":[{\"@type\":\"ListItem\",\"position\":1,\"name\":\"Home\",\"item\":\"https:\/\/www.taninmismakina.com\/\"},{\"@type\":\"ListItem\",\"position\":2,\"name\":\"Chiller\",\"item\":\"https:\/\/www.taninmismakina.com\/chiller\/\"},{\"@type\":\"ListItem\",\"position\":3,\"name\":\"Hava So\u011futmal\u0131 Chiller Cihazlar\",\"item\":\"https:\/\/www.taninmismakina.com\/chiller\/hava-sogutmali-chiller-cihazlar\/\"},{\"@type\":\"ListItem\",\"position\":4,\"name\":\"Vidal\u0131 Kompres\u00f6rl\u00fc Chiller Cihazlar\u0131\",\"item\":\"https:\/\/www.taninmismakina.com\/chiller\/hava-sogutmali-chiller-cihazlar\/vidali-komprosorlu-chiller-cihazlari\/\"},{\"@type\":\"ListItem\",\"position\":5,\"name\":\"CC300\"}]},{\"@type\":\"WebSite\",\"@id\":\"https:\/\/www.taninmismakina.com\/#website\",\"url\":\"https:\/\/www.taninmismakina.com\/\",\"name\":\"Tan\u0131nm\u0131\u015f Makina\",\"description\":\"Is\u0131tma ve So\u011futma Sistemleri\",\"potentialAction\":[{\"@type\":\"SearchAction\",\"target\":{\"@type\":\"EntryPoint\",\"urlTemplate\":\"https:\/\/www.taninmismakina.com\/?s={search_term_string}\"},\"query-input\":\"required name=search_term_string\"}],\"inLanguage\":\"en-US\"}]}<\/script>\n<!-- \/ Yoast SEO plugin. -->","yoast_head_json":{"title":"CC300 - Tan\u0131nm\u0131\u015f Makina","robots":{"index":"index","follow":"follow","max-snippet":"max-snippet:-1","max-image-preview":"max-image-preview:large","max-video-preview":"max-video-preview:-1"},"canonical":"https:\/\/www.taninmismakina.com\/en\/chiller\/hava-sogutmali-chiller-cihazlar\/vidali-komprosorlu-chiller-cihazlari\/cc300\/","og_locale":"en_US","og_type":"article","og_title":"CC300 - Tan\u0131nm\u0131\u015f Makina","og_url":"https:\/\/www.taninmismakina.com\/en\/chiller\/hava-sogutmali-chiller-cihazlar\/vidali-komprosorlu-chiller-cihazlari\/cc300\/","og_site_name":"Tan\u0131nm\u0131\u015f Makina","twitter_card":"summary_large_image","twitter_misc":{"Est. reading time":"1 minute"},"schema":{"@context":"https:\/\/schema.org","@graph":[{"@type":"WebPage","@id":"https:\/\/www.taninmismakina.com\/chiller\/hava-sogutmali-chiller-cihazlar\/vidali-komprosorlu-chiller-cihazlari\/cc300\/","url":"https:\/\/www.taninmismakina.com\/chiller\/hava-sogutmali-chiller-cihazlar\/vidali-komprosorlu-chiller-cihazlari\/cc300\/","name":"CC300 - Tan\u0131nm\u0131\u015f Makina","isPartOf":{"@id":"https:\/\/www.taninmismakina.com\/#website"},"datePublished":"2020-02-27T14:24:40+00:00","dateModified":"2020-02-27T14:24:40+00:00","breadcrumb":{"@id":"https:\/\/www.taninmismakina.com\/chiller\/hava-sogutmali-chiller-cihazlar\/vidali-komprosorlu-chiller-cihazlari\/cc300\/#breadcrumb"},"inLanguage":"en-US","potentialAction":[{"@type":"ReadAction","target":["https:\/\/www.taninmismakina.com\/chiller\/hava-sogutmali-chiller-cihazlar\/vidali-komprosorlu-chiller-cihazlari\/cc300\/"]}]},{"@type":"BreadcrumbList","@id":"https:\/\/www.taninmismakina.com\/chiller\/hava-sogutmali-chiller-cihazlar\/vidali-komprosorlu-chiller-cihazlari\/cc300\/#breadcrumb","itemListElement":[{"@type":"ListItem","position":1,"name":"Home","item":"https:\/\/www.taninmismakina.com\/"},{"@type":"ListItem","position":2,"name":"Chiller","item":"https:\/\/www.taninmismakina.com\/chiller\/"},{"@type":"ListItem","position":3,"name":"Hava So\u011futmal\u0131 Chiller Cihazlar","item":"https:\/\/www.taninmismakina.com\/chiller\/hava-sogutmali-chiller-cihazlar\/"},{"@type":"ListItem","position":4,"name":"Vidal\u0131 Kompres\u00f6rl\u00fc Chiller Cihazlar\u0131","item":"https:\/\/www.taninmismakina.com\/chiller\/hava-sogutmali-chiller-cihazlar\/vidali-komprosorlu-chiller-cihazlari\/"},{"@type":"ListItem","position":5,"name":"CC300"}]},{"@type":"WebSite","@id":"https:\/\/www.taninmismakina.com\/#website","url":"https:\/\/www.taninmismakina.com\/","name":"Tan\u0131nm\u0131\u015f Makina","description":"Is\u0131tma ve So\u011futma Sistemleri","potentialAction":[{"@type":"SearchAction","target":{"@type":"EntryPoint","urlTemplate":"https:\/\/www.taninmismakina.com\/?s={search_term_string}"},"query-input":"required name=search_term_string"}],"inLanguage":"en-US"}]}},"_links":{"self":[{"href":"https:\/\/www.taninmismakina.com\/en\/wp-json\/wp\/v2\/pages\/4020","targetHints":{"allow":["GET"]}}],"collection":[{"href":"https:\/\/www.taninmismakina.com\/en\/wp-json\/wp\/v2\/pages"}],"about":[{"href":"https:\/\/www.taninmismakina.com\/en\/wp-json\/wp\/v2\/types\/page"}],"author":[{"embeddable":true,"href":"https:\/\/www.taninmismakina.com\/en\/wp-json\/wp\/v2\/users\/1"}],"replies":[{"embeddable":true,"href":"https:\/\/www.taninmismakina.com\/en\/wp-json\/wp\/v2\/comments?post=4020"}],"version-history":[{"count":1,"href":"https:\/\/www.taninmismakina.com\/en\/wp-json\/wp\/v2\/pages\/4020\/revisions"}],"predecessor-version":[{"id":4022,"href":"https:\/\/www.taninmismakina.com\/en\/wp-json\/wp\/v2\/pages\/4020\/revisions\/4022"}],"up":[{"embeddable":true,"href":"https:\/\/www.taninmismakina.com\/en\/wp-json\/wp\/v2\/pages\/3823"}],"wp:attachment":[{"href":"https:\/\/www.taninmismakina.com\/en\/wp-json\/wp\/v2\/media?parent=4020"}],"curies":[{"name":"wp","href":"https:\/\/api.w.org\/{rel}","templated":true}]}}