{"id":4081,"date":"2020-03-01T01:05:35","date_gmt":"2020-02-29T22:05:35","guid":{"rendered":"https:\/\/www.taninmismakina.com\/?page_id=4081"},"modified":"2022-02-11T00:28:04","modified_gmt":"2022-02-10T21:28:04","slug":"lanson","status":"publish","type":"page","link":"https:\/\/www.taninmismakina.com\/en\/lanson\/","title":{"rendered":"LANSON"},"content":{"rendered":"<div class=\"vc_row wpb_row vc_row-fluid\"><div class=\"wpb_column vc_column_container vc_col-sm-12\"><div class=\"vc_column-inner\"><div class=\"wpb_wrapper\">\n\t<div  class=\"wpb_single_image wpb_content_element vc_align_left\">\n\t\t\n\t\t<figure class=\"wpb_wrapper vc_figure\">\n\t\t\t<div class=\"vc_single_image-wrapper   vc_box_border_grey\"><img loading=\"lazy\" decoding=\"async\" width=\"1902\" height=\"500\" src=\"https:\/\/www.taninmismakina.com\/wp-content\/uploads\/2021\/10\/lanson-fabrika.jpg\" class=\"vc_single_image-img attachment-full\" alt=\"\" srcset=\"https:\/\/www.taninmismakina.com\/wp-content\/uploads\/2021\/10\/lanson-fabrika.jpg 1902w, https:\/\/www.taninmismakina.com\/wp-content\/uploads\/2021\/10\/lanson-fabrika-300x79.jpg 300w, https:\/\/www.taninmismakina.com\/wp-content\/uploads\/2021\/10\/lanson-fabrika-1024x269.jpg 1024w, https:\/\/www.taninmismakina.com\/wp-content\/uploads\/2021\/10\/lanson-fabrika-768x202.jpg 768w, https:\/\/www.taninmismakina.com\/wp-content\/uploads\/2021\/10\/lanson-fabrika-1536x404.jpg 1536w, https:\/\/www.taninmismakina.com\/wp-content\/uploads\/2021\/10\/lanson-fabrika-18x5.jpg 18w, https:\/\/www.taninmismakina.com\/wp-content\/uploads\/2021\/10\/lanson-fabrika-150x39.jpg 150w\" sizes=\"auto, (max-width: 1902px) 100vw, 1902px\" \/><\/div>\n\t\t<\/figure>\n\t<\/div>\n<\/div><\/div><\/div><\/div><div class=\"vc_row wpb_row vc_row-fluid\"><div class=\"wpb_column vc_column_container vc_col-sm-6\"><div class=\"vc_column-inner\"><div class=\"wpb_wrapper\">\n\t<div class=\"wpb_text_column wpb_content_element\" >\n\t\t<div class=\"wpb_wrapper\">\n\t\t\t<p>Lanson Precision Machinery Co., Ltd was established in 2005 in Shunde Foshan, the industrial city of China, to manufacture Plastic Injection Molding Machines.<\/p>\n<p>Lanson, which has become a world brand for a short time with its quality production and innovative solutions, has advanced equipment for processing, production and test design. Our main products are plastic injection machines and pressure die casting machines for aluminum and magnesium. We are pleased to offer our customers the solution they need with professional turnkey delivery.<\/p>\n<p>We, as the Recognized Makine family, continue to work with the giants of the world, and we continue to serve as the sole authorized dealer of the Lanson Precision Machinery Co., Ltd brand in Turkey in the field of plastic injection machine.<\/p>\n\n\t\t<\/div>\n\t<\/div>\n<\/div><\/div><\/div><div class=\"wpb_column vc_column_container vc_col-sm-6\"><div class=\"vc_column-inner\"><div class=\"wpb_wrapper\">\n\t<div  class=\"wpb_single_image wpb_content_element vc_align_left\">\n\t\t\n\t\t<figure class=\"wpb_wrapper vc_figure\">\n\t\t\t<div class=\"vc_single_image-wrapper   vc_box_border_grey\"><img loading=\"lazy\" decoding=\"async\" width=\"550\" height=\"490\" src=\"https:\/\/www.taninmismakina.com\/wp-content\/uploads\/2021\/10\/lanson-logo.png\" class=\"vc_single_image-img attachment-full\" alt=\"\" srcset=\"https:\/\/www.taninmismakina.com\/wp-content\/uploads\/2021\/10\/lanson-logo.png 550w, https:\/\/www.taninmismakina.com\/wp-content\/uploads\/2021\/10\/lanson-logo-300x267.png 300w, https:\/\/www.taninmismakina.com\/wp-content\/uploads\/2021\/10\/lanson-logo-13x12.png 13w, https:\/\/www.taninmismakina.com\/wp-content\/uploads\/2021\/10\/lanson-logo-150x134.png 150w\" sizes=\"auto, (max-width: 550px) 100vw, 550px\" \/><\/div>\n\t\t<\/figure>\n\t<\/div>\n<\/div><\/div><\/div><\/div><div class=\"vc_row wpb_row vc_row-fluid\"><div class=\"wpb_column vc_column_container vc_col-sm-12\"><div class=\"vc_column-inner\"><div class=\"wpb_wrapper\">\n\t<div class=\"wpb_text_column wpb_content_element  urun-isimleri\" >\n\t\t<div class=\"wpb_wrapper\">\n\t\t\t<h2 style=\"text-align: center; padding-bottom: 2%;\">LANSON Plastik Enjeksiyon Makineleri<\/h2>\n\n\t\t<\/div>\n\t<\/div>\n<\/div><\/div><\/div><\/div><div class=\"vc_row wpb_row vc_row-fluid\"><div class=\"wpb_column vc_column_container vc_col-sm-4\"><div class=\"vc_column-inner\"><div class=\"wpb_wrapper\">\n\t<div  class=\"wpb_single_image wpb_content_element vc_align_center   urun-cerceve\">\n\t\t\n\t\t<figure class=\"wpb_wrapper vc_figure\">\n\t\t\t<a href=\"https:\/\/www.taninmismakina.com\/en\/gt2-serisi-standart-plastik-enjeksiyon-makinasi\/\" target=\"_blank\" class=\"vc_single_image-wrapper   vc_box_border_grey\"><img loading=\"lazy\" decoding=\"async\" width=\"360\" height=\"241\" src=\"https:\/\/www.taninmismakina.com\/wp-content\/uploads\/2020\/03\/gt2-serisi-standart-plastik-enjeksiyon-makinasi-kapak3.png\" class=\"vc_single_image-img attachment-full\" alt=\"\" srcset=\"https:\/\/www.taninmismakina.com\/wp-content\/uploads\/2020\/03\/gt2-serisi-standart-plastik-enjeksiyon-makinasi-kapak3.png 360w, https:\/\/www.taninmismakina.com\/wp-content\/uploads\/2020\/03\/gt2-serisi-standart-plastik-enjeksiyon-makinasi-kapak3-300x201.png 300w, https:\/\/www.taninmismakina.com\/wp-content\/uploads\/2020\/03\/gt2-serisi-standart-plastik-enjeksiyon-makinasi-kapak3-150x100.png 150w\" sizes=\"auto, (max-width: 360px) 100vw, 360px\" \/><\/a>\n\t\t<\/figure>\n\t<\/div>\n\n\t<div class=\"wpb_text_column wpb_content_element  urun-isimleri\" >\n\t\t<div class=\"wpb_wrapper\">\n\t\t\t<p>GT2 Series Standard Plastic Injection Molding Machine<\/p>\n\n\t\t<\/div>\n\t<\/div>\n<\/div><\/div><\/div><div class=\"wpb_column vc_column_container vc_col-sm-4\"><div class=\"vc_column-inner\"><div class=\"wpb_wrapper\">\n\t<div  class=\"wpb_single_image wpb_content_element vc_align_center   urun-cerceve\">\n\t\t\n\t\t<figure class=\"wpb_wrapper vc_figure\">\n\t\t\t<a href=\"https:\/\/www.taninmismakina.com\/en\/lanson\/gt2-b-hizli-seri-plastik-enjeksiyon-makinasi\/\" target=\"_blank\" class=\"vc_single_image-wrapper   vc_box_border_grey\"><img loading=\"lazy\" decoding=\"async\" width=\"594\" height=\"426\" src=\"https:\/\/www.taninmismakina.com\/wp-content\/uploads\/2020\/03\/gt2-b-hizli-seri-plastik-enjeksiyon-makinasi-kapak-yeni.png\" class=\"vc_single_image-img attachment-full\" alt=\"\" srcset=\"https:\/\/www.taninmismakina.com\/wp-content\/uploads\/2020\/03\/gt2-b-hizli-seri-plastik-enjeksiyon-makinasi-kapak-yeni.png 594w, https:\/\/www.taninmismakina.com\/wp-content\/uploads\/2020\/03\/gt2-b-hizli-seri-plastik-enjeksiyon-makinasi-kapak-yeni-300x215.png 300w, https:\/\/www.taninmismakina.com\/wp-content\/uploads\/2020\/03\/gt2-b-hizli-seri-plastik-enjeksiyon-makinasi-kapak-yeni-150x108.png 150w\" sizes=\"auto, (max-width: 594px) 100vw, 594px\" \/><\/a>\n\t\t<\/figure>\n\t<\/div>\n\n\t<div class=\"wpb_text_column wpb_content_element  urun-isimleri\" >\n\t\t<div class=\"wpb_wrapper\">\n\t\t\t<p>GT2-B Fast Series Plastic Injection Molding Machine<\/p>\n\n\t\t<\/div>\n\t<\/div>\n<\/div><\/div><\/div><div class=\"wpb_column vc_column_container vc_col-sm-4\"><div class=\"vc_column-inner\"><div class=\"wpb_wrapper\">\n\t<div  class=\"wpb_single_image wpb_content_element vc_align_center   urun-cerceve\">\n\t\t\n\t\t<figure class=\"wpb_wrapper vc_figure\">\n\t\t\t<a href=\"https:\/\/www.taninmismakina.com\/en\/lanson\/gt2-bt-ultra-hizli-seri-plastik-enjeksiyon-makinasi\/\" target=\"_blank\" class=\"vc_single_image-wrapper   vc_box_border_grey\"><img loading=\"lazy\" decoding=\"async\" width=\"594\" height=\"426\" src=\"https:\/\/www.taninmismakina.com\/wp-content\/uploads\/2020\/03\/gt2-bt-ultra-hizli-seri-plastik-enjeksiyon-makinasi.png\" class=\"vc_single_image-img attachment-full\" alt=\"\" srcset=\"https:\/\/www.taninmismakina.com\/wp-content\/uploads\/2020\/03\/gt2-bt-ultra-hizli-seri-plastik-enjeksiyon-makinasi.png 594w, https:\/\/www.taninmismakina.com\/wp-content\/uploads\/2020\/03\/gt2-bt-ultra-hizli-seri-plastik-enjeksiyon-makinasi-300x215.png 300w, https:\/\/www.taninmismakina.com\/wp-content\/uploads\/2020\/03\/gt2-bt-ultra-hizli-seri-plastik-enjeksiyon-makinasi-150x108.png 150w\" sizes=\"auto, (max-width: 594px) 100vw, 594px\" \/><\/a>\n\t\t<\/figure>\n\t<\/div>\n\n\t<div class=\"wpb_text_column wpb_content_element  urun-isimleri\" >\n\t\t<div class=\"wpb_wrapper\">\n\t\t\t<p>GT2-BT Ultra Fast Series Plastic Injection Molding Machine<\/p>\n\n\t\t<\/div>\n\t<\/div>\n<\/div><\/div><\/div><\/div><div class=\"vc_row wpb_row vc_row-fluid\"><div class=\"wpb_column vc_column_container vc_col-sm-4\"><div class=\"vc_column-inner\"><div class=\"wpb_wrapper\">\n\t<div  class=\"wpb_single_image wpb_content_element vc_align_center   urun-cerceve\">\n\t\t\n\t\t<figure class=\"wpb_wrapper vc_figure\">\n\t\t\t<a href=\"https:\/\/www.taninmismakina.com\/en\/lanson\/gt2-l-serisi-lcd-ekrana-ozel-plastik-enjeksiyon-makinasi\/\" target=\"_blank\" class=\"vc_single_image-wrapper   vc_box_border_grey\"><img loading=\"lazy\" decoding=\"async\" width=\"460\" height=\"360\" src=\"https:\/\/www.taninmismakina.com\/wp-content\/uploads\/2020\/03\/gt2-l-serisi-lcd-ekrana-ozel-plastik-enjeksiyon-makinasi.jpg\" class=\"vc_single_image-img attachment-full\" alt=\"\" srcset=\"https:\/\/www.taninmismakina.com\/wp-content\/uploads\/2020\/03\/gt2-l-serisi-lcd-ekrana-ozel-plastik-enjeksiyon-makinasi.jpg 460w, https:\/\/www.taninmismakina.com\/wp-content\/uploads\/2020\/03\/gt2-l-serisi-lcd-ekrana-ozel-plastik-enjeksiyon-makinasi-300x235.jpg 300w, https:\/\/www.taninmismakina.com\/wp-content\/uploads\/2020\/03\/gt2-l-serisi-lcd-ekrana-ozel-plastik-enjeksiyon-makinasi-150x117.jpg 150w\" sizes=\"auto, (max-width: 460px) 100vw, 460px\" \/><\/a>\n\t\t<\/figure>\n\t<\/div>\n\n\t<div class=\"wpb_text_column wpb_content_element  urun-isimleri\" >\n\t\t<div class=\"wpb_wrapper\">\n\t\t\t<p>GT2-L Series LCD Screen Special Injection Molding Machine<\/p>\n\n\t\t<\/div>\n\t<\/div>\n<\/div><\/div><\/div><div class=\"wpb_column vc_column_container vc_col-sm-4\"><div class=\"vc_column-inner\"><div class=\"wpb_wrapper\">\n\t<div  class=\"wpb_single_image wpb_content_element vc_align_center   urun-cerceve\">\n\t\t\n\t\t<figure class=\"wpb_wrapper vc_figure\">\n\t\t\t<a href=\"https:\/\/www.taninmismakina.com\/en\/lanson\/gt2-r-serisi-medikal-urunlere-ozel-plastik-enjeksiyon-makinasi\/\" target=\"_blank\" class=\"vc_single_image-wrapper   vc_box_border_grey\"><img loading=\"lazy\" decoding=\"async\" width=\"460\" height=\"284\" src=\"https:\/\/www.taninmismakina.com\/wp-content\/uploads\/2020\/03\/gt2-r-serisi-medikal-urunlere-ozel-plastik-enjeksiyon-makinasi.png\" class=\"vc_single_image-img attachment-full\" alt=\"\" srcset=\"https:\/\/www.taninmismakina.com\/wp-content\/uploads\/2020\/03\/gt2-r-serisi-medikal-urunlere-ozel-plastik-enjeksiyon-makinasi.png 460w, https:\/\/www.taninmismakina.com\/wp-content\/uploads\/2020\/03\/gt2-r-serisi-medikal-urunlere-ozel-plastik-enjeksiyon-makinasi-300x185.png 300w, https:\/\/www.taninmismakina.com\/wp-content\/uploads\/2020\/03\/gt2-r-serisi-medikal-urunlere-ozel-plastik-enjeksiyon-makinasi-150x93.png 150w\" sizes=\"auto, (max-width: 460px) 100vw, 460px\" \/><\/a>\n\t\t<\/figure>\n\t<\/div>\n\n\t<div class=\"wpb_text_column wpb_content_element  urun-isimleri\" >\n\t\t<div class=\"wpb_wrapper\">\n\t\t\t<p>GT2-R Series Plastic Injection Molding Machine for Medical Products<\/p>\n\n\t\t<\/div>\n\t<\/div>\n<\/div><\/div><\/div><div class=\"wpb_column vc_column_container vc_col-sm-4\"><div class=\"vc_column-inner\"><div class=\"wpb_wrapper\">\n\t<div  class=\"wpb_single_image wpb_content_element vc_align_center   urun-cerceve\">\n\t\t\n\t\t<figure class=\"wpb_wrapper vc_figure\">\n\t\t\t<a href=\"https:\/\/www.taninmismakina.com\/en\/lanson\/gt2-s-serisi-servo-plastik-enjeksiyon-makinasi\/\" target=\"_blank\" class=\"vc_single_image-wrapper   vc_box_border_grey\"><img loading=\"lazy\" decoding=\"async\" width=\"460\" height=\"284\" src=\"https:\/\/www.taninmismakina.com\/wp-content\/uploads\/2020\/03\/gt2-r-serisi-medikal-urunlere-ozel-plastik-enjeksiyon-makinasi.png\" class=\"vc_single_image-img attachment-full\" alt=\"\" srcset=\"https:\/\/www.taninmismakina.com\/wp-content\/uploads\/2020\/03\/gt2-r-serisi-medikal-urunlere-ozel-plastik-enjeksiyon-makinasi.png 460w, https:\/\/www.taninmismakina.com\/wp-content\/uploads\/2020\/03\/gt2-r-serisi-medikal-urunlere-ozel-plastik-enjeksiyon-makinasi-300x185.png 300w, https:\/\/www.taninmismakina.com\/wp-content\/uploads\/2020\/03\/gt2-r-serisi-medikal-urunlere-ozel-plastik-enjeksiyon-makinasi-150x93.png 150w\" sizes=\"auto, (max-width: 460px) 100vw, 460px\" \/><\/a>\n\t\t<\/figure>\n\t<\/div>\n\n\t<div class=\"wpb_text_column wpb_content_element  urun-isimleri\" >\n\t\t<div class=\"wpb_wrapper\">\n\t\t\t<p>GT2-S Series Servo Plastic Injection Molding Machine<\/p>\n\n\t\t<\/div>\n\t<\/div>\n<\/div><\/div><\/div><\/div>","protected":false},"excerpt":{"rendered":"Lanson Precision Machinery Co., Ltd was established in 2005 in Shunde Foshan, the industrial city of China, to manufacture Plastic Injection Molding Machines.&nbsp;<a href=\"https:\/\/www.taninmismakina.com\/en\/lanson\/\">[&hellip;]<\/a>","protected":false},"author":1,"featured_media":0,"parent":0,"menu_order":0,"comment_status":"closed","ping_status":"closed","template":"template-fullwidth.php","meta":{"footnotes":""},"class_list":["post-4081","page","type-page","status-publish","hentry"],"yoast_head":"<!-- This site is optimized with the Yoast SEO plugin v22.9 - https:\/\/yoast.com\/wordpress\/plugins\/seo\/ -->\n<title>LANSON - Tan\u0131nm\u0131\u015f Makina<\/title>\n<meta name=\"robots\" content=\"index, follow, max-snippet:-1, max-image-preview:large, max-video-preview:-1\" \/>\n<link rel=\"canonical\" href=\"https:\/\/www.taninmismakina.com\/en\/lanson\/\" \/>\n<meta property=\"og:locale\" content=\"en_US\" \/>\n<meta property=\"og:type\" content=\"article\" \/>\n<meta property=\"og:title\" content=\"LANSON - Tan\u0131nm\u0131\u015f Makina\" \/>\n<meta property=\"og:url\" content=\"https:\/\/www.taninmismakina.com\/en\/lanson\/\" \/>\n<meta property=\"og:site_name\" content=\"Tan\u0131nm\u0131\u015f Makina\" \/>\n<meta property=\"article:modified_time\" content=\"2022-02-10T21:28:04+00:00\" \/>\n<meta name=\"twitter:card\" content=\"summary_large_image\" \/>\n<meta name=\"twitter:label1\" content=\"Est. reading time\" \/>\n\t<meta name=\"twitter:data1\" content=\"2 minutes\" \/>\n<script type=\"application\/ld+json\" class=\"yoast-schema-graph\">{\"@context\":\"https:\/\/schema.org\",\"@graph\":[{\"@type\":\"WebPage\",\"@id\":\"https:\/\/www.taninmismakina.com\/lanson\/\",\"url\":\"https:\/\/www.taninmismakina.com\/lanson\/\",\"name\":\"LANSON - Tan\u0131nm\u0131\u015f Makina\",\"isPartOf\":{\"@id\":\"https:\/\/www.taninmismakina.com\/#website\"},\"datePublished\":\"2020-02-29T22:05:35+00:00\",\"dateModified\":\"2022-02-10T21:28:04+00:00\",\"breadcrumb\":{\"@id\":\"https:\/\/www.taninmismakina.com\/lanson\/#breadcrumb\"},\"inLanguage\":\"en-US\",\"potentialAction\":[{\"@type\":\"ReadAction\",\"target\":[\"https:\/\/www.taninmismakina.com\/lanson\/\"]}]},{\"@type\":\"BreadcrumbList\",\"@id\":\"https:\/\/www.taninmismakina.com\/lanson\/#breadcrumb\",\"itemListElement\":[{\"@type\":\"ListItem\",\"position\":1,\"name\":\"Home\",\"item\":\"https:\/\/www.taninmismakina.com\/\"},{\"@type\":\"ListItem\",\"position\":2,\"name\":\"LANSON\"}]},{\"@type\":\"WebSite\",\"@id\":\"https:\/\/www.taninmismakina.com\/#website\",\"url\":\"https:\/\/www.taninmismakina.com\/\",\"name\":\"Tan\u0131nm\u0131\u015f Makina\",\"description\":\"Is\u0131tma ve So\u011futma Sistemleri\",\"potentialAction\":[{\"@type\":\"SearchAction\",\"target\":{\"@type\":\"EntryPoint\",\"urlTemplate\":\"https:\/\/www.taninmismakina.com\/?s={search_term_string}\"},\"query-input\":\"required name=search_term_string\"}],\"inLanguage\":\"en-US\"}]}<\/script>\n<!-- \/ Yoast SEO plugin. -->","yoast_head_json":{"title":"LANSON - Tan\u0131nm\u0131\u015f Makina","robots":{"index":"index","follow":"follow","max-snippet":"max-snippet:-1","max-image-preview":"max-image-preview:large","max-video-preview":"max-video-preview:-1"},"canonical":"https:\/\/www.taninmismakina.com\/en\/lanson\/","og_locale":"en_US","og_type":"article","og_title":"LANSON - Tan\u0131nm\u0131\u015f Makina","og_url":"https:\/\/www.taninmismakina.com\/en\/lanson\/","og_site_name":"Tan\u0131nm\u0131\u015f Makina","article_modified_time":"2022-02-10T21:28:04+00:00","twitter_card":"summary_large_image","twitter_misc":{"Est. reading time":"2 minutes"},"schema":{"@context":"https:\/\/schema.org","@graph":[{"@type":"WebPage","@id":"https:\/\/www.taninmismakina.com\/lanson\/","url":"https:\/\/www.taninmismakina.com\/lanson\/","name":"LANSON - Tan\u0131nm\u0131\u015f Makina","isPartOf":{"@id":"https:\/\/www.taninmismakina.com\/#website"},"datePublished":"2020-02-29T22:05:35+00:00","dateModified":"2022-02-10T21:28:04+00:00","breadcrumb":{"@id":"https:\/\/www.taninmismakina.com\/lanson\/#breadcrumb"},"inLanguage":"en-US","potentialAction":[{"@type":"ReadAction","target":["https:\/\/www.taninmismakina.com\/lanson\/"]}]},{"@type":"BreadcrumbList","@id":"https:\/\/www.taninmismakina.com\/lanson\/#breadcrumb","itemListElement":[{"@type":"ListItem","position":1,"name":"Home","item":"https:\/\/www.taninmismakina.com\/"},{"@type":"ListItem","position":2,"name":"LANSON"}]},{"@type":"WebSite","@id":"https:\/\/www.taninmismakina.com\/#website","url":"https:\/\/www.taninmismakina.com\/","name":"Tan\u0131nm\u0131\u015f Makina","description":"Is\u0131tma ve So\u011futma Sistemleri","potentialAction":[{"@type":"SearchAction","target":{"@type":"EntryPoint","urlTemplate":"https:\/\/www.taninmismakina.com\/?s={search_term_string}"},"query-input":"required name=search_term_string"}],"inLanguage":"en-US"}]}},"_links":{"self":[{"href":"https:\/\/www.taninmismakina.com\/en\/wp-json\/wp\/v2\/pages\/4081","targetHints":{"allow":["GET"]}}],"collection":[{"href":"https:\/\/www.taninmismakina.com\/en\/wp-json\/wp\/v2\/pages"}],"about":[{"href":"https:\/\/www.taninmismakina.com\/en\/wp-json\/wp\/v2\/types\/page"}],"author":[{"embeddable":true,"href":"https:\/\/www.taninmismakina.com\/en\/wp-json\/wp\/v2\/users\/1"}],"replies":[{"embeddable":true,"href":"https:\/\/www.taninmismakina.com\/en\/wp-json\/wp\/v2\/comments?post=4081"}],"version-history":[{"count":24,"href":"https:\/\/www.taninmismakina.com\/en\/wp-json\/wp\/v2\/pages\/4081\/revisions"}],"predecessor-version":[{"id":5199,"href":"https:\/\/www.taninmismakina.com\/en\/wp-json\/wp\/v2\/pages\/4081\/revisions\/5199"}],"wp:attachment":[{"href":"https:\/\/www.taninmismakina.com\/en\/wp-json\/wp\/v2\/media?parent=4081"}],"curies":[{"name":"wp","href":"https:\/\/api.w.org\/{rel}","templated":true}]}}