{"id":4082,"date":"2020-03-01T01:02:14","date_gmt":"2020-02-29T22:02:14","guid":{"rendered":"https:\/\/www.taninmismakina.com\/?page_id=4082"},"modified":"2020-03-01T14:18:26","modified_gmt":"2020-03-01T11:18:26","slug":"gt2-serisi-standart-plastik-enjeksiyon-makinasi","status":"publish","type":"page","link":"https:\/\/www.taninmismakina.com\/en\/lanson\/gt2-serisi-standart-plastik-enjeksiyon-makinasi\/","title":{"rendered":"GT2 Series Standard Plastic Injection Molding Machine"},"content":{"rendered":"<div class=\"vc_row wpb_row vc_row-fluid vc_custom_1583061072789\"><div class=\"wpb_column vc_column_container vc_col-sm-12\"><div class=\"vc_column-inner\"><div class=\"wpb_wrapper\">\n\t<div  class=\"wpb_single_image wpb_content_element vc_align_left\">\n\t\t\n\t\t<figure class=\"wpb_wrapper vc_figure\">\n\t\t\t<div class=\"vc_single_image-wrapper   vc_box_border_grey\"><img loading=\"lazy\" decoding=\"async\" width=\"1024\" height=\"321\" src=\"https:\/\/www.taninmismakina.com\/wp-content\/uploads\/2020\/03\/gt2-serisi-800-ve-1600-ton-plastik-enjeksiyon-makinasi-1024x321.png\" class=\"vc_single_image-img attachment-large\" alt=\"\" srcset=\"https:\/\/www.taninmismakina.com\/wp-content\/uploads\/2020\/03\/gt2-serisi-800-ve-1600-ton-plastik-enjeksiyon-makinasi-1024x321.png 1024w, https:\/\/www.taninmismakina.com\/wp-content\/uploads\/2020\/03\/gt2-serisi-800-ve-1600-ton-plastik-enjeksiyon-makinasi-300x94.png 300w, https:\/\/www.taninmismakina.com\/wp-content\/uploads\/2020\/03\/gt2-serisi-800-ve-1600-ton-plastik-enjeksiyon-makinasi-768x241.png 768w, https:\/\/www.taninmismakina.com\/wp-content\/uploads\/2020\/03\/gt2-serisi-800-ve-1600-ton-plastik-enjeksiyon-makinasi-150x47.png 150w, https:\/\/www.taninmismakina.com\/wp-content\/uploads\/2020\/03\/gt2-serisi-800-ve-1600-ton-plastik-enjeksiyon-makinasi.png 1358w\" sizes=\"auto, (max-width: 1024px) 100vw, 1024px\" \/><\/div>\n\t\t<\/figure>\n\t<\/div>\n<\/div><\/div><\/div><\/div><div class=\"vc_row wpb_row vc_row-fluid\"><div class=\"wpb_column vc_column_container vc_col-sm-6\"><div class=\"vc_column-inner\"><div class=\"wpb_wrapper\">\n\t<div class=\"wpb_text_column wpb_content_element\" >\n\t\t<div class=\"wpb_wrapper\">\n\t\t\t<p>GT2 serisi plastik enjeksiyon kal\u0131plama makinesi, Lanson&#8217;un kendi\u00a0geli\u015ftirdi\u011fi ve seri \u00fcretimini yapt\u0131\u011f\u0131 tek silindirli enjeksiyon mafsal tipi enjeksiyon kal\u0131plama makinas\u0131d\u0131r. Lanson&#8217;un geli\u015fmi\u015f tek silindirli enjeksiyon teknolojisini, ileri teknoloji end\u00fcstri konseptini ve teknik ara\u015ft\u0131rma platformunu kullanarak, hassasiyet, h\u0131zl\u0131 i\u015flem, y\u00fcksek verimlilik ve enerji tasarrufu gibi \u00f6ne \u00e7\u0131kan \u00f6zelliklerini sunar. Ayr\u0131ca 14 ulusal patent hakk\u0131na sahip olman\u0131n keyfini s\u00fcrer.<\/p>\n<p><strong>\u00dcR\u00dcN DETAYLARI<\/strong><\/p>\n<p>Kal\u0131ptan makineye ve aksesuarlara \u00a0kadar y\u00fcksek \u00e7e\u015fitlilikte, en \u00fcst s\u0131n\u0131f plastik \u00fcr\u00fcn taleplerinizi kar\u015f\u0131lamak i\u00e7in tasarlanm\u0131\u015ft\u0131r.<\/p>\n<p>900KN &#8211; 3800KN aras\u0131<\/p>\n<p><strong>1-Tek Silindirli Enjeksiyon<\/strong><\/p>\n<p>Co-axial with screw &amp; plasticizing motor, increase the injection pressure and speed. Have a fast and accurate injection performance.<\/p>\n<p><strong>2-Enjeksiyon \u00dcnitesi Do\u011frusal K\u0131lavuz K\u0131zak Yolu<\/strong><\/p>\n<p>Kesin do\u011fruluk, d\u00fc\u015f\u00fck s\u00fcrt\u00fcnme, h\u0131zl\u0131 i\u015flem, iyi tekrarlayabilme ve enerji tasarrufu.<\/p>\n<p><strong>3-D\u00fc\u015f\u00fck S\u00fcrt\u00fcnme, Enerji Tasarrufu Sa\u011flayan Hidrolik Sistem<\/strong><\/p>\n<p>D\u00fc\u015f\u00fck s\u00fcrt\u00fcnme sa\u011flayan \u00a0hidrolik tasar\u0131m, enjeksiyon direncini en aza indirir.<\/p>\n<p><strong>4-\u0130ste\u011fe Ba\u011fl\u0131 Ocak ve Vida<\/strong><\/p>\n<p>M\u00fc\u015fterilerimizin ihtiya\u00e7lar\u0131n\u0131 kar\u015f\u0131layacak farkl\u0131 ocak ve vida \u00e7e\u015fitlerimiz vard\u0131r.<\/p>\n\n\t\t<\/div>\n\t<\/div>\n<\/div><\/div><\/div><div class=\"wpb_column vc_column_container vc_col-sm-6\"><div class=\"vc_column-inner\"><div class=\"wpb_wrapper\">\n\t<div class=\"wpb_text_column wpb_content_element\" >\n\t\t<div class=\"wpb_wrapper\">\n\t\t\t<p><strong>5-En \u0130yi \u015eekilde Tasarlanm\u0131\u015f Sabit Plaka<\/strong><\/p>\n<p>Sabit plakada patenti firmam\u0131za ait olan, bask\u0131 alt\u0131nda oldu\u011funda bu bask\u0131y\u0131 e\u015fit olarak da\u011f\u0131tan &#8220;su kemeri gibi kavisli kal\u0131p montaj plakas\u0131&#8221; kullan\u0131lm\u0131\u015ft\u0131r. Bask\u0131 yo\u011funla\u015fmas\u0131n\u0131n \u00f6nlenmesinin bir sonucu olarak kal\u0131p montaj plakas\u0131n\u0131n kullan\u0131m s\u00fcresi uzat\u0131lm\u0131\u015ft\u0131r. Bi\u00e7im bozulmas\u0131 sonlu element analizi ile s\u0131k\u0131 bir \u015fekilde denetlenmi\u015ftir.<\/p>\n<p><strong>6-Uzun Kullan\u0131m \u00d6m\u00fcrl\u00fc Geni\u015fletilmi\u015f Mafsall\u0131 Mengene<\/strong><\/p>\n<p>Mente\u015fe piminin ve \u00e7elik ceketin kullan\u0131m \u00f6mr\u00fcn\u00fc uzatmak i\u00e7in, mente\u015felerin, mente\u015fe pimlerinin ve \u00e7elik muhafazalar\u0131n kesme makaslama y\u00fczeylerini\u00a0art\u0131rd\u0131k. Hareketli plakan\u0131n mente\u015fe kulaklar\u0131n\u0131 geni\u015fletmesiyle, kal\u0131p montaj plakas\u0131n\u0131n maruz kald\u0131\u011f\u0131 bask\u0131 e\u015fit da\u011f\u0131t\u0131lm\u0131\u015f ve bask\u0131 yo\u011funla\u015fmas\u0131 \u00f6nlenmi\u015ftir.<\/p>\n<p><strong>7-Hassas Do\u011frulukta ve Zamandan Tasarruf Sa\u011flayan Di\u015fli Kal\u0131p Ayarlama Cihaz\u0131<\/strong><\/p>\n<p>Hassas do\u011frulukta di\u015fli kal\u0131p ayarlama cihaz\u0131 kullan\u0131lm\u0131\u015ft\u0131r, kal\u0131p ayar\u0131n\u0131n yap\u0131lmas\u0131 sorunsuz ve h\u0131zl\u0131d\u0131r. Ayr\u0131ca otomatik kal\u0131p ayarlama fonksiyonu ile kal\u0131p de\u011fi\u015ftirilmesinden sonra makina ayar\u0131 i\u00e7in harcanan zamandan tasarruf sa\u011flar.<\/p>\n<p><strong>8-Kullan\u0131c\u0131 Dostu Aray\u00fcz\u00fc, Kolay Kullan\u0131m<\/strong><\/p>\n<p>Kullan\u0131c\u0131 dostu aray\u00fcz\u00fc, kolay kullan\u0131m.<\/p>\n<p><strong>9-De\u011fi\u015fken Debili Pompa<\/strong><\/p>\n<p>K\u0131sa hareket\u00a0durgunlu\u011fu, h\u0131zl\u0131 i\u015flem, enerji tasarrufu ve az g\u00fcr\u00fclt\u00fcl\u00fc.<\/p>\n\n\t\t<\/div>\n\t<\/div>\n<\/div><\/div><\/div><\/div>","protected":false},"excerpt":{"rendered":"GT2 serisi plastik enjeksiyon kal\u0131plama makinesi, Lanson'un kendi\u00a0geli\u015ftirdi\u011fi ve seri \u00fcretimini yapt\u0131\u011f\u0131 tek silindirli enjeksiyon mafsal tipi enjeksiyon kal\u0131plama makinas\u0131d\u0131r.&nbsp;<a href=\"https:\/\/www.taninmismakina.com\/en\/lanson\/gt2-serisi-standart-plastik-enjeksiyon-makinasi\/\">[&hellip;]<\/a>","protected":false},"author":1,"featured_media":0,"parent":4081,"menu_order":0,"comment_status":"closed","ping_status":"closed","template":"","meta":{"footnotes":""},"class_list":["post-4082","page","type-page","status-publish","hentry"],"yoast_head":"<!-- This site is optimized with the Yoast SEO plugin v22.9 - https:\/\/yoast.com\/wordpress\/plugins\/seo\/ -->\n<title>GT2 Serisi Standart Plastik Enjeksiyon Makinas\u0131 - Tan\u0131nm\u0131\u015f Makina<\/title>\n<meta name=\"robots\" content=\"index, follow, max-snippet:-1, max-image-preview:large, max-video-preview:-1\" \/>\n<link rel=\"canonical\" href=\"https:\/\/www.taninmismakina.com\/en\/lanson\/gt2-serisi-standart-plastik-enjeksiyon-makinasi\/\" \/>\n<meta property=\"og:locale\" content=\"en_US\" \/>\n<meta property=\"og:type\" content=\"article\" \/>\n<meta property=\"og:title\" content=\"GT2 Serisi Standart Plastik Enjeksiyon Makinas\u0131 - Tan\u0131nm\u0131\u015f Makina\" \/>\n<meta property=\"og:url\" content=\"https:\/\/www.taninmismakina.com\/en\/lanson\/gt2-serisi-standart-plastik-enjeksiyon-makinasi\/\" \/>\n<meta property=\"og:site_name\" content=\"Tan\u0131nm\u0131\u015f Makina\" \/>\n<meta property=\"article:modified_time\" content=\"2020-03-01T11:18:26+00:00\" \/>\n<meta name=\"twitter:card\" content=\"summary_large_image\" \/>\n<meta name=\"twitter:label1\" content=\"Est. reading time\" \/>\n\t<meta name=\"twitter:data1\" content=\"3 minutes\" \/>\n<script type=\"application\/ld+json\" class=\"yoast-schema-graph\">{\"@context\":\"https:\/\/schema.org\",\"@graph\":[{\"@type\":\"WebPage\",\"@id\":\"https:\/\/www.taninmismakina.com\/lanson\/gt2-serisi-standart-plastik-enjeksiyon-makinasi\/\",\"url\":\"https:\/\/www.taninmismakina.com\/lanson\/gt2-serisi-standart-plastik-enjeksiyon-makinasi\/\",\"name\":\"GT2 Serisi Standart Plastik Enjeksiyon Makinas\u0131 - Tan\u0131nm\u0131\u015f Makina\",\"isPartOf\":{\"@id\":\"https:\/\/www.taninmismakina.com\/#website\"},\"datePublished\":\"2020-02-29T22:02:14+00:00\",\"dateModified\":\"2020-03-01T11:18:26+00:00\",\"breadcrumb\":{\"@id\":\"https:\/\/www.taninmismakina.com\/lanson\/gt2-serisi-standart-plastik-enjeksiyon-makinasi\/#breadcrumb\"},\"inLanguage\":\"en-US\",\"potentialAction\":[{\"@type\":\"ReadAction\",\"target\":[\"https:\/\/www.taninmismakina.com\/lanson\/gt2-serisi-standart-plastik-enjeksiyon-makinasi\/\"]}]},{\"@type\":\"BreadcrumbList\",\"@id\":\"https:\/\/www.taninmismakina.com\/lanson\/gt2-serisi-standart-plastik-enjeksiyon-makinasi\/#breadcrumb\",\"itemListElement\":[{\"@type\":\"ListItem\",\"position\":1,\"name\":\"Home\",\"item\":\"https:\/\/www.taninmismakina.com\/\"},{\"@type\":\"ListItem\",\"position\":2,\"name\":\"LANSON\",\"item\":\"https:\/\/www.taninmismakina.com\/lanson\/\"},{\"@type\":\"ListItem\",\"position\":3,\"name\":\"GT2 Serisi Standart Plastik Enjeksiyon Makinas\u0131\"}]},{\"@type\":\"WebSite\",\"@id\":\"https:\/\/www.taninmismakina.com\/#website\",\"url\":\"https:\/\/www.taninmismakina.com\/\",\"name\":\"Tan\u0131nm\u0131\u015f Makina\",\"description\":\"Is\u0131tma ve So\u011futma Sistemleri\",\"potentialAction\":[{\"@type\":\"SearchAction\",\"target\":{\"@type\":\"EntryPoint\",\"urlTemplate\":\"https:\/\/www.taninmismakina.com\/?s={search_term_string}\"},\"query-input\":\"required name=search_term_string\"}],\"inLanguage\":\"en-US\"}]}<\/script>\n<!-- \/ Yoast SEO plugin. -->","yoast_head_json":{"title":"GT2 Serisi Standart Plastik Enjeksiyon Makinas\u0131 - Tan\u0131nm\u0131\u015f Makina","robots":{"index":"index","follow":"follow","max-snippet":"max-snippet:-1","max-image-preview":"max-image-preview:large","max-video-preview":"max-video-preview:-1"},"canonical":"https:\/\/www.taninmismakina.com\/en\/lanson\/gt2-serisi-standart-plastik-enjeksiyon-makinasi\/","og_locale":"en_US","og_type":"article","og_title":"GT2 Serisi Standart Plastik Enjeksiyon Makinas\u0131 - Tan\u0131nm\u0131\u015f Makina","og_url":"https:\/\/www.taninmismakina.com\/en\/lanson\/gt2-serisi-standart-plastik-enjeksiyon-makinasi\/","og_site_name":"Tan\u0131nm\u0131\u015f Makina","article_modified_time":"2020-03-01T11:18:26+00:00","twitter_card":"summary_large_image","twitter_misc":{"Est. reading time":"3 minutes"},"schema":{"@context":"https:\/\/schema.org","@graph":[{"@type":"WebPage","@id":"https:\/\/www.taninmismakina.com\/lanson\/gt2-serisi-standart-plastik-enjeksiyon-makinasi\/","url":"https:\/\/www.taninmismakina.com\/lanson\/gt2-serisi-standart-plastik-enjeksiyon-makinasi\/","name":"GT2 Serisi Standart Plastik Enjeksiyon Makinas\u0131 - Tan\u0131nm\u0131\u015f Makina","isPartOf":{"@id":"https:\/\/www.taninmismakina.com\/#website"},"datePublished":"2020-02-29T22:02:14+00:00","dateModified":"2020-03-01T11:18:26+00:00","breadcrumb":{"@id":"https:\/\/www.taninmismakina.com\/lanson\/gt2-serisi-standart-plastik-enjeksiyon-makinasi\/#breadcrumb"},"inLanguage":"en-US","potentialAction":[{"@type":"ReadAction","target":["https:\/\/www.taninmismakina.com\/lanson\/gt2-serisi-standart-plastik-enjeksiyon-makinasi\/"]}]},{"@type":"BreadcrumbList","@id":"https:\/\/www.taninmismakina.com\/lanson\/gt2-serisi-standart-plastik-enjeksiyon-makinasi\/#breadcrumb","itemListElement":[{"@type":"ListItem","position":1,"name":"Home","item":"https:\/\/www.taninmismakina.com\/"},{"@type":"ListItem","position":2,"name":"LANSON","item":"https:\/\/www.taninmismakina.com\/lanson\/"},{"@type":"ListItem","position":3,"name":"GT2 Serisi Standart Plastik Enjeksiyon Makinas\u0131"}]},{"@type":"WebSite","@id":"https:\/\/www.taninmismakina.com\/#website","url":"https:\/\/www.taninmismakina.com\/","name":"Tan\u0131nm\u0131\u015f Makina","description":"Is\u0131tma ve So\u011futma Sistemleri","potentialAction":[{"@type":"SearchAction","target":{"@type":"EntryPoint","urlTemplate":"https:\/\/www.taninmismakina.com\/?s={search_term_string}"},"query-input":"required name=search_term_string"}],"inLanguage":"en-US"}]}},"_links":{"self":[{"href":"https:\/\/www.taninmismakina.com\/en\/wp-json\/wp\/v2\/pages\/4082","targetHints":{"allow":["GET"]}}],"collection":[{"href":"https:\/\/www.taninmismakina.com\/en\/wp-json\/wp\/v2\/pages"}],"about":[{"href":"https:\/\/www.taninmismakina.com\/en\/wp-json\/wp\/v2\/types\/page"}],"author":[{"embeddable":true,"href":"https:\/\/www.taninmismakina.com\/en\/wp-json\/wp\/v2\/users\/1"}],"replies":[{"embeddable":true,"href":"https:\/\/www.taninmismakina.com\/en\/wp-json\/wp\/v2\/comments?post=4082"}],"version-history":[{"count":12,"href":"https:\/\/www.taninmismakina.com\/en\/wp-json\/wp\/v2\/pages\/4082\/revisions"}],"predecessor-version":[{"id":4120,"href":"https:\/\/www.taninmismakina.com\/en\/wp-json\/wp\/v2\/pages\/4082\/revisions\/4120"}],"up":[{"embeddable":true,"href":"https:\/\/www.taninmismakina.com\/en\/wp-json\/wp\/v2\/pages\/4081"}],"wp:attachment":[{"href":"https:\/\/www.taninmismakina.com\/en\/wp-json\/wp\/v2\/media?parent=4082"}],"curies":[{"name":"wp","href":"https:\/\/api.w.org\/{rel}","templated":true}]}}