{"id":4100,"date":"2020-03-01T13:28:37","date_gmt":"2020-03-01T10:28:37","guid":{"rendered":"https:\/\/www.taninmismakina.com\/?page_id=4100"},"modified":"2020-03-01T14:18:35","modified_gmt":"2020-03-01T11:18:35","slug":"gt2-b-hizli-seri-plastik-enjeksiyon-makinasi","status":"publish","type":"page","link":"https:\/\/www.taninmismakina.com\/en\/lanson\/gt2-b-hizli-seri-plastik-enjeksiyon-makinasi\/","title":{"rendered":"GT2-B Fast Series Plastic Injection Molding Machine"},"content":{"rendered":"<div class=\"vc_row wpb_row vc_row-fluid vc_custom_1583060951029\"><div class=\"wpb_column vc_column_container vc_col-sm-12\"><div class=\"vc_column-inner\"><div class=\"wpb_wrapper\">\n\t<div  class=\"wpb_single_image wpb_content_element vc_align_left\">\n\t\t\n\t\t<figure class=\"wpb_wrapper vc_figure\">\n\t\t\t<div class=\"vc_single_image-wrapper   vc_box_border_grey\"><img loading=\"lazy\" decoding=\"async\" width=\"1024\" height=\"321\" src=\"https:\/\/www.taninmismakina.com\/wp-content\/uploads\/2020\/03\/gt2-b-hizli-seri-plastik-enjeksiyon-makinasi-1024x321.png\" class=\"vc_single_image-img attachment-large\" alt=\"\" srcset=\"https:\/\/www.taninmismakina.com\/wp-content\/uploads\/2020\/03\/gt2-b-hizli-seri-plastik-enjeksiyon-makinasi-1024x321.png 1024w, https:\/\/www.taninmismakina.com\/wp-content\/uploads\/2020\/03\/gt2-b-hizli-seri-plastik-enjeksiyon-makinasi-300x94.png 300w, https:\/\/www.taninmismakina.com\/wp-content\/uploads\/2020\/03\/gt2-b-hizli-seri-plastik-enjeksiyon-makinasi-768x241.png 768w, https:\/\/www.taninmismakina.com\/wp-content\/uploads\/2020\/03\/gt2-b-hizli-seri-plastik-enjeksiyon-makinasi-150x47.png 150w, https:\/\/www.taninmismakina.com\/wp-content\/uploads\/2020\/03\/gt2-b-hizli-seri-plastik-enjeksiyon-makinasi.png 1358w\" sizes=\"auto, (max-width: 1024px) 100vw, 1024px\" \/><\/div>\n\t\t<\/figure>\n\t<\/div>\n<\/div><\/div><\/div><\/div><div class=\"vc_row wpb_row vc_row-fluid\"><div class=\"wpb_column vc_column_container vc_col-sm-6\"><div class=\"vc_column-inner\"><div class=\"wpb_wrapper\">\n\t<div class=\"wpb_text_column wpb_content_element\" >\n\t\t<div class=\"wpb_wrapper\">\n\t\t\t<p>\u00d6zellikle \u0130nce &#8211; Cidarl\u0131 Ambalaj End\u00fcstrisine G\u00f6re Tasarlanm\u0131\u015ft\u0131r.<\/p>\n<p><strong>\u00dcR\u00dcN DETAYLARI<\/strong><\/p>\n<p>Kal\u0131ptan makineye ve aksesuarlara kadar y\u00fcksek \u00e7e\u015fitlilikte, en \u00fcst s\u0131n\u0131f plastik \u00fcr\u00fcn taleplerinizi kar\u015f\u0131lamak i\u00e7in tasarlanm\u0131\u015ft\u0131r.<\/p>\n<p>900KN &#8211; 3800KN aras\u0131<\/p>\n<p>Yeni Enjeksiyon Kal\u0131plama Makineleri \u0130nce Cidarl\u0131 Ambalaj Sanayisinde Uzmanla\u015fm\u0131\u015ft\u0131r.<\/p>\n<p><strong>1- Y\u00fcksek Sa\u011flaml\u0131kta Kutu Tipi Mengene \u00dcnitesi<\/strong><\/p>\n<p>S\u00fcrekli ve g\u00fcvenilir bir kuvvetin iyi dengelenmesi.<\/p>\n<p><strong>2- Lanson&#8217;un Kendi Geli\u015ftirdi\u011fi Verimli ve D\u00fc\u015f\u00fck Diren\u00e7li Tek Silindirli Enjeksiyon \u00dcnitesi<\/strong><\/p>\n<p>Enjeksiyon silindiri mal\u0131 eritip plastikle\u015ftiren motor ve vida y\u00fcksek hassasiyet ve y\u00fcksek h\u0131zda hassas bir enjeksiyon kal\u0131plamas\u0131 elde etmek i\u00e7in hep birlikte do\u011frusal bir eksen \u00fczerinde enjeksiyon kal\u0131plamas\u0131 elde etmek i\u00e7in hep birlikte do\u011frusal bir eksen \u00fczerinde enjeksiyon bas\u0131nc\u0131n\u0131 ve h\u0131z\u0131n\u0131 daha iyi bir hale getirmek i\u00e7in i\u015fler.<\/p>\n\n\t\t<\/div>\n\t<\/div>\n<\/div><\/div><\/div><div class=\"wpb_column vc_column_container vc_col-sm-6\"><div class=\"vc_column-inner\"><div class=\"wpb_wrapper\">\n\t<div class=\"wpb_text_column wpb_content_element\" >\n\t\t<div class=\"wpb_wrapper\">\n\t\t\t<p style=\"margin-top: 0cm; background: white;\"><strong><span style=\"font-family: 'Open Sans',sans-serif; color: red;\">3- Enjeksiyon \u00dcnitesi Do\u011frusal\u00a0K\u0131lavuz K\u0131zak Yolu\u00a0<\/span><\/strong><\/p>\n<p style=\"margin-top: 0cm; background: white;\"><span style=\"font-family: 'Open Sans',sans-serif; color: black;\">Hassas do\u011fruluk, d\u00fc\u015f\u00fck s\u00fcrt\u00fcnme, h\u0131zl\u0131 i\u015flem, iyi tekrarlayabilme ve enerji tasarrufu.<\/span><\/p>\n<p style=\"margin-top: 0cm; background: white;\"><strong><span style=\"font-family: 'Open Sans',sans-serif; color: red;\">4- De\u011fi\u015fken Debili Pompa<\/span><\/strong><\/p>\n<p style=\"margin-top: 0cm; background: white;\"><span style=\"font-family: 'Open Sans',sans-serif; color: black;\">Y\u00fcksek verimlilik, y\u00fcksek basa\u0131n\u00e7, y\u00fcksek d\u00fczeyde istikrar.<\/span><\/p>\n<p style=\"margin-top: 0cm; background: white;\"><strong><span style=\"font-family: 'Open Sans',sans-serif; color: red;\">5- Y\u00fcksek Verimlilikte Kar\u0131\u015ft\u0131r\u0131c\u0131 Vida Seti<\/span><\/strong><\/p>\n<p style=\"margin-top: 0cm; background: white;\"><strong><span style=\"font-family: 'Open Sans',sans-serif; color: red;\">6- Kullan\u0131c\u0131 Dostu\u00a0Aray\u00fcz\u00fc, Kolay Kullan\u0131m<\/span><\/strong><\/p>\n<p style=\"margin-top: 0cm; background: white;\"><span style=\"font-family: 'Open Sans',sans-serif; color: black;\">Kullan\u0131c\u0131 dostu aray\u00fcz\u00fc, kolay kullan\u0131m\u0131.<\/span><\/p>\n<p style=\"margin-top: 0cm; background: white;\"><strong><span style=\"font-family: 'Open Sans',sans-serif; color: black;\">Uygulama Alanlar\u0131:<\/span><\/strong><span style=\"font-family: 'Open Sans',sans-serif; color: black;\">\u00a0\u0130nce cidarl\u0131 ambalaj sanayii, plastik kova, tek kullan\u0131ml\u0131k\/kullan at bardak, bardak ve sofra tak\u0131m\u0131, cep telefonu kapaklar\u0131 ve benzerleri.<\/span><\/p>\n\n\t\t<\/div>\n\t<\/div>\n<\/div><\/div><\/div><\/div>","protected":false},"excerpt":{"rendered":"\u00d6zellikle \u0130nce - Cidarl\u0131 Ambalaj End\u00fcstrisine G\u00f6re Tasarlanm\u0131\u015ft\u0131r. \u00dcR\u00dcN DETAYLARI Kal\u0131ptan makineye ve aksesuarlara kadar y\u00fcksek \u00e7e\u015fitlilikte, en \u00fcst s\u0131n\u0131f&nbsp;<a href=\"https:\/\/www.taninmismakina.com\/en\/lanson\/gt2-b-hizli-seri-plastik-enjeksiyon-makinasi\/\">[&hellip;]<\/a>","protected":false},"author":1,"featured_media":0,"parent":4081,"menu_order":0,"comment_status":"closed","ping_status":"closed","template":"","meta":{"footnotes":""},"class_list":["post-4100","page","type-page","status-publish","hentry"],"yoast_head":"<!-- This site is optimized with the Yoast SEO plugin v22.9 - https:\/\/yoast.com\/wordpress\/plugins\/seo\/ -->\n<title>GT2-B H\u0131zl\u0131 Seri Plastik Enjeksiyon Makinas\u0131 - Tan\u0131nm\u0131\u015f Makina<\/title>\n<meta name=\"robots\" content=\"index, follow, max-snippet:-1, max-image-preview:large, max-video-preview:-1\" \/>\n<link rel=\"canonical\" href=\"https:\/\/www.taninmismakina.com\/en\/lanson\/gt2-b-hizli-seri-plastik-enjeksiyon-makinasi\/\" \/>\n<meta property=\"og:locale\" content=\"en_US\" \/>\n<meta property=\"og:type\" content=\"article\" \/>\n<meta property=\"og:title\" content=\"GT2-B H\u0131zl\u0131 Seri Plastik Enjeksiyon Makinas\u0131 - Tan\u0131nm\u0131\u015f Makina\" \/>\n<meta property=\"og:url\" content=\"https:\/\/www.taninmismakina.com\/en\/lanson\/gt2-b-hizli-seri-plastik-enjeksiyon-makinasi\/\" \/>\n<meta property=\"og:site_name\" content=\"Tan\u0131nm\u0131\u015f Makina\" \/>\n<meta property=\"article:modified_time\" content=\"2020-03-01T11:18:35+00:00\" \/>\n<meta name=\"twitter:card\" content=\"summary_large_image\" \/>\n<meta name=\"twitter:label1\" content=\"Est. reading time\" \/>\n\t<meta name=\"twitter:data1\" content=\"2 minutes\" \/>\n<script type=\"application\/ld+json\" class=\"yoast-schema-graph\">{\"@context\":\"https:\/\/schema.org\",\"@graph\":[{\"@type\":\"WebPage\",\"@id\":\"https:\/\/www.taninmismakina.com\/lanson\/gt2-b-hizli-seri-plastik-enjeksiyon-makinasi\/\",\"url\":\"https:\/\/www.taninmismakina.com\/lanson\/gt2-b-hizli-seri-plastik-enjeksiyon-makinasi\/\",\"name\":\"GT2-B H\u0131zl\u0131 Seri Plastik Enjeksiyon Makinas\u0131 - Tan\u0131nm\u0131\u015f Makina\",\"isPartOf\":{\"@id\":\"https:\/\/www.taninmismakina.com\/#website\"},\"datePublished\":\"2020-03-01T10:28:37+00:00\",\"dateModified\":\"2020-03-01T11:18:35+00:00\",\"breadcrumb\":{\"@id\":\"https:\/\/www.taninmismakina.com\/lanson\/gt2-b-hizli-seri-plastik-enjeksiyon-makinasi\/#breadcrumb\"},\"inLanguage\":\"en-US\",\"potentialAction\":[{\"@type\":\"ReadAction\",\"target\":[\"https:\/\/www.taninmismakina.com\/lanson\/gt2-b-hizli-seri-plastik-enjeksiyon-makinasi\/\"]}]},{\"@type\":\"BreadcrumbList\",\"@id\":\"https:\/\/www.taninmismakina.com\/lanson\/gt2-b-hizli-seri-plastik-enjeksiyon-makinasi\/#breadcrumb\",\"itemListElement\":[{\"@type\":\"ListItem\",\"position\":1,\"name\":\"Home\",\"item\":\"https:\/\/www.taninmismakina.com\/\"},{\"@type\":\"ListItem\",\"position\":2,\"name\":\"LANSON\",\"item\":\"https:\/\/www.taninmismakina.com\/lanson\/\"},{\"@type\":\"ListItem\",\"position\":3,\"name\":\"GT2-B H\u0131zl\u0131 Seri Plastik Enjeksiyon Makinas\u0131\"}]},{\"@type\":\"WebSite\",\"@id\":\"https:\/\/www.taninmismakina.com\/#website\",\"url\":\"https:\/\/www.taninmismakina.com\/\",\"name\":\"Tan\u0131nm\u0131\u015f Makina\",\"description\":\"Is\u0131tma ve So\u011futma Sistemleri\",\"potentialAction\":[{\"@type\":\"SearchAction\",\"target\":{\"@type\":\"EntryPoint\",\"urlTemplate\":\"https:\/\/www.taninmismakina.com\/?s={search_term_string}\"},\"query-input\":\"required name=search_term_string\"}],\"inLanguage\":\"en-US\"}]}<\/script>\n<!-- \/ Yoast SEO plugin. -->","yoast_head_json":{"title":"GT2-B H\u0131zl\u0131 Seri Plastik Enjeksiyon Makinas\u0131 - Tan\u0131nm\u0131\u015f Makina","robots":{"index":"index","follow":"follow","max-snippet":"max-snippet:-1","max-image-preview":"max-image-preview:large","max-video-preview":"max-video-preview:-1"},"canonical":"https:\/\/www.taninmismakina.com\/en\/lanson\/gt2-b-hizli-seri-plastik-enjeksiyon-makinasi\/","og_locale":"en_US","og_type":"article","og_title":"GT2-B H\u0131zl\u0131 Seri Plastik Enjeksiyon Makinas\u0131 - Tan\u0131nm\u0131\u015f Makina","og_url":"https:\/\/www.taninmismakina.com\/en\/lanson\/gt2-b-hizli-seri-plastik-enjeksiyon-makinasi\/","og_site_name":"Tan\u0131nm\u0131\u015f Makina","article_modified_time":"2020-03-01T11:18:35+00:00","twitter_card":"summary_large_image","twitter_misc":{"Est. reading time":"2 minutes"},"schema":{"@context":"https:\/\/schema.org","@graph":[{"@type":"WebPage","@id":"https:\/\/www.taninmismakina.com\/lanson\/gt2-b-hizli-seri-plastik-enjeksiyon-makinasi\/","url":"https:\/\/www.taninmismakina.com\/lanson\/gt2-b-hizli-seri-plastik-enjeksiyon-makinasi\/","name":"GT2-B H\u0131zl\u0131 Seri Plastik Enjeksiyon Makinas\u0131 - Tan\u0131nm\u0131\u015f Makina","isPartOf":{"@id":"https:\/\/www.taninmismakina.com\/#website"},"datePublished":"2020-03-01T10:28:37+00:00","dateModified":"2020-03-01T11:18:35+00:00","breadcrumb":{"@id":"https:\/\/www.taninmismakina.com\/lanson\/gt2-b-hizli-seri-plastik-enjeksiyon-makinasi\/#breadcrumb"},"inLanguage":"en-US","potentialAction":[{"@type":"ReadAction","target":["https:\/\/www.taninmismakina.com\/lanson\/gt2-b-hizli-seri-plastik-enjeksiyon-makinasi\/"]}]},{"@type":"BreadcrumbList","@id":"https:\/\/www.taninmismakina.com\/lanson\/gt2-b-hizli-seri-plastik-enjeksiyon-makinasi\/#breadcrumb","itemListElement":[{"@type":"ListItem","position":1,"name":"Home","item":"https:\/\/www.taninmismakina.com\/"},{"@type":"ListItem","position":2,"name":"LANSON","item":"https:\/\/www.taninmismakina.com\/lanson\/"},{"@type":"ListItem","position":3,"name":"GT2-B H\u0131zl\u0131 Seri Plastik Enjeksiyon Makinas\u0131"}]},{"@type":"WebSite","@id":"https:\/\/www.taninmismakina.com\/#website","url":"https:\/\/www.taninmismakina.com\/","name":"Tan\u0131nm\u0131\u015f Makina","description":"Is\u0131tma ve So\u011futma Sistemleri","potentialAction":[{"@type":"SearchAction","target":{"@type":"EntryPoint","urlTemplate":"https:\/\/www.taninmismakina.com\/?s={search_term_string}"},"query-input":"required name=search_term_string"}],"inLanguage":"en-US"}]}},"_links":{"self":[{"href":"https:\/\/www.taninmismakina.com\/en\/wp-json\/wp\/v2\/pages\/4100","targetHints":{"allow":["GET"]}}],"collection":[{"href":"https:\/\/www.taninmismakina.com\/en\/wp-json\/wp\/v2\/pages"}],"about":[{"href":"https:\/\/www.taninmismakina.com\/en\/wp-json\/wp\/v2\/types\/page"}],"author":[{"embeddable":true,"href":"https:\/\/www.taninmismakina.com\/en\/wp-json\/wp\/v2\/users\/1"}],"replies":[{"embeddable":true,"href":"https:\/\/www.taninmismakina.com\/en\/wp-json\/wp\/v2\/comments?post=4100"}],"version-history":[{"count":4,"href":"https:\/\/www.taninmismakina.com\/en\/wp-json\/wp\/v2\/pages\/4100\/revisions"}],"predecessor-version":[{"id":4127,"href":"https:\/\/www.taninmismakina.com\/en\/wp-json\/wp\/v2\/pages\/4100\/revisions\/4127"}],"up":[{"embeddable":true,"href":"https:\/\/www.taninmismakina.com\/en\/wp-json\/wp\/v2\/pages\/4081"}],"wp:attachment":[{"href":"https:\/\/www.taninmismakina.com\/en\/wp-json\/wp\/v2\/media?parent=4100"}],"curies":[{"name":"wp","href":"https:\/\/api.w.org\/{rel}","templated":true}]}}