{"id":4110,"date":"2020-03-01T14:07:10","date_gmt":"2020-03-01T11:07:10","guid":{"rendered":"https:\/\/www.taninmismakina.com\/?page_id=4110"},"modified":"2020-03-01T14:22:05","modified_gmt":"2020-03-01T11:22:05","slug":"gt2-bt-ultra-hizli-seri-plastik-enjeksiyon-makinasi","status":"publish","type":"page","link":"https:\/\/www.taninmismakina.com\/en\/lanson\/gt2-bt-ultra-hizli-seri-plastik-enjeksiyon-makinasi\/","title":{"rendered":"GT2-BT Ultra Fast Series Plastic Injection Molding Machine"},"content":{"rendered":"<div class=\"vc_row wpb_row vc_row-fluid vc_custom_1583061644322\"><div class=\"wpb_column vc_column_container vc_col-sm-12\"><div class=\"vc_column-inner\"><div class=\"wpb_wrapper\">\n\t<div  class=\"wpb_single_image wpb_content_element vc_align_center\">\n\t\t\n\t\t<figure class=\"wpb_wrapper vc_figure\">\n\t\t\t<div class=\"vc_single_image-wrapper   vc_box_border_grey\"><img loading=\"lazy\" decoding=\"async\" width=\"594\" height=\"426\" src=\"https:\/\/www.taninmismakina.com\/wp-content\/uploads\/2020\/03\/gt2-bt-ultra-hizli-seri-plastik-enjeksiyon-makinasi.png\" class=\"vc_single_image-img attachment-full\" alt=\"\" srcset=\"https:\/\/www.taninmismakina.com\/wp-content\/uploads\/2020\/03\/gt2-bt-ultra-hizli-seri-plastik-enjeksiyon-makinasi.png 594w, https:\/\/www.taninmismakina.com\/wp-content\/uploads\/2020\/03\/gt2-bt-ultra-hizli-seri-plastik-enjeksiyon-makinasi-300x215.png 300w, https:\/\/www.taninmismakina.com\/wp-content\/uploads\/2020\/03\/gt2-bt-ultra-hizli-seri-plastik-enjeksiyon-makinasi-150x108.png 150w\" sizes=\"auto, (max-width: 594px) 100vw, 594px\" \/><\/div>\n\t\t<\/figure>\n\t<\/div>\n<\/div><\/div><\/div><\/div><div data-vc-full-width=\"true\" data-vc-full-width-init=\"false\" class=\"vc_row wpb_row vc_row-fluid vc_custom_1583061725653\"><div class=\"wpb_column vc_column_container vc_col-sm-6\"><div class=\"vc_column-inner\"><div class=\"wpb_wrapper\">\n\t<div class=\"wpb_text_column wpb_content_element\" >\n\t\t<div class=\"wpb_wrapper\">\n\t\t\t<p>\u00d6zellikle \u0130nce-Cidarl\u0131 Ambalaj End\u00fcstrisine G\u00f6re Tasarlanm\u0131\u015ft\u0131r.<\/p>\n<p><strong>\u00dcR\u00dcN DETAYLARI<\/strong><\/p>\n<p>Y\u00fcksek \u00e7e\u015fitlilikte, en \u00fcst s\u0131n\u0131f plastik \u00fcr\u00fcnler i\u00e7in tasar\u0131m.<\/p>\n<p>Y\u00fcksek talep g\u00f6ren ince cidarl\u0131 ambalaj \u00fcr\u00fcnleri i\u00e7in uygun olma<\/p>\n<p><strong>1- \u0130stikrar ve G\u00fcvenilir<\/strong><\/p>\n<p>Kontrol hassasiyetini art\u0131ran, daha d\u00fczg\u00fcn \u00e7al\u0131\u015fmas\u0131 i\u00e7in makinenin sars\u0131nt\u0131s\u0131n\u0131 azaltan kontrol sistemi Almanya&#8217;dan ithaldir.<\/p>\n<p><strong>2- H\u0131zl\u0131 \u0130\u015flem<\/strong><\/p>\n<p>\u0130\u015flem h\u0131z\u0131 %20 ve 0 dan en y\u00fcksek enjeksiyon h\u0131z\u0131na ula\u015fmas\u0131 %45 art\u0131r\u0131lm\u0131\u015f tek silindirli enjeksiyon yap\u0131s\u0131.<\/p>\n<p><strong>3- Y\u00fcksek Enjeksiyon H\u0131z\u0131<\/strong><\/p>\n<p>B\u00fct\u00fcn seriler en y\u00fcksek enjeksiyon h\u0131z\u0131 olan 265mm\/s ye ula\u015f\u0131r, GT2-B serisine k\u0131yasla %40 daha fazla y\u00fckseltilmi\u015ftir.<\/p>\n\n\t\t<\/div>\n\t<\/div>\n<\/div><\/div><\/div><div class=\"wpb_column vc_column_container vc_col-sm-6\"><div class=\"vc_column-inner\"><div class=\"wpb_wrapper\">\n\t<div class=\"wpb_text_column wpb_content_element\" >\n\t\t<div class=\"wpb_wrapper\">\n\t\t\t<p style=\"margin-top: 0cm; background: white;\"><strong><span style=\"font-family: 'Open Sans',sans-serif; color: red;\">4- Y\u00fcksek Dayan\u0131kl\u0131l\u0131k \/ Sa\u011flaml\u0131k<\/span><\/strong><\/p>\n<p style=\"margin-top: 0cm; background: white;\"><span style=\"font-family: 'Open Sans',sans-serif; color: black;\">\u0130nce cidarl\u0131 ambalaj kal\u0131p talebini daha fazla g\u00fc\u00e7lendirilmi\u015f kal\u0131p plaka sa\u011flaml\u0131\u011f\u0131 ile birle\u015ftirir.<\/span><\/p>\n<p style=\"margin-top: 0cm; background: white;\"><strong><span style=\"font-family: 'Open Sans',sans-serif; color: red;\">5- Daha Hassas Do\u011frulukta<\/span><\/strong><\/p>\n<p style=\"margin-top: 0cm; background: white;\"><span style=\"font-family: 'Open Sans',sans-serif; color: black;\">Kal\u0131b\u0131n a\u00e7\u0131l\u0131p kapanmas\u0131n\u0131n kontrol\u00fcn\u00fc orant\u0131l\u0131 bir \u015fekilde yo\u011funla\u015ft\u0131r\u0131r, kal\u0131p a\u00e7ma pozisyonunu daha hassas bir duruma getirir.<\/span><\/p>\n<p style=\"margin-top: 0cm; background: white;\"><strong><span style=\"font-family: 'Open Sans',sans-serif; color: red;\">6- Enerji Tasarrufu<\/span><\/strong><\/p>\n<p style=\"margin-top: 0cm; background: white;\"><span style=\"font-family: 'Open Sans',sans-serif; color: black;\">Servo Sistem, enerji tasarrufu.<\/span><\/p>\n<p style=\"margin-top: 0cm; background: white;\"><strong><span style=\"font-family: 'Open Sans',sans-serif; color: black;\">Uygulama Alanlar\u0131:<\/span><\/strong><span style=\"font-family: 'Open Sans',sans-serif; color: black;\">\u00a0\u0130nce cidarl\u0131 ambalaj sanayii, plastik kova, tek kullan\u0131ml\u0131k\/kullan at bardak, bardak ve \u00a0sofra tak\u0131m\u0131, cep telefonu kapaklar\u0131 vb.<\/span><\/p>\n\n\t\t<\/div>\n\t<\/div>\n<\/div><\/div><\/div><\/div><div class=\"vc_row-full-width vc_clearfix\"><\/div>","protected":false},"excerpt":{"rendered":"\u00d6zellikle \u0130nce-Cidarl\u0131 Ambalaj End\u00fcstrisine G\u00f6re Tasarlanm\u0131\u015ft\u0131r. \u00dcR\u00dcN DETAYLARI Y\u00fcksek \u00e7e\u015fitlilikte, en \u00fcst s\u0131n\u0131f plastik \u00fcr\u00fcnler i\u00e7in tasar\u0131m. Y\u00fcksek talep g\u00f6ren&nbsp;<a href=\"https:\/\/www.taninmismakina.com\/en\/lanson\/gt2-bt-ultra-hizli-seri-plastik-enjeksiyon-makinasi\/\">[&hellip;]<\/a>","protected":false},"author":1,"featured_media":0,"parent":4081,"menu_order":0,"comment_status":"closed","ping_status":"closed","template":"","meta":{"footnotes":""},"class_list":["post-4110","page","type-page","status-publish","hentry"],"yoast_head":"<!-- This site is optimized with the Yoast SEO plugin v22.9 - https:\/\/yoast.com\/wordpress\/plugins\/seo\/ -->\n<title>GT2-BT Ultra H\u0131zl\u0131 Seri Plastik Enjeksiyon Makinas\u0131 - Tan\u0131nm\u0131\u015f Makina<\/title>\n<meta name=\"robots\" content=\"index, follow, max-snippet:-1, max-image-preview:large, max-video-preview:-1\" \/>\n<link rel=\"canonical\" href=\"https:\/\/www.taninmismakina.com\/en\/lanson\/gt2-bt-ultra-hizli-seri-plastik-enjeksiyon-makinasi\/\" \/>\n<meta property=\"og:locale\" content=\"en_US\" \/>\n<meta property=\"og:type\" content=\"article\" \/>\n<meta property=\"og:title\" content=\"GT2-BT Ultra H\u0131zl\u0131 Seri Plastik Enjeksiyon Makinas\u0131 - Tan\u0131nm\u0131\u015f Makina\" \/>\n<meta property=\"og:url\" content=\"https:\/\/www.taninmismakina.com\/en\/lanson\/gt2-bt-ultra-hizli-seri-plastik-enjeksiyon-makinasi\/\" \/>\n<meta property=\"og:site_name\" content=\"Tan\u0131nm\u0131\u015f Makina\" \/>\n<meta property=\"article:modified_time\" content=\"2020-03-01T11:22:05+00:00\" \/>\n<meta name=\"twitter:card\" content=\"summary_large_image\" \/>\n<meta name=\"twitter:label1\" content=\"Est. reading time\" \/>\n\t<meta name=\"twitter:data1\" content=\"1 minute\" \/>\n<script type=\"application\/ld+json\" class=\"yoast-schema-graph\">{\"@context\":\"https:\/\/schema.org\",\"@graph\":[{\"@type\":\"WebPage\",\"@id\":\"https:\/\/www.taninmismakina.com\/lanson\/gt2-bt-ultra-hizli-seri-plastik-enjeksiyon-makinasi\/\",\"url\":\"https:\/\/www.taninmismakina.com\/lanson\/gt2-bt-ultra-hizli-seri-plastik-enjeksiyon-makinasi\/\",\"name\":\"GT2-BT Ultra H\u0131zl\u0131 Seri Plastik Enjeksiyon Makinas\u0131 - Tan\u0131nm\u0131\u015f Makina\",\"isPartOf\":{\"@id\":\"https:\/\/www.taninmismakina.com\/#website\"},\"datePublished\":\"2020-03-01T11:07:10+00:00\",\"dateModified\":\"2020-03-01T11:22:05+00:00\",\"breadcrumb\":{\"@id\":\"https:\/\/www.taninmismakina.com\/lanson\/gt2-bt-ultra-hizli-seri-plastik-enjeksiyon-makinasi\/#breadcrumb\"},\"inLanguage\":\"en-US\",\"potentialAction\":[{\"@type\":\"ReadAction\",\"target\":[\"https:\/\/www.taninmismakina.com\/lanson\/gt2-bt-ultra-hizli-seri-plastik-enjeksiyon-makinasi\/\"]}]},{\"@type\":\"BreadcrumbList\",\"@id\":\"https:\/\/www.taninmismakina.com\/lanson\/gt2-bt-ultra-hizli-seri-plastik-enjeksiyon-makinasi\/#breadcrumb\",\"itemListElement\":[{\"@type\":\"ListItem\",\"position\":1,\"name\":\"Home\",\"item\":\"https:\/\/www.taninmismakina.com\/\"},{\"@type\":\"ListItem\",\"position\":2,\"name\":\"LANSON\",\"item\":\"https:\/\/www.taninmismakina.com\/lanson\/\"},{\"@type\":\"ListItem\",\"position\":3,\"name\":\"GT2-BT Ultra H\u0131zl\u0131 Seri Plastik Enjeksiyon Makinas\u0131\"}]},{\"@type\":\"WebSite\",\"@id\":\"https:\/\/www.taninmismakina.com\/#website\",\"url\":\"https:\/\/www.taninmismakina.com\/\",\"name\":\"Tan\u0131nm\u0131\u015f Makina\",\"description\":\"Is\u0131tma ve So\u011futma Sistemleri\",\"potentialAction\":[{\"@type\":\"SearchAction\",\"target\":{\"@type\":\"EntryPoint\",\"urlTemplate\":\"https:\/\/www.taninmismakina.com\/?s={search_term_string}\"},\"query-input\":\"required name=search_term_string\"}],\"inLanguage\":\"en-US\"}]}<\/script>\n<!-- \/ Yoast SEO plugin. -->","yoast_head_json":{"title":"GT2-BT Ultra H\u0131zl\u0131 Seri Plastik Enjeksiyon Makinas\u0131 - Tan\u0131nm\u0131\u015f Makina","robots":{"index":"index","follow":"follow","max-snippet":"max-snippet:-1","max-image-preview":"max-image-preview:large","max-video-preview":"max-video-preview:-1"},"canonical":"https:\/\/www.taninmismakina.com\/en\/lanson\/gt2-bt-ultra-hizli-seri-plastik-enjeksiyon-makinasi\/","og_locale":"en_US","og_type":"article","og_title":"GT2-BT Ultra H\u0131zl\u0131 Seri Plastik Enjeksiyon Makinas\u0131 - Tan\u0131nm\u0131\u015f Makina","og_url":"https:\/\/www.taninmismakina.com\/en\/lanson\/gt2-bt-ultra-hizli-seri-plastik-enjeksiyon-makinasi\/","og_site_name":"Tan\u0131nm\u0131\u015f Makina","article_modified_time":"2020-03-01T11:22:05+00:00","twitter_card":"summary_large_image","twitter_misc":{"Est. reading time":"1 minute"},"schema":{"@context":"https:\/\/schema.org","@graph":[{"@type":"WebPage","@id":"https:\/\/www.taninmismakina.com\/lanson\/gt2-bt-ultra-hizli-seri-plastik-enjeksiyon-makinasi\/","url":"https:\/\/www.taninmismakina.com\/lanson\/gt2-bt-ultra-hizli-seri-plastik-enjeksiyon-makinasi\/","name":"GT2-BT Ultra H\u0131zl\u0131 Seri Plastik Enjeksiyon Makinas\u0131 - Tan\u0131nm\u0131\u015f Makina","isPartOf":{"@id":"https:\/\/www.taninmismakina.com\/#website"},"datePublished":"2020-03-01T11:07:10+00:00","dateModified":"2020-03-01T11:22:05+00:00","breadcrumb":{"@id":"https:\/\/www.taninmismakina.com\/lanson\/gt2-bt-ultra-hizli-seri-plastik-enjeksiyon-makinasi\/#breadcrumb"},"inLanguage":"en-US","potentialAction":[{"@type":"ReadAction","target":["https:\/\/www.taninmismakina.com\/lanson\/gt2-bt-ultra-hizli-seri-plastik-enjeksiyon-makinasi\/"]}]},{"@type":"BreadcrumbList","@id":"https:\/\/www.taninmismakina.com\/lanson\/gt2-bt-ultra-hizli-seri-plastik-enjeksiyon-makinasi\/#breadcrumb","itemListElement":[{"@type":"ListItem","position":1,"name":"Home","item":"https:\/\/www.taninmismakina.com\/"},{"@type":"ListItem","position":2,"name":"LANSON","item":"https:\/\/www.taninmismakina.com\/lanson\/"},{"@type":"ListItem","position":3,"name":"GT2-BT Ultra H\u0131zl\u0131 Seri Plastik Enjeksiyon Makinas\u0131"}]},{"@type":"WebSite","@id":"https:\/\/www.taninmismakina.com\/#website","url":"https:\/\/www.taninmismakina.com\/","name":"Tan\u0131nm\u0131\u015f Makina","description":"Is\u0131tma ve So\u011futma Sistemleri","potentialAction":[{"@type":"SearchAction","target":{"@type":"EntryPoint","urlTemplate":"https:\/\/www.taninmismakina.com\/?s={search_term_string}"},"query-input":"required name=search_term_string"}],"inLanguage":"en-US"}]}},"_links":{"self":[{"href":"https:\/\/www.taninmismakina.com\/en\/wp-json\/wp\/v2\/pages\/4110","targetHints":{"allow":["GET"]}}],"collection":[{"href":"https:\/\/www.taninmismakina.com\/en\/wp-json\/wp\/v2\/pages"}],"about":[{"href":"https:\/\/www.taninmismakina.com\/en\/wp-json\/wp\/v2\/types\/page"}],"author":[{"embeddable":true,"href":"https:\/\/www.taninmismakina.com\/en\/wp-json\/wp\/v2\/users\/1"}],"replies":[{"embeddable":true,"href":"https:\/\/www.taninmismakina.com\/en\/wp-json\/wp\/v2\/comments?post=4110"}],"version-history":[{"count":8,"href":"https:\/\/www.taninmismakina.com\/en\/wp-json\/wp\/v2\/pages\/4110\/revisions"}],"predecessor-version":[{"id":4132,"href":"https:\/\/www.taninmismakina.com\/en\/wp-json\/wp\/v2\/pages\/4110\/revisions\/4132"}],"up":[{"embeddable":true,"href":"https:\/\/www.taninmismakina.com\/en\/wp-json\/wp\/v2\/pages\/4081"}],"wp:attachment":[{"href":"https:\/\/www.taninmismakina.com\/en\/wp-json\/wp\/v2\/media?parent=4110"}],"curies":[{"name":"wp","href":"https:\/\/api.w.org\/{rel}","templated":true}]}}