{"id":4146,"date":"2020-03-03T22:51:29","date_gmt":"2020-03-03T19:51:29","guid":{"rendered":"https:\/\/www.taninmismakina.com\/?page_id=4146"},"modified":"2024-06-29T15:49:36","modified_gmt":"2024-06-29T12:49:36","slug":"breyer","status":"publish","type":"page","link":"https:\/\/www.taninmismakina.com\/en\/breyer\/","title":{"rendered":"BREYER"},"content":{"rendered":"<div class=\"vc_row wpb_row vc_row-fluid\"><div class=\"wpb_column vc_column_container vc_col-sm-12\"><div class=\"vc_column-inner\"><div class=\"wpb_wrapper\">\n\t<div  class=\"wpb_single_image wpb_content_element vc_align_left\">\n\t\t\n\t\t<figure class=\"wpb_wrapper vc_figure\">\n\t\t\t<div class=\"vc_single_image-wrapper   vc_box_border_grey\"><img loading=\"lazy\" decoding=\"async\" width=\"1130\" height=\"360\" src=\"https:\/\/www.taninmismakina.com\/wp-content\/uploads\/2021\/10\/breyer-fabrika-yeni.png\" class=\"vc_single_image-img attachment-full\" alt=\"\" srcset=\"https:\/\/www.taninmismakina.com\/wp-content\/uploads\/2021\/10\/breyer-fabrika-yeni.png 1130w, https:\/\/www.taninmismakina.com\/wp-content\/uploads\/2021\/10\/breyer-fabrika-yeni-300x96.png 300w, https:\/\/www.taninmismakina.com\/wp-content\/uploads\/2021\/10\/breyer-fabrika-yeni-1024x326.png 1024w, https:\/\/www.taninmismakina.com\/wp-content\/uploads\/2021\/10\/breyer-fabrika-yeni-768x245.png 768w, https:\/\/www.taninmismakina.com\/wp-content\/uploads\/2021\/10\/breyer-fabrika-yeni-18x6.png 18w, https:\/\/www.taninmismakina.com\/wp-content\/uploads\/2021\/10\/breyer-fabrika-yeni-150x48.png 150w\" sizes=\"auto, (max-width: 1130px) 100vw, 1130px\" \/><\/div>\n\t\t<\/figure>\n\t<\/div>\n<\/div><\/div><\/div><\/div><div class=\"vc_row wpb_row vc_row-fluid\"><div class=\"wpb_column vc_column_container vc_col-sm-6\"><div class=\"vc_column-inner\"><div class=\"wpb_wrapper\">\n\t<div class=\"wpb_text_column wpb_content_element\" >\n\t\t<div class=\"wpb_wrapper\">\n\t\t\t<p>Founded in 1949 in Singen am Hohentwiel, Germany, the company BREYER was first established for the production of aluminum castings, which are called \"cooling moulds\". By expanding its production facility in a short time, it has become a well-known company in its field by entering extrusion technology for the processing of thermoplastics.<\/p>\n<p>After the field of extrusion, the production of not only extruders for plasticizing plastic granules, but also the subsequent machines necessary for shaping the plastic melt for the production of profiles, sheets and foils made of thermoplastic, began.<\/p>\n<p>Extrusion systems for the production of tubular hoses from polyethylene, with external calibration, in parallel with the construction of sheet, film and profile extrusion systems. The new machines are designed for packaging extruded tubing hoses, cosmetic and medical products as well as food.<\/p>\n<p>The extrusion systems produced using the experience of many years and European quality and technique still continue to be the only and world giant in its field as the Breyer brand.<\/p>\n<p>Breyer website: <a href=\"http:\/\/www.breyer-extr.com\" target=\"_blank\" rel=\"noopener\"><strong>www.breyer-extr.com<\/strong><\/a><\/p>\n\n\t\t<\/div>\n\t<\/div>\n<\/div><\/div><\/div><div class=\"wpb_column vc_column_container vc_col-sm-6\"><div class=\"vc_column-inner\"><div class=\"wpb_wrapper\">\n\t<div  class=\"wpb_single_image wpb_content_element vc_align_left\">\n\t\t\n\t\t<figure class=\"wpb_wrapper vc_figure\">\n\t\t\t<div class=\"vc_single_image-wrapper   vc_box_border_grey\"><img loading=\"lazy\" decoding=\"async\" width=\"550\" height=\"490\" src=\"https:\/\/www.taninmismakina.com\/wp-content\/uploads\/2021\/10\/breyer-logo.png\" class=\"vc_single_image-img attachment-full\" alt=\"\" srcset=\"https:\/\/www.taninmismakina.com\/wp-content\/uploads\/2021\/10\/breyer-logo.png 550w, https:\/\/www.taninmismakina.com\/wp-content\/uploads\/2021\/10\/breyer-logo-300x267.png 300w, https:\/\/www.taninmismakina.com\/wp-content\/uploads\/2021\/10\/breyer-logo-13x12.png 13w, https:\/\/www.taninmismakina.com\/wp-content\/uploads\/2021\/10\/breyer-logo-150x134.png 150w\" sizes=\"auto, (max-width: 550px) 100vw, 550px\" \/><\/div>\n\t\t<\/figure>\n\t<\/div>\n<\/div><\/div><\/div><\/div>","protected":false},"excerpt":{"rendered":"1949'da Almanyan\u0131n Singen am Hohentwiel\u2019de kurulan BREYER firmas\u0131 ilk olarak \"so\u011futma kal\u0131plar\u0131\" olarak adland\u0131r\u0131lan, yani al\u00fcminyum d\u00f6k\u00fcm par\u00e7alar\u0131n \u00fcretimi i\u00e7in&nbsp;<a href=\"https:\/\/www.taninmismakina.com\/en\/breyer\/\">[&hellip;]<\/a>","protected":false},"author":1,"featured_media":0,"parent":0,"menu_order":0,"comment_status":"closed","ping_status":"closed","template":"template-fullwidth.php","meta":{"footnotes":""},"class_list":["post-4146","page","type-page","status-publish","hentry"],"yoast_head":"<!-- This site is optimized with the Yoast SEO plugin v22.9 - https:\/\/yoast.com\/wordpress\/plugins\/seo\/ -->\n<title>BREYER - Tan\u0131nm\u0131\u015f Makina<\/title>\n<meta name=\"robots\" content=\"index, follow, max-snippet:-1, max-image-preview:large, max-video-preview:-1\" \/>\n<link rel=\"canonical\" href=\"https:\/\/www.taninmismakina.com\/en\/breyer\/\" \/>\n<meta property=\"og:locale\" content=\"en_US\" \/>\n<meta property=\"og:type\" content=\"article\" \/>\n<meta property=\"og:title\" content=\"BREYER - Tan\u0131nm\u0131\u015f Makina\" \/>\n<meta property=\"og:url\" content=\"https:\/\/www.taninmismakina.com\/en\/breyer\/\" \/>\n<meta property=\"og:site_name\" content=\"Tan\u0131nm\u0131\u015f Makina\" \/>\n<meta property=\"article:modified_time\" content=\"2024-06-29T12:49:36+00:00\" \/>\n<meta name=\"twitter:card\" content=\"summary_large_image\" \/>\n<meta name=\"twitter:label1\" content=\"Est. reading time\" \/>\n\t<meta name=\"twitter:data1\" content=\"2 minutes\" \/>\n<script type=\"application\/ld+json\" class=\"yoast-schema-graph\">{\"@context\":\"https:\/\/schema.org\",\"@graph\":[{\"@type\":\"WebPage\",\"@id\":\"https:\/\/www.taninmismakina.com\/breyer\/\",\"url\":\"https:\/\/www.taninmismakina.com\/breyer\/\",\"name\":\"BREYER - Tan\u0131nm\u0131\u015f Makina\",\"isPartOf\":{\"@id\":\"https:\/\/www.taninmismakina.com\/#website\"},\"datePublished\":\"2020-03-03T19:51:29+00:00\",\"dateModified\":\"2024-06-29T12:49:36+00:00\",\"breadcrumb\":{\"@id\":\"https:\/\/www.taninmismakina.com\/breyer\/#breadcrumb\"},\"inLanguage\":\"en-US\",\"potentialAction\":[{\"@type\":\"ReadAction\",\"target\":[\"https:\/\/www.taninmismakina.com\/breyer\/\"]}]},{\"@type\":\"BreadcrumbList\",\"@id\":\"https:\/\/www.taninmismakina.com\/breyer\/#breadcrumb\",\"itemListElement\":[{\"@type\":\"ListItem\",\"position\":1,\"name\":\"Home\",\"item\":\"https:\/\/www.taninmismakina.com\/\"},{\"@type\":\"ListItem\",\"position\":2,\"name\":\"BREYER\"}]},{\"@type\":\"WebSite\",\"@id\":\"https:\/\/www.taninmismakina.com\/#website\",\"url\":\"https:\/\/www.taninmismakina.com\/\",\"name\":\"Tan\u0131nm\u0131\u015f Makina\",\"description\":\"Is\u0131tma ve So\u011futma Sistemleri\",\"potentialAction\":[{\"@type\":\"SearchAction\",\"target\":{\"@type\":\"EntryPoint\",\"urlTemplate\":\"https:\/\/www.taninmismakina.com\/?s={search_term_string}\"},\"query-input\":\"required name=search_term_string\"}],\"inLanguage\":\"en-US\"}]}<\/script>\n<!-- \/ Yoast SEO plugin. -->","yoast_head_json":{"title":"BREYER - Tan\u0131nm\u0131\u015f Makina","robots":{"index":"index","follow":"follow","max-snippet":"max-snippet:-1","max-image-preview":"max-image-preview:large","max-video-preview":"max-video-preview:-1"},"canonical":"https:\/\/www.taninmismakina.com\/en\/breyer\/","og_locale":"en_US","og_type":"article","og_title":"BREYER - Tan\u0131nm\u0131\u015f Makina","og_url":"https:\/\/www.taninmismakina.com\/en\/breyer\/","og_site_name":"Tan\u0131nm\u0131\u015f Makina","article_modified_time":"2024-06-29T12:49:36+00:00","twitter_card":"summary_large_image","twitter_misc":{"Est. reading time":"2 minutes"},"schema":{"@context":"https:\/\/schema.org","@graph":[{"@type":"WebPage","@id":"https:\/\/www.taninmismakina.com\/breyer\/","url":"https:\/\/www.taninmismakina.com\/breyer\/","name":"BREYER - Tan\u0131nm\u0131\u015f Makina","isPartOf":{"@id":"https:\/\/www.taninmismakina.com\/#website"},"datePublished":"2020-03-03T19:51:29+00:00","dateModified":"2024-06-29T12:49:36+00:00","breadcrumb":{"@id":"https:\/\/www.taninmismakina.com\/breyer\/#breadcrumb"},"inLanguage":"en-US","potentialAction":[{"@type":"ReadAction","target":["https:\/\/www.taninmismakina.com\/breyer\/"]}]},{"@type":"BreadcrumbList","@id":"https:\/\/www.taninmismakina.com\/breyer\/#breadcrumb","itemListElement":[{"@type":"ListItem","position":1,"name":"Home","item":"https:\/\/www.taninmismakina.com\/"},{"@type":"ListItem","position":2,"name":"BREYER"}]},{"@type":"WebSite","@id":"https:\/\/www.taninmismakina.com\/#website","url":"https:\/\/www.taninmismakina.com\/","name":"Tan\u0131nm\u0131\u015f Makina","description":"Is\u0131tma ve So\u011futma Sistemleri","potentialAction":[{"@type":"SearchAction","target":{"@type":"EntryPoint","urlTemplate":"https:\/\/www.taninmismakina.com\/?s={search_term_string}"},"query-input":"required name=search_term_string"}],"inLanguage":"en-US"}]}},"_links":{"self":[{"href":"https:\/\/www.taninmismakina.com\/en\/wp-json\/wp\/v2\/pages\/4146","targetHints":{"allow":["GET"]}}],"collection":[{"href":"https:\/\/www.taninmismakina.com\/en\/wp-json\/wp\/v2\/pages"}],"about":[{"href":"https:\/\/www.taninmismakina.com\/en\/wp-json\/wp\/v2\/types\/page"}],"author":[{"embeddable":true,"href":"https:\/\/www.taninmismakina.com\/en\/wp-json\/wp\/v2\/users\/1"}],"replies":[{"embeddable":true,"href":"https:\/\/www.taninmismakina.com\/en\/wp-json\/wp\/v2\/comments?post=4146"}],"version-history":[{"count":11,"href":"https:\/\/www.taninmismakina.com\/en\/wp-json\/wp\/v2\/pages\/4146\/revisions"}],"predecessor-version":[{"id":5662,"href":"https:\/\/www.taninmismakina.com\/en\/wp-json\/wp\/v2\/pages\/4146\/revisions\/5662"}],"wp:attachment":[{"href":"https:\/\/www.taninmismakina.com\/en\/wp-json\/wp\/v2\/media?parent=4146"}],"curies":[{"name":"wp","href":"https:\/\/api.w.org\/{rel}","templated":true}]}}