{"id":4414,"date":"2020-08-19T09:47:40","date_gmt":"2020-08-19T06:47:40","guid":{"rendered":"https:\/\/www.taninmismakina.com\/?page_id=4414"},"modified":"2020-08-19T09:47:40","modified_gmt":"2020-08-19T06:47:40","slug":"chiller-fiyat-teklifi","status":"publish","type":"page","link":"https:\/\/www.taninmismakina.com\/en\/chiller-fiyat-teklifi\/","title":{"rendered":"Chiller Fiyat Teklifi"},"content":{"rendered":"<div class=\"vc_row wpb_row vc_row-fluid\"><div class=\"wpb_column vc_column_container vc_col-sm-12\"><div class=\"vc_column-inner\"><div class=\"wpb_wrapper\"><h2 style=\"text-align: center\" class=\"vc_custom_heading\" >Fiyat Teklifi \u0130steyin<\/h2><p style=\"font-size: 15px;text-align: center\" class=\"vc_custom_heading\" >Kullanaca\u011f\u0131z chiller marka ve modelini biliyorsan\u0131z, fiyat teklifimizi \u00f6\u011frenmek i\u00e7in a\u015fa\u011f\u0131daki form arac\u0131l\u0131\u011f\u0131yla bize yaz\u0131n<\/p><\/div><\/div><\/div><\/div><div class=\"vc_row wpb_row vc_row-fluid\"><div class=\"wpb_column vc_column_container vc_col-sm-2\"><div class=\"vc_column-inner\"><div class=\"wpb_wrapper\"><\/div><\/div><\/div><div class=\"wpb_column vc_column_container vc_col-sm-8\"><div class=\"vc_column-inner\"><div class=\"wpb_wrapper\">\n<div class=\"wpcf7 no-js\" id=\"wpcf7-f4413-o1\" lang=\"tr-TR\" dir=\"ltr\">\n<div class=\"screen-reader-response\"><p role=\"status\" aria-live=\"polite\" aria-atomic=\"true\"><\/p> <ul><\/ul><\/div>\n<form action=\"\/en\/wp-json\/wp\/v2\/pages\/4414#wpcf7-f4413-o1\" method=\"post\" class=\"wpcf7-form init\" aria-label=\"\u0130leti\u015fim Formu\" novalidate=\"novalidate\" data-status=\"init\" data-trp-original-action=\"\/en\/wp-json\/wp\/v2\/pages\/4414#wpcf7-f4413-o1\">\n<div style=\"display: none;\">\n<input type=\"hidden\" name=\"_wpcf7\" value=\"4413\" \/>\n<input type=\"hidden\" name=\"_wpcf7_version\" value=\"5.9.6\" \/>\n<input type=\"hidden\" name=\"_wpcf7_locale\" value=\"tr_TR\" \/>\n<input type=\"hidden\" name=\"_wpcf7_unit_tag\" value=\"wpcf7-f4413-o1\" \/>\n<input type=\"hidden\" name=\"_wpcf7_container_post\" value=\"0\" \/>\n<input type=\"hidden\" name=\"_wpcf7_posted_data_hash\" value=\"\" \/>\n<\/div>\n<div class=\"vc_row make-an-appointment-form\" style=\"line-height:30px;\">\n\t<div class=\"vc_col-sm-6\">\n\t\t<p><span class=\"wpcf7-form-control-wrap\" data-name=\"ad\"><input size=\"30\" maxlength=\"80\" class=\"wpcf7-form-control wpcf7-text wpcf7-validates-as-required\" aria-required=\"true\" aria-invalid=\"false\" placeholder=\"Name*\" value=\"\" type=\"text\" name=\"ad\" \/><\/span>\n\t\t<\/p>\n\t\t<p><span class=\"wpcf7-form-control-wrap\" data-name=\"tel\"><input size=\"30\" maxlength=\"80\" class=\"wpcf7-form-control wpcf7-text wpcf7-validates-as-required\" aria-required=\"true\" aria-invalid=\"false\" placeholder=\"Mobile Phone*\" value=\"\" type=\"text\" name=\"tel\" \/><\/span>\n\t\t<\/p>\n\t<\/div>\n\t<div class=\"vc_col-sm-6\">\n\t\t<p><span class=\"wpcf7-form-control-wrap\" data-name=\"soyad\"><input size=\"30\" maxlength=\"80\" class=\"wpcf7-form-control wpcf7-text wpcf7-validates-as-required\" aria-required=\"true\" aria-invalid=\"false\" placeholder=\"Surname*\" value=\"\" type=\"text\" name=\"soyad\" \/><\/span>\n\t\t<\/p>\n\t\t<p><span class=\"wpcf7-form-control-wrap\" data-name=\"eposta-adresi\"><input size=\"30\" maxlength=\"80\" class=\"wpcf7-form-control wpcf7-email wpcf7-text wpcf7-validates-as-email\" aria-invalid=\"false\" placeholder=\"E-mail\" value=\"\" type=\"email\" name=\"eposta-adresi\" \/><\/span>\n\t\t<\/p>\n\t<\/div>\n\t<div class=\"vc_col-sm-12\">\n\t\t<p style=\"height: 110px;\" ><span class=\"wpcf7-form-control-wrap\" data-name=\"ziyaretci-mesaji\"><textarea cols=\"60\" rows=\"2\" maxlength=\"400\" class=\"wpcf7-form-control wpcf7-textarea\" aria-invalid=\"false\" placeholder=\"Your Message\" name=\"ziyaretci-mesaji\"><\/textarea><\/span>\n\t\t<\/p>\n\t<\/div>\n<\/div>\n<div class=\"vc_row\" style=\"margin: 20px 0 0;\">\n\t<div class=\"vc_col-xs-12 vc_col-sm-6 vc_col-md-6\">\n\t\t<p style=\"margin: 20px 0;margin-left: 11px;font-size: 15px;line-height: 18px;\">Fill in information\n\t\t<\/p>\n\t<\/div>\n\t<div class=\"vc_col-xs-12 vc_col-sm-6 vc_col-md-6\">\n\t\t<div class=\"form-button wh-borderless pull-right hoverable\" style=\"height: 58px; margin-bottom:35px;\">\n\t\t\t<p><span class=\"anim\"><\/span><input class=\"wpcf7-form-control wpcf7-submit has-spinner\" type=\"submit\" value=\"Get Price Quote\" \/>\n\t\t\t<\/p>\n\t\t<\/div>\n\t<\/div>\n<\/div><div class=\"wpcf7-response-output\" aria-hidden=\"true\"><\/div>\n<input type=\"hidden\" name=\"trp-form-language\" value=\"en\"\/><\/form>\n<\/div>\n<\/div><\/div><\/div><div class=\"wpb_column vc_column_container vc_col-sm-2\"><div class=\"vc_column-inner\"><div class=\"wpb_wrapper\"><\/div><\/div><\/div><\/div>","protected":false},"excerpt":{"rendered":"Fiyat Teklifi \u0130steyinKullanaca\u011f\u0131z chiller marka ve modelini biliyorsan\u0131z, fiyat teklifimizi \u00f6\u011frenmek i\u00e7in a\u015fa\u011f\u0131daki form arac\u0131l\u0131\u011f\u0131yla bize yaz\u0131n Bilgileri eksiksiz doldurun","protected":false},"author":1,"featured_media":0,"parent":0,"menu_order":0,"comment_status":"closed","ping_status":"closed","template":"template-fullwidth.php","meta":{"footnotes":""},"class_list":["post-4414","page","type-page","status-publish","hentry"],"yoast_head":"<!-- This site is optimized with the Yoast SEO plugin v22.9 - https:\/\/yoast.com\/wordpress\/plugins\/seo\/ -->\n<title>Chiller Fiyat Teklifi - Tan\u0131nm\u0131\u015f Makina<\/title>\n<meta name=\"robots\" content=\"index, follow, max-snippet:-1, max-image-preview:large, max-video-preview:-1\" \/>\n<link rel=\"canonical\" href=\"https:\/\/www.taninmismakina.com\/en\/chiller-fiyat-teklifi\/\" \/>\n<meta property=\"og:locale\" content=\"en_US\" \/>\n<meta property=\"og:type\" content=\"article\" \/>\n<meta property=\"og:title\" content=\"Chiller Fiyat Teklifi - Tan\u0131nm\u0131\u015f Makina\" \/>\n<meta property=\"og:url\" content=\"https:\/\/www.taninmismakina.com\/en\/chiller-fiyat-teklifi\/\" \/>\n<meta property=\"og:site_name\" content=\"Tan\u0131nm\u0131\u015f Makina\" \/>\n<meta name=\"twitter:card\" content=\"summary_large_image\" \/>\n<script type=\"application\/ld+json\" class=\"yoast-schema-graph\">{\"@context\":\"https:\/\/schema.org\",\"@graph\":[{\"@type\":\"WebPage\",\"@id\":\"https:\/\/www.taninmismakina.com\/chiller-fiyat-teklifi\/\",\"url\":\"https:\/\/www.taninmismakina.com\/chiller-fiyat-teklifi\/\",\"name\":\"Chiller Fiyat Teklifi - Tan\u0131nm\u0131\u015f Makina\",\"isPartOf\":{\"@id\":\"https:\/\/www.taninmismakina.com\/#website\"},\"datePublished\":\"2020-08-19T06:47:40+00:00\",\"dateModified\":\"2020-08-19T06:47:40+00:00\",\"breadcrumb\":{\"@id\":\"https:\/\/www.taninmismakina.com\/chiller-fiyat-teklifi\/#breadcrumb\"},\"inLanguage\":\"en-US\",\"potentialAction\":[{\"@type\":\"ReadAction\",\"target\":[\"https:\/\/www.taninmismakina.com\/chiller-fiyat-teklifi\/\"]}]},{\"@type\":\"BreadcrumbList\",\"@id\":\"https:\/\/www.taninmismakina.com\/chiller-fiyat-teklifi\/#breadcrumb\",\"itemListElement\":[{\"@type\":\"ListItem\",\"position\":1,\"name\":\"Home\",\"item\":\"https:\/\/www.taninmismakina.com\/\"},{\"@type\":\"ListItem\",\"position\":2,\"name\":\"Chiller Fiyat Teklifi\"}]},{\"@type\":\"WebSite\",\"@id\":\"https:\/\/www.taninmismakina.com\/#website\",\"url\":\"https:\/\/www.taninmismakina.com\/\",\"name\":\"Tan\u0131nm\u0131\u015f Makina\",\"description\":\"Is\u0131tma ve So\u011futma Sistemleri\",\"potentialAction\":[{\"@type\":\"SearchAction\",\"target\":{\"@type\":\"EntryPoint\",\"urlTemplate\":\"https:\/\/www.taninmismakina.com\/?s={search_term_string}\"},\"query-input\":\"required name=search_term_string\"}],\"inLanguage\":\"en-US\"}]}<\/script>\n<!-- \/ Yoast SEO plugin. -->","yoast_head_json":{"title":"Chiller Fiyat Teklifi - Tan\u0131nm\u0131\u015f Makina","robots":{"index":"index","follow":"follow","max-snippet":"max-snippet:-1","max-image-preview":"max-image-preview:large","max-video-preview":"max-video-preview:-1"},"canonical":"https:\/\/www.taninmismakina.com\/en\/chiller-fiyat-teklifi\/","og_locale":"en_US","og_type":"article","og_title":"Chiller Fiyat Teklifi - Tan\u0131nm\u0131\u015f Makina","og_url":"https:\/\/www.taninmismakina.com\/en\/chiller-fiyat-teklifi\/","og_site_name":"Tan\u0131nm\u0131\u015f Makina","twitter_card":"summary_large_image","schema":{"@context":"https:\/\/schema.org","@graph":[{"@type":"WebPage","@id":"https:\/\/www.taninmismakina.com\/chiller-fiyat-teklifi\/","url":"https:\/\/www.taninmismakina.com\/chiller-fiyat-teklifi\/","name":"Chiller Fiyat Teklifi - Tan\u0131nm\u0131\u015f Makina","isPartOf":{"@id":"https:\/\/www.taninmismakina.com\/#website"},"datePublished":"2020-08-19T06:47:40+00:00","dateModified":"2020-08-19T06:47:40+00:00","breadcrumb":{"@id":"https:\/\/www.taninmismakina.com\/chiller-fiyat-teklifi\/#breadcrumb"},"inLanguage":"en-US","potentialAction":[{"@type":"ReadAction","target":["https:\/\/www.taninmismakina.com\/chiller-fiyat-teklifi\/"]}]},{"@type":"BreadcrumbList","@id":"https:\/\/www.taninmismakina.com\/chiller-fiyat-teklifi\/#breadcrumb","itemListElement":[{"@type":"ListItem","position":1,"name":"Home","item":"https:\/\/www.taninmismakina.com\/"},{"@type":"ListItem","position":2,"name":"Chiller Fiyat Teklifi"}]},{"@type":"WebSite","@id":"https:\/\/www.taninmismakina.com\/#website","url":"https:\/\/www.taninmismakina.com\/","name":"Tan\u0131nm\u0131\u015f Makina","description":"Is\u0131tma ve So\u011futma Sistemleri","potentialAction":[{"@type":"SearchAction","target":{"@type":"EntryPoint","urlTemplate":"https:\/\/www.taninmismakina.com\/?s={search_term_string}"},"query-input":"required name=search_term_string"}],"inLanguage":"en-US"}]}},"_links":{"self":[{"href":"https:\/\/www.taninmismakina.com\/en\/wp-json\/wp\/v2\/pages\/4414","targetHints":{"allow":["GET"]}}],"collection":[{"href":"https:\/\/www.taninmismakina.com\/en\/wp-json\/wp\/v2\/pages"}],"about":[{"href":"https:\/\/www.taninmismakina.com\/en\/wp-json\/wp\/v2\/types\/page"}],"author":[{"embeddable":true,"href":"https:\/\/www.taninmismakina.com\/en\/wp-json\/wp\/v2\/users\/1"}],"replies":[{"embeddable":true,"href":"https:\/\/www.taninmismakina.com\/en\/wp-json\/wp\/v2\/comments?post=4414"}],"version-history":[{"count":1,"href":"https:\/\/www.taninmismakina.com\/en\/wp-json\/wp\/v2\/pages\/4414\/revisions"}],"predecessor-version":[{"id":4415,"href":"https:\/\/www.taninmismakina.com\/en\/wp-json\/wp\/v2\/pages\/4414\/revisions\/4415"}],"wp:attachment":[{"href":"https:\/\/www.taninmismakina.com\/en\/wp-json\/wp\/v2\/media?parent=4414"}],"curies":[{"name":"wp","href":"https:\/\/api.w.org\/{rel}","templated":true}]}}