{"id":4484,"date":"2020-09-08T13:25:09","date_gmt":"2020-09-08T10:25:09","guid":{"rendered":"https:\/\/www.taninmismakina.com\/?page_id=4484"},"modified":"2020-09-08T13:39:12","modified_gmt":"2020-09-08T10:39:12","slug":"chiller-montaj","status":"publish","type":"page","link":"https:\/\/www.taninmismakina.com\/en\/chiller-montaj\/","title":{"rendered":"Chiller Assembly"},"content":{"rendered":"<div class=\"vc_row wpb_row vc_row-fluid\"><div class=\"wpb_column vc_column_container vc_col-sm-12\"><div class=\"vc_column-inner\"><div class=\"wpb_wrapper\"><h2 style=\"text-align: center\" class=\"vc_custom_heading\" >Chiller Assembly<\/h2>\n\t<div class=\"wpb_text_column wpb_content_element\" >\n\t\t<div class=\"wpb_wrapper\">\n\t\t\t<p>After the purchased water cooling chiller device, it must be installed and commissioned, that is, the first start-up process must be performed. For this, our expert technical service team must decide where the chiller device should be placed.<\/p>\n\n\t\t<\/div>\n\t<\/div>\n<\/div><\/div><\/div><\/div><div class=\"vc_row wpb_row vc_row-fluid\"><div class=\"wpb_column vc_column_container vc_col-sm-6\"><div class=\"vc_column-inner\"><div class=\"wpb_wrapper\">\n\t<div  class=\"wpb_single_image wpb_content_element vc_align_left\">\n\t\t\n\t\t<figure class=\"wpb_wrapper vc_figure\">\n\t\t\t<div class=\"vc_single_image-wrapper   vc_box_border_grey\"><img loading=\"lazy\" decoding=\"async\" width=\"550\" height=\"545\" src=\"https:\/\/www.taninmismakina.com\/wp-content\/uploads\/2020\/09\/chiller-montaji.png\" class=\"vc_single_image-img attachment-full\" alt=\"chiller montaj\u0131\" srcset=\"https:\/\/www.taninmismakina.com\/wp-content\/uploads\/2020\/09\/chiller-montaji.png 550w, https:\/\/www.taninmismakina.com\/wp-content\/uploads\/2020\/09\/chiller-montaji-300x297.png 300w, https:\/\/www.taninmismakina.com\/wp-content\/uploads\/2020\/09\/chiller-montaji-150x150.png 150w\" sizes=\"auto, (max-width: 550px) 100vw, 550px\" \/><\/div>\n\t\t<\/figure>\n\t<\/div>\n<\/div><\/div><\/div><div class=\"wpb_column vc_column_container vc_col-sm-6\"><div class=\"vc_column-inner\"><div class=\"wpb_wrapper\">\n\t<div class=\"wpb_text_column wpb_content_element\" >\n\t\t<div class=\"wpb_wrapper\">\n\t\t\t<p>Firstly, the technical team will pay attention to the following points:<\/p>\n<ul>\n<li>For what purpose the water to be cooled is intended to be used<\/li>\n<li>What will be the amount of water<\/li>\n<li>Whether the device is to be kept indoors or outdoors<\/li>\n<li>Whether the sound emitted by the device during operation is significant by the facility<\/li>\n<\/ul>\n<p>First of all, the chiller device should not stand in too narrow spaces, whether it is in an open or closed area, the pressure inside the device is blown out with the help of a fan, if the area where the device stands is too narrow or covered, the air will not be easily thrown out, it will come back and make the device work under too much pressure. This means that the chiller device will operate under too much pressure and will enter high pressure in a short time. This causes it to fail to provide the required cooling and consumes a lot of energy.<\/p>\n<p>Chiller cooling device is preferred to be positioned in open, comfortable, non-humid and dust-free places.<\/p>\n\n\t\t<\/div>\n\t<\/div>\n<\/div><\/div><\/div><\/div><div class=\"vc_row wpb_row vc_row-fluid\"><div class=\"wpb_column vc_column_container vc_col-sm-12\"><div class=\"vc_column-inner\"><div class=\"wpb_wrapper\"><h3 style=\"text-align: center\" class=\"vc_custom_heading\" >Chiller System Installation Phase<\/h3>\n\t<div class=\"wpb_text_column wpb_content_element\" >\n\t\t<div class=\"wpb_wrapper\">\n\t\t\t<p style=\"text-align: center;\">Large capacity chiller devices are mostly desired to be placed outdoors by users, due to the large size of the devices, in such cases it is useful to make a protection such as a roof on the chiller devices to protect them from rain and dust. Although chiller devices are resistant to outdoor weather conditions such as rain, snow and wind, it is useful to make a protection such as a roof over the chillers, especially to protect the electrical panel from getting wet.<\/p>\n<p style=\"text-align: center;\">Afterwards, the electrical connection of the building is checked, is it sufficient for the current to be drawn by the device, is the electrical connection of the pump and compressor motor three-phase, is the fuse and cable thickness sufficient for the current to be drawn by the device, etc. technical specifications such as technical specifications are checked and decided according to the situation.<\/p>\n<p style=\"text-align: center;\">The location of the water to be connected to the chiller device is determined, water-specific properties such as pipe diameters, pressure, cleanliness and hardness of the water to be supplied to the device are determined.<\/p>\n<p style=\"text-align: center;\">Very hard, acidic, dirty or calcareous water with high acidic properties causes clogging of the pipes in the chiller device and corrosion of the components inside. In such cases, it causes the internal main components of the chillers to malfunction and makes it compulsory to replace them with new ones. The water to be supplied to the device must be analysed well and a filter must be placed at the water inlet of the device. Although the filter prevents small particles and residues from entering the device, it is very difficult to prevent invisible small particles and wastes from mixing into the water, so care should be taken to ensure that the water to be supplied to the device is clean.<\/p>\n\n\t\t<\/div>\n\t<\/div>\n<\/div><\/div><\/div><\/div><div class=\"vc_row wpb_row vc_row-fluid vc_custom_1597323550908 vc_row-has-fill\"><div class=\"wpb_column vc_column_container vc_col-sm-4 vc_col-has-fill\"><div class=\"vc_column-inner vc_custom_1597323866160\"><div class=\"wpb_wrapper\">\n\t\t\t\t\t<div class=\"wh-theme-icon\" style=\"font-size:54px;text-align:center;\"  >\n\t\t\t\t<i class=\"icon-arrow\" ><\/i>\n\t\t\t<\/div>\n\t\t\n\t\t<h4 style=\"text-align: center\" class=\"vc_custom_heading\" >Free Discovery<\/h4>\n\t<div class=\"wpb_text_column wpb_content_element  vc_custom_1597326054944\" >\n\t\t<div class=\"wpb_wrapper\">\n\t\t\t<div class=\"simple-text\">\n<p style=\"text-align: center;\">Let us determine what kind of cooling system you need with a free survey.<\/p>\n<\/div>\n\n\t\t<\/div>\n\t<\/div>\n<div style=\"width:100%;text-align:center\"><a href=\"https:\/\/www.taninmismakina.com\/en\/chiller-kesif\/\" class=\"wh-alt-button wh-alt-button-yeni\" style=\"display:inline-block;\">REQUEST DISCOVERY<\/a><\/div><div class=\"vc_empty_space\"   style=\"height: 32px\"><span class=\"vc_empty_space_inner\"><\/span><\/div><\/div><\/div><\/div><div class=\"wpb_column vc_column_container vc_col-sm-4\"><div class=\"vc_column-inner\"><div class=\"wpb_wrapper\">\n\t\t\t\t\t<div class=\"wh-theme-icon\" style=\"font-size:54px;text-align:center;\"  >\n\t\t\t\t<i class=\"icon-money\" ><\/i>\n\t\t\t<\/div>\n\t\t\n\t\t<h4 style=\"text-align: center\" class=\"vc_custom_heading\" >Best Pricing<\/h4>\n\t<div class=\"wpb_text_column wpb_content_element  vc_custom_1597324711545\" >\n\t\t<div class=\"wpb_wrapper\">\n\t\t\t<div class=\"simple-text\">\n<p style=\"text-align: center;\">Let us offer you the most advantageous prices compared to many companies in the market.<\/p>\n<\/div>\n\n\t\t<\/div>\n\t<\/div>\n<div style=\"width:100%;text-align:center\"><a href=\"https:\/\/www.taninmismakina.com\/en\/chiller-fiyat-teklifi\/\" class=\"wh-alt-button wh-alt-button-yeni\" style=\"display:inline-block;\">GET PRICE QUOTATION<\/a><\/div><div class=\"vc_empty_space\"   style=\"height: 12px\"><span class=\"vc_empty_space_inner\"><\/span><\/div><\/div><\/div><\/div><div class=\"wpb_column vc_column_container vc_col-sm-4\"><div class=\"vc_column-inner\"><div class=\"wpb_wrapper\">\n\t\t\t\t\t<div class=\"wh-theme-icon\" style=\"font-size:54px;text-align:center;\"  >\n\t\t\t\t<i class=\"icon-clock4\" ><\/i>\n\t\t\t<\/div>\n\t\t\n\t\t<h4 style=\"text-align: center\" class=\"vc_custom_heading\" >Installation in a Short Time<\/h4>\n\t<div class=\"wpb_text_column wpb_content_element  vc_custom_1597324743111\" >\n\t\t<div class=\"wpb_wrapper\">\n\t\t\t<p style=\"text-align: center;\">If you accept our offer, we will perform the assembly service as soon as possible.<\/p>\n\n\t\t<\/div>\n\t<\/div>\n<div style=\"width:100%;text-align:center\"><a href=\"https:\/\/www.taninmismakina.com\/en\/chiller-montaj-talebi\/\" class=\"wh-alt-button wh-alt-button-yeni\" style=\"display:inline-block;\">SET THE INSTALLATION DATE<\/a><\/div><div class=\"vc_empty_space\"   style=\"height: 12px\"><span class=\"vc_empty_space_inner\"><\/span><\/div><\/div><\/div><\/div><\/div>","protected":false},"excerpt":{"rendered":"Chiller Montaj\u0131 Sat\u0131n al\u0131nan su so\u011futma chiller cihaz\u0131n\u0131n ard\u0131ndan kurulumu yap\u0131lmas\u0131 ve devreye alma yani ilk \u00e7al\u0131\u015ft\u0131rma i\u015flemi yap\u0131lmas\u0131 gerekir.&nbsp;<a href=\"https:\/\/www.taninmismakina.com\/en\/chiller-montaj\/\">[&hellip;]<\/a>","protected":false},"author":1,"featured_media":0,"parent":0,"menu_order":0,"comment_status":"closed","ping_status":"closed","template":"template-fullwidth.php","meta":{"footnotes":""},"class_list":["post-4484","page","type-page","status-publish","hentry"],"yoast_head":"<!-- This site is optimized with the Yoast SEO plugin v22.9 - https:\/\/yoast.com\/wordpress\/plugins\/seo\/ -->\n<title>Chiller Montaj\u0131 - Tan\u0131nm\u0131\u015f Makina<\/title>\n<meta name=\"robots\" content=\"index, follow, max-snippet:-1, max-image-preview:large, max-video-preview:-1\" \/>\n<link rel=\"canonical\" href=\"https:\/\/www.taninmismakina.com\/en\/chiller-montaj\/\" \/>\n<meta property=\"og:locale\" content=\"en_US\" \/>\n<meta property=\"og:type\" content=\"article\" \/>\n<meta property=\"og:title\" content=\"Chiller Montaj\u0131 - Tan\u0131nm\u0131\u015f Makina\" \/>\n<meta property=\"og:url\" content=\"https:\/\/www.taninmismakina.com\/en\/chiller-montaj\/\" \/>\n<meta property=\"og:site_name\" content=\"Tan\u0131nm\u0131\u015f Makina\" \/>\n<meta property=\"article:modified_time\" content=\"2020-09-08T10:39:12+00:00\" \/>\n<meta name=\"twitter:card\" content=\"summary_large_image\" \/>\n<meta name=\"twitter:label1\" content=\"Est. reading time\" \/>\n\t<meta name=\"twitter:data1\" content=\"5 minutes\" \/>\n<script type=\"application\/ld+json\" class=\"yoast-schema-graph\">{\"@context\":\"https:\/\/schema.org\",\"@graph\":[{\"@type\":\"WebPage\",\"@id\":\"https:\/\/www.taninmismakina.com\/chiller-montaj\/\",\"url\":\"https:\/\/www.taninmismakina.com\/chiller-montaj\/\",\"name\":\"Chiller Montaj\u0131 - Tan\u0131nm\u0131\u015f Makina\",\"isPartOf\":{\"@id\":\"https:\/\/www.taninmismakina.com\/#website\"},\"datePublished\":\"2020-09-08T10:25:09+00:00\",\"dateModified\":\"2020-09-08T10:39:12+00:00\",\"breadcrumb\":{\"@id\":\"https:\/\/www.taninmismakina.com\/chiller-montaj\/#breadcrumb\"},\"inLanguage\":\"en-US\",\"potentialAction\":[{\"@type\":\"ReadAction\",\"target\":[\"https:\/\/www.taninmismakina.com\/chiller-montaj\/\"]}]},{\"@type\":\"BreadcrumbList\",\"@id\":\"https:\/\/www.taninmismakina.com\/chiller-montaj\/#breadcrumb\",\"itemListElement\":[{\"@type\":\"ListItem\",\"position\":1,\"name\":\"Home\",\"item\":\"https:\/\/www.taninmismakina.com\/\"},{\"@type\":\"ListItem\",\"position\":2,\"name\":\"Chiller Montaj\u0131\"}]},{\"@type\":\"WebSite\",\"@id\":\"https:\/\/www.taninmismakina.com\/#website\",\"url\":\"https:\/\/www.taninmismakina.com\/\",\"name\":\"Tan\u0131nm\u0131\u015f Makina\",\"description\":\"Is\u0131tma ve So\u011futma Sistemleri\",\"potentialAction\":[{\"@type\":\"SearchAction\",\"target\":{\"@type\":\"EntryPoint\",\"urlTemplate\":\"https:\/\/www.taninmismakina.com\/?s={search_term_string}\"},\"query-input\":\"required name=search_term_string\"}],\"inLanguage\":\"en-US\"}]}<\/script>\n<!-- \/ Yoast SEO plugin. -->","yoast_head_json":{"title":"Chiller Montaj\u0131 - Tan\u0131nm\u0131\u015f Makina","robots":{"index":"index","follow":"follow","max-snippet":"max-snippet:-1","max-image-preview":"max-image-preview:large","max-video-preview":"max-video-preview:-1"},"canonical":"https:\/\/www.taninmismakina.com\/en\/chiller-montaj\/","og_locale":"en_US","og_type":"article","og_title":"Chiller Montaj\u0131 - Tan\u0131nm\u0131\u015f Makina","og_url":"https:\/\/www.taninmismakina.com\/en\/chiller-montaj\/","og_site_name":"Tan\u0131nm\u0131\u015f Makina","article_modified_time":"2020-09-08T10:39:12+00:00","twitter_card":"summary_large_image","twitter_misc":{"Est. reading time":"5 minutes"},"schema":{"@context":"https:\/\/schema.org","@graph":[{"@type":"WebPage","@id":"https:\/\/www.taninmismakina.com\/chiller-montaj\/","url":"https:\/\/www.taninmismakina.com\/chiller-montaj\/","name":"Chiller Montaj\u0131 - Tan\u0131nm\u0131\u015f Makina","isPartOf":{"@id":"https:\/\/www.taninmismakina.com\/#website"},"datePublished":"2020-09-08T10:25:09+00:00","dateModified":"2020-09-08T10:39:12+00:00","breadcrumb":{"@id":"https:\/\/www.taninmismakina.com\/chiller-montaj\/#breadcrumb"},"inLanguage":"en-US","potentialAction":[{"@type":"ReadAction","target":["https:\/\/www.taninmismakina.com\/chiller-montaj\/"]}]},{"@type":"BreadcrumbList","@id":"https:\/\/www.taninmismakina.com\/chiller-montaj\/#breadcrumb","itemListElement":[{"@type":"ListItem","position":1,"name":"Home","item":"https:\/\/www.taninmismakina.com\/"},{"@type":"ListItem","position":2,"name":"Chiller Montaj\u0131"}]},{"@type":"WebSite","@id":"https:\/\/www.taninmismakina.com\/#website","url":"https:\/\/www.taninmismakina.com\/","name":"Tan\u0131nm\u0131\u015f Makina","description":"Is\u0131tma ve So\u011futma Sistemleri","potentialAction":[{"@type":"SearchAction","target":{"@type":"EntryPoint","urlTemplate":"https:\/\/www.taninmismakina.com\/?s={search_term_string}"},"query-input":"required name=search_term_string"}],"inLanguage":"en-US"}]}},"_links":{"self":[{"href":"https:\/\/www.taninmismakina.com\/en\/wp-json\/wp\/v2\/pages\/4484","targetHints":{"allow":["GET"]}}],"collection":[{"href":"https:\/\/www.taninmismakina.com\/en\/wp-json\/wp\/v2\/pages"}],"about":[{"href":"https:\/\/www.taninmismakina.com\/en\/wp-json\/wp\/v2\/types\/page"}],"author":[{"embeddable":true,"href":"https:\/\/www.taninmismakina.com\/en\/wp-json\/wp\/v2\/users\/1"}],"replies":[{"embeddable":true,"href":"https:\/\/www.taninmismakina.com\/en\/wp-json\/wp\/v2\/comments?post=4484"}],"version-history":[{"count":7,"href":"https:\/\/www.taninmismakina.com\/en\/wp-json\/wp\/v2\/pages\/4484\/revisions"}],"predecessor-version":[{"id":4495,"href":"https:\/\/www.taninmismakina.com\/en\/wp-json\/wp\/v2\/pages\/4484\/revisions\/4495"}],"wp:attachment":[{"href":"https:\/\/www.taninmismakina.com\/en\/wp-json\/wp\/v2\/media?parent=4484"}],"curies":[{"name":"wp","href":"https:\/\/api.w.org\/{rel}","templated":true}]}}