{"id":4546,"date":"2020-11-17T13:44:12","date_gmt":"2020-11-17T10:44:12","guid":{"rendered":"https:\/\/www.taninmismakina.com\/?page_id=4546"},"modified":"2020-11-17T14:04:17","modified_gmt":"2020-11-17T11:04:17","slug":"chiller-kesif-hizmeti","status":"publish","type":"page","link":"https:\/\/www.taninmismakina.com\/en\/chiller-kesif-hizmeti\/","title":{"rendered":"Chiller Discovery Service"},"content":{"rendered":"<div class=\"vc_row wpb_row vc_row-fluid\"><div class=\"wpb_column vc_column_container vc_col-sm-12\"><div class=\"vc_column-inner\"><div class=\"wpb_wrapper\"><h2 style=\"text-align: center\" class=\"vc_custom_heading\" >Chiller Discovery Service<\/h2>\n\t<div class=\"wpb_text_column wpb_content_element\" >\n\t\t<div class=\"wpb_wrapper\">\n\t\t\t<p><strong>Chiller ke\u015fif hizmeti<\/strong>is the most important step to be done before purchasing a chiller system. Thanks to the discovery service, a chiller suitable for your needs is selected. In this way, the system is installed in the most economical way.<\/p>\n\n\t\t<\/div>\n\t<\/div>\n<\/div><\/div><\/div><\/div><div class=\"vc_row wpb_row vc_row-fluid\"><div class=\"wpb_column vc_column_container vc_col-sm-6\"><div class=\"vc_column-inner\"><div class=\"wpb_wrapper\">\n\t<div  class=\"wpb_single_image wpb_content_element vc_align_left\">\n\t\t\n\t\t<figure class=\"wpb_wrapper vc_figure\">\n\t\t\t<div class=\"vc_single_image-wrapper   vc_box_border_grey\"><img loading=\"lazy\" decoding=\"async\" width=\"550\" height=\"545\" src=\"https:\/\/www.taninmismakina.com\/wp-content\/uploads\/2020\/11\/chiller-kesif-hizmeti.png\" class=\"vc_single_image-img attachment-full\" alt=\"chiller ke\u015fif hizmeti\" srcset=\"https:\/\/www.taninmismakina.com\/wp-content\/uploads\/2020\/11\/chiller-kesif-hizmeti.png 550w, https:\/\/www.taninmismakina.com\/wp-content\/uploads\/2020\/11\/chiller-kesif-hizmeti-300x297.png 300w, https:\/\/www.taninmismakina.com\/wp-content\/uploads\/2020\/11\/chiller-kesif-hizmeti-150x150.png 150w\" sizes=\"auto, (max-width: 550px) 100vw, 550px\" \/><\/div>\n\t\t<\/figure>\n\t<\/div>\n<\/div><\/div><\/div><div class=\"wpb_column vc_column_container vc_col-sm-6\"><div class=\"vc_column-inner\"><div class=\"wpb_wrapper\">\n\t<div class=\"wpb_text_column wpb_content_element\" >\n\t\t<div class=\"wpb_wrapper\">\n\t\t\t<p><strong>The factors taken into consideration during the discovery are as follows:<\/strong><\/p>\n<ul>\n<li>Size of the environment<\/li>\n<li>Area to be cooled<\/li>\n<li>Labour sector<\/li>\n<li>Heat sources<\/li>\n<li>Heat losses<\/li>\n<li>Glass and air outlets in the environment<\/li>\n<\/ul>\n<h3>Is Chiller Discovery Service Paid?<\/h3>\n<p>Chiller discovery service is not paid. Our technical team comes to the environment to be cooled and reviews the necessary criteria, then makes a number of engineering calculations and determines the cooling system and the capacity of the system that best suits your needs.<\/p>\n<h3>Companies Providing Chiller Discovery Service<\/h3>\n<ul>\n<li>ISI-TAN<\/li>\n<li>Tan\u0131nm\u0131\u015f Makina<\/li>\n<\/ul>\n\n\t\t<\/div>\n\t<\/div>\n<\/div><\/div><\/div><\/div><div class=\"vc_row wpb_row vc_row-fluid\"><div class=\"wpb_column vc_column_container vc_col-sm-12\"><div class=\"vc_column-inner\"><div class=\"wpb_wrapper\"><h3 style=\"text-align: center\" class=\"vc_custom_heading\" >Things to Consider When Getting Chiller Discovery Service<\/h3>\n\t<div class=\"wpb_text_column wpb_content_element\" >\n\t\t<div class=\"wpb_wrapper\">\n\t\t\t<p style=\"text-align: center;\">In order to determine the chiller system suitable for your needs, the chiller discovery service must be done in the best way. It is very important at this point that the team performing the discovery service is equipped and experienced. Otherwise, wrong choices will return to you as high cost and poor performance in the long run.<\/p>\n\n\t\t<\/div>\n\t<\/div>\n<\/div><\/div><\/div><\/div><div class=\"vc_row wpb_row vc_row-fluid vc_custom_1597323550908 vc_row-has-fill\"><div class=\"wpb_column vc_column_container vc_col-sm-4 vc_col-has-fill\"><div class=\"vc_column-inner vc_custom_1597323866160\"><div class=\"wpb_wrapper\">\n\t\t\t\t\t<div class=\"wh-theme-icon\" style=\"font-size:54px;text-align:center;\"  >\n\t\t\t\t<i class=\"icon-arrow\" ><\/i>\n\t\t\t<\/div>\n\t\t\n\t\t<h4 style=\"text-align: center\" class=\"vc_custom_heading\" >Free Discovery<\/h4>\n\t<div class=\"wpb_text_column wpb_content_element  vc_custom_1597326054944\" >\n\t\t<div class=\"wpb_wrapper\">\n\t\t\t<div class=\"simple-text\">\n<p style=\"text-align: center;\">Let us determine what kind of cooling system you need with a free survey.<\/p>\n<\/div>\n\n\t\t<\/div>\n\t<\/div>\n<div style=\"width:100%;text-align:center\"><a href=\"https:\/\/www.taninmismakina.com\/en\/chiller-kesif\/\" class=\"wh-alt-button wh-alt-button-yeni\" style=\"display:inline-block;\">REQUEST DISCOVERY<\/a><\/div><div class=\"vc_empty_space\"   style=\"height: 32px\"><span class=\"vc_empty_space_inner\"><\/span><\/div><\/div><\/div><\/div><div class=\"wpb_column vc_column_container vc_col-sm-4\"><div class=\"vc_column-inner\"><div class=\"wpb_wrapper\">\n\t\t\t\t\t<div class=\"wh-theme-icon\" style=\"font-size:54px;text-align:center;\"  >\n\t\t\t\t<i class=\"icon-money\" ><\/i>\n\t\t\t<\/div>\n\t\t\n\t\t<h4 style=\"text-align: center\" class=\"vc_custom_heading\" >Best Pricing<\/h4>\n\t<div class=\"wpb_text_column wpb_content_element  vc_custom_1597324711545\" >\n\t\t<div class=\"wpb_wrapper\">\n\t\t\t<div class=\"simple-text\">\n<p style=\"text-align: center;\">Let us offer you the most advantageous prices compared to many companies in the market.<\/p>\n<\/div>\n\n\t\t<\/div>\n\t<\/div>\n<div style=\"width:100%;text-align:center\"><a href=\"https:\/\/www.taninmismakina.com\/en\/chiller-fiyat-teklifi\/\" class=\"wh-alt-button wh-alt-button-yeni\" style=\"display:inline-block;\">GET PRICE QUOTATION<\/a><\/div><div class=\"vc_empty_space\"   style=\"height: 12px\"><span class=\"vc_empty_space_inner\"><\/span><\/div><\/div><\/div><\/div><div class=\"wpb_column vc_column_container vc_col-sm-4\"><div class=\"vc_column-inner\"><div class=\"wpb_wrapper\">\n\t\t\t\t\t<div class=\"wh-theme-icon\" style=\"font-size:54px;text-align:center;\"  >\n\t\t\t\t<i class=\"icon-clock4\" ><\/i>\n\t\t\t<\/div>\n\t\t\n\t\t<h4 style=\"text-align: center\" class=\"vc_custom_heading\" >Installation in a Short Time<\/h4>\n\t<div class=\"wpb_text_column wpb_content_element  vc_custom_1597324743111\" >\n\t\t<div class=\"wpb_wrapper\">\n\t\t\t<p style=\"text-align: center;\">If you accept our offer, we will perform the assembly service as soon as possible.<\/p>\n\n\t\t<\/div>\n\t<\/div>\n<div style=\"width:100%;text-align:center\"><a href=\"https:\/\/www.taninmismakina.com\/en\/chiller-montaj-talebi\/\" class=\"wh-alt-button wh-alt-button-yeni\" style=\"display:inline-block;\">SET THE INSTALLATION DATE<\/a><\/div><div class=\"vc_empty_space\"   style=\"height: 12px\"><span class=\"vc_empty_space_inner\"><\/span><\/div><\/div><\/div><\/div><\/div>","protected":false},"excerpt":{"rendered":"Chiller Ke\u015fif Hizmeti Chiller ke\u015fif hizmeti, bir chiller sistemi sat\u0131n almadan \u00f6nce yap\u0131lmas\u0131 gereken en \u00f6nemli a\u015famad\u0131r. Ke\u015fif hizmeti sayesinde&nbsp;<a href=\"https:\/\/www.taninmismakina.com\/en\/chiller-kesif-hizmeti\/\">[&hellip;]<\/a>","protected":false},"author":1,"featured_media":0,"parent":0,"menu_order":0,"comment_status":"closed","ping_status":"closed","template":"template-fullwidth.php","meta":{"footnotes":""},"class_list":["post-4546","page","type-page","status-publish","hentry"],"yoast_head":"<!-- This site is optimized with the Yoast SEO plugin v22.9 - https:\/\/yoast.com\/wordpress\/plugins\/seo\/ -->\n<title>Chiller Ke\u015fif Hizmeti - Tan\u0131nm\u0131\u015f Makina<\/title>\n<meta name=\"robots\" content=\"index, follow, max-snippet:-1, max-image-preview:large, max-video-preview:-1\" \/>\n<link rel=\"canonical\" href=\"https:\/\/www.taninmismakina.com\/en\/chiller-kesif-hizmeti\/\" \/>\n<meta property=\"og:locale\" content=\"en_US\" \/>\n<meta property=\"og:type\" content=\"article\" \/>\n<meta property=\"og:title\" content=\"Chiller Ke\u015fif Hizmeti - Tan\u0131nm\u0131\u015f Makina\" \/>\n<meta property=\"og:url\" content=\"https:\/\/www.taninmismakina.com\/en\/chiller-kesif-hizmeti\/\" \/>\n<meta property=\"og:site_name\" content=\"Tan\u0131nm\u0131\u015f Makina\" \/>\n<meta property=\"article:modified_time\" content=\"2020-11-17T11:04:17+00:00\" \/>\n<meta name=\"twitter:card\" content=\"summary_large_image\" \/>\n<meta name=\"twitter:label1\" content=\"Est. reading time\" \/>\n\t<meta name=\"twitter:data1\" content=\"3 minutes\" \/>\n<script type=\"application\/ld+json\" class=\"yoast-schema-graph\">{\"@context\":\"https:\/\/schema.org\",\"@graph\":[{\"@type\":\"WebPage\",\"@id\":\"https:\/\/www.taninmismakina.com\/chiller-kesif-hizmeti\/\",\"url\":\"https:\/\/www.taninmismakina.com\/chiller-kesif-hizmeti\/\",\"name\":\"Chiller Ke\u015fif Hizmeti - Tan\u0131nm\u0131\u015f Makina\",\"isPartOf\":{\"@id\":\"https:\/\/www.taninmismakina.com\/#website\"},\"datePublished\":\"2020-11-17T10:44:12+00:00\",\"dateModified\":\"2020-11-17T11:04:17+00:00\",\"breadcrumb\":{\"@id\":\"https:\/\/www.taninmismakina.com\/chiller-kesif-hizmeti\/#breadcrumb\"},\"inLanguage\":\"en-US\",\"potentialAction\":[{\"@type\":\"ReadAction\",\"target\":[\"https:\/\/www.taninmismakina.com\/chiller-kesif-hizmeti\/\"]}]},{\"@type\":\"BreadcrumbList\",\"@id\":\"https:\/\/www.taninmismakina.com\/chiller-kesif-hizmeti\/#breadcrumb\",\"itemListElement\":[{\"@type\":\"ListItem\",\"position\":1,\"name\":\"Home\",\"item\":\"https:\/\/www.taninmismakina.com\/\"},{\"@type\":\"ListItem\",\"position\":2,\"name\":\"Chiller Ke\u015fif Hizmeti\"}]},{\"@type\":\"WebSite\",\"@id\":\"https:\/\/www.taninmismakina.com\/#website\",\"url\":\"https:\/\/www.taninmismakina.com\/\",\"name\":\"Tan\u0131nm\u0131\u015f Makina\",\"description\":\"Is\u0131tma ve So\u011futma Sistemleri\",\"potentialAction\":[{\"@type\":\"SearchAction\",\"target\":{\"@type\":\"EntryPoint\",\"urlTemplate\":\"https:\/\/www.taninmismakina.com\/?s={search_term_string}\"},\"query-input\":\"required name=search_term_string\"}],\"inLanguage\":\"en-US\"}]}<\/script>\n<!-- \/ Yoast SEO plugin. -->","yoast_head_json":{"title":"Chiller Ke\u015fif Hizmeti - Tan\u0131nm\u0131\u015f Makina","robots":{"index":"index","follow":"follow","max-snippet":"max-snippet:-1","max-image-preview":"max-image-preview:large","max-video-preview":"max-video-preview:-1"},"canonical":"https:\/\/www.taninmismakina.com\/en\/chiller-kesif-hizmeti\/","og_locale":"en_US","og_type":"article","og_title":"Chiller Ke\u015fif Hizmeti - Tan\u0131nm\u0131\u015f Makina","og_url":"https:\/\/www.taninmismakina.com\/en\/chiller-kesif-hizmeti\/","og_site_name":"Tan\u0131nm\u0131\u015f Makina","article_modified_time":"2020-11-17T11:04:17+00:00","twitter_card":"summary_large_image","twitter_misc":{"Est. reading time":"3 minutes"},"schema":{"@context":"https:\/\/schema.org","@graph":[{"@type":"WebPage","@id":"https:\/\/www.taninmismakina.com\/chiller-kesif-hizmeti\/","url":"https:\/\/www.taninmismakina.com\/chiller-kesif-hizmeti\/","name":"Chiller Ke\u015fif Hizmeti - Tan\u0131nm\u0131\u015f Makina","isPartOf":{"@id":"https:\/\/www.taninmismakina.com\/#website"},"datePublished":"2020-11-17T10:44:12+00:00","dateModified":"2020-11-17T11:04:17+00:00","breadcrumb":{"@id":"https:\/\/www.taninmismakina.com\/chiller-kesif-hizmeti\/#breadcrumb"},"inLanguage":"en-US","potentialAction":[{"@type":"ReadAction","target":["https:\/\/www.taninmismakina.com\/chiller-kesif-hizmeti\/"]}]},{"@type":"BreadcrumbList","@id":"https:\/\/www.taninmismakina.com\/chiller-kesif-hizmeti\/#breadcrumb","itemListElement":[{"@type":"ListItem","position":1,"name":"Home","item":"https:\/\/www.taninmismakina.com\/"},{"@type":"ListItem","position":2,"name":"Chiller Ke\u015fif Hizmeti"}]},{"@type":"WebSite","@id":"https:\/\/www.taninmismakina.com\/#website","url":"https:\/\/www.taninmismakina.com\/","name":"Tan\u0131nm\u0131\u015f Makina","description":"Is\u0131tma ve So\u011futma Sistemleri","potentialAction":[{"@type":"SearchAction","target":{"@type":"EntryPoint","urlTemplate":"https:\/\/www.taninmismakina.com\/?s={search_term_string}"},"query-input":"required name=search_term_string"}],"inLanguage":"en-US"}]}},"_links":{"self":[{"href":"https:\/\/www.taninmismakina.com\/en\/wp-json\/wp\/v2\/pages\/4546","targetHints":{"allow":["GET"]}}],"collection":[{"href":"https:\/\/www.taninmismakina.com\/en\/wp-json\/wp\/v2\/pages"}],"about":[{"href":"https:\/\/www.taninmismakina.com\/en\/wp-json\/wp\/v2\/types\/page"}],"author":[{"embeddable":true,"href":"https:\/\/www.taninmismakina.com\/en\/wp-json\/wp\/v2\/users\/1"}],"replies":[{"embeddable":true,"href":"https:\/\/www.taninmismakina.com\/en\/wp-json\/wp\/v2\/comments?post=4546"}],"version-history":[{"count":7,"href":"https:\/\/www.taninmismakina.com\/en\/wp-json\/wp\/v2\/pages\/4546\/revisions"}],"predecessor-version":[{"id":4559,"href":"https:\/\/www.taninmismakina.com\/en\/wp-json\/wp\/v2\/pages\/4546\/revisions\/4559"}],"wp:attachment":[{"href":"https:\/\/www.taninmismakina.com\/en\/wp-json\/wp\/v2\/media?parent=4546"}],"curies":[{"name":"wp","href":"https:\/\/api.w.org\/{rel}","templated":true}]}}