{"id":4748,"date":"2021-04-02T10:08:16","date_gmt":"2021-04-02T07:08:16","guid":{"rendered":"https:\/\/www.taninmismakina.com\/?page_id=4748"},"modified":"2021-05-24T09:59:26","modified_gmt":"2021-05-24T06:59:26","slug":"projeler","status":"publish","type":"page","link":"https:\/\/www.taninmismakina.com\/en\/projeler\/","title":{"rendered":"Projects"},"content":{"rendered":"<div class=\"vc_row wpb_row vc_row-fluid vc_custom_1617698637620\"><div class=\"wpb_column vc_column_container vc_col-sm-6\"><div class=\"vc_column-inner\"><div class=\"wpb_wrapper\">\n\t<div  class=\"wpb_single_image wpb_content_element vc_align_center\">\n\t\t\n\t\t<figure class=\"wpb_wrapper vc_figure\">\n\t\t\t<a href=\"https:\/\/www.taninmismakina.com\/en\/lezita-firmasina-sogutma-cihazini-teslim-ettik\/\" target=\"_self\" class=\"vc_single_image-wrapper   vc_box_border_grey\"><img loading=\"lazy\" decoding=\"async\" width=\"550\" height=\"489\" src=\"https:\/\/www.taninmismakina.com\/wp-content\/uploads\/2021\/04\/lezita-taninmis-makina.png\" class=\"vc_single_image-img attachment-full\" alt=\"\" srcset=\"https:\/\/www.taninmismakina.com\/wp-content\/uploads\/2021\/04\/lezita-taninmis-makina.png 550w, https:\/\/www.taninmismakina.com\/wp-content\/uploads\/2021\/04\/lezita-taninmis-makina-300x267.png 300w, https:\/\/www.taninmismakina.com\/wp-content\/uploads\/2021\/04\/lezita-taninmis-makina-150x133.png 150w\" sizes=\"auto, (max-width: 550px) 100vw, 550px\" \/><\/a>\n\t\t<\/figure>\n\t<\/div>\n<h3 style=\"text-align: center\" class=\"vc_custom_heading\" >LEZITA - Cooling Device<\/h3><\/div><\/div><\/div><div class=\"wpb_column vc_column_container vc_col-sm-6\"><div class=\"vc_column-inner\"><div class=\"wpb_wrapper\">\n\t<div  class=\"wpb_single_image wpb_content_element vc_align_center\">\n\t\t\n\t\t<figure class=\"wpb_wrapper vc_figure\">\n\t\t\t<a href=\"https:\/\/www.taninmismakina.com\/en\/risus-saglik-urunlerine-lanson-plastik-enjeksiyon-makinasi\/\" target=\"_self\" class=\"vc_single_image-wrapper   vc_box_border_grey\"><img loading=\"lazy\" decoding=\"async\" width=\"550\" height=\"489\" src=\"https:\/\/www.taninmismakina.com\/wp-content\/uploads\/2021\/04\/risus-plastik-enjeksiyon-makinasi.png\" class=\"vc_single_image-img attachment-full\" alt=\"R\u0130SUS Plastik Enjeksiyon Makinas\u0131\" srcset=\"https:\/\/www.taninmismakina.com\/wp-content\/uploads\/2021\/04\/risus-plastik-enjeksiyon-makinasi.png 550w, https:\/\/www.taninmismakina.com\/wp-content\/uploads\/2021\/04\/risus-plastik-enjeksiyon-makinasi-300x267.png 300w, https:\/\/www.taninmismakina.com\/wp-content\/uploads\/2021\/04\/risus-plastik-enjeksiyon-makinasi-150x133.png 150w\" sizes=\"auto, (max-width: 550px) 100vw, 550px\" \/><\/a>\n\t\t<\/figure>\n\t<\/div>\n<h3 style=\"text-align: center\" class=\"vc_custom_heading\" >RISUS Health Products - Plastic Injection Moulding Machine<\/h3><\/div><\/div><\/div><\/div><div class=\"vc_row wpb_row vc_row-fluid\"><div class=\"wpb_column vc_column_container vc_col-sm-12\"><div class=\"vc_column-inner\"><div class=\"wpb_wrapper\"><div class=\"vc_separator wpb_content_element vc_separator_align_center vc_sep_width_100 vc_sep_pos_align_center vc_separator_no_text vc_sep_color_grey\" ><span class=\"vc_sep_holder vc_sep_holder_l\"><span  class=\"vc_sep_line\"><\/span><\/span><span class=\"vc_sep_holder vc_sep_holder_r\"><span  class=\"vc_sep_line\"><\/span><\/span>\n<\/div><\/div><\/div><\/div><\/div><div class=\"vc_row wpb_row vc_row-fluid\"><div class=\"wpb_column vc_column_container vc_col-sm-6\"><div class=\"vc_column-inner\"><div class=\"wpb_wrapper\">\n\t<div  class=\"wpb_single_image wpb_content_element vc_align_center\">\n\t\t\n\t\t<figure class=\"wpb_wrapper vc_figure\">\n\t\t\t<a href=\"https:\/\/www.taninmismakina.com\/en\/sarikaya-elektrikli-ev-gerecleri-sogutma-sistemleri\/\" target=\"_self\" class=\"vc_single_image-wrapper   vc_box_border_grey\"><img loading=\"lazy\" decoding=\"async\" width=\"550\" height=\"489\" src=\"https:\/\/www.taninmismakina.com\/wp-content\/uploads\/2021\/04\/sarikaya-elektrikli-ev-gerecleri-sogutma-sistemleri-1.png\" class=\"vc_single_image-img attachment-full\" alt=\"sar\u0131kaya elektrli ev gere\u00e7leri so\u011futma sistemleri\" srcset=\"https:\/\/www.taninmismakina.com\/wp-content\/uploads\/2021\/04\/sarikaya-elektrikli-ev-gerecleri-sogutma-sistemleri-1.png 550w, https:\/\/www.taninmismakina.com\/wp-content\/uploads\/2021\/04\/sarikaya-elektrikli-ev-gerecleri-sogutma-sistemleri-1-300x267.png 300w, https:\/\/www.taninmismakina.com\/wp-content\/uploads\/2021\/04\/sarikaya-elektrikli-ev-gerecleri-sogutma-sistemleri-1-150x133.png 150w\" sizes=\"auto, (max-width: 550px) 100vw, 550px\" \/><\/a>\n\t\t<\/figure>\n\t<\/div>\n<h3 style=\"text-align: center\" class=\"vc_custom_heading\" >SARIKAYA Electrical Home Appliances - Cooling Systems<\/h3><\/div><\/div><\/div><div class=\"wpb_column vc_column_container vc_col-sm-6\"><div class=\"vc_column-inner\"><div class=\"wpb_wrapper\">\n\t<div  class=\"wpb_single_image wpb_content_element vc_align_center\">\n\t\t\n\t\t<figure class=\"wpb_wrapper vc_figure\">\n\t\t\t<a href=\"https:\/\/www.taninmismakina.com\/en\/sema-kalip-sogutma-sistemleri\/\" target=\"_self\" class=\"vc_single_image-wrapper   vc_box_border_grey\"><img loading=\"lazy\" decoding=\"async\" width=\"550\" height=\"489\" src=\"https:\/\/www.taninmismakina.com\/wp-content\/uploads\/2021\/04\/sema-kalip-sogutma-cihazi.png\" class=\"vc_single_image-img attachment-full\" alt=\"\" srcset=\"https:\/\/www.taninmismakina.com\/wp-content\/uploads\/2021\/04\/sema-kalip-sogutma-cihazi.png 550w, https:\/\/www.taninmismakina.com\/wp-content\/uploads\/2021\/04\/sema-kalip-sogutma-cihazi-300x267.png 300w, https:\/\/www.taninmismakina.com\/wp-content\/uploads\/2021\/04\/sema-kalip-sogutma-cihazi-150x133.png 150w\" sizes=\"auto, (max-width: 550px) 100vw, 550px\" \/><\/a>\n\t\t<\/figure>\n\t<\/div>\n<h3 style=\"text-align: center\" class=\"vc_custom_heading\" >SEMA Mould - Cooling Systems<\/h3><\/div><\/div><\/div><\/div><div class=\"vc_row wpb_row vc_row-fluid\"><div class=\"wpb_column vc_column_container vc_col-sm-12\"><div class=\"vc_column-inner\"><div class=\"wpb_wrapper\"><div class=\"vc_separator wpb_content_element vc_separator_align_center vc_sep_width_100 vc_sep_pos_align_center vc_separator_no_text vc_sep_color_grey\" ><span class=\"vc_sep_holder vc_sep_holder_l\"><span  class=\"vc_sep_line\"><\/span><\/span><span class=\"vc_sep_holder vc_sep_holder_r\"><span  class=\"vc_sep_line\"><\/span><\/span>\n<\/div><\/div><\/div><\/div><\/div><div class=\"vc_row wpb_row vc_row-fluid\"><div class=\"wpb_column vc_column_container vc_col-sm-6\"><div class=\"vc_column-inner\"><div class=\"wpb_wrapper\">\n\t<div  class=\"wpb_single_image wpb_content_element vc_align_center\">\n\t\t\n\t\t<figure class=\"wpb_wrapper vc_figure\">\n\t\t\t<a href=\"https:\/\/www.taninmismakina.com\/en\/capa-ic-ve-dis-ticaret-chiller-su-sogutma-cihazi\/\" target=\"_self\" class=\"vc_single_image-wrapper   vc_box_border_grey\"><img loading=\"lazy\" decoding=\"async\" width=\"550\" height=\"489\" src=\"https:\/\/www.taninmismakina.com\/wp-content\/uploads\/2021\/04\/capa-ic-ve-dis-ticareti-chiler-su-sogutma-cihazi-001.png\" class=\"vc_single_image-img attachment-full\" alt=\"\" srcset=\"https:\/\/www.taninmismakina.com\/wp-content\/uploads\/2021\/04\/capa-ic-ve-dis-ticareti-chiler-su-sogutma-cihazi-001.png 550w, https:\/\/www.taninmismakina.com\/wp-content\/uploads\/2021\/04\/capa-ic-ve-dis-ticareti-chiler-su-sogutma-cihazi-001-300x267.png 300w, https:\/\/www.taninmismakina.com\/wp-content\/uploads\/2021\/04\/capa-ic-ve-dis-ticareti-chiler-su-sogutma-cihazi-001-150x133.png 150w\" sizes=\"auto, (max-width: 550px) 100vw, 550px\" \/><\/a>\n\t\t<\/figure>\n\t<\/div>\n<h3 style=\"text-align: center\" class=\"vc_custom_heading\" >\u00c7APA Domestic and Foreign Trade - Chiller Water Cooling Systems<\/h3><\/div><\/div><\/div><div class=\"wpb_column vc_column_container vc_col-sm-6\"><div class=\"vc_column-inner\"><div class=\"wpb_wrapper\">\n\t<div  class=\"wpb_single_image wpb_content_element vc_align_center\">\n\t\t\n\t\t<figure class=\"wpb_wrapper vc_figure\">\n\t\t\t<a href=\"https:\/\/www.taninmismakina.com\/en\/separ-plastik-firmasina-sogutma-cihazini-teslim-ettik\/\" target=\"_self\" class=\"vc_single_image-wrapper   vc_box_border_grey\"><img loading=\"lazy\" decoding=\"async\" width=\"550\" height=\"489\" src=\"https:\/\/www.taninmismakina.com\/wp-content\/uploads\/2021\/04\/separ-plastik-sogutma-cihazi.png\" class=\"vc_single_image-img attachment-full\" alt=\"\" srcset=\"https:\/\/www.taninmismakina.com\/wp-content\/uploads\/2021\/04\/separ-plastik-sogutma-cihazi.png 550w, https:\/\/www.taninmismakina.com\/wp-content\/uploads\/2021\/04\/separ-plastik-sogutma-cihazi-300x267.png 300w, https:\/\/www.taninmismakina.com\/wp-content\/uploads\/2021\/04\/separ-plastik-sogutma-cihazi-150x133.png 150w\" sizes=\"auto, (max-width: 550px) 100vw, 550px\" \/><\/a>\n\t\t<\/figure>\n\t<\/div>\n<h3 style=\"text-align: center\" class=\"vc_custom_heading\" >SEPAR Plastic - Air Cooled Chiller System<\/h3><\/div><\/div><\/div><\/div><div class=\"vc_row wpb_row vc_row-fluid\"><div class=\"wpb_column vc_column_container vc_col-sm-6\"><div class=\"vc_column-inner\"><div class=\"wpb_wrapper\">\n\t<div  class=\"wpb_single_image wpb_content_element vc_align_center\">\n\t\t\n\t\t<figure class=\"wpb_wrapper vc_figure\">\n\t\t\t<a href=\"https:\/\/www.taninmismakina.com\/en\/tekno-kaucuk-firmasina-chiller-sogutma-cihazini-teslim-ettik\/\" target=\"_self\" class=\"vc_single_image-wrapper   vc_box_border_grey\"><img loading=\"lazy\" decoding=\"async\" width=\"550\" height=\"489\" src=\"https:\/\/www.taninmismakina.com\/wp-content\/uploads\/2021\/05\/tekno-kaucuk-sogutma-sistemleri-001.png\" class=\"vc_single_image-img attachment-full\" alt=\"\" srcset=\"https:\/\/www.taninmismakina.com\/wp-content\/uploads\/2021\/05\/tekno-kaucuk-sogutma-sistemleri-001.png 550w, https:\/\/www.taninmismakina.com\/wp-content\/uploads\/2021\/05\/tekno-kaucuk-sogutma-sistemleri-001-300x267.png 300w, https:\/\/www.taninmismakina.com\/wp-content\/uploads\/2021\/05\/tekno-kaucuk-sogutma-sistemleri-001-150x133.png 150w\" sizes=\"auto, (max-width: 550px) 100vw, 550px\" \/><\/a>\n\t\t<\/figure>\n\t<\/div>\n<h3 style=\"text-align: center\" class=\"vc_custom_heading\" >TEKNO Rubber - Chiller Water Cooling Systems<\/h3><\/div><\/div><\/div><div class=\"wpb_column vc_column_container vc_col-sm-6\"><div class=\"vc_column-inner\"><div class=\"wpb_wrapper\">\n\t<div  class=\"wpb_single_image wpb_content_element vc_align_center\">\n\t\t\n\t\t<figure class=\"wpb_wrapper vc_figure\">\n\t\t\t<a href=\"https:\/\/www.taninmismakina.com\/en\/bahar-polimer-firmasina-hava-sogutmali-chiller-cihazi\/\" target=\"_self\" class=\"vc_single_image-wrapper   vc_box_border_grey\"><img loading=\"lazy\" decoding=\"async\" width=\"550\" height=\"489\" src=\"https:\/\/www.taninmismakina.com\/wp-content\/uploads\/2021\/05\/bahar-polimer.png\" class=\"vc_single_image-img attachment-full\" alt=\"bahar polimer\" srcset=\"https:\/\/www.taninmismakina.com\/wp-content\/uploads\/2021\/05\/bahar-polimer.png 550w, https:\/\/www.taninmismakina.com\/wp-content\/uploads\/2021\/05\/bahar-polimer-300x267.png 300w, https:\/\/www.taninmismakina.com\/wp-content\/uploads\/2021\/05\/bahar-polimer-150x133.png 150w\" sizes=\"auto, (max-width: 550px) 100vw, 550px\" \/><\/a>\n\t\t<\/figure>\n\t<\/div>\n<h3 style=\"text-align: center\" class=\"vc_custom_heading\" >SPRING Polymer - Air Cooled Chiller<\/h3><\/div><\/div><\/div><\/div>","protected":false},"excerpt":{"rendered":"LEZ\u0130TA - So\u011futma Cihaz\u0131 R\u0130SUS Sa\u011fl\u0131k \u00dcr\u00fcnleri - Plastik Enjeksiyon Makinas\u0131 SARIKAYA Elektrikli Ev Gere\u00e7leri - So\u011futma Sistemleri SEMA Kal\u0131p&nbsp;<a href=\"https:\/\/www.taninmismakina.com\/en\/projeler\/\">[&hellip;]<\/a>","protected":false},"author":1,"featured_media":0,"parent":0,"menu_order":0,"comment_status":"closed","ping_status":"closed","template":"template-fullwidth.php","meta":{"footnotes":""},"class_list":["post-4748","page","type-page","status-publish","hentry"],"yoast_head":"<!-- This site is optimized with the Yoast SEO plugin v22.9 - https:\/\/yoast.com\/wordpress\/plugins\/seo\/ -->\n<title>Projeler - Tan\u0131nm\u0131\u015f Makina<\/title>\n<meta name=\"robots\" content=\"index, follow, max-snippet:-1, max-image-preview:large, max-video-preview:-1\" \/>\n<link rel=\"canonical\" href=\"https:\/\/www.taninmismakina.com\/en\/projeler\/\" \/>\n<meta property=\"og:locale\" content=\"en_US\" \/>\n<meta property=\"og:type\" content=\"article\" \/>\n<meta property=\"og:title\" content=\"Projeler - Tan\u0131nm\u0131\u015f Makina\" \/>\n<meta property=\"og:url\" content=\"https:\/\/www.taninmismakina.com\/en\/projeler\/\" \/>\n<meta property=\"og:site_name\" content=\"Tan\u0131nm\u0131\u015f Makina\" \/>\n<meta property=\"article:modified_time\" content=\"2021-05-24T06:59:26+00:00\" \/>\n<meta name=\"twitter:card\" content=\"summary_large_image\" \/>\n<meta name=\"twitter:label1\" content=\"Est. reading time\" \/>\n\t<meta name=\"twitter:data1\" content=\"2 minutes\" \/>\n<script type=\"application\/ld+json\" class=\"yoast-schema-graph\">{\"@context\":\"https:\/\/schema.org\",\"@graph\":[{\"@type\":\"WebPage\",\"@id\":\"https:\/\/www.taninmismakina.com\/projeler\/\",\"url\":\"https:\/\/www.taninmismakina.com\/projeler\/\",\"name\":\"Projeler - Tan\u0131nm\u0131\u015f Makina\",\"isPartOf\":{\"@id\":\"https:\/\/www.taninmismakina.com\/#website\"},\"datePublished\":\"2021-04-02T07:08:16+00:00\",\"dateModified\":\"2021-05-24T06:59:26+00:00\",\"breadcrumb\":{\"@id\":\"https:\/\/www.taninmismakina.com\/projeler\/#breadcrumb\"},\"inLanguage\":\"en-US\",\"potentialAction\":[{\"@type\":\"ReadAction\",\"target\":[\"https:\/\/www.taninmismakina.com\/projeler\/\"]}]},{\"@type\":\"BreadcrumbList\",\"@id\":\"https:\/\/www.taninmismakina.com\/projeler\/#breadcrumb\",\"itemListElement\":[{\"@type\":\"ListItem\",\"position\":1,\"name\":\"Home\",\"item\":\"https:\/\/www.taninmismakina.com\/\"},{\"@type\":\"ListItem\",\"position\":2,\"name\":\"Projeler\"}]},{\"@type\":\"WebSite\",\"@id\":\"https:\/\/www.taninmismakina.com\/#website\",\"url\":\"https:\/\/www.taninmismakina.com\/\",\"name\":\"Tan\u0131nm\u0131\u015f Makina\",\"description\":\"Is\u0131tma ve So\u011futma Sistemleri\",\"potentialAction\":[{\"@type\":\"SearchAction\",\"target\":{\"@type\":\"EntryPoint\",\"urlTemplate\":\"https:\/\/www.taninmismakina.com\/?s={search_term_string}\"},\"query-input\":\"required name=search_term_string\"}],\"inLanguage\":\"en-US\"}]}<\/script>\n<!-- \/ Yoast SEO plugin. -->","yoast_head_json":{"title":"Projeler - Tan\u0131nm\u0131\u015f Makina","robots":{"index":"index","follow":"follow","max-snippet":"max-snippet:-1","max-image-preview":"max-image-preview:large","max-video-preview":"max-video-preview:-1"},"canonical":"https:\/\/www.taninmismakina.com\/en\/projeler\/","og_locale":"en_US","og_type":"article","og_title":"Projeler - Tan\u0131nm\u0131\u015f Makina","og_url":"https:\/\/www.taninmismakina.com\/en\/projeler\/","og_site_name":"Tan\u0131nm\u0131\u015f Makina","article_modified_time":"2021-05-24T06:59:26+00:00","twitter_card":"summary_large_image","twitter_misc":{"Est. reading time":"2 minutes"},"schema":{"@context":"https:\/\/schema.org","@graph":[{"@type":"WebPage","@id":"https:\/\/www.taninmismakina.com\/projeler\/","url":"https:\/\/www.taninmismakina.com\/projeler\/","name":"Projeler - Tan\u0131nm\u0131\u015f Makina","isPartOf":{"@id":"https:\/\/www.taninmismakina.com\/#website"},"datePublished":"2021-04-02T07:08:16+00:00","dateModified":"2021-05-24T06:59:26+00:00","breadcrumb":{"@id":"https:\/\/www.taninmismakina.com\/projeler\/#breadcrumb"},"inLanguage":"en-US","potentialAction":[{"@type":"ReadAction","target":["https:\/\/www.taninmismakina.com\/projeler\/"]}]},{"@type":"BreadcrumbList","@id":"https:\/\/www.taninmismakina.com\/projeler\/#breadcrumb","itemListElement":[{"@type":"ListItem","position":1,"name":"Home","item":"https:\/\/www.taninmismakina.com\/"},{"@type":"ListItem","position":2,"name":"Projeler"}]},{"@type":"WebSite","@id":"https:\/\/www.taninmismakina.com\/#website","url":"https:\/\/www.taninmismakina.com\/","name":"Tan\u0131nm\u0131\u015f Makina","description":"Is\u0131tma ve So\u011futma Sistemleri","potentialAction":[{"@type":"SearchAction","target":{"@type":"EntryPoint","urlTemplate":"https:\/\/www.taninmismakina.com\/?s={search_term_string}"},"query-input":"required name=search_term_string"}],"inLanguage":"en-US"}]}},"_links":{"self":[{"href":"https:\/\/www.taninmismakina.com\/en\/wp-json\/wp\/v2\/pages\/4748","targetHints":{"allow":["GET"]}}],"collection":[{"href":"https:\/\/www.taninmismakina.com\/en\/wp-json\/wp\/v2\/pages"}],"about":[{"href":"https:\/\/www.taninmismakina.com\/en\/wp-json\/wp\/v2\/types\/page"}],"author":[{"embeddable":true,"href":"https:\/\/www.taninmismakina.com\/en\/wp-json\/wp\/v2\/users\/1"}],"replies":[{"embeddable":true,"href":"https:\/\/www.taninmismakina.com\/en\/wp-json\/wp\/v2\/comments?post=4748"}],"version-history":[{"count":26,"href":"https:\/\/www.taninmismakina.com\/en\/wp-json\/wp\/v2\/pages\/4748\/revisions"}],"predecessor-version":[{"id":4880,"href":"https:\/\/www.taninmismakina.com\/en\/wp-json\/wp\/v2\/pages\/4748\/revisions\/4880"}],"wp:attachment":[{"href":"https:\/\/www.taninmismakina.com\/en\/wp-json\/wp\/v2\/media?parent=4748"}],"curies":[{"name":"wp","href":"https:\/\/api.w.org\/{rel}","templated":true}]}}