{"id":5026,"date":"2021-12-22T09:30:39","date_gmt":"2021-12-22T06:30:39","guid":{"rendered":"https:\/\/www.taninmismakina.com\/?page_id=5026"},"modified":"2024-06-29T14:10:38","modified_gmt":"2024-06-29T11:10:38","slug":"thermo-6","status":"publish","type":"page","link":"https:\/\/www.taninmismakina.com\/en\/thermo-6\/","title":{"rendered":"Thermo 6"},"content":{"rendered":"<div class=\"vc_row wpb_row vc_row-fluid\"><div class=\"wpb_column vc_column_container vc_col-sm-12\"><div class=\"vc_column-inner\"><div class=\"wpb_wrapper\">\n\t<div  class=\"wpb_single_image wpb_content_element vc_align_left\">\n\t\t\n\t\t<figure class=\"wpb_wrapper vc_figure\">\n\t\t\t<div class=\"vc_single_image-wrapper   vc_box_border_grey\"><img loading=\"lazy\" decoding=\"async\" width=\"1130\" height=\"360\" src=\"https:\/\/www.taninmismakina.com\/wp-content\/uploads\/2021\/12\/thermo-6-banner.png\" class=\"vc_single_image-img attachment-full\" alt=\"\" srcset=\"https:\/\/www.taninmismakina.com\/wp-content\/uploads\/2021\/12\/thermo-6-banner.png 1130w, https:\/\/www.taninmismakina.com\/wp-content\/uploads\/2021\/12\/thermo-6-banner-300x96.png 300w, https:\/\/www.taninmismakina.com\/wp-content\/uploads\/2021\/12\/thermo-6-banner-1024x326.png 1024w, https:\/\/www.taninmismakina.com\/wp-content\/uploads\/2021\/12\/thermo-6-banner-768x245.png 768w, https:\/\/www.taninmismakina.com\/wp-content\/uploads\/2021\/12\/thermo-6-banner-18x6.png 18w, https:\/\/www.taninmismakina.com\/wp-content\/uploads\/2021\/12\/thermo-6-banner-150x48.png 150w\" sizes=\"auto, (max-width: 1130px) 100vw, 1130px\" \/><\/div>\n\t\t<\/figure>\n\t<\/div>\n<\/div><\/div><\/div><\/div><div class=\"vc_row wpb_row vc_row-fluid\"><div class=\"wpb_column vc_column_container vc_col-sm-12\"><div class=\"vc_column-inner\"><div class=\"wpb_wrapper\">\n\t<div class=\"wpb_text_column wpb_content_element\" >\n\t\t<div class=\"wpb_wrapper\">\n\t\t\t<p>The technology of the Thermo-6 temperature control units builds on the extremely successful Thermo-5 series. With over 100 000 units in use, HB-Therm has become the global market leader.<\/p>\n<p>The unit technology has always been focused on quality and durability. HB-Therm backs this with a lifetime warranty on the core components heater and now also flow meter. \"Just better\" stands for the consistent advancement of our technology.<\/p>\n\n\t\t<\/div>\n\t<\/div>\n<\/div><\/div><\/div><\/div><div class=\"vc_row wpb_row vc_row-fluid\"><div class=\"wpb_column vc_column_container vc_col-sm-12\"><div class=\"vc_column-inner\"><div class=\"wpb_wrapper\"><div class=\"wpb_images_carousel wpb_content_element vc_clearfix\"><div class=\"wpb_wrapper\"><div id=\"vc_images-carousel-1-1778247608\" data-ride=\"vc_carousel\" data-wrap=\"false\" style=\"width: 1130px;\" data-interval=\"0\" data-auto-height=\"yes\" data-mode=\"horizontal\" data-partial=\"false\" data-per-view=\"1\" data-hide-on-end=\"true\" class=\"vc_slide vc_images_carousel\"><div class=\"vc_carousel-inner\"><div class=\"vc_carousel-slideline\"><div class=\"vc_carousel-slideline-inner\"><div class=\"vc_item\"><div class=\"vc_inner\"><a class=\"prettyphoto\" href=\"https:\/\/www.taninmismakina.com\/wp-content\/uploads\/2021\/12\/hb-therm-thermo-6-1-1024x614.jpg\" data-rel=\"prettyPhoto[rel-5026-3504657965]\"><img loading=\"lazy\" decoding=\"async\" class=\"\" src=\"https:\/\/www.taninmismakina.com\/wp-content\/uploads\/2021\/12\/hb-therm-thermo-6-1-1130x678.jpg\" width=\"1130\" height=\"678\" alt=\"hb-therm-thermo-6-1\" title=\"hb-therm-thermo-6-1\" \/><\/a><\/div><\/div><div class=\"vc_item\"><div class=\"vc_inner\"><a class=\"prettyphoto\" href=\"https:\/\/www.taninmismakina.com\/wp-content\/uploads\/2021\/12\/hb-therm-thermo-6-6-1024x614.jpg\" data-rel=\"prettyPhoto[rel-5026-3504657965]\"><img loading=\"lazy\" decoding=\"async\" class=\"\" src=\"https:\/\/www.taninmismakina.com\/wp-content\/uploads\/2021\/12\/hb-therm-thermo-6-6-1130x678.jpg\" width=\"1130\" height=\"678\" alt=\"hb-therm-thermo-6-6\" title=\"hb-therm-thermo-6-6\" \/><\/a><\/div><\/div><div class=\"vc_item\"><div class=\"vc_inner\"><a class=\"prettyphoto\" href=\"https:\/\/www.taninmismakina.com\/wp-content\/uploads\/2021\/12\/hb-therm-thermo-6-5-1024x614.jpg\" data-rel=\"prettyPhoto[rel-5026-3504657965]\"><img loading=\"lazy\" decoding=\"async\" class=\"\" src=\"https:\/\/www.taninmismakina.com\/wp-content\/uploads\/2021\/12\/hb-therm-thermo-6-5-1130x678.jpg\" width=\"1130\" height=\"678\" alt=\"hb-therm-thermo-6-5\" title=\"hb-therm-thermo-6-5\" \/><\/a><\/div><\/div><div class=\"vc_item\"><div class=\"vc_inner\"><a class=\"prettyphoto\" href=\"https:\/\/www.taninmismakina.com\/wp-content\/uploads\/2021\/12\/hb-therm-thermo-6-4-1024x614.jpg\" data-rel=\"prettyPhoto[rel-5026-3504657965]\"><img loading=\"lazy\" decoding=\"async\" class=\"\" src=\"https:\/\/www.taninmismakina.com\/wp-content\/uploads\/2021\/12\/hb-therm-thermo-6-4-1130x678.jpg\" width=\"1130\" height=\"678\" alt=\"hb-therm-thermo-6-4\" title=\"hb-therm-thermo-6-4\" \/><\/a><\/div><\/div><div class=\"vc_item\"><div class=\"vc_inner\"><a class=\"prettyphoto\" href=\"https:\/\/www.taninmismakina.com\/wp-content\/uploads\/2021\/12\/hb-therm-thermo-6-3-1024x614.jpg\" data-rel=\"prettyPhoto[rel-5026-3504657965]\"><img loading=\"lazy\" decoding=\"async\" class=\"\" src=\"https:\/\/www.taninmismakina.com\/wp-content\/uploads\/2021\/12\/hb-therm-thermo-6-3-1130x678.jpg\" width=\"1130\" height=\"678\" alt=\"hb-therm-thermo-6-3\" title=\"hb-therm-thermo-6-3\" \/><\/a><\/div><\/div><div class=\"vc_item\"><div class=\"vc_inner\"><a class=\"prettyphoto\" href=\"https:\/\/www.taninmismakina.com\/wp-content\/uploads\/2021\/12\/hb-therm-thermo-6-2-1024x614.jpg\" data-rel=\"prettyPhoto[rel-5026-3504657965]\"><img loading=\"lazy\" decoding=\"async\" class=\"\" src=\"https:\/\/www.taninmismakina.com\/wp-content\/uploads\/2021\/12\/hb-therm-thermo-6-2-1130x678.jpg\" width=\"1130\" height=\"678\" alt=\"hb-therm-thermo-6-2\" title=\"hb-therm-thermo-6-2\" \/><\/a><\/div><\/div><\/div><\/div><\/div><a class=\"vc_left vc_carousel-control\" href=\"#vc_images-carousel-1-1778247608\" data-slide=\"prev\"><span class=\"icon-prev\"><\/span><\/a><a class=\"vc_right vc_carousel-control\" href=\"#vc_images-carousel-1-1778247608\" data-slide=\"next\"><span class=\"icon-next\"><\/span><\/a><\/div><\/div><\/div><\/div><\/div><\/div><\/div><div class=\"vc_row wpb_row vc_row-fluid\"><div class=\"wpb_column vc_column_container vc_col-sm-12\"><div class=\"vc_column-inner\"><div class=\"wpb_wrapper\"><div class=\"vc_row wpb_row vc_inner vc_row-fluid\"><div class=\"wpb_column vc_column_container vc_col-sm-6\"><div class=\"vc_column-inner\"><div class=\"wpb_wrapper\"><h3 style=\"text-align: left\" class=\"vc_custom_heading\" >Pure energy efficiency<\/h3>\n\t<div class=\"wpb_text_column wpb_content_element\" >\n\t\t<div class=\"wpb_wrapper\">\n\t\t\t<p>Speed-controlled pump as standard underlines our commitment to the environment. The Energy-Control wizard guides the user to the optimum operating point. 20 % higher efficiency with new exclusive Direct-Drive pump.<\/p>\n\n\t\t<\/div>\n\t<\/div>\n<\/div><\/div><\/div><div class=\"wpb_column vc_column_container vc_col-sm-6\"><div class=\"vc_column-inner\"><div class=\"wpb_wrapper\"><h3 style=\"text-align: left\" class=\"vc_custom_heading\" >Brilliant touch screen<\/h3>\n\t<div class=\"wpb_text_column wpb_content_element\" >\n\t\t<div class=\"wpb_wrapper\">\n\t\t\t<p>You will master the unit in just 10 minutes. The simple control and the clear touch screen come with the expert system that provides assistance, warnings, reports and optimizes unit operation.<\/p>\n\n\t\t<\/div>\n\t<\/div>\n<\/div><\/div><\/div><\/div><div class=\"vc_row wpb_row vc_inner vc_row-fluid\"><div class=\"wpb_column vc_column_container vc_col-sm-6\"><div class=\"vc_column-inner\"><div class=\"wpb_wrapper\"><h3 style=\"text-align: left\" class=\"vc_custom_heading\" >Intelligently networked<\/h3>\n\t<div class=\"wpb_text_column wpb_content_element\" >\n\t\t<div class=\"wpb_wrapper\">\n\t\t\t<p>Ethernet (OPC UA) is standard for us. The forward-looking hardware and software architecture gives you access to the digital world.<\/p>\n\n\t\t<\/div>\n\t<\/div>\n<\/div><\/div><\/div><div class=\"wpb_column vc_column_container vc_col-sm-6\"><div class=\"vc_column-inner\"><div class=\"wpb_wrapper\"><h3 style=\"text-align: left\" class=\"vc_custom_heading\" >Control, analyse and manage \u2013 all at once<\/h3>\n\t<div class=\"wpb_text_column wpb_content_element\" >\n\t\t<div class=\"wpb_wrapper\">\n\t\t\t<p>Process data recording, unit history, unit-specific documents such as certificates, calibration data, operating and assembly instructions \u2013 everything is displayed quickly and clearly.<\/p>\n\n\t\t<\/div>\n\t<\/div>\n<\/div><\/div><\/div><\/div><div class=\"vc_row wpb_row vc_inner vc_row-fluid\"><div class=\"wpb_column vc_column_container vc_col-sm-6\"><div class=\"vc_column-inner\"><div class=\"wpb_wrapper\"><h3 style=\"text-align: left\" class=\"vc_custom_heading\" >No failures. Ultra-low maintenance<\/h3>\n\t<div class=\"wpb_text_column wpb_content_element\" >\n\t\t<div class=\"wpb_wrapper\">\n\t\t\t<p>We have consistently developed the unit by building on the proven technology of Thermo-5. The low maintenance requirements also make the Thermo-6 attractive in terms of upkeep.<\/p>\n\n\t\t<\/div>\n\t<\/div>\n<\/div><\/div><\/div><div class=\"wpb_column vc_column_container vc_col-sm-6\"><div class=\"vc_column-inner\"><div class=\"wpb_wrapper\"><h3 style=\"text-align: left\" class=\"vc_custom_heading\" >Unrivalled<\/h3>\n\t<div class=\"wpb_text_column wpb_content_element\" >\n\t\t<div class=\"wpb_wrapper\">\n\t\t\t<p>Lifetime warranty on heating and flow meter.<\/p>\n\n\t\t<\/div>\n\t<\/div>\n<\/div><\/div><\/div><\/div><div class=\"vc_row wpb_row vc_inner vc_row-fluid\"><div class=\"wpb_column vc_column_container vc_col-sm-6\"><div class=\"vc_column-inner\"><div class=\"wpb_wrapper\"><h3 style=\"text-align: left\" class=\"vc_custom_heading\" >Passion<\/h3>\n\t<div class=\"wpb_text_column wpb_content_element\" >\n\t\t<div class=\"wpb_wrapper\">\n\t\t\t<p>We have put all our expertise, ingenuity and passion into the new Thermo-6. For even better performance.<\/p>\n\n\t\t<\/div>\n\t<\/div>\n<\/div><\/div><\/div><div class=\"wpb_column vc_column_container vc_col-sm-6\"><div class=\"vc_column-inner\"><div class=\"wpb_wrapper\"><\/div><\/div><\/div><\/div><\/div><\/div><\/div><\/div><div class=\"vc_row wpb_row vc_row-fluid\"><div class=\"wpb_column vc_column_container vc_col-sm-12\"><div class=\"vc_column-inner\"><div class=\"wpb_wrapper\"><div class=\"vc_separator wpb_content_element vc_separator_align_center vc_sep_width_100 vc_sep_dashed vc_sep_pos_align_center vc_separator_no_text vc_sep_color_grey\" ><span class=\"vc_sep_holder vc_sep_holder_l\"><span  class=\"vc_sep_line\"><\/span><\/span><span class=\"vc_sep_holder vc_sep_holder_r\"><span  class=\"vc_sep_line\"><\/span><\/span>\n<\/div><\/div><\/div><\/div><\/div><div class=\"vc_row wpb_row vc_row-fluid\"><div class=\"wpb_column vc_column_container vc_col-sm-6 vc_col-has-fill\"><div class=\"vc_column-inner vc_custom_1640157483436\"><div class=\"wpb_wrapper\">\n\t<div  class=\"wpb_single_image wpb_content_element vc_align_left\">\n\t\t\n\t\t<figure class=\"wpb_wrapper vc_figure\">\n\t\t\t<a href=\"https:\/\/www.taninmismakina.com\/documents\/thermo-6-katalog-2024.pdf\" target=\"_blank\" class=\"vc_single_image-wrapper   vc_box_border_grey\"><img loading=\"lazy\" decoding=\"async\" width=\"424\" height=\"424\" src=\"https:\/\/www.taninmismakina.com\/wp-content\/uploads\/2021\/12\/thermo-6-catalog-download-1.png\" class=\"vc_single_image-img attachment-full\" alt=\"\" srcset=\"https:\/\/www.taninmismakina.com\/wp-content\/uploads\/2021\/12\/thermo-6-catalog-download-1.png 424w, https:\/\/www.taninmismakina.com\/wp-content\/uploads\/2021\/12\/thermo-6-catalog-download-1-300x300.png 300w, https:\/\/www.taninmismakina.com\/wp-content\/uploads\/2021\/12\/thermo-6-catalog-download-1-150x150.png 150w, https:\/\/www.taninmismakina.com\/wp-content\/uploads\/2021\/12\/thermo-6-catalog-download-1-12x12.png 12w\" sizes=\"auto, (max-width: 424px) 100vw, 424px\" \/><\/a>\n\t\t<\/figure>\n\t<\/div>\n<\/div><\/div><\/div><div class=\"wpb_column vc_column_container vc_col-sm-6\"><div class=\"vc_column-inner\"><div class=\"wpb_wrapper\"><\/div><\/div><\/div><\/div>","protected":false},"excerpt":{"rendered":"Thermo-6 s\u0131cakl\u0131k kontrol \u00fcnitelerinin teknolojisi, son derece ba\u015far\u0131l\u0131 Thermo-5 serisinin \u00fczerine in\u015fa edilmi\u015ftir. HB-Therm, 100.000'den fazla \u00fcnitenin kullan\u0131m\u0131yla k\u00fcresel pazar&nbsp;<a href=\"https:\/\/www.taninmismakina.com\/en\/thermo-6\/\">[&hellip;]<\/a>","protected":false},"author":1,"featured_media":0,"parent":0,"menu_order":0,"comment_status":"closed","ping_status":"closed","template":"template-fullwidth.php","meta":{"footnotes":""},"class_list":["post-5026","page","type-page","status-publish","hentry"],"yoast_head":"<!-- This site is optimized with the Yoast SEO plugin v22.9 - https:\/\/yoast.com\/wordpress\/plugins\/seo\/ -->\n<title>Thermo 6 - Tan\u0131nm\u0131\u015f Makina<\/title>\n<meta name=\"robots\" content=\"index, follow, max-snippet:-1, max-image-preview:large, max-video-preview:-1\" \/>\n<link rel=\"canonical\" href=\"https:\/\/www.taninmismakina.com\/en\/thermo-6\/\" \/>\n<meta property=\"og:locale\" content=\"en_US\" \/>\n<meta property=\"og:type\" content=\"article\" \/>\n<meta property=\"og:title\" content=\"Thermo 6 - Tan\u0131nm\u0131\u015f Makina\" \/>\n<meta property=\"og:url\" content=\"https:\/\/www.taninmismakina.com\/en\/thermo-6\/\" \/>\n<meta property=\"og:site_name\" content=\"Tan\u0131nm\u0131\u015f Makina\" \/>\n<meta property=\"article:modified_time\" content=\"2024-06-29T11:10:38+00:00\" \/>\n<meta name=\"twitter:card\" content=\"summary_large_image\" \/>\n<meta name=\"twitter:label1\" content=\"Est. reading time\" \/>\n\t<meta name=\"twitter:data1\" content=\"2 minutes\" \/>\n<script type=\"application\/ld+json\" class=\"yoast-schema-graph\">{\"@context\":\"https:\/\/schema.org\",\"@graph\":[{\"@type\":\"WebPage\",\"@id\":\"https:\/\/www.taninmismakina.com\/thermo-6\/\",\"url\":\"https:\/\/www.taninmismakina.com\/thermo-6\/\",\"name\":\"Thermo 6 - Tan\u0131nm\u0131\u015f Makina\",\"isPartOf\":{\"@id\":\"https:\/\/www.taninmismakina.com\/#website\"},\"datePublished\":\"2021-12-22T06:30:39+00:00\",\"dateModified\":\"2024-06-29T11:10:38+00:00\",\"breadcrumb\":{\"@id\":\"https:\/\/www.taninmismakina.com\/thermo-6\/#breadcrumb\"},\"inLanguage\":\"en-US\",\"potentialAction\":[{\"@type\":\"ReadAction\",\"target\":[\"https:\/\/www.taninmismakina.com\/thermo-6\/\"]}]},{\"@type\":\"BreadcrumbList\",\"@id\":\"https:\/\/www.taninmismakina.com\/thermo-6\/#breadcrumb\",\"itemListElement\":[{\"@type\":\"ListItem\",\"position\":1,\"name\":\"Home\",\"item\":\"https:\/\/www.taninmismakina.com\/\"},{\"@type\":\"ListItem\",\"position\":2,\"name\":\"Thermo 6\"}]},{\"@type\":\"WebSite\",\"@id\":\"https:\/\/www.taninmismakina.com\/#website\",\"url\":\"https:\/\/www.taninmismakina.com\/\",\"name\":\"Tan\u0131nm\u0131\u015f Makina\",\"description\":\"Is\u0131tma ve So\u011futma Sistemleri\",\"potentialAction\":[{\"@type\":\"SearchAction\",\"target\":{\"@type\":\"EntryPoint\",\"urlTemplate\":\"https:\/\/www.taninmismakina.com\/?s={search_term_string}\"},\"query-input\":\"required name=search_term_string\"}],\"inLanguage\":\"en-US\"}]}<\/script>\n<!-- \/ Yoast SEO plugin. -->","yoast_head_json":{"title":"Thermo 6 - Tan\u0131nm\u0131\u015f Makina","robots":{"index":"index","follow":"follow","max-snippet":"max-snippet:-1","max-image-preview":"max-image-preview:large","max-video-preview":"max-video-preview:-1"},"canonical":"https:\/\/www.taninmismakina.com\/en\/thermo-6\/","og_locale":"en_US","og_type":"article","og_title":"Thermo 6 - Tan\u0131nm\u0131\u015f Makina","og_url":"https:\/\/www.taninmismakina.com\/en\/thermo-6\/","og_site_name":"Tan\u0131nm\u0131\u015f Makina","article_modified_time":"2024-06-29T11:10:38+00:00","twitter_card":"summary_large_image","twitter_misc":{"Est. reading time":"2 minutes"},"schema":{"@context":"https:\/\/schema.org","@graph":[{"@type":"WebPage","@id":"https:\/\/www.taninmismakina.com\/thermo-6\/","url":"https:\/\/www.taninmismakina.com\/thermo-6\/","name":"Thermo 6 - Tan\u0131nm\u0131\u015f Makina","isPartOf":{"@id":"https:\/\/www.taninmismakina.com\/#website"},"datePublished":"2021-12-22T06:30:39+00:00","dateModified":"2024-06-29T11:10:38+00:00","breadcrumb":{"@id":"https:\/\/www.taninmismakina.com\/thermo-6\/#breadcrumb"},"inLanguage":"en-US","potentialAction":[{"@type":"ReadAction","target":["https:\/\/www.taninmismakina.com\/thermo-6\/"]}]},{"@type":"BreadcrumbList","@id":"https:\/\/www.taninmismakina.com\/thermo-6\/#breadcrumb","itemListElement":[{"@type":"ListItem","position":1,"name":"Home","item":"https:\/\/www.taninmismakina.com\/"},{"@type":"ListItem","position":2,"name":"Thermo 6"}]},{"@type":"WebSite","@id":"https:\/\/www.taninmismakina.com\/#website","url":"https:\/\/www.taninmismakina.com\/","name":"Tan\u0131nm\u0131\u015f Makina","description":"Is\u0131tma ve So\u011futma Sistemleri","potentialAction":[{"@type":"SearchAction","target":{"@type":"EntryPoint","urlTemplate":"https:\/\/www.taninmismakina.com\/?s={search_term_string}"},"query-input":"required name=search_term_string"}],"inLanguage":"en-US"}]}},"_links":{"self":[{"href":"https:\/\/www.taninmismakina.com\/en\/wp-json\/wp\/v2\/pages\/5026","targetHints":{"allow":["GET"]}}],"collection":[{"href":"https:\/\/www.taninmismakina.com\/en\/wp-json\/wp\/v2\/pages"}],"about":[{"href":"https:\/\/www.taninmismakina.com\/en\/wp-json\/wp\/v2\/types\/page"}],"author":[{"embeddable":true,"href":"https:\/\/www.taninmismakina.com\/en\/wp-json\/wp\/v2\/users\/1"}],"replies":[{"embeddable":true,"href":"https:\/\/www.taninmismakina.com\/en\/wp-json\/wp\/v2\/comments?post=5026"}],"version-history":[{"count":30,"href":"https:\/\/www.taninmismakina.com\/en\/wp-json\/wp\/v2\/pages\/5026\/revisions"}],"predecessor-version":[{"id":5624,"href":"https:\/\/www.taninmismakina.com\/en\/wp-json\/wp\/v2\/pages\/5026\/revisions\/5624"}],"wp:attachment":[{"href":"https:\/\/www.taninmismakina.com\/en\/wp-json\/wp\/v2\/media?parent=5026"}],"curies":[{"name":"wp","href":"https:\/\/api.w.org\/{rel}","templated":true}]}}