{"id":5061,"date":"2021-12-22T11:03:29","date_gmt":"2021-12-22T08:03:29","guid":{"rendered":"https:\/\/www.taninmismakina.com\/?page_id=5061"},"modified":"2024-06-29T14:08:06","modified_gmt":"2024-06-29T11:08:06","slug":"thermo-5","status":"publish","type":"page","link":"https:\/\/www.taninmismakina.com\/en\/thermo-5\/","title":{"rendered":"Thermo-5"},"content":{"rendered":"<div class=\"vc_row wpb_row vc_row-fluid\"><div class=\"wpb_column vc_column_container vc_col-sm-12\"><div class=\"vc_column-inner\"><div class=\"wpb_wrapper\">\n\t<div  class=\"wpb_single_image wpb_content_element vc_align_left\">\n\t\t\n\t\t<figure class=\"wpb_wrapper vc_figure\">\n\t\t\t<div class=\"vc_single_image-wrapper   vc_box_border_grey\"><img loading=\"lazy\" decoding=\"async\" width=\"1130\" height=\"360\" src=\"https:\/\/www.taninmismakina.com\/wp-content\/uploads\/2021\/10\/hb-therm-fabrika-1.png\" class=\"vc_single_image-img attachment-full\" alt=\"\" srcset=\"https:\/\/www.taninmismakina.com\/wp-content\/uploads\/2021\/10\/hb-therm-fabrika-1.png 1130w, https:\/\/www.taninmismakina.com\/wp-content\/uploads\/2021\/10\/hb-therm-fabrika-1-300x96.png 300w, https:\/\/www.taninmismakina.com\/wp-content\/uploads\/2021\/10\/hb-therm-fabrika-1-1024x326.png 1024w, https:\/\/www.taninmismakina.com\/wp-content\/uploads\/2021\/10\/hb-therm-fabrika-1-768x245.png 768w, https:\/\/www.taninmismakina.com\/wp-content\/uploads\/2021\/10\/hb-therm-fabrika-1-18x6.png 18w, https:\/\/www.taninmismakina.com\/wp-content\/uploads\/2021\/10\/hb-therm-fabrika-1-150x48.png 150w\" sizes=\"auto, (max-width: 1130px) 100vw, 1130px\" \/><\/div>\n\t\t<\/figure>\n\t<\/div>\n<\/div><\/div><\/div><\/div><div class=\"vc_row wpb_row vc_row-fluid\"><div class=\"wpb_column vc_column_container vc_col-sm-12\"><div class=\"vc_column-inner\"><div class=\"wpb_wrapper\">\n\t<div class=\"wpb_text_column wpb_content_element\" >\n\t\t<div class=\"wpb_wrapper\">\n\t\t\t<p>As a world leading manufacturer of temperature control equipment, HB-Therm AG has developed and produced innovative temperature control technology that meet the highest quality standards since 1967. With comprehensive expertise and a motivated workforce, the company has gained recognition as a technology leader in the industry.<\/p>\n<p><em><strong>As Tan\u0131nm\u0131\u015f Makine we have been working together for many years. We are the only authorized distributor of Turkey.<\/strong><\/em><\/p>\n<p>HB-Therm website: <a href=\"https:\/\/www.hb-therm.com\/\" target=\"_blank\" rel=\"noopener\">www.hb-therm.com<\/a><\/p>\n\n\t\t<\/div>\n\t<\/div>\n<\/div><\/div><\/div><\/div><div class=\"vc_row wpb_row vc_row-fluid\"><div class=\"wpb_column vc_column_container vc_col-sm-6\"><div class=\"vc_column-inner\"><div class=\"wpb_wrapper\"><div class=\"vc_empty_space\"   style=\"height: 32px\"><span class=\"vc_empty_space_inner\"><\/span><\/div>\n\t<div  class=\"wpb_single_image wpb_content_element vc_align_center\">\n\t\t\n\t\t<figure class=\"wpb_wrapper vc_figure\">\n\t\t\t<div class=\"vc_single_image-wrapper   vc_box_border_grey\"><img loading=\"lazy\" decoding=\"async\" width=\"550\" height=\"505\" src=\"https:\/\/www.taninmismakina.com\/wp-content\/uploads\/2021\/01\/HB-THERM-Thermo-5-1.jpg\" class=\"vc_single_image-img attachment-full\" alt=\"\" srcset=\"https:\/\/www.taninmismakina.com\/wp-content\/uploads\/2021\/01\/HB-THERM-Thermo-5-1.jpg 550w, https:\/\/www.taninmismakina.com\/wp-content\/uploads\/2021\/01\/HB-THERM-Thermo-5-1-300x275.jpg 300w, https:\/\/www.taninmismakina.com\/wp-content\/uploads\/2021\/01\/HB-THERM-Thermo-5-1-150x138.jpg 150w\" sizes=\"auto, (max-width: 550px) 100vw, 550px\" \/><\/div>\n\t\t<\/figure>\n\t<\/div>\n<\/div><\/div><\/div><div class=\"wpb_column vc_column_container vc_col-sm-6\"><div class=\"vc_column-inner\"><div class=\"wpb_wrapper\"><div class=\"vc_empty_space\"   style=\"height: 96px\"><span class=\"vc_empty_space_inner\"><\/span><\/div>\n\t<div class=\"wpb_text_column wpb_content_element\" >\n\t\t<div class=\"wpb_wrapper\">\n\t\t\t<p style=\"font-weight: 400; text-align: center;\"><strong>HEAT CONTROL UNITS THERMO-5<\/strong><\/p>\n<p style=\"text-align: center;\">Regulated mould temperatures are essential for plastics injection moulding. Temperature control units regulate mould temperatures through a liquid heat carrier by controlled inducing or dissipating of heat. Thermo-5 units provide efficient and reliable operation and are used to control temperatures in injection moulding or similar processes.<\/p>\n\n\t\t<\/div>\n\t<\/div>\n<div class=\"vc_separator wpb_content_element vc_separator_align_center vc_sep_width_50 vc_sep_pos_align_center vc_separator_no_text\" ><span class=\"vc_sep_holder vc_sep_holder_l\"><span  style=\"border-color:#e40035;\" class=\"vc_sep_line\"><\/span><\/span><span class=\"vc_sep_holder vc_sep_holder_r\"><span  style=\"border-color:#e40035;\" class=\"vc_sep_line\"><\/span><\/span>\n<\/div><div class=\"vc_btn3-container vc_btn3-center\" ><a onmouseleave=\"this.style.borderColor='#e40035'; this.style.backgroundColor='transparent'; this.style.color='#e40035'\" onmouseenter=\"this.style.borderColor='#000000'; this.style.backgroundColor='#000000'; this.style.color='#ffffff';\" style=\"border-color:#e40035; color:#e40035;\" class=\"vc_general vc_btn3 vc_btn3-size-md vc_btn3-shape-rounded vc_btn3-style-outline-custom vc_btn3-icon-right\" href=\"https:\/\/www.taninmismakina.com\/documents\/thermo-5-katalog-2024.pdf\" title=\"\" target=\"_blank\">Download Catalog <i class=\"vc_btn3-icon far fa-arrow-alt-circle-down\"><\/i><\/a><\/div><\/div><\/div><\/div><\/div><div class=\"vc_row wpb_row vc_row-fluid\"><div class=\"wpb_column vc_column_container vc_col-sm-12\"><div class=\"vc_column-inner\"><div class=\"wpb_wrapper\"><div class=\"vc_separator wpb_content_element vc_separator_align_center vc_sep_width_100 vc_sep_pos_align_center vc_separator_no_text vc_sep_color_grey\" ><span class=\"vc_sep_holder vc_sep_holder_l\"><span  class=\"vc_sep_line\"><\/span><\/span><span class=\"vc_sep_holder vc_sep_holder_r\"><span  class=\"vc_sep_line\"><\/span><\/span>\n<\/div><\/div><\/div><\/div><\/div><div class=\"vc_row wpb_row vc_row-fluid\"><div class=\"wpb_column vc_column_container vc_col-sm-12\"><div class=\"vc_column-inner\"><div class=\"wpb_wrapper\"><div class=\"vc_row wpb_row vc_inner vc_row-fluid\"><div class=\"wpb_column vc_column_container vc_col-sm-6\"><div class=\"vc_column-inner\"><div class=\"wpb_wrapper\">\n\t<div class=\"wpb_text_column wpb_content_element\" >\n\t\t<div class=\"wpb_wrapper\">\n\t\t\t<h3>Precise, powerful and efficient<\/h3>\n\n\t\t<\/div>\n\t<\/div>\n\n\t<div class=\"wpb_text_column wpb_content_element\" >\n\t\t<div class=\"wpb_wrapper\">\n\t\t\t<ul>\n<li>Highly accurate temperature control<\/li>\n<li>Short heating and cooling times<\/li>\n<li>Uses lower heating and cooling energy<\/li>\n<li>Energy saving pump<\/li>\n<\/ul>\n\n\t\t<\/div>\n\t<\/div>\n<\/div><\/div><\/div><div class=\"wpb_column vc_column_container vc_col-sm-6\"><div class=\"vc_column-inner\"><div class=\"wpb_wrapper\">\n\t<div class=\"wpb_text_column wpb_content_element\" >\n\t\t<div class=\"wpb_wrapper\">\n\t\t\t<h3>Safe, reliable and low on maintenance<\/h3>\n\n\t\t<\/div>\n\t<\/div>\n\n\t<div class=\"wpb_text_column wpb_content_element\" >\n\t\t<div class=\"wpb_wrapper\">\n\t\t\t<ul>\n<li>Fully automated process monitoring<\/li>\n<li>Durable construction<\/li>\n<li>Improved protection for the mould<\/li>\n<\/ul>\n\n\t\t<\/div>\n\t<\/div>\n<\/div><\/div><\/div><\/div><div class=\"vc_row wpb_row vc_inner vc_row-fluid\"><div class=\"wpb_column vc_column_container vc_col-sm-6\"><div class=\"vc_column-inner\"><div class=\"wpb_wrapper\">\n\t<div class=\"wpb_text_column wpb_content_element\" >\n\t\t<div class=\"wpb_wrapper\">\n\t\t\t<h3>Easy, intelligent and convenient<\/h3>\n\n\t\t<\/div>\n\t<\/div>\n\n\t<div class=\"wpb_text_column wpb_content_element\" >\n\t\t<div class=\"wpb_wrapper\">\n\t\t\t<ul>\n<li>Simple operation<\/li>\n<li>Bright display<\/li>\n<li>Convenient functions<\/li>\n<\/ul>\n\n\t\t<\/div>\n\t<\/div>\n<\/div><\/div><\/div><div class=\"wpb_column vc_column_container vc_col-sm-6\"><div class=\"vc_column-inner\"><div class=\"wpb_wrapper\">\n\t<div class=\"wpb_text_column wpb_content_element\" >\n\t\t<div class=\"wpb_wrapper\">\n\t\t\t<h3>Small, clean and quiet<\/h3>\n\n\t\t<\/div>\n\t<\/div>\n\n\t<div class=\"wpb_text_column wpb_content_element\" >\n\t\t<div class=\"wpb_wrapper\">\n\t\t\t<ul>\n<li>Squeezes into almost everywhere<\/li>\n<li>Can also be used in a clean room<\/li>\n<li>Draws attention only when necessary<\/li>\n<\/ul>\n\n\t\t<\/div>\n\t<\/div>\n<\/div><\/div><\/div><\/div><\/div><\/div><\/div><\/div><div class=\"vc_row wpb_row vc_row-fluid\"><div class=\"wpb_column vc_column_container vc_col-sm-12\"><div class=\"vc_column-inner\"><div class=\"wpb_wrapper\">\n\t<div  class=\"wpb_single_image wpb_content_element vc_align_left\">\n\t\t\n\t\t<figure class=\"wpb_wrapper vc_figure\">\n\t\t\t<div class=\"vc_single_image-wrapper   vc_box_border_grey\"><img loading=\"lazy\" decoding=\"async\" width=\"1920\" height=\"768\" src=\"https:\/\/www.taninmismakina.com\/wp-content\/uploads\/2024\/06\/hb-therm-thermo-5-2024-1.jpg\" class=\"vc_single_image-img attachment-full\" alt=\"\" srcset=\"https:\/\/www.taninmismakina.com\/wp-content\/uploads\/2024\/06\/hb-therm-thermo-5-2024-1.jpg 1920w, https:\/\/www.taninmismakina.com\/wp-content\/uploads\/2024\/06\/hb-therm-thermo-5-2024-1-300x120.jpg 300w, https:\/\/www.taninmismakina.com\/wp-content\/uploads\/2024\/06\/hb-therm-thermo-5-2024-1-1024x410.jpg 1024w, https:\/\/www.taninmismakina.com\/wp-content\/uploads\/2024\/06\/hb-therm-thermo-5-2024-1-768x307.jpg 768w, https:\/\/www.taninmismakina.com\/wp-content\/uploads\/2024\/06\/hb-therm-thermo-5-2024-1-1536x614.jpg 1536w, https:\/\/www.taninmismakina.com\/wp-content\/uploads\/2024\/06\/hb-therm-thermo-5-2024-1-18x7.jpg 18w, https:\/\/www.taninmismakina.com\/wp-content\/uploads\/2024\/06\/hb-therm-thermo-5-2024-1-150x60.jpg 150w\" sizes=\"auto, (max-width: 1920px) 100vw, 1920px\" \/><\/div>\n\t\t<\/figure>\n\t<\/div>\n<\/div><\/div><\/div><\/div>","protected":false},"excerpt":{"rendered":"Is\u0131 kontrol cihazlar\u0131nda bir d\u00fcnya markas\u0131 olan HB-THERM 1967\u2019den beri \u0130svi\u00e7re\u2019de y\u00fcksek kaliteli ve inovatif cihazlar \u00fcretmektedir. T\u00fcrkiye\u2019de de bir\u00e7ok&nbsp;<a href=\"https:\/\/www.taninmismakina.com\/en\/thermo-5\/\">[&hellip;]<\/a>","protected":false},"author":1,"featured_media":0,"parent":0,"menu_order":0,"comment_status":"closed","ping_status":"closed","template":"template-fullwidth.php","meta":{"footnotes":""},"class_list":["post-5061","page","type-page","status-publish","hentry"],"yoast_head":"<!-- This site is optimized with the Yoast SEO plugin v22.9 - https:\/\/yoast.com\/wordpress\/plugins\/seo\/ -->\n<title>Thermo-5 - Tan\u0131nm\u0131\u015f Makina<\/title>\n<meta name=\"robots\" content=\"index, follow, max-snippet:-1, max-image-preview:large, max-video-preview:-1\" \/>\n<link rel=\"canonical\" href=\"https:\/\/www.taninmismakina.com\/en\/thermo-5\/\" \/>\n<meta property=\"og:locale\" content=\"en_US\" \/>\n<meta property=\"og:type\" content=\"article\" \/>\n<meta property=\"og:title\" content=\"Thermo-5 - Tan\u0131nm\u0131\u015f Makina\" \/>\n<meta property=\"og:url\" content=\"https:\/\/www.taninmismakina.com\/en\/thermo-5\/\" \/>\n<meta property=\"og:site_name\" content=\"Tan\u0131nm\u0131\u015f Makina\" \/>\n<meta property=\"article:modified_time\" content=\"2024-06-29T11:08:06+00:00\" \/>\n<meta name=\"twitter:card\" content=\"summary_large_image\" \/>\n<meta name=\"twitter:label1\" content=\"Est. reading time\" \/>\n\t<meta name=\"twitter:data1\" content=\"2 minutes\" \/>\n<script type=\"application\/ld+json\" class=\"yoast-schema-graph\">{\"@context\":\"https:\/\/schema.org\",\"@graph\":[{\"@type\":\"WebPage\",\"@id\":\"https:\/\/www.taninmismakina.com\/thermo-5\/\",\"url\":\"https:\/\/www.taninmismakina.com\/thermo-5\/\",\"name\":\"Thermo-5 - Tan\u0131nm\u0131\u015f Makina\",\"isPartOf\":{\"@id\":\"https:\/\/www.taninmismakina.com\/#website\"},\"datePublished\":\"2021-12-22T08:03:29+00:00\",\"dateModified\":\"2024-06-29T11:08:06+00:00\",\"breadcrumb\":{\"@id\":\"https:\/\/www.taninmismakina.com\/thermo-5\/#breadcrumb\"},\"inLanguage\":\"en-US\",\"potentialAction\":[{\"@type\":\"ReadAction\",\"target\":[\"https:\/\/www.taninmismakina.com\/thermo-5\/\"]}]},{\"@type\":\"BreadcrumbList\",\"@id\":\"https:\/\/www.taninmismakina.com\/thermo-5\/#breadcrumb\",\"itemListElement\":[{\"@type\":\"ListItem\",\"position\":1,\"name\":\"Home\",\"item\":\"https:\/\/www.taninmismakina.com\/\"},{\"@type\":\"ListItem\",\"position\":2,\"name\":\"Thermo-5\"}]},{\"@type\":\"WebSite\",\"@id\":\"https:\/\/www.taninmismakina.com\/#website\",\"url\":\"https:\/\/www.taninmismakina.com\/\",\"name\":\"Tan\u0131nm\u0131\u015f Makina\",\"description\":\"Is\u0131tma ve So\u011futma Sistemleri\",\"potentialAction\":[{\"@type\":\"SearchAction\",\"target\":{\"@type\":\"EntryPoint\",\"urlTemplate\":\"https:\/\/www.taninmismakina.com\/?s={search_term_string}\"},\"query-input\":\"required name=search_term_string\"}],\"inLanguage\":\"en-US\"}]}<\/script>\n<!-- \/ Yoast SEO plugin. -->","yoast_head_json":{"title":"Thermo-5 - Tan\u0131nm\u0131\u015f Makina","robots":{"index":"index","follow":"follow","max-snippet":"max-snippet:-1","max-image-preview":"max-image-preview:large","max-video-preview":"max-video-preview:-1"},"canonical":"https:\/\/www.taninmismakina.com\/en\/thermo-5\/","og_locale":"en_US","og_type":"article","og_title":"Thermo-5 - Tan\u0131nm\u0131\u015f Makina","og_url":"https:\/\/www.taninmismakina.com\/en\/thermo-5\/","og_site_name":"Tan\u0131nm\u0131\u015f Makina","article_modified_time":"2024-06-29T11:08:06+00:00","twitter_card":"summary_large_image","twitter_misc":{"Est. reading time":"2 minutes"},"schema":{"@context":"https:\/\/schema.org","@graph":[{"@type":"WebPage","@id":"https:\/\/www.taninmismakina.com\/thermo-5\/","url":"https:\/\/www.taninmismakina.com\/thermo-5\/","name":"Thermo-5 - Tan\u0131nm\u0131\u015f Makina","isPartOf":{"@id":"https:\/\/www.taninmismakina.com\/#website"},"datePublished":"2021-12-22T08:03:29+00:00","dateModified":"2024-06-29T11:08:06+00:00","breadcrumb":{"@id":"https:\/\/www.taninmismakina.com\/thermo-5\/#breadcrumb"},"inLanguage":"en-US","potentialAction":[{"@type":"ReadAction","target":["https:\/\/www.taninmismakina.com\/thermo-5\/"]}]},{"@type":"BreadcrumbList","@id":"https:\/\/www.taninmismakina.com\/thermo-5\/#breadcrumb","itemListElement":[{"@type":"ListItem","position":1,"name":"Home","item":"https:\/\/www.taninmismakina.com\/"},{"@type":"ListItem","position":2,"name":"Thermo-5"}]},{"@type":"WebSite","@id":"https:\/\/www.taninmismakina.com\/#website","url":"https:\/\/www.taninmismakina.com\/","name":"Tan\u0131nm\u0131\u015f Makina","description":"Is\u0131tma ve So\u011futma Sistemleri","potentialAction":[{"@type":"SearchAction","target":{"@type":"EntryPoint","urlTemplate":"https:\/\/www.taninmismakina.com\/?s={search_term_string}"},"query-input":"required name=search_term_string"}],"inLanguage":"en-US"}]}},"_links":{"self":[{"href":"https:\/\/www.taninmismakina.com\/en\/wp-json\/wp\/v2\/pages\/5061","targetHints":{"allow":["GET"]}}],"collection":[{"href":"https:\/\/www.taninmismakina.com\/en\/wp-json\/wp\/v2\/pages"}],"about":[{"href":"https:\/\/www.taninmismakina.com\/en\/wp-json\/wp\/v2\/types\/page"}],"author":[{"embeddable":true,"href":"https:\/\/www.taninmismakina.com\/en\/wp-json\/wp\/v2\/users\/1"}],"replies":[{"embeddable":true,"href":"https:\/\/www.taninmismakina.com\/en\/wp-json\/wp\/v2\/comments?post=5061"}],"version-history":[{"count":17,"href":"https:\/\/www.taninmismakina.com\/en\/wp-json\/wp\/v2\/pages\/5061\/revisions"}],"predecessor-version":[{"id":5623,"href":"https:\/\/www.taninmismakina.com\/en\/wp-json\/wp\/v2\/pages\/5061\/revisions\/5623"}],"wp:attachment":[{"href":"https:\/\/www.taninmismakina.com\/en\/wp-json\/wp\/v2\/media?parent=5061"}],"curies":[{"name":"wp","href":"https:\/\/api.w.org\/{rel}","templated":true}]}}