{"id":5211,"date":"2022-02-11T00:52:49","date_gmt":"2022-02-10T21:52:49","guid":{"rendered":"https:\/\/www.taninmismakina.com\/?page_id=5211"},"modified":"2022-02-15T14:11:30","modified_gmt":"2022-02-15T11:11:30","slug":"gt-3-gelistirilmis-enjeksiyon-makineleri","status":"publish","type":"page","link":"https:\/\/www.taninmismakina.com\/en\/lanson\/gt-3-gelistirilmis-enjeksiyon-makineleri\/","title":{"rendered":"GT-3 Geli\u015ftirilmi\u015f Enjeksiyon Makineleri"},"content":{"rendered":"<div class=\"vc_row wpb_row vc_row-fluid\"><div class=\"wpb_column vc_column_container vc_col-sm-4\"><div class=\"vc_column-inner\"><div class=\"wpb_wrapper\">\n\t<div  class=\"wpb_single_image wpb_content_element vc_align_center   urun-cerceve\">\n\t\t\n\t\t<figure class=\"wpb_wrapper vc_figure\">\n\t\t\t<a href=\"https:\/\/www.taninmismakina.com\/en\/gt-5-gelistirilmis-plastik-enjeksiyon-makinesi\/\" target=\"_blank\" class=\"vc_single_image-wrapper   vc_box_border_grey\"><img loading=\"lazy\" decoding=\"async\" width=\"550\" height=\"271\" src=\"https:\/\/www.taninmismakina.com\/wp-content\/uploads\/2022\/02\/gt5-ls200s.png\" class=\"vc_single_image-img attachment-full\" alt=\"\" srcset=\"https:\/\/www.taninmismakina.com\/wp-content\/uploads\/2022\/02\/gt5-ls200s.png 550w, https:\/\/www.taninmismakina.com\/wp-content\/uploads\/2022\/02\/gt5-ls200s-300x148.png 300w, https:\/\/www.taninmismakina.com\/wp-content\/uploads\/2022\/02\/gt5-ls200s-18x9.png 18w, https:\/\/www.taninmismakina.com\/wp-content\/uploads\/2022\/02\/gt5-ls200s-150x74.png 150w\" sizes=\"auto, (max-width: 550px) 100vw, 550px\" \/><\/a>\n\t\t<\/figure>\n\t<\/div>\n\n\t<div class=\"wpb_text_column wpb_content_element  urun-isimleri\" >\n\t\t<div class=\"wpb_wrapper\">\n\t\t\t<p>GT5-LS200S Newly Upgraded Plastic Injection Molding Machine<\/p>\n\n\t\t<\/div>\n\t<\/div>\n<div class=\"vc_empty_space\"   style=\"height: 32px\"><span class=\"vc_empty_space_inner\"><\/span><\/div>\n\t<div  class=\"wpb_single_image wpb_content_element vc_align_center   urun-cerceve\">\n\t\t\n\t\t<figure class=\"wpb_wrapper vc_figure\">\n\t\t\t<a href=\"https:\/\/www.taninmismakina.com\/en\/lanson\/tibbi-enjektor-uretimi-icin-enjeksiyon-makinesi\/\" target=\"_blank\" class=\"vc_single_image-wrapper   vc_box_border_grey\"><img loading=\"lazy\" decoding=\"async\" width=\"550\" height=\"284\" src=\"https:\/\/www.taninmismakina.com\/wp-content\/uploads\/2022\/02\/gt3-ls160r-2.jpg\" class=\"vc_single_image-img attachment-full\" alt=\"\" srcset=\"https:\/\/www.taninmismakina.com\/wp-content\/uploads\/2022\/02\/gt3-ls160r-2.jpg 550w, https:\/\/www.taninmismakina.com\/wp-content\/uploads\/2022\/02\/gt3-ls160r-2-300x155.jpg 300w, https:\/\/www.taninmismakina.com\/wp-content\/uploads\/2022\/02\/gt3-ls160r-2-18x9.jpg 18w, https:\/\/www.taninmismakina.com\/wp-content\/uploads\/2022\/02\/gt3-ls160r-2-150x77.jpg 150w\" sizes=\"auto, (max-width: 550px) 100vw, 550px\" \/><\/a>\n\t\t<\/figure>\n\t<\/div>\n\n\t<div class=\"wpb_text_column wpb_content_element  urun-isimleri\" >\n\t\t<div class=\"wpb_wrapper\">\n\t\t\t<p>Syringe Medical Injection Moulding Machine<\/p>\n\n\t\t<\/div>\n\t<\/div>\n<div class=\"vc_empty_space\"   style=\"height: 32px\"><span class=\"vc_empty_space_inner\"><\/span><\/div>\n\t<div  class=\"wpb_single_image wpb_content_element vc_align_center   urun-cerceve\">\n\t\t\n\t\t<figure class=\"wpb_wrapper vc_figure\">\n\t\t\t<a href=\"https:\/\/www.taninmismakina.com\/en\/lanson\/kablo-bagi-uretimi-icin-enjeksiyon-makinesi\/\" target=\"_blank\" class=\"vc_single_image-wrapper   vc_box_border_grey\"><img loading=\"lazy\" decoding=\"async\" width=\"550\" height=\"284\" src=\"https:\/\/www.taninmismakina.com\/wp-content\/uploads\/2022\/02\/kablo-bagi-uretimi-enjeksiyon-makinesi-2.jpg\" class=\"vc_single_image-img attachment-full\" alt=\"\" srcset=\"https:\/\/www.taninmismakina.com\/wp-content\/uploads\/2022\/02\/kablo-bagi-uretimi-enjeksiyon-makinesi-2.jpg 550w, https:\/\/www.taninmismakina.com\/wp-content\/uploads\/2022\/02\/kablo-bagi-uretimi-enjeksiyon-makinesi-2-300x155.jpg 300w, https:\/\/www.taninmismakina.com\/wp-content\/uploads\/2022\/02\/kablo-bagi-uretimi-enjeksiyon-makinesi-2-18x9.jpg 18w, https:\/\/www.taninmismakina.com\/wp-content\/uploads\/2022\/02\/kablo-bagi-uretimi-enjeksiyon-makinesi-2-150x77.jpg 150w\" sizes=\"auto, (max-width: 550px) 100vw, 550px\" \/><\/a>\n\t\t<\/figure>\n\t<\/div>\n\n\t<div class=\"wpb_text_column wpb_content_element  urun-isimleri\" >\n\t\t<div class=\"wpb_wrapper\">\n\t\t\t<p>Cable Tie Plastic Injection Moulding Machine<\/p>\n\n\t\t<\/div>\n\t<\/div>\n<\/div><\/div><\/div><div class=\"wpb_column vc_column_container vc_col-sm-4\"><div class=\"vc_column-inner\"><div class=\"wpb_wrapper\">\n\t<div  class=\"wpb_single_image wpb_content_element vc_align_center   urun-cerceve\">\n\t\t\n\t\t<figure class=\"wpb_wrapper vc_figure\">\n\t\t\t<a href=\"https:\/\/www.taninmismakina.com\/en\/lanson\/gt3-serisi-standart-sistem-plastik-enjeksiyon-makinesi\/\" target=\"_blank\" class=\"vc_single_image-wrapper   vc_box_border_grey\"><img loading=\"lazy\" decoding=\"async\" width=\"550\" height=\"271\" src=\"https:\/\/www.taninmismakina.com\/wp-content\/uploads\/2022\/02\/gt3-ls60s.png\" class=\"vc_single_image-img attachment-full\" alt=\"\" srcset=\"https:\/\/www.taninmismakina.com\/wp-content\/uploads\/2022\/02\/gt3-ls60s.png 550w, https:\/\/www.taninmismakina.com\/wp-content\/uploads\/2022\/02\/gt3-ls60s-300x148.png 300w, https:\/\/www.taninmismakina.com\/wp-content\/uploads\/2022\/02\/gt3-ls60s-18x9.png 18w, https:\/\/www.taninmismakina.com\/wp-content\/uploads\/2022\/02\/gt3-ls60s-150x74.png 150w\" sizes=\"auto, (max-width: 550px) 100vw, 550px\" \/><\/a>\n\t\t<\/figure>\n\t<\/div>\n\n\t<div class=\"wpb_text_column wpb_content_element  urun-isimleri\" >\n\t\t<div class=\"wpb_wrapper\">\n\t\t\t<p>GT3 Serie Senior Plastic Injection Moulding Machine<\/p>\n\n\t\t<\/div>\n\t<\/div>\n<div class=\"vc_empty_space\"   style=\"height: 32px\"><span class=\"vc_empty_space_inner\"><\/span><\/div>\n\t<div  class=\"wpb_single_image wpb_content_element vc_align_center   urun-cerceve\">\n\t\t\n\t\t<figure class=\"wpb_wrapper vc_figure\">\n\t\t\t<a href=\"https:\/\/www.taninmismakina.com\/en\/lanson\/plastik-kalem-uretimi-icin-enjeksiyon-makinesi\/\" target=\"_blank\" class=\"vc_single_image-wrapper   vc_box_border_grey\"><img loading=\"lazy\" decoding=\"async\" width=\"550\" height=\"284\" src=\"https:\/\/www.taninmismakina.com\/wp-content\/uploads\/2022\/02\/plastik-kalem-uretim-makinesi-2.jpg\" class=\"vc_single_image-img attachment-full\" alt=\"\" srcset=\"https:\/\/www.taninmismakina.com\/wp-content\/uploads\/2022\/02\/plastik-kalem-uretim-makinesi-2.jpg 550w, https:\/\/www.taninmismakina.com\/wp-content\/uploads\/2022\/02\/plastik-kalem-uretim-makinesi-2-300x155.jpg 300w, https:\/\/www.taninmismakina.com\/wp-content\/uploads\/2022\/02\/plastik-kalem-uretim-makinesi-2-18x9.jpg 18w, https:\/\/www.taninmismakina.com\/wp-content\/uploads\/2022\/02\/plastik-kalem-uretim-makinesi-2-150x77.jpg 150w\" sizes=\"auto, (max-width: 550px) 100vw, 550px\" \/><\/a>\n\t\t<\/figure>\n\t<\/div>\n\n\t<div class=\"wpb_text_column wpb_content_element  urun-isimleri\" >\n\t\t<div class=\"wpb_wrapper\">\n\t\t\t<p>Automatic Plastic Pen Making Injection Moulding Machine<\/p>\n\n\t\t<\/div>\n\t<\/div>\n<\/div><\/div><\/div><div class=\"wpb_column vc_column_container vc_col-sm-4\"><div class=\"vc_column-inner\"><div class=\"wpb_wrapper\">\n\t<div  class=\"wpb_single_image wpb_content_element vc_align_center   urun-cerceve\">\n\t\t\n\t\t<figure class=\"wpb_wrapper vc_figure\">\n\t\t\t<a href=\"https:\/\/www.taninmismakina.com\/en\/lanson\/plastik-gozluk-cerceve-uretimi-icin-enjeksiyon-makinesi\/\" target=\"_blank\" class=\"vc_single_image-wrapper   vc_box_border_grey\"><img loading=\"lazy\" decoding=\"async\" width=\"550\" height=\"284\" src=\"https:\/\/www.taninmismakina.com\/wp-content\/uploads\/2022\/02\/gozluk-plastik-cerceve-uretim-makinesi-2.jpg\" class=\"vc_single_image-img attachment-full\" alt=\"\" srcset=\"https:\/\/www.taninmismakina.com\/wp-content\/uploads\/2022\/02\/gozluk-plastik-cerceve-uretim-makinesi-2.jpg 550w, https:\/\/www.taninmismakina.com\/wp-content\/uploads\/2022\/02\/gozluk-plastik-cerceve-uretim-makinesi-2-300x155.jpg 300w, https:\/\/www.taninmismakina.com\/wp-content\/uploads\/2022\/02\/gozluk-plastik-cerceve-uretim-makinesi-2-18x9.jpg 18w, https:\/\/www.taninmismakina.com\/wp-content\/uploads\/2022\/02\/gozluk-plastik-cerceve-uretim-makinesi-2-150x77.jpg 150w\" sizes=\"auto, (max-width: 550px) 100vw, 550px\" \/><\/a>\n\t\t<\/figure>\n\t<\/div>\n\n\t<div class=\"wpb_text_column wpb_content_element  urun-isimleri\" >\n\t\t<div class=\"wpb_wrapper\">\n\t\t\t<p>Plastic Glasses Frame Injection Molding Machine<\/p>\n\n\t\t<\/div>\n\t<\/div>\n<div class=\"vc_empty_space\"   style=\"height: 32px\"><span class=\"vc_empty_space_inner\"><\/span><\/div>\n\t<div  class=\"wpb_single_image wpb_content_element vc_align_center   urun-cerceve\">\n\t\t\n\t\t<figure class=\"wpb_wrapper vc_figure\">\n\t\t\t<a href=\"https:\/\/www.taninmismakina.com\/en\/lanson\/toz-metal-enjeksiyon-kaliplama-makinesi\/\" target=\"_blank\" class=\"vc_single_image-wrapper   vc_box_border_grey\"><img loading=\"lazy\" decoding=\"async\" width=\"550\" height=\"284\" src=\"https:\/\/www.taninmismakina.com\/wp-content\/uploads\/2022\/02\/toz-metal-enjeksiyon-kaliplama-makinesi-2.jpg\" class=\"vc_single_image-img attachment-full\" alt=\"\" srcset=\"https:\/\/www.taninmismakina.com\/wp-content\/uploads\/2022\/02\/toz-metal-enjeksiyon-kaliplama-makinesi-2.jpg 550w, https:\/\/www.taninmismakina.com\/wp-content\/uploads\/2022\/02\/toz-metal-enjeksiyon-kaliplama-makinesi-2-300x155.jpg 300w, https:\/\/www.taninmismakina.com\/wp-content\/uploads\/2022\/02\/toz-metal-enjeksiyon-kaliplama-makinesi-2-18x9.jpg 18w, https:\/\/www.taninmismakina.com\/wp-content\/uploads\/2022\/02\/toz-metal-enjeksiyon-kaliplama-makinesi-2-150x77.jpg 150w\" sizes=\"auto, (max-width: 550px) 100vw, 550px\" \/><\/a>\n\t\t<\/figure>\n\t<\/div>\n\n\t<div class=\"wpb_text_column wpb_content_element  urun-isimleri\" >\n\t\t<div class=\"wpb_wrapper\">\n\t\t\t<p>Powder Metallurgy Plastic Injection Moulding Machine<\/p>\n\n\t\t<\/div>\n\t<\/div>\n<\/div><\/div><\/div><\/div>","protected":false},"excerpt":{"rendered":"Yeni GT5-LS200S Geli\u015ftirilmi\u015f Plastik Enjeksiyon Makinesi T\u0131bbi Enjekt\u00f6r \u00dcretimi \u0130\u00e7in Enjeksiyon Makinesi Kablo Ba\u011f\u0131 \u00dcretimi \u0130\u00e7in Enjeksiyon Makinesi GT3 Serisi&nbsp;<a href=\"https:\/\/www.taninmismakina.com\/en\/lanson\/gt-3-gelistirilmis-enjeksiyon-makineleri\/\">[&hellip;]<\/a>","protected":false},"author":1,"featured_media":0,"parent":4081,"menu_order":0,"comment_status":"closed","ping_status":"closed","template":"template-fullwidth.php","meta":{"footnotes":""},"class_list":["post-5211","page","type-page","status-publish","hentry"],"yoast_head":"<!-- This site is optimized with the Yoast SEO plugin v22.9 - https:\/\/yoast.com\/wordpress\/plugins\/seo\/ -->\n<title>GT-3 Geli\u015ftirilmi\u015f Enjeksiyon Makineleri - Tan\u0131nm\u0131\u015f Makina<\/title>\n<meta name=\"robots\" content=\"index, follow, max-snippet:-1, max-image-preview:large, max-video-preview:-1\" \/>\n<link rel=\"canonical\" href=\"https:\/\/www.taninmismakina.com\/en\/lanson\/gt-3-gelistirilmis-enjeksiyon-makineleri\/\" \/>\n<meta property=\"og:locale\" content=\"en_US\" \/>\n<meta property=\"og:type\" content=\"article\" \/>\n<meta property=\"og:title\" content=\"GT-3 Geli\u015ftirilmi\u015f Enjeksiyon Makineleri - Tan\u0131nm\u0131\u015f Makina\" \/>\n<meta property=\"og:url\" content=\"https:\/\/www.taninmismakina.com\/en\/lanson\/gt-3-gelistirilmis-enjeksiyon-makineleri\/\" \/>\n<meta property=\"og:site_name\" content=\"Tan\u0131nm\u0131\u015f Makina\" \/>\n<meta property=\"article:modified_time\" content=\"2022-02-15T11:11:30+00:00\" \/>\n<meta name=\"twitter:card\" content=\"summary_large_image\" \/>\n<meta name=\"twitter:label1\" content=\"Est. reading time\" \/>\n\t<meta name=\"twitter:data1\" content=\"2 minutes\" \/>\n<script type=\"application\/ld+json\" class=\"yoast-schema-graph\">{\"@context\":\"https:\/\/schema.org\",\"@graph\":[{\"@type\":\"WebPage\",\"@id\":\"https:\/\/www.taninmismakina.com\/lanson\/gt-3-gelistirilmis-enjeksiyon-makineleri\/\",\"url\":\"https:\/\/www.taninmismakina.com\/lanson\/gt-3-gelistirilmis-enjeksiyon-makineleri\/\",\"name\":\"GT-3 Geli\u015ftirilmi\u015f Enjeksiyon Makineleri - Tan\u0131nm\u0131\u015f Makina\",\"isPartOf\":{\"@id\":\"https:\/\/www.taninmismakina.com\/#website\"},\"datePublished\":\"2022-02-10T21:52:49+00:00\",\"dateModified\":\"2022-02-15T11:11:30+00:00\",\"breadcrumb\":{\"@id\":\"https:\/\/www.taninmismakina.com\/lanson\/gt-3-gelistirilmis-enjeksiyon-makineleri\/#breadcrumb\"},\"inLanguage\":\"en-US\",\"potentialAction\":[{\"@type\":\"ReadAction\",\"target\":[\"https:\/\/www.taninmismakina.com\/lanson\/gt-3-gelistirilmis-enjeksiyon-makineleri\/\"]}]},{\"@type\":\"BreadcrumbList\",\"@id\":\"https:\/\/www.taninmismakina.com\/lanson\/gt-3-gelistirilmis-enjeksiyon-makineleri\/#breadcrumb\",\"itemListElement\":[{\"@type\":\"ListItem\",\"position\":1,\"name\":\"Home\",\"item\":\"https:\/\/www.taninmismakina.com\/\"},{\"@type\":\"ListItem\",\"position\":2,\"name\":\"LANSON\",\"item\":\"https:\/\/www.taninmismakina.com\/lanson\/\"},{\"@type\":\"ListItem\",\"position\":3,\"name\":\"GT-3 Geli\u015ftirilmi\u015f Enjeksiyon Makineleri\"}]},{\"@type\":\"WebSite\",\"@id\":\"https:\/\/www.taninmismakina.com\/#website\",\"url\":\"https:\/\/www.taninmismakina.com\/\",\"name\":\"Tan\u0131nm\u0131\u015f Makina\",\"description\":\"Is\u0131tma ve So\u011futma Sistemleri\",\"potentialAction\":[{\"@type\":\"SearchAction\",\"target\":{\"@type\":\"EntryPoint\",\"urlTemplate\":\"https:\/\/www.taninmismakina.com\/?s={search_term_string}\"},\"query-input\":\"required name=search_term_string\"}],\"inLanguage\":\"en-US\"}]}<\/script>\n<!-- \/ Yoast SEO plugin. -->","yoast_head_json":{"title":"GT-3 Geli\u015ftirilmi\u015f Enjeksiyon Makineleri - Tan\u0131nm\u0131\u015f Makina","robots":{"index":"index","follow":"follow","max-snippet":"max-snippet:-1","max-image-preview":"max-image-preview:large","max-video-preview":"max-video-preview:-1"},"canonical":"https:\/\/www.taninmismakina.com\/en\/lanson\/gt-3-gelistirilmis-enjeksiyon-makineleri\/","og_locale":"en_US","og_type":"article","og_title":"GT-3 Geli\u015ftirilmi\u015f Enjeksiyon Makineleri - Tan\u0131nm\u0131\u015f Makina","og_url":"https:\/\/www.taninmismakina.com\/en\/lanson\/gt-3-gelistirilmis-enjeksiyon-makineleri\/","og_site_name":"Tan\u0131nm\u0131\u015f Makina","article_modified_time":"2022-02-15T11:11:30+00:00","twitter_card":"summary_large_image","twitter_misc":{"Est. reading time":"2 minutes"},"schema":{"@context":"https:\/\/schema.org","@graph":[{"@type":"WebPage","@id":"https:\/\/www.taninmismakina.com\/lanson\/gt-3-gelistirilmis-enjeksiyon-makineleri\/","url":"https:\/\/www.taninmismakina.com\/lanson\/gt-3-gelistirilmis-enjeksiyon-makineleri\/","name":"GT-3 Geli\u015ftirilmi\u015f Enjeksiyon Makineleri - Tan\u0131nm\u0131\u015f Makina","isPartOf":{"@id":"https:\/\/www.taninmismakina.com\/#website"},"datePublished":"2022-02-10T21:52:49+00:00","dateModified":"2022-02-15T11:11:30+00:00","breadcrumb":{"@id":"https:\/\/www.taninmismakina.com\/lanson\/gt-3-gelistirilmis-enjeksiyon-makineleri\/#breadcrumb"},"inLanguage":"en-US","potentialAction":[{"@type":"ReadAction","target":["https:\/\/www.taninmismakina.com\/lanson\/gt-3-gelistirilmis-enjeksiyon-makineleri\/"]}]},{"@type":"BreadcrumbList","@id":"https:\/\/www.taninmismakina.com\/lanson\/gt-3-gelistirilmis-enjeksiyon-makineleri\/#breadcrumb","itemListElement":[{"@type":"ListItem","position":1,"name":"Home","item":"https:\/\/www.taninmismakina.com\/"},{"@type":"ListItem","position":2,"name":"LANSON","item":"https:\/\/www.taninmismakina.com\/lanson\/"},{"@type":"ListItem","position":3,"name":"GT-3 Geli\u015ftirilmi\u015f Enjeksiyon Makineleri"}]},{"@type":"WebSite","@id":"https:\/\/www.taninmismakina.com\/#website","url":"https:\/\/www.taninmismakina.com\/","name":"Tan\u0131nm\u0131\u015f Makina","description":"Is\u0131tma ve So\u011futma Sistemleri","potentialAction":[{"@type":"SearchAction","target":{"@type":"EntryPoint","urlTemplate":"https:\/\/www.taninmismakina.com\/?s={search_term_string}"},"query-input":"required name=search_term_string"}],"inLanguage":"en-US"}]}},"_links":{"self":[{"href":"https:\/\/www.taninmismakina.com\/en\/wp-json\/wp\/v2\/pages\/5211","targetHints":{"allow":["GET"]}}],"collection":[{"href":"https:\/\/www.taninmismakina.com\/en\/wp-json\/wp\/v2\/pages"}],"about":[{"href":"https:\/\/www.taninmismakina.com\/en\/wp-json\/wp\/v2\/types\/page"}],"author":[{"embeddable":true,"href":"https:\/\/www.taninmismakina.com\/en\/wp-json\/wp\/v2\/users\/1"}],"replies":[{"embeddable":true,"href":"https:\/\/www.taninmismakina.com\/en\/wp-json\/wp\/v2\/comments?post=5211"}],"version-history":[{"count":14,"href":"https:\/\/www.taninmismakina.com\/en\/wp-json\/wp\/v2\/pages\/5211\/revisions"}],"predecessor-version":[{"id":5296,"href":"https:\/\/www.taninmismakina.com\/en\/wp-json\/wp\/v2\/pages\/5211\/revisions\/5296"}],"up":[{"embeddable":true,"href":"https:\/\/www.taninmismakina.com\/en\/wp-json\/wp\/v2\/pages\/4081"}],"wp:attachment":[{"href":"https:\/\/www.taninmismakina.com\/en\/wp-json\/wp\/v2\/media?parent=5211"}],"curies":[{"name":"wp","href":"https:\/\/api.w.org\/{rel}","templated":true}]}}