{"id":5268,"date":"2022-02-15T11:55:51","date_gmt":"2022-02-15T08:55:51","guid":{"rendered":"https:\/\/www.taninmismakina.com\/?page_id=5268"},"modified":"2022-02-15T11:58:33","modified_gmt":"2022-02-15T08:58:33","slug":"plastik-kalem-uretimi-icin-enjeksiyon-makinesi","status":"publish","type":"page","link":"https:\/\/www.taninmismakina.com\/en\/lanson\/plastik-kalem-uretimi-icin-enjeksiyon-makinesi\/","title":{"rendered":"Automatic Plastic Pen Making Injection Moulding Machine"},"content":{"rendered":"<div data-vc-full-width=\"true\" data-vc-full-width-init=\"false\" data-vc-stretch-content=\"true\" class=\"vc_row wpb_row vc_row-fluid vc_custom_1643491318549 vc_row-no-padding\"><div class=\"wpb_column vc_column_container vc_col-sm-12\"><div class=\"vc_column-inner\"><div class=\"wpb_wrapper\">\n\t<div  class=\"wpb_single_image wpb_content_element vc_align_left\">\n\t\t\n\t\t<figure class=\"wpb_wrapper vc_figure\">\n\t\t\t<div class=\"vc_single_image-wrapper   vc_box_border_grey\"><img loading=\"lazy\" decoding=\"async\" width=\"1902\" height=\"500\" src=\"https:\/\/www.taninmismakina.com\/wp-content\/uploads\/2021\/10\/lanson-fabrika.jpg\" class=\"vc_single_image-img attachment-full\" alt=\"\" srcset=\"https:\/\/www.taninmismakina.com\/wp-content\/uploads\/2021\/10\/lanson-fabrika.jpg 1902w, https:\/\/www.taninmismakina.com\/wp-content\/uploads\/2021\/10\/lanson-fabrika-300x79.jpg 300w, https:\/\/www.taninmismakina.com\/wp-content\/uploads\/2021\/10\/lanson-fabrika-1024x269.jpg 1024w, https:\/\/www.taninmismakina.com\/wp-content\/uploads\/2021\/10\/lanson-fabrika-768x202.jpg 768w, https:\/\/www.taninmismakina.com\/wp-content\/uploads\/2021\/10\/lanson-fabrika-1536x404.jpg 1536w, https:\/\/www.taninmismakina.com\/wp-content\/uploads\/2021\/10\/lanson-fabrika-18x5.jpg 18w, https:\/\/www.taninmismakina.com\/wp-content\/uploads\/2021\/10\/lanson-fabrika-150x39.jpg 150w\" sizes=\"auto, (max-width: 1902px) 100vw, 1902px\" \/><\/div>\n\t\t<\/figure>\n\t<\/div>\n<\/div><\/div><\/div><\/div><div class=\"vc_row-full-width vc_clearfix\"><\/div><div class=\"vc_row wpb_row vc_row-fluid\"><div class=\"wpb_column vc_column_container vc_col-sm-6\"><div class=\"vc_column-inner\"><div class=\"wpb_wrapper\"><h3 style=\"text-align: left\" class=\"vc_custom_heading\" >Automatic Plastic Pen Making Injection Moulding Machine<\/h3><div class=\"vc_separator wpb_content_element vc_separator_align_center vc_sep_width_100 vc_sep_dotted vc_sep_pos_align_center vc_separator_no_text vc_sep_color_grey\" ><span class=\"vc_sep_holder vc_sep_holder_l\"><span  class=\"vc_sep_line\"><\/span><\/span><span class=\"vc_sep_holder vc_sep_holder_r\"><span  class=\"vc_sep_line\"><\/span><\/span>\n<\/div>\n\t<div class=\"wpb_text_column wpb_content_element\" >\n\t\t<div class=\"wpb_wrapper\">\n\t\t\t<p>Based on the design of our general purpose machine GT3 series, we developed the special injection moulding machine for pen making.<\/p>\n<p>Brand: Lanson<br \/>\nItem No.: GT3-LS170W - GT3-LS280W<br \/>\nProduct origin: China<br \/>\nProduct origin: China<br \/>\nPower System: servo system<br \/>\nShot Weight (PS gram): 229 - 846<br \/>\nShot Volume (cm3): 251 - 929<\/p>\n\n\t\t<\/div>\n\t<\/div>\n<div class=\"vc_btn3-container vc_btn3-inline\" ><a onmouseleave=\"this.style.borderColor='#dd3333'; this.style.backgroundColor='transparent'; this.style.color='#dd3333'\" onmouseenter=\"this.style.borderColor='#dd3333'; this.style.backgroundColor='#dd3333'; this.style.color='#ffffff';\" style=\"border-color:#dd3333; color:#dd3333;\" class=\"vc_general vc_btn3 vc_btn3-size-md vc_btn3-shape-rounded vc_btn3-style-outline-custom vc_btn3-icon-right\" href=\"https:\/\/www.taninmismakina.com\/en\/iletisim\/\" title=\"\" target=\"_blank\">Contact Us <i class=\"vc_btn3-icon vc-material vc-material-mail_outline\"><\/i><\/a><\/div><\/div><\/div><\/div><div class=\"wpb_column vc_column_container vc_col-sm-6\"><div class=\"vc_column-inner\"><div class=\"wpb_wrapper\"><div class=\"wpb_gallery wpb_content_element vc_clearfix\" ><div class=\"wpb_wrapper\"><div class=\"wpb_gallery_slides wpb_slider_nivo theme-default\" data-interval=\"3\"><div class=\"nivoSlider\"><a class=\"prettyphoto\" href=\"https:\/\/www.taninmismakina.com\/wp-content\/uploads\/2022\/02\/plastik-kalem-uretim-makinesi-1.jpg\" data-rel=\"prettyPhoto[rel-5268-1092654379]\"><img loading=\"lazy\" decoding=\"async\" width=\"550\" height=\"550\" src=\"https:\/\/www.taninmismakina.com\/wp-content\/uploads\/2022\/02\/plastik-kalem-uretim-makinesi-1.jpg\" class=\"attachment-full\" alt=\"\" srcset=\"https:\/\/www.taninmismakina.com\/wp-content\/uploads\/2022\/02\/plastik-kalem-uretim-makinesi-1.jpg 550w, https:\/\/www.taninmismakina.com\/wp-content\/uploads\/2022\/02\/plastik-kalem-uretim-makinesi-1-300x300.jpg 300w, https:\/\/www.taninmismakina.com\/wp-content\/uploads\/2022\/02\/plastik-kalem-uretim-makinesi-1-150x150.jpg 150w, https:\/\/www.taninmismakina.com\/wp-content\/uploads\/2022\/02\/plastik-kalem-uretim-makinesi-1-12x12.jpg 12w\" sizes=\"auto, (max-width: 550px) 100vw, 550px\" \/><\/a><a class=\"prettyphoto\" href=\"https:\/\/www.taninmismakina.com\/wp-content\/uploads\/2022\/02\/plastik-kalem-uretim-makinesi-2.jpg\" data-rel=\"prettyPhoto[rel-5268-1092654379]\"><img loading=\"lazy\" decoding=\"async\" width=\"550\" height=\"284\" src=\"https:\/\/www.taninmismakina.com\/wp-content\/uploads\/2022\/02\/plastik-kalem-uretim-makinesi-2.jpg\" class=\"attachment-full\" alt=\"\" srcset=\"https:\/\/www.taninmismakina.com\/wp-content\/uploads\/2022\/02\/plastik-kalem-uretim-makinesi-2.jpg 550w, https:\/\/www.taninmismakina.com\/wp-content\/uploads\/2022\/02\/plastik-kalem-uretim-makinesi-2-300x155.jpg 300w, https:\/\/www.taninmismakina.com\/wp-content\/uploads\/2022\/02\/plastik-kalem-uretim-makinesi-2-18x9.jpg 18w, https:\/\/www.taninmismakina.com\/wp-content\/uploads\/2022\/02\/plastik-kalem-uretim-makinesi-2-150x77.jpg 150w\" sizes=\"auto, (max-width: 550px) 100vw, 550px\" \/><\/a><a class=\"prettyphoto\" href=\"https:\/\/www.taninmismakina.com\/wp-content\/uploads\/2022\/02\/plastik-kalem-uretim-makinesi-3.jpg\" data-rel=\"prettyPhoto[rel-5268-1092654379]\"><img loading=\"lazy\" decoding=\"async\" width=\"550\" height=\"413\" src=\"https:\/\/www.taninmismakina.com\/wp-content\/uploads\/2022\/02\/plastik-kalem-uretim-makinesi-3.jpg\" class=\"attachment-full\" alt=\"\" srcset=\"https:\/\/www.taninmismakina.com\/wp-content\/uploads\/2022\/02\/plastik-kalem-uretim-makinesi-3.jpg 550w, https:\/\/www.taninmismakina.com\/wp-content\/uploads\/2022\/02\/plastik-kalem-uretim-makinesi-3-300x225.jpg 300w, https:\/\/www.taninmismakina.com\/wp-content\/uploads\/2022\/02\/plastik-kalem-uretim-makinesi-3-16x12.jpg 16w, https:\/\/www.taninmismakina.com\/wp-content\/uploads\/2022\/02\/plastik-kalem-uretim-makinesi-3-150x113.jpg 150w\" sizes=\"auto, (max-width: 550px) 100vw, 550px\" \/><\/a><\/div><\/div><\/div><\/div><\/div><\/div><\/div><\/div><div class=\"vc_row wpb_row vc_row-fluid\"><div class=\"wpb_column vc_column_container vc_col-sm-12\"><div class=\"vc_column-inner\"><div class=\"wpb_wrapper\">\n\t<div class=\"wpb_text_column wpb_content_element  urun-isimleri\" >\n\t\t<div class=\"wpb_wrapper\">\n\t\t\t<p>Product Advantages:<\/p>\n\n\t\t<\/div>\n\t<\/div>\n\n\t<div class=\"wpb_text_column wpb_content_element  bosluk32\" >\n\t\t<div class=\"wpb_wrapper\">\n\t\t\t<p>The special pen making injection molding machine is based on the design of our GT3 series.<\/p>\n\n\t\t<\/div>\n\t<\/div>\n\n\t<div  class=\"wpb_single_image wpb_content_element vc_align_center   urun-cerceve\">\n\t\t\n\t\t<figure class=\"wpb_wrapper vc_figure\">\n\t\t\t<div class=\"vc_single_image-wrapper   vc_box_border_grey\"><img loading=\"lazy\" decoding=\"async\" width=\"600\" height=\"926\" src=\"https:\/\/www.taninmismakina.com\/wp-content\/uploads\/2022\/02\/plastik-kalem-uretim-makinesi-avantajlari-1.jpg\" class=\"vc_single_image-img attachment-full\" alt=\"\" srcset=\"https:\/\/www.taninmismakina.com\/wp-content\/uploads\/2022\/02\/plastik-kalem-uretim-makinesi-avantajlari-1.jpg 600w, https:\/\/www.taninmismakina.com\/wp-content\/uploads\/2022\/02\/plastik-kalem-uretim-makinesi-avantajlari-1-194x300.jpg 194w, https:\/\/www.taninmismakina.com\/wp-content\/uploads\/2022\/02\/plastik-kalem-uretim-makinesi-avantajlari-1-8x12.jpg 8w, https:\/\/www.taninmismakina.com\/wp-content\/uploads\/2022\/02\/plastik-kalem-uretim-makinesi-avantajlari-1-97x150.jpg 97w\" sizes=\"auto, (max-width: 600px) 100vw, 600px\" \/><\/div>\n\t\t<\/figure>\n\t<\/div>\n<\/div><\/div><\/div><\/div><div class=\"vc_row wpb_row vc_row-fluid\"><div class=\"wpb_column vc_column_container vc_col-sm-12\"><div class=\"vc_column-inner\"><div class=\"wpb_wrapper\">\n\t<div class=\"wpb_text_column wpb_content_element  urun-isimleri\" >\n\t\t<div class=\"wpb_wrapper\">\n\t\t\t<p>Specialized screw and barrel<\/p>\n\n\t\t<\/div>\n\t<\/div>\n\n\t<div class=\"wpb_text_column wpb_content_element  bosluk32\" >\n\t\t<div class=\"wpb_wrapper\">\n\t\t\t<p>The screw and barrel are professional for pen making industry, improving color mixing quality and promote the plasticizing speed, precision, wear-resistant, easy to clear, wide applicability.<\/p>\n\n\t\t<\/div>\n\t<\/div>\n\n\t<div  class=\"wpb_single_image wpb_content_element vc_align_center   urun-cerceve\">\n\t\t\n\t\t<figure class=\"wpb_wrapper vc_figure\">\n\t\t\t<div class=\"vc_single_image-wrapper   vc_box_border_grey\"><img loading=\"lazy\" decoding=\"async\" width=\"600\" height=\"600\" src=\"https:\/\/www.taninmismakina.com\/wp-content\/uploads\/2022\/02\/plastik-kalem-uretim-makinesi-ozel-vida.jpg\" class=\"vc_single_image-img attachment-full\" alt=\"\" srcset=\"https:\/\/www.taninmismakina.com\/wp-content\/uploads\/2022\/02\/plastik-kalem-uretim-makinesi-ozel-vida.jpg 600w, https:\/\/www.taninmismakina.com\/wp-content\/uploads\/2022\/02\/plastik-kalem-uretim-makinesi-ozel-vida-300x300.jpg 300w, https:\/\/www.taninmismakina.com\/wp-content\/uploads\/2022\/02\/plastik-kalem-uretim-makinesi-ozel-vida-150x150.jpg 150w, https:\/\/www.taninmismakina.com\/wp-content\/uploads\/2022\/02\/plastik-kalem-uretim-makinesi-ozel-vida-12x12.jpg 12w\" sizes=\"auto, (max-width: 600px) 100vw, 600px\" \/><\/div>\n\t\t<\/figure>\n\t<\/div>\n<\/div><\/div><\/div><\/div><div class=\"vc_row wpb_row vc_row-fluid\"><div class=\"wpb_column vc_column_container vc_col-sm-12\"><div class=\"vc_column-inner\"><div class=\"wpb_wrapper\">\n\t<div class=\"wpb_text_column wpb_content_element  urun-isimleri\" >\n\t\t<div class=\"wpb_wrapper\">\n\t\t\t<p>Intelligent Controller<\/p>\n\n\t\t<\/div>\n\t<\/div>\n\n\t<div class=\"wpb_text_column wpb_content_element  bosluk32\" >\n\t\t<div class=\"wpb_wrapper\">\n\t\t\t<p>The new generation control system - high stability, high accuracy.<\/p>\n\n\t\t<\/div>\n\t<\/div>\n\n\t<div  class=\"wpb_single_image wpb_content_element vc_align_center   urun-cerceve\">\n\t\t\n\t\t<figure class=\"wpb_wrapper vc_figure\">\n\t\t\t<div class=\"vc_single_image-wrapper   vc_box_border_grey\"><img loading=\"lazy\" decoding=\"async\" width=\"600\" height=\"518\" src=\"https:\/\/www.taninmismakina.com\/wp-content\/uploads\/2022\/02\/plastik-kalem-uretim-makinesi-akilli-kontrol-1.jpg\" class=\"vc_single_image-img attachment-full\" alt=\"\" srcset=\"https:\/\/www.taninmismakina.com\/wp-content\/uploads\/2022\/02\/plastik-kalem-uretim-makinesi-akilli-kontrol-1.jpg 600w, https:\/\/www.taninmismakina.com\/wp-content\/uploads\/2022\/02\/plastik-kalem-uretim-makinesi-akilli-kontrol-1-300x259.jpg 300w, https:\/\/www.taninmismakina.com\/wp-content\/uploads\/2022\/02\/plastik-kalem-uretim-makinesi-akilli-kontrol-1-14x12.jpg 14w, https:\/\/www.taninmismakina.com\/wp-content\/uploads\/2022\/02\/plastik-kalem-uretim-makinesi-akilli-kontrol-1-150x130.jpg 150w\" sizes=\"auto, (max-width: 600px) 100vw, 600px\" \/><\/div>\n\t\t<\/figure>\n\t<\/div>\n<\/div><\/div><\/div><\/div><div class=\"vc_row wpb_row vc_row-fluid\"><div class=\"wpb_column vc_column_container vc_col-sm-12\"><div class=\"vc_column-inner\"><div class=\"wpb_wrapper\">\n\t<div class=\"wpb_text_column wpb_content_element  urun-isimleri\" >\n\t\t<div class=\"wpb_wrapper\">\n\t\t\t<p>Mould clamping system is more stable<\/p>\n\n\t\t<\/div>\n\t<\/div>\n\n\t<div class=\"wpb_text_column wpb_content_element  bosluk32\" >\n\t\t<div class=\"wpb_wrapper\">\n\t\t\t<p>Mold open and close with back pressure function control, faster mold opening speed, more accurate mold opening position. <\/p>\n\n\t\t<\/div>\n\t<\/div>\n\n\t<div  class=\"wpb_single_image wpb_content_element vc_align_center   urun-cerceve\">\n\t\t\n\t\t<figure class=\"wpb_wrapper vc_figure\">\n\t\t\t<div class=\"vc_single_image-wrapper   vc_box_border_grey\"><img loading=\"lazy\" decoding=\"async\" width=\"600\" height=\"578\" src=\"https:\/\/www.taninmismakina.com\/wp-content\/uploads\/2022\/02\/plastik-kalem-uretim-makinesI-kalip-sikilastirma.jpg\" class=\"vc_single_image-img attachment-full\" alt=\"\" srcset=\"https:\/\/www.taninmismakina.com\/wp-content\/uploads\/2022\/02\/plastik-kalem-uretim-makinesI-kalip-sikilastirma.jpg 600w, https:\/\/www.taninmismakina.com\/wp-content\/uploads\/2022\/02\/plastik-kalem-uretim-makinesI-kalip-sikilastirma-300x289.jpg 300w, https:\/\/www.taninmismakina.com\/wp-content\/uploads\/2022\/02\/plastik-kalem-uretim-makinesI-kalip-sikilastirma-12x12.jpg 12w, https:\/\/www.taninmismakina.com\/wp-content\/uploads\/2022\/02\/plastik-kalem-uretim-makinesI-kalip-sikilastirma-150x145.jpg 150w\" sizes=\"auto, (max-width: 600px) 100vw, 600px\" \/><\/div>\n\t\t<\/figure>\n\t<\/div>\n<\/div><\/div><\/div><\/div><div class=\"vc_row wpb_row vc_row-fluid\"><div class=\"wpb_column vc_column_container vc_col-sm-12\"><div class=\"vc_column-inner\"><div class=\"wpb_wrapper\">\n\t<div class=\"wpb_text_column wpb_content_element  urun-isimleri\" >\n\t\t<div class=\"wpb_wrapper\">\n\t\t\t<p>Faster response, higher injection speed<\/p>\n\n\t\t<\/div>\n\t<\/div>\n\n\t<div class=\"wpb_text_column wpb_content_element  bosluk32\" >\n\t\t<div class=\"wpb_wrapper\">\n\t\t\t<p>Newly injection unit, faster response increase 40%, higher injection speed with upgraded power system.<\/p>\n\n\t\t<\/div>\n\t<\/div>\n\n\t<div  class=\"wpb_single_image wpb_content_element vc_align_center   urun-cerceve\">\n\t\t\n\t\t<figure class=\"wpb_wrapper vc_figure\">\n\t\t\t<div class=\"vc_single_image-wrapper   vc_box_border_grey\"><img loading=\"lazy\" decoding=\"async\" width=\"600\" height=\"450\" src=\"https:\/\/www.taninmismakina.com\/wp-content\/uploads\/2022\/02\/plastik-kalem-uretim-makinesi-daha-hizli-islem.jpg\" class=\"vc_single_image-img attachment-full\" alt=\"\" srcset=\"https:\/\/www.taninmismakina.com\/wp-content\/uploads\/2022\/02\/plastik-kalem-uretim-makinesi-daha-hizli-islem.jpg 600w, https:\/\/www.taninmismakina.com\/wp-content\/uploads\/2022\/02\/plastik-kalem-uretim-makinesi-daha-hizli-islem-300x225.jpg 300w, https:\/\/www.taninmismakina.com\/wp-content\/uploads\/2022\/02\/plastik-kalem-uretim-makinesi-daha-hizli-islem-16x12.jpg 16w, https:\/\/www.taninmismakina.com\/wp-content\/uploads\/2022\/02\/plastik-kalem-uretim-makinesi-daha-hizli-islem-150x113.jpg 150w\" sizes=\"auto, (max-width: 600px) 100vw, 600px\" \/><\/div>\n\t\t<\/figure>\n\t<\/div>\n<\/div><\/div><\/div><\/div><div class=\"vc_row wpb_row vc_row-fluid\"><div class=\"wpb_column vc_column_container vc_col-sm-12\"><div class=\"vc_column-inner\"><div class=\"wpb_wrapper\">\n\t<div class=\"wpb_text_column wpb_content_element  urun-isimleri\" >\n\t\t<div class=\"wpb_wrapper\">\n\t\t\t<p>Upgraded Servo system<\/p>\n\n\t\t<\/div>\n\t<\/div>\n\n\t<div class=\"wpb_text_column wpb_content_element  bosluk32\" >\n\t\t<div class=\"wpb_wrapper\">\n\t\t\t<p>Upgraded servo power system, more power saving and more energy saving<\/p>\n\n\t\t<\/div>\n\t<\/div>\n\n\t<div  class=\"wpb_single_image wpb_content_element vc_align_center   urun-cerceve\">\n\t\t\n\t\t<figure class=\"wpb_wrapper vc_figure\">\n\t\t\t<div class=\"vc_single_image-wrapper   vc_box_border_grey\"><img loading=\"lazy\" decoding=\"async\" width=\"600\" height=\"518\" src=\"https:\/\/www.taninmismakina.com\/wp-content\/uploads\/2022\/02\/plastik-kalem-uretim-makinesi-yukseltilmis-servo-sistemi.jpg\" class=\"vc_single_image-img attachment-full\" alt=\"\" srcset=\"https:\/\/www.taninmismakina.com\/wp-content\/uploads\/2022\/02\/plastik-kalem-uretim-makinesi-yukseltilmis-servo-sistemi.jpg 600w, https:\/\/www.taninmismakina.com\/wp-content\/uploads\/2022\/02\/plastik-kalem-uretim-makinesi-yukseltilmis-servo-sistemi-300x259.jpg 300w, https:\/\/www.taninmismakina.com\/wp-content\/uploads\/2022\/02\/plastik-kalem-uretim-makinesi-yukseltilmis-servo-sistemi-14x12.jpg 14w, https:\/\/www.taninmismakina.com\/wp-content\/uploads\/2022\/02\/plastik-kalem-uretim-makinesi-yukseltilmis-servo-sistemi-150x130.jpg 150w\" sizes=\"auto, (max-width: 600px) 100vw, 600px\" \/><\/div>\n\t\t<\/figure>\n\t<\/div>\n<\/div><\/div><\/div><\/div>","protected":false},"excerpt":{"rendered":"Plastik Kalem \u00dcretimi \u0130\u00e7in Enjeksiyon Makinesi Standart GT3 seri makinam\u0131z\u0131 geli\u015ftirerek sadece plastik kalem \u00fcretimine uygun \u00f6zel olarak tasarlanm\u0131\u015f plastik&nbsp;<a href=\"https:\/\/www.taninmismakina.com\/en\/lanson\/plastik-kalem-uretimi-icin-enjeksiyon-makinesi\/\">[&hellip;]<\/a>","protected":false},"author":1,"featured_media":0,"parent":4081,"menu_order":0,"comment_status":"closed","ping_status":"closed","template":"template-fullwidth.php","meta":{"footnotes":""},"class_list":["post-5268","page","type-page","status-publish","hentry"],"yoast_head":"<!-- This site is optimized with the Yoast SEO plugin v22.9 - https:\/\/yoast.com\/wordpress\/plugins\/seo\/ -->\n<title>Plastik Kalem \u00dcretimi \u0130\u00e7in Enjeksiyon Makinesi - Tan\u0131nm\u0131\u015f Makina<\/title>\n<meta name=\"description\" content=\"Standart GT3 seri makinam\u0131z\u0131 geli\u015ftirerek sadece plastik kalem \u00fcretimine uygun \u00f6zel olarak tasarlanm\u0131\u015f plastik enjeksiyon makinas\u0131 geli\u015ftirilmi\u015ftir.\" \/>\n<meta name=\"robots\" content=\"index, follow, max-snippet:-1, max-image-preview:large, max-video-preview:-1\" \/>\n<link rel=\"canonical\" href=\"https:\/\/www.taninmismakina.com\/en\/lanson\/plastik-kalem-uretimi-icin-enjeksiyon-makinesi\/\" \/>\n<meta property=\"og:locale\" content=\"en_US\" \/>\n<meta property=\"og:type\" content=\"article\" \/>\n<meta property=\"og:title\" content=\"Plastik Kalem \u00dcretimi \u0130\u00e7in Enjeksiyon Makinesi - Tan\u0131nm\u0131\u015f Makina\" \/>\n<meta property=\"og:description\" content=\"Standart GT3 seri makinam\u0131z\u0131 geli\u015ftirerek sadece plastik kalem \u00fcretimine uygun \u00f6zel olarak tasarlanm\u0131\u015f plastik enjeksiyon makinas\u0131 geli\u015ftirilmi\u015ftir.\" \/>\n<meta property=\"og:url\" content=\"https:\/\/www.taninmismakina.com\/en\/lanson\/plastik-kalem-uretimi-icin-enjeksiyon-makinesi\/\" \/>\n<meta property=\"og:site_name\" content=\"Tan\u0131nm\u0131\u015f Makina\" \/>\n<meta property=\"article:modified_time\" content=\"2022-02-15T08:58:33+00:00\" \/>\n<meta name=\"twitter:card\" content=\"summary_large_image\" \/>\n<meta name=\"twitter:label1\" content=\"Est. reading time\" \/>\n\t<meta name=\"twitter:data1\" content=\"3 minutes\" \/>\n<script type=\"application\/ld+json\" class=\"yoast-schema-graph\">{\"@context\":\"https:\/\/schema.org\",\"@graph\":[{\"@type\":\"WebPage\",\"@id\":\"https:\/\/www.taninmismakina.com\/lanson\/plastik-kalem-uretimi-icin-enjeksiyon-makinesi\/\",\"url\":\"https:\/\/www.taninmismakina.com\/lanson\/plastik-kalem-uretimi-icin-enjeksiyon-makinesi\/\",\"name\":\"Plastik Kalem \u00dcretimi \u0130\u00e7in Enjeksiyon Makinesi - Tan\u0131nm\u0131\u015f Makina\",\"isPartOf\":{\"@id\":\"https:\/\/www.taninmismakina.com\/#website\"},\"datePublished\":\"2022-02-15T08:55:51+00:00\",\"dateModified\":\"2022-02-15T08:58:33+00:00\",\"description\":\"Standart GT3 seri makinam\u0131z\u0131 geli\u015ftirerek sadece plastik kalem \u00fcretimine uygun \u00f6zel olarak tasarlanm\u0131\u015f plastik enjeksiyon makinas\u0131 geli\u015ftirilmi\u015ftir.\",\"breadcrumb\":{\"@id\":\"https:\/\/www.taninmismakina.com\/lanson\/plastik-kalem-uretimi-icin-enjeksiyon-makinesi\/#breadcrumb\"},\"inLanguage\":\"en-US\",\"potentialAction\":[{\"@type\":\"ReadAction\",\"target\":[\"https:\/\/www.taninmismakina.com\/lanson\/plastik-kalem-uretimi-icin-enjeksiyon-makinesi\/\"]}]},{\"@type\":\"BreadcrumbList\",\"@id\":\"https:\/\/www.taninmismakina.com\/lanson\/plastik-kalem-uretimi-icin-enjeksiyon-makinesi\/#breadcrumb\",\"itemListElement\":[{\"@type\":\"ListItem\",\"position\":1,\"name\":\"Home\",\"item\":\"https:\/\/www.taninmismakina.com\/\"},{\"@type\":\"ListItem\",\"position\":2,\"name\":\"LANSON\",\"item\":\"https:\/\/www.taninmismakina.com\/lanson\/\"},{\"@type\":\"ListItem\",\"position\":3,\"name\":\"Plastik Kalem \u00dcretimi \u0130\u00e7in Enjeksiyon Makinesi\"}]},{\"@type\":\"WebSite\",\"@id\":\"https:\/\/www.taninmismakina.com\/#website\",\"url\":\"https:\/\/www.taninmismakina.com\/\",\"name\":\"Tan\u0131nm\u0131\u015f Makina\",\"description\":\"Is\u0131tma ve So\u011futma Sistemleri\",\"potentialAction\":[{\"@type\":\"SearchAction\",\"target\":{\"@type\":\"EntryPoint\",\"urlTemplate\":\"https:\/\/www.taninmismakina.com\/?s={search_term_string}\"},\"query-input\":\"required name=search_term_string\"}],\"inLanguage\":\"en-US\"}]}<\/script>\n<!-- \/ Yoast SEO plugin. -->","yoast_head_json":{"title":"Plastik Kalem \u00dcretimi \u0130\u00e7in Enjeksiyon Makinesi - Tan\u0131nm\u0131\u015f Makina","description":"Standart GT3 seri makinam\u0131z\u0131 geli\u015ftirerek sadece plastik kalem \u00fcretimine uygun \u00f6zel olarak tasarlanm\u0131\u015f plastik enjeksiyon makinas\u0131 geli\u015ftirilmi\u015ftir.","robots":{"index":"index","follow":"follow","max-snippet":"max-snippet:-1","max-image-preview":"max-image-preview:large","max-video-preview":"max-video-preview:-1"},"canonical":"https:\/\/www.taninmismakina.com\/en\/lanson\/plastik-kalem-uretimi-icin-enjeksiyon-makinesi\/","og_locale":"en_US","og_type":"article","og_title":"Plastik Kalem \u00dcretimi \u0130\u00e7in Enjeksiyon Makinesi - Tan\u0131nm\u0131\u015f Makina","og_description":"Standart GT3 seri makinam\u0131z\u0131 geli\u015ftirerek sadece plastik kalem \u00fcretimine uygun \u00f6zel olarak tasarlanm\u0131\u015f plastik enjeksiyon makinas\u0131 geli\u015ftirilmi\u015ftir.","og_url":"https:\/\/www.taninmismakina.com\/en\/lanson\/plastik-kalem-uretimi-icin-enjeksiyon-makinesi\/","og_site_name":"Tan\u0131nm\u0131\u015f Makina","article_modified_time":"2022-02-15T08:58:33+00:00","twitter_card":"summary_large_image","twitter_misc":{"Est. reading time":"3 minutes"},"schema":{"@context":"https:\/\/schema.org","@graph":[{"@type":"WebPage","@id":"https:\/\/www.taninmismakina.com\/lanson\/plastik-kalem-uretimi-icin-enjeksiyon-makinesi\/","url":"https:\/\/www.taninmismakina.com\/lanson\/plastik-kalem-uretimi-icin-enjeksiyon-makinesi\/","name":"Plastik Kalem \u00dcretimi \u0130\u00e7in Enjeksiyon Makinesi - Tan\u0131nm\u0131\u015f Makina","isPartOf":{"@id":"https:\/\/www.taninmismakina.com\/#website"},"datePublished":"2022-02-15T08:55:51+00:00","dateModified":"2022-02-15T08:58:33+00:00","description":"Standart GT3 seri makinam\u0131z\u0131 geli\u015ftirerek sadece plastik kalem \u00fcretimine uygun \u00f6zel olarak tasarlanm\u0131\u015f plastik enjeksiyon makinas\u0131 geli\u015ftirilmi\u015ftir.","breadcrumb":{"@id":"https:\/\/www.taninmismakina.com\/lanson\/plastik-kalem-uretimi-icin-enjeksiyon-makinesi\/#breadcrumb"},"inLanguage":"en-US","potentialAction":[{"@type":"ReadAction","target":["https:\/\/www.taninmismakina.com\/lanson\/plastik-kalem-uretimi-icin-enjeksiyon-makinesi\/"]}]},{"@type":"BreadcrumbList","@id":"https:\/\/www.taninmismakina.com\/lanson\/plastik-kalem-uretimi-icin-enjeksiyon-makinesi\/#breadcrumb","itemListElement":[{"@type":"ListItem","position":1,"name":"Home","item":"https:\/\/www.taninmismakina.com\/"},{"@type":"ListItem","position":2,"name":"LANSON","item":"https:\/\/www.taninmismakina.com\/lanson\/"},{"@type":"ListItem","position":3,"name":"Plastik Kalem \u00dcretimi \u0130\u00e7in Enjeksiyon Makinesi"}]},{"@type":"WebSite","@id":"https:\/\/www.taninmismakina.com\/#website","url":"https:\/\/www.taninmismakina.com\/","name":"Tan\u0131nm\u0131\u015f Makina","description":"Is\u0131tma ve So\u011futma Sistemleri","potentialAction":[{"@type":"SearchAction","target":{"@type":"EntryPoint","urlTemplate":"https:\/\/www.taninmismakina.com\/?s={search_term_string}"},"query-input":"required name=search_term_string"}],"inLanguage":"en-US"}]}},"_links":{"self":[{"href":"https:\/\/www.taninmismakina.com\/en\/wp-json\/wp\/v2\/pages\/5268","targetHints":{"allow":["GET"]}}],"collection":[{"href":"https:\/\/www.taninmismakina.com\/en\/wp-json\/wp\/v2\/pages"}],"about":[{"href":"https:\/\/www.taninmismakina.com\/en\/wp-json\/wp\/v2\/types\/page"}],"author":[{"embeddable":true,"href":"https:\/\/www.taninmismakina.com\/en\/wp-json\/wp\/v2\/users\/1"}],"replies":[{"embeddable":true,"href":"https:\/\/www.taninmismakina.com\/en\/wp-json\/wp\/v2\/comments?post=5268"}],"version-history":[{"count":1,"href":"https:\/\/www.taninmismakina.com\/en\/wp-json\/wp\/v2\/pages\/5268\/revisions"}],"predecessor-version":[{"id":5278,"href":"https:\/\/www.taninmismakina.com\/en\/wp-json\/wp\/v2\/pages\/5268\/revisions\/5278"}],"up":[{"embeddable":true,"href":"https:\/\/www.taninmismakina.com\/en\/wp-json\/wp\/v2\/pages\/4081"}],"wp:attachment":[{"href":"https:\/\/www.taninmismakina.com\/en\/wp-json\/wp\/v2\/media?parent=5268"}],"curies":[{"name":"wp","href":"https:\/\/api.w.org\/{rel}","templated":true}]}}