{"id":5334,"date":"2022-03-07T16:02:45","date_gmt":"2022-03-07T13:02:45","guid":{"rendered":"https:\/\/www.taninmismakina.com\/?page_id=5334"},"modified":"2022-03-07T16:12:25","modified_gmt":"2022-03-07T13:12:25","slug":"plastik-enjeksiyon-makinesinin-gunluk-bakimi","status":"publish","type":"page","link":"https:\/\/www.taninmismakina.com\/en\/plastik-enjeksiyon-makinesinin-gunluk-bakimi\/","title":{"rendered":"Plastik Enjeksiyon Makinesinin G\u00fcnl\u00fck Bak\u0131m\u0131"},"content":{"rendered":"<div class=\"vc_row wpb_row vc_row-fluid\"><div class=\"wpb_column vc_column_container vc_col-sm-12\"><div class=\"vc_column-inner\"><div class=\"wpb_wrapper\">\n\t<div  class=\"wpb_single_image wpb_content_element vc_align_left\">\n\t\t\n\t\t<figure class=\"wpb_wrapper vc_figure\">\n\t\t\t<div class=\"vc_single_image-wrapper   vc_box_border_grey\"><img loading=\"lazy\" decoding=\"async\" width=\"1130\" height=\"360\" src=\"https:\/\/www.taninmismakina.com\/wp-content\/uploads\/2022\/03\/lanson-plastik-enjeksiyon-makinesi-gunluk-bakimi.jpg\" class=\"vc_single_image-img attachment-full\" alt=\"\" srcset=\"https:\/\/www.taninmismakina.com\/wp-content\/uploads\/2022\/03\/lanson-plastik-enjeksiyon-makinesi-gunluk-bakimi.jpg 1130w, https:\/\/www.taninmismakina.com\/wp-content\/uploads\/2022\/03\/lanson-plastik-enjeksiyon-makinesi-gunluk-bakimi-300x96.jpg 300w, https:\/\/www.taninmismakina.com\/wp-content\/uploads\/2022\/03\/lanson-plastik-enjeksiyon-makinesi-gunluk-bakimi-1024x326.jpg 1024w, https:\/\/www.taninmismakina.com\/wp-content\/uploads\/2022\/03\/lanson-plastik-enjeksiyon-makinesi-gunluk-bakimi-768x245.jpg 768w, https:\/\/www.taninmismakina.com\/wp-content\/uploads\/2022\/03\/lanson-plastik-enjeksiyon-makinesi-gunluk-bakimi-18x6.jpg 18w, https:\/\/www.taninmismakina.com\/wp-content\/uploads\/2022\/03\/lanson-plastik-enjeksiyon-makinesi-gunluk-bakimi-150x48.jpg 150w\" sizes=\"auto, (max-width: 1130px) 100vw, 1130px\" \/><\/div>\n\t\t<\/figure>\n\t<\/div>\n<\/div><\/div><\/div><\/div><div class=\"vc_row wpb_row vc_row-fluid\"><div class=\"wpb_column vc_column_container vc_col-sm-12\"><div class=\"vc_column-inner\"><div class=\"wpb_wrapper\">\n\t<div class=\"wpb_text_column wpb_content_element\" >\n\t\t<div class=\"wpb_wrapper\">\n\t\t\t<p><strong>\u00a0<\/strong><\/p>\n<p>A)<\/p>\n<p>Kontrol edilmeden \u00f6nce yap\u0131lmas\u0131 gereken ad\u0131mlar a\u015fa\u011f\u0131da b\u00f6l\u00fcmlenmi\u015ftir.<\/p>\n<p>&nbsp;<\/p>\n<p>\u0130lk olarak, tanktaki ya\u011f miktar\u0131n\u0131 belirlenmi\u015f ya\u011f standard\u0131na g\u00f6re kontrol ediniz. Ard\u0131ndan, \u0131s\u0131 ve ya\u011f s\u0131cakl\u0131\u011f\u0131n\u0131 kontrol ediniz. Bas\u0131n\u00e7 g\u00f6stergesinin son kontrol\u00fc \u00f6nemlidir.<\/p>\n<p>B)<\/p>\n<ol>\n<li>Ba\u015flang\u0131\u00e7 ta\u015fma valfi en d\u00fc\u015f\u00fck bas\u0131nca ge\u00e7er.<\/li>\n<li>S\u00fcrekli d\u00fczg\u00fcn kald\u0131rma olsun, her \u015fey yolunda olsun ve ard\u0131ndan bas\u0131nc\u0131 ayarlamak i\u00e7in ta\u015fma valfi bas\u0131nc\u0131n\u0131n reg\u00fclasyonunu kontrol edin ve ayarlay\u0131n.<\/li>\n<li>Ya\u011f pompas\u0131, ya\u011f muhafazas\u0131, elektrom\u0131knat\u0131s kontrol\u00fc, ya\u011f s\u0131cakl\u0131\u011f\u0131 20 derece ile 50 derece aras\u0131ndad\u0131r.<\/li>\n<li>D\u00f6k\u00fclme.<\/li>\n<li>G\u00fcr\u00fclt\u00fc titre\u015fim testi.<\/li>\n<li>G\u00f6sterge kontrol\u00fc.<\/li>\n<li>G\u00fcvenlik i\u00e7in elektrik bile\u015fenlerinin durumunu kontrol ediniz.<\/li>\n<\/ol>\n<p>&nbsp;<\/p>\n<p>C)<\/p>\n<ol>\n<li>Hidrolik bile\u015fenleri kontrol edin.<\/li>\n<li>Valf kolu, &#8220;geri&#8221; gibi &#8220;bo\u015faltma&#8221; &#8220;durma&#8221; konumuna d\u00f6nmelidir.<\/li>\n<li>Kontrol anahtar\u0131n\u0131n ve elektrik bile\u015fenlerinin gev\u015fek olup olmad\u0131\u011f\u0131n\u0131 kontrol edin.<\/li>\n<li>Makine kolonu ve dolum ya\u011f\u0131 ta\u015f\u0131yan aktif ba\u011flant\u0131 hareket par\u00e7alar\u0131.<\/li>\n<li>G\u00fc\u00e7 kayna\u011f\u0131n\u0131 kapat\u0131n ve iyi bir i\u015f g\u00fcvenli\u011fi sa\u011flay\u0131n.<\/li>\n<\/ol>\n<p>&nbsp;<\/p>\n<p><strong>Enjeksiyon Kal\u0131p Makinesinin \u00c7al\u0131\u015fmas\u0131<\/strong><\/p>\n<ol>\n<li>Elektrik kontrol kutusunda su ve ya\u011f ka\u00e7a\u011f\u0131 olup olmad\u0131\u011f\u0131n\u0131 kontrol edin. Nemden etkileniyorsa \u00e7al\u0131\u015ft\u0131rmay\u0131n\u0131z. \u00d6ny\u00fcklemeden sonra elektrikli par\u00e7alar, bak\u0131m personeli taraf\u0131ndan kurutulmal\u0131d\u0131r.<\/li>\n<li>G\u00fc\u00e7 kayna\u011f\u0131nda voltaj olup olmad\u0131\u011f\u0131n\u0131 kontrol ediniz. Olmas\u0131 gerekenden +\/- %15 olmamal\u0131d\u0131r.<\/li>\n<li>Acil durdurma anahtar\u0131n\u0131, g\u00fcvenlik kap\u0131s\u0131 anahtar\u0131n\u0131n normal olmas\u0131ndan \u00f6nce ve sonra kontrol edin. Motor ve ya\u011f pompas\u0131 d\u00f6n\u00fc\u015f y\u00f6n\u00fcn\u00fc do\u011frulay\u0131n.<\/li>\n<li>So\u011futma borusunun temiz oldu\u011funu ve so\u011futma ceketinin ya\u011f so\u011futucusu ve namlu ucunun suya girdi\u011fini kontrol edin.<\/li>\n<li>Ya\u011flama ya\u011f\u0131 (gres) i\u00e7in hareket eden k\u0131s\u0131mlar\u0131n\u0131 kontrol edin, ya\u011flama ya\u011f\u0131n\u0131 ekleyin.<\/li>\n<\/ol>\n<ol>\n<li>Elektrik kontrol sistemini ve makinenin \u0131s\u0131tma borusu paragraflar\u0131n\u0131 a\u00e7\u0131n. Paragraflar\u0131n s\u0131cakl\u0131\u011f\u0131na ula\u015f\u0131ld\u0131\u011f\u0131nda makine s\u0131cakl\u0131\u011f\u0131n\u0131n dengelenmesi i\u00e7in bir s\u00fcre \u0131s\u0131 korumas\u0131 yap\u0131l\u0131r.<\/li>\n<\/ol>\n<p>&nbsp;<\/p>\n<p><strong>\u00c7al\u0131\u015fma S\u00fcreci<\/strong><\/p>\n<ol>\n<li>Kolay olmas\u0131 i\u00e7in a\u00e7\u0131k havada yapmay\u0131n.<\/li>\n<li>Bas\u0131n\u00e7l\u0131 ya\u011f s\u0131cakl\u0131\u011f\u0131n\u0131 g\u00f6zlemlemeye dikkat edin. Ya\u011f s\u0131cakl\u0131\u011f\u0131 \u00f6ng\u00f6r\u00fclen de\u011fer d\u0131\u015f\u0131nda olmamal\u0131d\u0131r. Hidrolik ya\u011f\u0131n \u00e7al\u0131\u015fma s\u0131cakl\u0131\u011f\u0131n\u0131n 45-50 \u2103 aras\u0131nda tutulmas\u0131, genellikle 35-60 \u2103 aral\u0131\u011f\u0131nda olmas\u0131 daha uygundur.<\/li>\n<li>Hareket limit anahtar\u0131n\u0131 ayarlamaya dikkat edin, \u00e7arpma s\u0131ras\u0131nda makinenin hareket etmesini \u00f6nleyin.<\/li>\n<\/ol>\n<p><strong>\u0130\u015flem Sonunda<\/strong><\/p>\n<ol>\n<li>Ar\u0131za s\u00fcresinden \u00f6nce, i\u00e7inde \u015feffaf plastik varil olmal\u0131, uzun s\u00fcre malzeme oksidasyonu termal ayr\u0131\u015fmas\u0131n\u0131 \u00f6nlemeli veya art\u0131k b\u0131rakmal\u0131d\u0131r.<\/li>\n<li>Kal\u0131b\u0131 a\u00e7mal\u0131, ge\u00e7i\u015f kolu mekanizmas\u0131 uzun s\u00fcre engelleme durumunda yap\u0131lmal\u0131d\u0131r.<\/li>\n<li>At\u00f6lye, kald\u0131rma ekipman\u0131 ile donat\u0131lmal\u0131d\u0131r. Kal\u0131p, \u00fcretim g\u00fcvenli\u011fini sa\u011flamak i\u00e7in kurulum gibi a\u011f\u0131r bile\u015fenler konusunda \u00e7ok dikkatli olmal\u0131d\u0131r.<\/li>\n<\/ol>\n<p>&nbsp;<\/p>\n<p><strong>Enjeksiyon Teknolojisi<\/strong><\/p>\n<p><strong>\u00a0<\/strong><\/p>\n<ol>\n<li><strong>Silindir S\u0131cakl\u0131\u011f\u0131<\/strong><\/li>\n<\/ol>\n<p>Erime s\u0131cakl\u0131\u011f\u0131 \u00e7ok \u00f6nemlidir. Erime s\u0131cakl\u0131\u011f\u0131, nozzle veya hava enjeksiyon y\u00f6ntemiyle \u00f6l\u00e7\u00fclebilir. Silindir s\u0131cakl\u0131k ayar\u0131n\u0131n at\u0131m\u0131; erime s\u0131cakl\u0131\u011f\u0131na, vida h\u0131z\u0131na, kar\u015f\u0131 bas\u0131nca, besleme h\u0131z\u0131na ve enjeksiyonlu kal\u0131plama d\u00f6ng\u00fcs\u00fcne ba\u011fl\u0131d\u0131r. \u00c7al\u0131\u015fma s\u00fcresi uzunsa veya y\u00fcksek s\u0131cakl\u0131kta \u00e7al\u0131\u015f\u0131yorsa, ilk alan\u0131n s\u0131cakl\u0131\u011f\u0131 daha d\u00fc\u015f\u00fck bir de\u011fere ayarlanmal\u0131d\u0131r. Bu, erken plastik erimesini ve \u015fant\u0131n\u0131 \u00f6nleyecektir. Enjeksiyon kal\u0131plamaya ba\u015flamadan \u00f6nce hidrolik ya\u011f\u0131n, hazne kapa\u011f\u0131n\u0131n, kal\u0131plar\u0131n ve malzeme silindirinin do\u011fru s\u0131cakl\u0131kta oldu\u011fundan emin olun.<\/p>\n<p>&nbsp;<\/p>\n<ol start=\"2\">\n<li><strong>Erime S\u0131cakl\u0131\u011f\u0131<\/strong><\/li>\n<\/ol>\n<p>Eriyik ak\u0131\u015f davran\u0131\u015f\u0131n\u0131n erime s\u0131cakl\u0131\u011f\u0131, ana rol oynar. Belirli bir erime noktas\u0131 olmayan plastik, erime noktas\u0131 erimi\u015f haldeki s\u0131cakl\u0131\u011f\u0131n bir b\u00f6l\u00fcm\u00fcd\u00fcr. PC, PPS gibi s\u0131cakl\u0131ktan etkilenen molek\u00fcler zincir sertli\u011fi, PA, PP, PE vb. esnek zincirler gibi s\u0131v\u0131 s\u0131cakl\u0131\u011f\u0131n\u0131 de\u011fi\u015ftirerek belirlenmez. Bu nedenle makul enjeksiyon s\u0131cakl\u0131\u011f\u0131 kalibrasyonu i\u00e7in farkl\u0131 malzemelere dayanmal\u0131d\u0131r.<\/p>\n<p><strong>\u00a0<\/strong><\/p>\n<ol start=\"3\">\n<li><strong>Kal\u0131p S\u0131cakl\u0131\u011f\u0131<\/strong><\/li>\n<\/ol>\n<p>Baz\u0131 plastik malzemeler, y\u00fcksek kristalle\u015fme s\u0131cakl\u0131klar\u0131 nedeniyle kristalle\u015fme h\u0131zlar\u0131 yava\u015ft\u0131r ve daha y\u00fcksek kal\u0131p s\u0131cakl\u0131klar\u0131na ihtiya\u00e7 duyarlar. Kal\u0131p tasar\u0131m\u0131 ve kal\u0131plama m\u00fchendisli\u011fi ko\u015fullar\u0131nda, sadece uygun s\u0131cakl\u0131\u011f\u0131 korumak de\u011fil, ayn\u0131 zamanda d\u00fczg\u00fcn da\u011f\u0131l\u0131m\u0131 da sa\u011flamak \u00f6nemlidir. Kal\u0131p s\u0131cakl\u0131\u011f\u0131n\u0131n d\u00fczensiz da\u011f\u0131l\u0131m\u0131, d\u00fczensiz b\u00fcz\u00fclmeye ve i\u00e7 strese yol a\u00e7abilir.<\/p>\n<p><strong>\u00a0<\/strong><\/p>\n<ol start=\"4\">\n<li><strong>Enjeksiyon Bas\u0131nc\u0131 <\/strong><\/li>\n<\/ol>\n<p>PA, PP malzeme gibi plastik \u00fcr\u00fcnler i\u00e7in gerekli olan farkl\u0131 enjeksiyon bas\u0131nc\u0131, artan bas\u0131n\u00e7 gibi likiditesini de \u00f6nemli \u00f6l\u00e7\u00fcde art\u0131racakt\u0131r. Enjeksiyon bas\u0131nc\u0131, \u00fcr\u00fcn\u00fcn yo\u011funlu\u011funu belirler. Sabit bir de\u011feri yoktur ve kal\u0131ba doldurma ne kadar zor olursa enjeksiyon bas\u0131nc\u0131 da o kadar artar. Her plasti\u011fin do\u011fas\u0131 gere\u011fi ak\u0131\u015f farkl\u0131d\u0131r. Ayn\u0131 malzemenin erime s\u0131cakl\u0131\u011f\u0131n\u0131n zorlu\u011funa g\u00f6re viskozitesi de de\u011fi\u015fecektir. Farkl\u0131 \u00fcr\u00fcnlerin kal\u0131p tasar\u0131m\u0131 ve kal\u0131p s\u0131cakl\u0131\u011f\u0131 malzeme ak\u0131\u015f\u0131n\u0131n direncini de\u011fi\u015ftirecektir. Ayn\u0131 enjeksiyon h\u0131z\u0131n\u0131 korumak i\u00e7in \u00e7e\u015fitli ko\u015fullarda enjeksiyon bas\u0131nc\u0131n\u0131n kesinlikle de\u011fi\u015fmesi, eriyik ak\u0131\u015f\u0131n\u0131n neden oldu\u011fu direncin \u00fcstesinden gelmesi gerekir.<\/p>\n<p>&nbsp;<\/p>\n<ol start=\"5\">\n<li><strong>Enjeksiyon H\u0131z\u0131 <\/strong><\/li>\n<\/ol>\n<p>Enjeksiyon h\u0131z\u0131 ayar\u0131, eriyik dolum kal\u0131p s\u00fcresini ve ak\u0131\u015f modelini kontrol etmektedir. Enjeksiyon h\u0131z\u0131n\u0131n do\u011fru ayarlanmas\u0131 veya ayarlanmamas\u0131 \u00fcr\u00fcn g\u00f6r\u00fcn\u00fcm kalitesinde \u00f6nemli rol oynar.<\/p>\n<p>&nbsp;<\/p>\n<ol start=\"6\">\n<li><strong>Zaman Parametresi(Kal\u0131plama D\u00f6ng\u00fcs\u00fc)<\/strong><\/li>\n<\/ol>\n<p>Kal\u0131p doldurma s\u00fcresi genellikle 10 saniyeden fazla de\u011fildir. Tutma s\u00fcresi daha uzundur. Plastik par\u00e7alar\u0131n et kal\u0131nl\u0131\u011f\u0131na ba\u011fl\u0131 olarak (duvar kal\u0131nl\u0131\u011f\u0131) minimum b\u00fcz\u00fclmeyi sa\u011flamak i\u00e7in uzun zaman al\u0131r. So\u011futma s\u00fcresi; malzeme kal\u0131nl\u0131\u011f\u0131, kal\u0131p s\u0131cakl\u0131\u011f\u0131 ve \u00fcr\u00fcnler gibi \u00f6zel duruma g\u00f6re ayarlanm\u0131\u015f plastik kristal fakt\u00f6rlere ba\u011fl\u0131d\u0131r.<\/p>\n\n\t\t<\/div>\n\t<\/div>\n<\/div><\/div><\/div><\/div>","protected":false},"excerpt":{"rendered":"\u00a0 A) Kontrol edilmeden \u00f6nce yap\u0131lmas\u0131 gereken ad\u0131mlar a\u015fa\u011f\u0131da b\u00f6l\u00fcmlenmi\u015ftir. &nbsp; \u0130lk olarak, tanktaki ya\u011f miktar\u0131n\u0131 belirlenmi\u015f ya\u011f standard\u0131na g\u00f6re&nbsp;<a href=\"https:\/\/www.taninmismakina.com\/en\/plastik-enjeksiyon-makinesinin-gunluk-bakimi\/\">[&hellip;]<\/a>","protected":false},"author":1,"featured_media":0,"parent":0,"menu_order":0,"comment_status":"closed","ping_status":"closed","template":"template-fullwidth.php","meta":{"footnotes":""},"class_list":["post-5334","page","type-page","status-publish","hentry"],"yoast_head":"<!-- This site is optimized with the Yoast SEO plugin v22.9 - https:\/\/yoast.com\/wordpress\/plugins\/seo\/ -->\n<title>Plastik Enjeksiyon Makinesinin G\u00fcnl\u00fck Bak\u0131m\u0131 - Tan\u0131nm\u0131\u015f Makina<\/title>\n<meta name=\"description\" content=\"Plastik Enjeksiyon Makinas\u0131n\u0131n G\u00fcnl\u00fck Bak\u0131m\u0131 ve ad\u0131m ad\u0131m yapman\u0131z gerekenlere bu yaz\u0131m\u0131zdan ula\u015fabilirsiniz. Daha fazla bilgi i\u00e7in bizi arayabilirsiniz.\" \/>\n<meta name=\"robots\" content=\"index, follow, max-snippet:-1, max-image-preview:large, max-video-preview:-1\" \/>\n<link rel=\"canonical\" href=\"https:\/\/www.taninmismakina.com\/en\/plastik-enjeksiyon-makinesinin-gunluk-bakimi\/\" \/>\n<meta property=\"og:locale\" content=\"en_US\" \/>\n<meta property=\"og:type\" content=\"article\" \/>\n<meta property=\"og:title\" content=\"Plastik Enjeksiyon Makinesinin G\u00fcnl\u00fck Bak\u0131m\u0131 - Tan\u0131nm\u0131\u015f Makina\" \/>\n<meta property=\"og:description\" content=\"Plastik Enjeksiyon Makinas\u0131n\u0131n G\u00fcnl\u00fck Bak\u0131m\u0131 ve ad\u0131m ad\u0131m yapman\u0131z gerekenlere bu yaz\u0131m\u0131zdan ula\u015fabilirsiniz. Daha fazla bilgi i\u00e7in bizi arayabilirsiniz.\" \/>\n<meta property=\"og:url\" content=\"https:\/\/www.taninmismakina.com\/en\/plastik-enjeksiyon-makinesinin-gunluk-bakimi\/\" \/>\n<meta property=\"og:site_name\" content=\"Tan\u0131nm\u0131\u015f Makina\" \/>\n<meta property=\"article:modified_time\" content=\"2022-03-07T13:12:25+00:00\" \/>\n<meta name=\"twitter:card\" content=\"summary_large_image\" \/>\n<meta name=\"twitter:label1\" content=\"Est. reading time\" \/>\n\t<meta name=\"twitter:data1\" content=\"5 minutes\" \/>\n<script type=\"application\/ld+json\" class=\"yoast-schema-graph\">{\"@context\":\"https:\/\/schema.org\",\"@graph\":[{\"@type\":\"WebPage\",\"@id\":\"https:\/\/www.taninmismakina.com\/plastik-enjeksiyon-makinesinin-gunluk-bakimi\/\",\"url\":\"https:\/\/www.taninmismakina.com\/plastik-enjeksiyon-makinesinin-gunluk-bakimi\/\",\"name\":\"Plastik Enjeksiyon Makinesinin G\u00fcnl\u00fck Bak\u0131m\u0131 - Tan\u0131nm\u0131\u015f Makina\",\"isPartOf\":{\"@id\":\"https:\/\/www.taninmismakina.com\/#website\"},\"datePublished\":\"2022-03-07T13:02:45+00:00\",\"dateModified\":\"2022-03-07T13:12:25+00:00\",\"description\":\"Plastik Enjeksiyon Makinas\u0131n\u0131n G\u00fcnl\u00fck Bak\u0131m\u0131 ve ad\u0131m ad\u0131m yapman\u0131z gerekenlere bu yaz\u0131m\u0131zdan ula\u015fabilirsiniz. Daha fazla bilgi i\u00e7in bizi arayabilirsiniz.\",\"breadcrumb\":{\"@id\":\"https:\/\/www.taninmismakina.com\/plastik-enjeksiyon-makinesinin-gunluk-bakimi\/#breadcrumb\"},\"inLanguage\":\"en-US\",\"potentialAction\":[{\"@type\":\"ReadAction\",\"target\":[\"https:\/\/www.taninmismakina.com\/plastik-enjeksiyon-makinesinin-gunluk-bakimi\/\"]}]},{\"@type\":\"BreadcrumbList\",\"@id\":\"https:\/\/www.taninmismakina.com\/plastik-enjeksiyon-makinesinin-gunluk-bakimi\/#breadcrumb\",\"itemListElement\":[{\"@type\":\"ListItem\",\"position\":1,\"name\":\"Home\",\"item\":\"https:\/\/www.taninmismakina.com\/\"},{\"@type\":\"ListItem\",\"position\":2,\"name\":\"Plastik Enjeksiyon Makinesinin G\u00fcnl\u00fck Bak\u0131m\u0131\"}]},{\"@type\":\"WebSite\",\"@id\":\"https:\/\/www.taninmismakina.com\/#website\",\"url\":\"https:\/\/www.taninmismakina.com\/\",\"name\":\"Tan\u0131nm\u0131\u015f Makina\",\"description\":\"Is\u0131tma ve So\u011futma Sistemleri\",\"potentialAction\":[{\"@type\":\"SearchAction\",\"target\":{\"@type\":\"EntryPoint\",\"urlTemplate\":\"https:\/\/www.taninmismakina.com\/?s={search_term_string}\"},\"query-input\":\"required name=search_term_string\"}],\"inLanguage\":\"en-US\"}]}<\/script>\n<!-- \/ Yoast SEO plugin. -->","yoast_head_json":{"title":"Plastik Enjeksiyon Makinesinin G\u00fcnl\u00fck Bak\u0131m\u0131 - Tan\u0131nm\u0131\u015f Makina","description":"Plastik Enjeksiyon Makinas\u0131n\u0131n G\u00fcnl\u00fck Bak\u0131m\u0131 ve ad\u0131m ad\u0131m yapman\u0131z gerekenlere bu yaz\u0131m\u0131zdan ula\u015fabilirsiniz. Daha fazla bilgi i\u00e7in bizi arayabilirsiniz.","robots":{"index":"index","follow":"follow","max-snippet":"max-snippet:-1","max-image-preview":"max-image-preview:large","max-video-preview":"max-video-preview:-1"},"canonical":"https:\/\/www.taninmismakina.com\/en\/plastik-enjeksiyon-makinesinin-gunluk-bakimi\/","og_locale":"en_US","og_type":"article","og_title":"Plastik Enjeksiyon Makinesinin G\u00fcnl\u00fck Bak\u0131m\u0131 - Tan\u0131nm\u0131\u015f Makina","og_description":"Plastik Enjeksiyon Makinas\u0131n\u0131n G\u00fcnl\u00fck Bak\u0131m\u0131 ve ad\u0131m ad\u0131m yapman\u0131z gerekenlere bu yaz\u0131m\u0131zdan ula\u015fabilirsiniz. Daha fazla bilgi i\u00e7in bizi arayabilirsiniz.","og_url":"https:\/\/www.taninmismakina.com\/en\/plastik-enjeksiyon-makinesinin-gunluk-bakimi\/","og_site_name":"Tan\u0131nm\u0131\u015f Makina","article_modified_time":"2022-03-07T13:12:25+00:00","twitter_card":"summary_large_image","twitter_misc":{"Est. reading time":"5 minutes"},"schema":{"@context":"https:\/\/schema.org","@graph":[{"@type":"WebPage","@id":"https:\/\/www.taninmismakina.com\/plastik-enjeksiyon-makinesinin-gunluk-bakimi\/","url":"https:\/\/www.taninmismakina.com\/plastik-enjeksiyon-makinesinin-gunluk-bakimi\/","name":"Plastik Enjeksiyon Makinesinin G\u00fcnl\u00fck Bak\u0131m\u0131 - Tan\u0131nm\u0131\u015f Makina","isPartOf":{"@id":"https:\/\/www.taninmismakina.com\/#website"},"datePublished":"2022-03-07T13:02:45+00:00","dateModified":"2022-03-07T13:12:25+00:00","description":"Plastik Enjeksiyon Makinas\u0131n\u0131n G\u00fcnl\u00fck Bak\u0131m\u0131 ve ad\u0131m ad\u0131m yapman\u0131z gerekenlere bu yaz\u0131m\u0131zdan ula\u015fabilirsiniz. Daha fazla bilgi i\u00e7in bizi arayabilirsiniz.","breadcrumb":{"@id":"https:\/\/www.taninmismakina.com\/plastik-enjeksiyon-makinesinin-gunluk-bakimi\/#breadcrumb"},"inLanguage":"en-US","potentialAction":[{"@type":"ReadAction","target":["https:\/\/www.taninmismakina.com\/plastik-enjeksiyon-makinesinin-gunluk-bakimi\/"]}]},{"@type":"BreadcrumbList","@id":"https:\/\/www.taninmismakina.com\/plastik-enjeksiyon-makinesinin-gunluk-bakimi\/#breadcrumb","itemListElement":[{"@type":"ListItem","position":1,"name":"Home","item":"https:\/\/www.taninmismakina.com\/"},{"@type":"ListItem","position":2,"name":"Plastik Enjeksiyon Makinesinin G\u00fcnl\u00fck Bak\u0131m\u0131"}]},{"@type":"WebSite","@id":"https:\/\/www.taninmismakina.com\/#website","url":"https:\/\/www.taninmismakina.com\/","name":"Tan\u0131nm\u0131\u015f Makina","description":"Is\u0131tma ve So\u011futma Sistemleri","potentialAction":[{"@type":"SearchAction","target":{"@type":"EntryPoint","urlTemplate":"https:\/\/www.taninmismakina.com\/?s={search_term_string}"},"query-input":"required name=search_term_string"}],"inLanguage":"en-US"}]}},"_links":{"self":[{"href":"https:\/\/www.taninmismakina.com\/en\/wp-json\/wp\/v2\/pages\/5334","targetHints":{"allow":["GET"]}}],"collection":[{"href":"https:\/\/www.taninmismakina.com\/en\/wp-json\/wp\/v2\/pages"}],"about":[{"href":"https:\/\/www.taninmismakina.com\/en\/wp-json\/wp\/v2\/types\/page"}],"author":[{"embeddable":true,"href":"https:\/\/www.taninmismakina.com\/en\/wp-json\/wp\/v2\/users\/1"}],"replies":[{"embeddable":true,"href":"https:\/\/www.taninmismakina.com\/en\/wp-json\/wp\/v2\/comments?post=5334"}],"version-history":[{"count":4,"href":"https:\/\/www.taninmismakina.com\/en\/wp-json\/wp\/v2\/pages\/5334\/revisions"}],"predecessor-version":[{"id":5339,"href":"https:\/\/www.taninmismakina.com\/en\/wp-json\/wp\/v2\/pages\/5334\/revisions\/5339"}],"wp:attachment":[{"href":"https:\/\/www.taninmismakina.com\/en\/wp-json\/wp\/v2\/media?parent=5334"}],"curies":[{"name":"wp","href":"https:\/\/api.w.org\/{rel}","templated":true}]}}