{"id":5581,"date":"2024-06-25T00:34:24","date_gmt":"2024-06-24T21:34:24","guid":{"rendered":"https:\/\/www.taninmismakina.com\/?page_id=5581"},"modified":"2024-06-30T22:01:17","modified_gmt":"2024-06-30T19:01:17","slug":"breyer-eco-line-borular-icin-ekstruzyon-hatlari","status":"publish","type":"page","link":"https:\/\/www.taninmismakina.com\/en\/breyer\/breyer-eco-line-borular-icin-ekstruzyon-hatlari\/","title":{"rendered":"Extrusion lines for tubes"},"content":{"rendered":"<div class=\"vc_row wpb_row vc_row-fluid\"><div class=\"wpb_column vc_column_container vc_col-sm-12\"><div class=\"vc_column-inner\"><div class=\"wpb_wrapper\">\n\t<div  class=\"wpb_single_image wpb_content_element vc_align_left\">\n\t\t\n\t\t<figure class=\"wpb_wrapper vc_figure\">\n\t\t\t<div class=\"vc_single_image-wrapper   vc_box_border_grey\"><img loading=\"lazy\" decoding=\"async\" width=\"1920\" height=\"960\" src=\"https:\/\/www.taninmismakina.com\/wp-content\/uploads\/2024\/06\/12_header.jpg\" class=\"vc_single_image-img attachment-full\" alt=\"\" srcset=\"https:\/\/www.taninmismakina.com\/wp-content\/uploads\/2024\/06\/12_header.jpg 1920w, https:\/\/www.taninmismakina.com\/wp-content\/uploads\/2024\/06\/12_header-300x150.jpg 300w, https:\/\/www.taninmismakina.com\/wp-content\/uploads\/2024\/06\/12_header-1024x512.jpg 1024w, https:\/\/www.taninmismakina.com\/wp-content\/uploads\/2024\/06\/12_header-768x384.jpg 768w, https:\/\/www.taninmismakina.com\/wp-content\/uploads\/2024\/06\/12_header-1536x768.jpg 1536w, https:\/\/www.taninmismakina.com\/wp-content\/uploads\/2024\/06\/12_header-18x9.jpg 18w, https:\/\/www.taninmismakina.com\/wp-content\/uploads\/2024\/06\/12_header-150x75.jpg 150w\" sizes=\"auto, (max-width: 1920px) 100vw, 1920px\" \/><\/div>\n\t\t<\/figure>\n\t<\/div>\n\n\t<div class=\"wpb_text_column wpb_content_element\" >\n\t\t<div class=\"wpb_wrapper\">\n\t\t\t<h2>BREYER Eco-Line<br \/>\nExtrusion lines for tubes<\/h2>\n\n\t\t<\/div>\n\t<\/div>\n<div class=\"vc_empty_space\"   style=\"height: 32px\"><span class=\"vc_empty_space_inner\"><\/span><\/div>\n\t<div class=\"wpb_text_column wpb_content_element\" >\n\t\t<div class=\"wpb_wrapper\">\n\t\t\t<h2>Everything good tube needs.<\/h2>\n<p><i>When it comes to tube packaging for the cosmetics industry, perfection and a professional design are paramount. However, packaging must also be manufactured economically.<\/i><\/p>\n<div>\n<p>Stay ahead of your competition.<\/p>\n<p>Today, speed is a top priority in many production processes. It\u2018s good if you can refer to a technology that delivers good quality even at high speeds.<\/p>\n<p>Clients from the world of cosmetics, which has high standards, know to appreciate this fact because perfect looks and tactile qualities often decide the success or failure of a product. Still, economic efficiency cannot be neglected in the production process. The BREYER eco\u00b7line meets with both standards in an optimal way \u2013 especially when the decision is made in favor of a multi-layer design.<\/p>\n<\/div>\n\n\t\t<\/div>\n\t<\/div>\n<div class=\"vc_row wpb_row vc_inner vc_row-fluid\"><div class=\"wpb_column vc_column_container vc_col-sm-6 vc_col-has-fill\"><div class=\"vc_column-inner vc_custom_1718453521708\"><div class=\"wpb_wrapper\"><h4 style=\"text-align: left\" class=\"vc_custom_heading\" >Avantages<\/h4>\n\t<div class=\"wpb_text_column wpb_content_element\" >\n\t\t<div class=\"wpb_wrapper\">\n\t\t\t<ul>\n<li>Clear design meets tube aesthetics<\/li>\n<li>Cost, energy savings and noise reduction modules<\/li>\n<li>Different line configurations and production sizes for mono and multilayer tubes<\/li>\n<li>High performance up to 45 m\/min.<\/li>\n<li>State-of-the-art drive technology<\/li>\n<li>User-friendly and modern operating panel<\/li>\n<li>New arrangement of components \u2013 maintenance-friendly and space-saving<\/li>\n<li>Quality control units and process data recording to secure the tube quality<\/li>\n<li>Noise reduction: of approx. 11 dB (A)<\/li>\n<\/ul>\n\n\t\t<\/div>\n\t<\/div>\n<\/div><\/div><\/div><div class=\"wpb_column vc_column_container vc_col-sm-6 vc_col-has-fill\"><div class=\"vc_column-inner vc_custom_1718454071268\"><div class=\"wpb_wrapper\"><div class=\"vc_empty_space\"   style=\"height: 32px\"><span class=\"vc_empty_space_inner\"><\/span><\/div><h4 style=\"text-align: left\" class=\"vc_custom_heading\" >Technical data<\/h4>\n\t<div class=\"wpb_text_column wpb_content_element\" >\n\t\t<div class=\"wpb_wrapper\">\n\t\t\t<table class=\"table\" border=\"0\" frame=\"below\" cellspacing=\"0\" align=\"left\">\n<tbody>\n<tr>\n<td>Tube diameter<\/td>\n<td>13 \u2013 60 mm<\/td>\n<\/tr>\n<tr>\n<td>Length<\/td>\n<td>30 \u2013 250 mm<\/td>\n<\/tr>\n<tr>\n<td>Performance<\/td>\n<td>80 \u2013 300 tubes\/min<\/td>\n<\/tr>\n<tr>\n<td>Materials<\/td>\n<td>LDPE, LLDPE, MDPE, HDPE, PP, PCR\/PIR\/Bio, Mixtures. Special materials on request<\/td>\n<\/tr>\n<tr>\n<td>Versions<\/td>\n<td>Single - and multilayer, up to 7 layers, with window<\/td>\n<\/tr>\n<\/tbody>\n<\/table>\n\n\t\t<\/div>\n\t<\/div>\n<\/div><\/div><\/div><\/div><\/div><\/div><\/div><\/div><div class=\"vc_row wpb_row vc_row-fluid\"><div class=\"wpb_column vc_column_container vc_col-sm-12\"><div class=\"vc_column-inner\"><div class=\"wpb_wrapper\"><div class=\"vc_empty_space\"   style=\"height: 32px\"><span class=\"vc_empty_space_inner\"><\/span><\/div><h4 style=\"text-align: left\" class=\"vc_custom_heading\" >Examples of application<\/h4><div class=\"wpb_gallery wpb_content_element vc_clearfix\" ><div class=\"wpb_wrapper\"><div class=\"wpb_gallery_slides wpb_image_grid\" data-interval=\"3\"><ul class=\"wpb_image_grid_ul\"><li class=\"isotope-item\"><a class=\"prettyphoto\" href=\"https:\/\/www.taninmismakina.com\/wp-content\/uploads\/2024\/06\/11_51.jpg\" data-rel=\"prettyPhoto[rel-5581-2752596388]\"><img loading=\"lazy\" decoding=\"async\" class=\"\" src=\"https:\/\/www.taninmismakina.com\/wp-content\/uploads\/2024\/06\/11_51-165x165.jpg\" width=\"165\" height=\"165\" alt=\"BREYER TopLine\" title=\"BREYER TopLine\" \/><\/a><\/li><li class=\"isotope-item\"><a class=\"prettyphoto\" href=\"https:\/\/www.taninmismakina.com\/wp-content\/uploads\/2024\/06\/11_52.jpg\" data-rel=\"prettyPhoto[rel-5581-2752596388]\"><img loading=\"lazy\" decoding=\"async\" class=\"\" src=\"https:\/\/www.taninmismakina.com\/wp-content\/uploads\/2024\/06\/11_52-165x165.jpg\" width=\"165\" height=\"165\" alt=\"BREYER TopLine\" title=\"BREYER TopLine\" \/><\/a><\/li><li class=\"isotope-item\"><a class=\"prettyphoto\" href=\"https:\/\/www.taninmismakina.com\/wp-content\/uploads\/2024\/06\/11_53.jpg\" data-rel=\"prettyPhoto[rel-5581-2752596388]\"><img loading=\"lazy\" decoding=\"async\" class=\"\" src=\"https:\/\/www.taninmismakina.com\/wp-content\/uploads\/2024\/06\/11_53-165x165.jpg\" width=\"165\" height=\"165\" alt=\"BREYER TopLine\" title=\"BREYER TopLine\" \/><\/a><\/li><li class=\"isotope-item\"><a class=\"prettyphoto\" href=\"https:\/\/www.taninmismakina.com\/wp-content\/uploads\/2024\/06\/11_79.jpg\" data-rel=\"prettyPhoto[rel-5581-2752596388]\"><img loading=\"lazy\" decoding=\"async\" class=\"\" src=\"https:\/\/www.taninmismakina.com\/wp-content\/uploads\/2024\/06\/11_79-165x165.jpg\" width=\"165\" height=\"165\" alt=\"BREYER TopLine\" title=\"BREYER TopLine\" \/><\/a><\/li><li class=\"isotope-item\"><a class=\"prettyphoto\" href=\"https:\/\/www.taninmismakina.com\/wp-content\/uploads\/2024\/06\/11_81.jpg\" data-rel=\"prettyPhoto[rel-5581-2752596388]\"><img loading=\"lazy\" decoding=\"async\" class=\"\" src=\"https:\/\/www.taninmismakina.com\/wp-content\/uploads\/2024\/06\/11_81-165x165.jpg\" width=\"165\" height=\"165\" alt=\"BREYER TopLine\" title=\"BREYER TopLine\" \/><\/a><\/li><li class=\"isotope-item\"><a class=\"prettyphoto\" href=\"https:\/\/www.taninmismakina.com\/wp-content\/uploads\/2024\/06\/11_82.jpg\" data-rel=\"prettyPhoto[rel-5581-2752596388]\"><img loading=\"lazy\" decoding=\"async\" class=\"\" src=\"https:\/\/www.taninmismakina.com\/wp-content\/uploads\/2024\/06\/11_82-165x165.jpg\" width=\"165\" height=\"165\" alt=\"BREYER TopLine\" title=\"BREYER TopLine\" \/><\/a><\/li><li class=\"isotope-item\"><a class=\"prettyphoto\" href=\"https:\/\/www.taninmismakina.com\/wp-content\/uploads\/2024\/06\/11_83.jpg\" data-rel=\"prettyPhoto[rel-5581-2752596388]\"><img loading=\"lazy\" decoding=\"async\" class=\"\" src=\"https:\/\/www.taninmismakina.com\/wp-content\/uploads\/2024\/06\/11_83-165x165.jpg\" width=\"165\" height=\"165\" alt=\"BREYER TopLine\" title=\"BREYER TopLine\" \/><\/a><\/li><li class=\"isotope-item\"><a class=\"prettyphoto\" href=\"https:\/\/www.taninmismakina.com\/wp-content\/uploads\/2024\/06\/11_84.jpg\" data-rel=\"prettyPhoto[rel-5581-2752596388]\"><img loading=\"lazy\" decoding=\"async\" class=\"\" src=\"https:\/\/www.taninmismakina.com\/wp-content\/uploads\/2024\/06\/11_84-165x165.jpg\" width=\"165\" height=\"165\" alt=\"11_84\" title=\"11_84\" \/><\/a><\/li><li class=\"isotope-item\"><a class=\"prettyphoto\" href=\"https:\/\/www.taninmismakina.com\/wp-content\/uploads\/2024\/06\/11_85-1.jpg\" data-rel=\"prettyPhoto[rel-5581-2752596388]\"><img loading=\"lazy\" decoding=\"async\" class=\"\" src=\"https:\/\/www.taninmismakina.com\/wp-content\/uploads\/2024\/06\/11_85-1-165x165.jpg\" width=\"165\" height=\"165\" alt=\"11_85 (1)\" title=\"11_85 (1)\" \/><\/a><\/li><li class=\"isotope-item\"><a class=\"prettyphoto\" href=\"https:\/\/www.taninmismakina.com\/wp-content\/uploads\/2024\/06\/11_85.jpg\" data-rel=\"prettyPhoto[rel-5581-2752596388]\"><img loading=\"lazy\" decoding=\"async\" class=\"\" src=\"https:\/\/www.taninmismakina.com\/wp-content\/uploads\/2024\/06\/11_85-165x165.jpg\" width=\"165\" height=\"165\" alt=\"BREYER TopLine\" title=\"BREYER TopLine\" \/><\/a><\/li><li class=\"isotope-item\"><a class=\"prettyphoto\" href=\"https:\/\/www.taninmismakina.com\/wp-content\/uploads\/2024\/06\/11_119.jpg\" data-rel=\"prettyPhoto[rel-5581-2752596388]\"><img loading=\"lazy\" decoding=\"async\" class=\"\" src=\"https:\/\/www.taninmismakina.com\/wp-content\/uploads\/2024\/06\/11_119-165x165.jpg\" width=\"165\" height=\"165\" alt=\"BREYER TopLine\" title=\"BREYER TopLine\" \/><\/a><\/li><\/ul><\/div><\/div><\/div><\/div><\/div><\/div><\/div><div class=\"vc_row wpb_row vc_row-fluid\"><div class=\"wpb_column vc_column_container vc_col-sm-12\"><div class=\"vc_column-inner\"><div class=\"wpb_wrapper\"><\/div><\/div><\/div><\/div>","protected":false},"excerpt":{"rendered":"BREYER Eco-Line Borular i\u00e7in Ekstr\u00fczyon Hatlar\u0131 \u0130yi bir t\u00fcp\u00fcn ihtiyac\u0131 olan her \u015fey. Kozmetik end\u00fcstrisi i\u00e7in t\u00fcp ambalaj s\u00f6z konusu&nbsp;<a href=\"https:\/\/www.taninmismakina.com\/en\/breyer\/breyer-eco-line-borular-icin-ekstruzyon-hatlari\/\">[&hellip;]<\/a>","protected":false},"author":1,"featured_media":0,"parent":4146,"menu_order":0,"comment_status":"closed","ping_status":"closed","template":"","meta":{"footnotes":""},"class_list":["post-5581","page","type-page","status-publish","hentry"],"yoast_head":"<!-- This site is optimized with the Yoast SEO plugin v22.9 - https:\/\/yoast.com\/wordpress\/plugins\/seo\/ -->\n<title>BREYER Eco-Line Borular i\u00e7in Ekstr\u00fczyon Hatlar\u0131 - Tan\u0131nm\u0131\u015f Makina<\/title>\n<meta name=\"robots\" content=\"index, follow, max-snippet:-1, max-image-preview:large, max-video-preview:-1\" \/>\n<link rel=\"canonical\" href=\"https:\/\/www.taninmismakina.com\/en\/breyer\/breyer-eco-line-borular-icin-ekstruzyon-hatlari\/\" \/>\n<meta property=\"og:locale\" content=\"en_US\" \/>\n<meta property=\"og:type\" content=\"article\" \/>\n<meta property=\"og:title\" content=\"BREYER Eco-Line Borular i\u00e7in Ekstr\u00fczyon Hatlar\u0131 - Tan\u0131nm\u0131\u015f Makina\" \/>\n<meta property=\"og:url\" content=\"https:\/\/www.taninmismakina.com\/en\/breyer\/breyer-eco-line-borular-icin-ekstruzyon-hatlari\/\" \/>\n<meta property=\"og:site_name\" content=\"Tan\u0131nm\u0131\u015f Makina\" \/>\n<meta property=\"article:modified_time\" content=\"2024-06-30T19:01:17+00:00\" \/>\n<meta name=\"twitter:card\" content=\"summary_large_image\" \/>\n<meta name=\"twitter:label1\" content=\"Est. reading time\" \/>\n\t<meta name=\"twitter:data1\" content=\"2 minutes\" \/>\n<script type=\"application\/ld+json\" class=\"yoast-schema-graph\">{\"@context\":\"https:\/\/schema.org\",\"@graph\":[{\"@type\":\"WebPage\",\"@id\":\"https:\/\/www.taninmismakina.com\/breyer\/breyer-eco-line-borular-icin-ekstruzyon-hatlari\/\",\"url\":\"https:\/\/www.taninmismakina.com\/breyer\/breyer-eco-line-borular-icin-ekstruzyon-hatlari\/\",\"name\":\"BREYER Eco-Line Borular i\u00e7in Ekstr\u00fczyon Hatlar\u0131 - Tan\u0131nm\u0131\u015f Makina\",\"isPartOf\":{\"@id\":\"https:\/\/www.taninmismakina.com\/#website\"},\"datePublished\":\"2024-06-24T21:34:24+00:00\",\"dateModified\":\"2024-06-30T19:01:17+00:00\",\"breadcrumb\":{\"@id\":\"https:\/\/www.taninmismakina.com\/breyer\/breyer-eco-line-borular-icin-ekstruzyon-hatlari\/#breadcrumb\"},\"inLanguage\":\"en-US\",\"potentialAction\":[{\"@type\":\"ReadAction\",\"target\":[\"https:\/\/www.taninmismakina.com\/breyer\/breyer-eco-line-borular-icin-ekstruzyon-hatlari\/\"]}]},{\"@type\":\"BreadcrumbList\",\"@id\":\"https:\/\/www.taninmismakina.com\/breyer\/breyer-eco-line-borular-icin-ekstruzyon-hatlari\/#breadcrumb\",\"itemListElement\":[{\"@type\":\"ListItem\",\"position\":1,\"name\":\"Home\",\"item\":\"https:\/\/www.taninmismakina.com\/\"},{\"@type\":\"ListItem\",\"position\":2,\"name\":\"BREYER\",\"item\":\"https:\/\/www.taninmismakina.com\/breyer\/\"},{\"@type\":\"ListItem\",\"position\":3,\"name\":\"BREYER Eco-Line Borular i\u00e7in Ekstr\u00fczyon Hatlar\u0131\"}]},{\"@type\":\"WebSite\",\"@id\":\"https:\/\/www.taninmismakina.com\/#website\",\"url\":\"https:\/\/www.taninmismakina.com\/\",\"name\":\"Tan\u0131nm\u0131\u015f Makina\",\"description\":\"Is\u0131tma ve So\u011futma Sistemleri\",\"potentialAction\":[{\"@type\":\"SearchAction\",\"target\":{\"@type\":\"EntryPoint\",\"urlTemplate\":\"https:\/\/www.taninmismakina.com\/?s={search_term_string}\"},\"query-input\":\"required name=search_term_string\"}],\"inLanguage\":\"en-US\"}]}<\/script>\n<!-- \/ Yoast SEO plugin. -->","yoast_head_json":{"title":"BREYER Eco-Line Borular i\u00e7in Ekstr\u00fczyon Hatlar\u0131 - Tan\u0131nm\u0131\u015f Makina","robots":{"index":"index","follow":"follow","max-snippet":"max-snippet:-1","max-image-preview":"max-image-preview:large","max-video-preview":"max-video-preview:-1"},"canonical":"https:\/\/www.taninmismakina.com\/en\/breyer\/breyer-eco-line-borular-icin-ekstruzyon-hatlari\/","og_locale":"en_US","og_type":"article","og_title":"BREYER Eco-Line Borular i\u00e7in Ekstr\u00fczyon Hatlar\u0131 - Tan\u0131nm\u0131\u015f Makina","og_url":"https:\/\/www.taninmismakina.com\/en\/breyer\/breyer-eco-line-borular-icin-ekstruzyon-hatlari\/","og_site_name":"Tan\u0131nm\u0131\u015f Makina","article_modified_time":"2024-06-30T19:01:17+00:00","twitter_card":"summary_large_image","twitter_misc":{"Est. reading time":"2 minutes"},"schema":{"@context":"https:\/\/schema.org","@graph":[{"@type":"WebPage","@id":"https:\/\/www.taninmismakina.com\/breyer\/breyer-eco-line-borular-icin-ekstruzyon-hatlari\/","url":"https:\/\/www.taninmismakina.com\/breyer\/breyer-eco-line-borular-icin-ekstruzyon-hatlari\/","name":"BREYER Eco-Line Borular i\u00e7in Ekstr\u00fczyon Hatlar\u0131 - Tan\u0131nm\u0131\u015f Makina","isPartOf":{"@id":"https:\/\/www.taninmismakina.com\/#website"},"datePublished":"2024-06-24T21:34:24+00:00","dateModified":"2024-06-30T19:01:17+00:00","breadcrumb":{"@id":"https:\/\/www.taninmismakina.com\/breyer\/breyer-eco-line-borular-icin-ekstruzyon-hatlari\/#breadcrumb"},"inLanguage":"en-US","potentialAction":[{"@type":"ReadAction","target":["https:\/\/www.taninmismakina.com\/breyer\/breyer-eco-line-borular-icin-ekstruzyon-hatlari\/"]}]},{"@type":"BreadcrumbList","@id":"https:\/\/www.taninmismakina.com\/breyer\/breyer-eco-line-borular-icin-ekstruzyon-hatlari\/#breadcrumb","itemListElement":[{"@type":"ListItem","position":1,"name":"Home","item":"https:\/\/www.taninmismakina.com\/"},{"@type":"ListItem","position":2,"name":"BREYER","item":"https:\/\/www.taninmismakina.com\/breyer\/"},{"@type":"ListItem","position":3,"name":"BREYER Eco-Line Borular i\u00e7in Ekstr\u00fczyon Hatlar\u0131"}]},{"@type":"WebSite","@id":"https:\/\/www.taninmismakina.com\/#website","url":"https:\/\/www.taninmismakina.com\/","name":"Tan\u0131nm\u0131\u015f Makina","description":"Is\u0131tma ve So\u011futma Sistemleri","potentialAction":[{"@type":"SearchAction","target":{"@type":"EntryPoint","urlTemplate":"https:\/\/www.taninmismakina.com\/?s={search_term_string}"},"query-input":"required name=search_term_string"}],"inLanguage":"en-US"}]}},"_links":{"self":[{"href":"https:\/\/www.taninmismakina.com\/en\/wp-json\/wp\/v2\/pages\/5581","targetHints":{"allow":["GET"]}}],"collection":[{"href":"https:\/\/www.taninmismakina.com\/en\/wp-json\/wp\/v2\/pages"}],"about":[{"href":"https:\/\/www.taninmismakina.com\/en\/wp-json\/wp\/v2\/types\/page"}],"author":[{"embeddable":true,"href":"https:\/\/www.taninmismakina.com\/en\/wp-json\/wp\/v2\/users\/1"}],"replies":[{"embeddable":true,"href":"https:\/\/www.taninmismakina.com\/en\/wp-json\/wp\/v2\/comments?post=5581"}],"version-history":[{"count":5,"href":"https:\/\/www.taninmismakina.com\/en\/wp-json\/wp\/v2\/pages\/5581\/revisions"}],"predecessor-version":[{"id":5749,"href":"https:\/\/www.taninmismakina.com\/en\/wp-json\/wp\/v2\/pages\/5581\/revisions\/5749"}],"up":[{"embeddable":true,"href":"https:\/\/www.taninmismakina.com\/en\/wp-json\/wp\/v2\/pages\/4146"}],"wp:attachment":[{"href":"https:\/\/www.taninmismakina.com\/en\/wp-json\/wp\/v2\/media?parent=5581"}],"curies":[{"name":"wp","href":"https:\/\/api.w.org\/{rel}","templated":true}]}}