{"id":5588,"date":"2024-06-28T22:08:53","date_gmt":"2024-06-28T19:08:53","guid":{"rendered":"https:\/\/www.taninmismakina.com\/?page_id=5588"},"modified":"2024-06-29T15:47:06","modified_gmt":"2024-06-29T12:47:06","slug":"breyer-tubeflex-laminat-film-uretimi-icin-ekstruzyon-hatti","status":"publish","type":"page","link":"https:\/\/www.taninmismakina.com\/en\/breyer\/breyer-tubeflex-laminat-film-uretimi-icin-ekstruzyon-hatti\/","title":{"rendered":"Extrusion line for the production of high-quality laminate film"},"content":{"rendered":"<div class=\"vc_row wpb_row vc_row-fluid\"><div class=\"wpb_column vc_column_container vc_col-sm-12\"><div class=\"vc_column-inner\"><div class=\"wpb_wrapper\">\n\t<div  class=\"wpb_single_image wpb_content_element vc_align_left\">\n\t\t\n\t\t<figure class=\"wpb_wrapper vc_figure\">\n\t\t\t<div class=\"vc_single_image-wrapper   vc_box_border_grey\"><img loading=\"lazy\" decoding=\"async\" width=\"1920\" height=\"960\" src=\"https:\/\/www.taninmismakina.com\/wp-content\/uploads\/2024\/06\/13_header.jpg\" class=\"vc_single_image-img attachment-full\" alt=\"\" srcset=\"https:\/\/www.taninmismakina.com\/wp-content\/uploads\/2024\/06\/13_header.jpg 1920w, https:\/\/www.taninmismakina.com\/wp-content\/uploads\/2024\/06\/13_header-300x150.jpg 300w, https:\/\/www.taninmismakina.com\/wp-content\/uploads\/2024\/06\/13_header-1024x512.jpg 1024w, https:\/\/www.taninmismakina.com\/wp-content\/uploads\/2024\/06\/13_header-768x384.jpg 768w, https:\/\/www.taninmismakina.com\/wp-content\/uploads\/2024\/06\/13_header-1536x768.jpg 1536w, https:\/\/www.taninmismakina.com\/wp-content\/uploads\/2024\/06\/13_header-18x9.jpg 18w, https:\/\/www.taninmismakina.com\/wp-content\/uploads\/2024\/06\/13_header-150x75.jpg 150w\" sizes=\"auto, (max-width: 1920px) 100vw, 1920px\" \/><\/div>\n\t\t<\/figure>\n\t<\/div>\n\n\t<div class=\"wpb_text_column wpb_content_element\" >\n\t\t<div class=\"wpb_wrapper\">\n\t\t\t<h2>BREYER TubeFlex<br \/>\nExtrusion line for the production of high-quality laminate film<\/h2>\n\n\t\t<\/div>\n\t<\/div>\n<div class=\"vc_empty_space\"   style=\"height: 32px\"><span class=\"vc_empty_space_inner\"><\/span><\/div>\n\t<div class=\"wpb_text_column wpb_content_element\" >\n\t\t<div class=\"wpb_wrapper\">\n\t\t\t<h2>The flexible way to produce tube laminate film.<\/h2>\n<p><i>With the BREYER TubeFlex system, colors, materials, layer thicknesses and additional decors can be combined into a flat film in a highly flexible way.<\/i><\/p>\n<div>\n<p>There are almost no limits on your imagination for tube design. Produce your individual tube design and fascinate your customers.<\/p>\n<p>Multi-layer film structure<\/p>\n<p>Number of layers: 7<br \/>\nFeatures: Adjustable distribution during operation via rotary elements, specific edge encapsulation<br \/>\nApplications: Multilayer polyolefin films with EVOH barrier and adhesive layer<\/p>\n<p>Multi-layer feedblock with adjustable profiled rotating elements to adjust the distribution of each layer. Specially optimized for the production of barrier films with high demands on the layer thickness distribution. Customization of the edge encapsulation can take place via the internal replaceable edge encapsulation insert.<\/p>\n<\/div>\n\n\t\t<\/div>\n\t<\/div>\n<div class=\"vc_row wpb_row vc_inner vc_row-fluid\"><div class=\"wpb_column vc_column_container vc_col-sm-4 vc_col-has-fill\"><div class=\"vc_column-inner vc_custom_1718453521708\"><div class=\"wpb_wrapper\"><h4 style=\"text-align: left\" class=\"vc_custom_heading\" >BREYER TubeFlex extrusion lines for the production of tubes for:<\/h4>\n\t<div class=\"wpb_text_column wpb_content_element\" >\n\t\t<div class=\"wpb_wrapper\">\n\t\t\t<ul>\n<li>Body care products<\/li>\n<li>Hair care products<\/li>\n<li>Sunscreen<\/li>\n<li>Toothpaste<\/li>\n<li>Detergents<\/li>\n<li>Technical products<\/li>\n<li>Glues<\/li>\n<li>Food<\/li>\n<\/ul>\n\n\t\t<\/div>\n\t<\/div>\n<\/div><\/div><\/div><div class=\"wpb_column vc_column_container vc_col-sm-4 vc_col-has-fill\"><div class=\"vc_column-inner vc_custom_1718454071268\"><div class=\"wpb_wrapper\"><h4 style=\"text-align: left\" class=\"vc_custom_heading\" >Avantages<\/h4>\n\t<div class=\"wpb_text_column wpb_content_element\" >\n\t\t<div class=\"wpb_wrapper\">\n\t\t\t<ul>\n<li>Development of new markets<\/li>\n<li>Product innovations<\/li>\n<li>Custom-tailored film composition<\/li>\n<li>Increased added value through in-house production<\/li>\n<li>Small batch sizes<\/li>\n<li>Broad range of materials<\/li>\n<li>Diversified, individual designs<\/li>\n<\/ul>\n\n\t\t<\/div>\n\t<\/div>\n<\/div><\/div><\/div><div class=\"wpb_column vc_column_container vc_col-sm-4\"><div class=\"vc_column-inner\"><div class=\"wpb_wrapper\"><div class=\"vc_empty_space\"   style=\"height: 32px\"><span class=\"vc_empty_space_inner\"><\/span><\/div><h4 style=\"text-align: left\" class=\"vc_custom_heading\" >Technical data<\/h4>\n\t<div class=\"wpb_text_column wpb_content_element\" >\n\t\t<div class=\"wpb_wrapper\">\n\t\t\t<table class=\"table\" border=\"0\" frame=\"below\" cellspacing=\"0\" align=\"left\">\n<tbody>\n<tr>\n<td>Film widths<\/td>\n<td>up to 400 mm,net*<\/td>\n<\/tr>\n<tr>\n<td>Film thicknesses:<\/td>\n<td>250 &#8211; 500 \u03bcm<\/td>\n<\/tr>\n<tr>\n<td>Materials<\/td>\n<td>LDPE, HDPE, mixtures, barrier, bonding agent<\/td>\n<\/tr>\n<tr>\n<td>Number of layers:<\/td>\n<td>up to 7*<\/td>\n<\/tr>\n<tr>\n<td>Decors<\/td>\n<td>single-sided (inside or outside)<\/td>\n<\/tr>\n<tr>\n<td>*<\/td>\n<td>* further on request<\/td>\n<\/tr>\n<\/tbody>\n<\/table>\n\n\t\t<\/div>\n\t<\/div>\n<\/div><\/div><\/div><\/div><\/div><\/div><\/div><\/div><div class=\"vc_row wpb_row vc_row-fluid\"><div class=\"wpb_column vc_column_container vc_col-sm-12\"><div class=\"vc_column-inner\"><div class=\"wpb_wrapper\"><div class=\"vc_empty_space\"   style=\"height: 32px\"><span class=\"vc_empty_space_inner\"><\/span><\/div><h4 style=\"text-align: left\" class=\"vc_custom_heading\" >Examples of application<\/h4><div class=\"wpb_gallery wpb_content_element vc_clearfix\" ><div class=\"wpb_wrapper\"><div class=\"wpb_gallery_slides wpb_image_grid\" data-interval=\"3\"><ul class=\"wpb_image_grid_ul\"><li class=\"isotope-item\"><a class=\"prettyphoto\" href=\"https:\/\/www.taninmismakina.com\/wp-content\/uploads\/2024\/06\/13_63.jpg\" data-rel=\"prettyPhoto[rel-5588-799109890]\"><img loading=\"lazy\" decoding=\"async\" class=\"\" src=\"https:\/\/www.taninmismakina.com\/wp-content\/uploads\/2024\/06\/13_63-165x165.jpg\" width=\"165\" height=\"165\" alt=\"\" title=\"\" \/><\/a><\/li><li class=\"isotope-item\"><a class=\"prettyphoto\" href=\"https:\/\/www.taninmismakina.com\/wp-content\/uploads\/2024\/06\/13_64.jpg\" data-rel=\"prettyPhoto[rel-5588-799109890]\"><img loading=\"lazy\" decoding=\"async\" class=\"\" src=\"https:\/\/www.taninmismakina.com\/wp-content\/uploads\/2024\/06\/13_64-165x165.jpg\" width=\"165\" height=\"165\" alt=\"\" title=\"\" \/><\/a><\/li><li class=\"isotope-item\"><a class=\"prettyphoto\" href=\"https:\/\/www.taninmismakina.com\/wp-content\/uploads\/2024\/06\/13_65.jpg\" data-rel=\"prettyPhoto[rel-5588-799109890]\"><img loading=\"lazy\" decoding=\"async\" class=\"\" src=\"https:\/\/www.taninmismakina.com\/wp-content\/uploads\/2024\/06\/13_65-165x165.jpg\" width=\"165\" height=\"165\" alt=\"\" title=\"\" \/><\/a><\/li><li class=\"isotope-item\"><a class=\"prettyphoto\" href=\"https:\/\/www.taninmismakina.com\/wp-content\/uploads\/2024\/06\/13_66.jpg\" data-rel=\"prettyPhoto[rel-5588-799109890]\"><img loading=\"lazy\" decoding=\"async\" class=\"\" src=\"https:\/\/www.taninmismakina.com\/wp-content\/uploads\/2024\/06\/13_66-165x165.jpg\" width=\"165\" height=\"165\" alt=\"\" title=\"\" \/><\/a><\/li><li class=\"isotope-item\"><a class=\"prettyphoto\" href=\"https:\/\/www.taninmismakina.com\/wp-content\/uploads\/2024\/06\/13_67.jpg\" data-rel=\"prettyPhoto[rel-5588-799109890]\"><img loading=\"lazy\" decoding=\"async\" class=\"\" src=\"https:\/\/www.taninmismakina.com\/wp-content\/uploads\/2024\/06\/13_67-165x165.jpg\" width=\"165\" height=\"165\" alt=\"\" title=\"\" \/><\/a><\/li><li class=\"isotope-item\"><a class=\"prettyphoto\" href=\"https:\/\/www.taninmismakina.com\/wp-content\/uploads\/2024\/06\/13_68.jpg\" data-rel=\"prettyPhoto[rel-5588-799109890]\"><img loading=\"lazy\" decoding=\"async\" class=\"\" src=\"https:\/\/www.taninmismakina.com\/wp-content\/uploads\/2024\/06\/13_68-165x165.jpg\" width=\"165\" height=\"165\" alt=\"\" title=\"\" \/><\/a><\/li><li class=\"isotope-item\"><a class=\"prettyphoto\" href=\"https:\/\/www.taninmismakina.com\/wp-content\/uploads\/2024\/06\/13_69.jpg\" data-rel=\"prettyPhoto[rel-5588-799109890]\"><img loading=\"lazy\" decoding=\"async\" class=\"\" src=\"https:\/\/www.taninmismakina.com\/wp-content\/uploads\/2024\/06\/13_69-165x165.jpg\" width=\"165\" height=\"165\" alt=\"\" title=\"\" \/><\/a><\/li><li class=\"isotope-item\"><a class=\"prettyphoto\" href=\"https:\/\/www.taninmismakina.com\/wp-content\/uploads\/2024\/06\/13_70.jpg\" data-rel=\"prettyPhoto[rel-5588-799109890]\"><img loading=\"lazy\" decoding=\"async\" class=\"\" src=\"https:\/\/www.taninmismakina.com\/wp-content\/uploads\/2024\/06\/13_70-165x165.jpg\" width=\"165\" height=\"165\" alt=\"\" title=\"\" \/><\/a><\/li><li class=\"isotope-item\"><a class=\"prettyphoto\" href=\"https:\/\/www.taninmismakina.com\/wp-content\/uploads\/2024\/06\/13_71.jpg\" data-rel=\"prettyPhoto[rel-5588-799109890]\"><img loading=\"lazy\" decoding=\"async\" class=\"\" src=\"https:\/\/www.taninmismakina.com\/wp-content\/uploads\/2024\/06\/13_71-165x165.jpg\" width=\"165\" height=\"165\" alt=\"\" title=\"\" \/><\/a><\/li><\/ul><\/div><\/div><\/div><\/div><\/div><\/div><\/div><div class=\"vc_row wpb_row vc_row-fluid\"><div class=\"wpb_column vc_column_container vc_col-sm-12\"><div class=\"vc_column-inner\"><div class=\"wpb_wrapper\"><\/div><\/div><\/div><\/div>","protected":false},"excerpt":{"rendered":"BREYER TubeFlex Y\u00fcksek Kaliteli Laminat Film \u00dcretimi i\u00e7in Ekstr\u00fczyon Hatt\u0131 T\u00fcp laminat film \u00fcretmenin esnek yolu. BREYER TubeFlex sistemi ile&nbsp;<a href=\"https:\/\/www.taninmismakina.com\/en\/breyer\/breyer-tubeflex-laminat-film-uretimi-icin-ekstruzyon-hatti\/\">[&hellip;]<\/a>","protected":false},"author":1,"featured_media":0,"parent":4146,"menu_order":0,"comment_status":"closed","ping_status":"closed","template":"","meta":{"footnotes":""},"class_list":["post-5588","page","type-page","status-publish","hentry"],"yoast_head":"<!-- This site is optimized with the Yoast SEO plugin v22.9 - https:\/\/yoast.com\/wordpress\/plugins\/seo\/ -->\n<title>BREYER TubeFlex - Laminat Film \u00dcretimi i\u00e7in Ekstr\u00fczyon Hatt\u0131 - Tan\u0131nm\u0131\u015f Makina<\/title>\n<meta name=\"robots\" content=\"index, follow, max-snippet:-1, max-image-preview:large, max-video-preview:-1\" \/>\n<link rel=\"canonical\" href=\"https:\/\/www.taninmismakina.com\/en\/breyer\/breyer-tubeflex-laminat-film-uretimi-icin-ekstruzyon-hatti\/\" \/>\n<meta property=\"og:locale\" content=\"en_US\" \/>\n<meta property=\"og:type\" content=\"article\" \/>\n<meta property=\"og:title\" content=\"BREYER TubeFlex - Laminat Film \u00dcretimi i\u00e7in Ekstr\u00fczyon Hatt\u0131 - Tan\u0131nm\u0131\u015f Makina\" \/>\n<meta property=\"og:url\" content=\"https:\/\/www.taninmismakina.com\/en\/breyer\/breyer-tubeflex-laminat-film-uretimi-icin-ekstruzyon-hatti\/\" \/>\n<meta property=\"og:site_name\" content=\"Tan\u0131nm\u0131\u015f Makina\" \/>\n<meta property=\"article:modified_time\" content=\"2024-06-29T12:47:06+00:00\" \/>\n<meta name=\"twitter:card\" content=\"summary_large_image\" \/>\n<meta name=\"twitter:label1\" content=\"Est. reading time\" \/>\n\t<meta name=\"twitter:data1\" content=\"2 minutes\" \/>\n<script type=\"application\/ld+json\" class=\"yoast-schema-graph\">{\"@context\":\"https:\/\/schema.org\",\"@graph\":[{\"@type\":\"WebPage\",\"@id\":\"https:\/\/www.taninmismakina.com\/breyer\/breyer-tubeflex-laminat-film-uretimi-icin-ekstruzyon-hatti\/\",\"url\":\"https:\/\/www.taninmismakina.com\/breyer\/breyer-tubeflex-laminat-film-uretimi-icin-ekstruzyon-hatti\/\",\"name\":\"BREYER TubeFlex - Laminat Film \u00dcretimi i\u00e7in Ekstr\u00fczyon Hatt\u0131 - Tan\u0131nm\u0131\u015f Makina\",\"isPartOf\":{\"@id\":\"https:\/\/www.taninmismakina.com\/#website\"},\"datePublished\":\"2024-06-28T19:08:53+00:00\",\"dateModified\":\"2024-06-29T12:47:06+00:00\",\"breadcrumb\":{\"@id\":\"https:\/\/www.taninmismakina.com\/breyer\/breyer-tubeflex-laminat-film-uretimi-icin-ekstruzyon-hatti\/#breadcrumb\"},\"inLanguage\":\"en-US\",\"potentialAction\":[{\"@type\":\"ReadAction\",\"target\":[\"https:\/\/www.taninmismakina.com\/breyer\/breyer-tubeflex-laminat-film-uretimi-icin-ekstruzyon-hatti\/\"]}]},{\"@type\":\"BreadcrumbList\",\"@id\":\"https:\/\/www.taninmismakina.com\/breyer\/breyer-tubeflex-laminat-film-uretimi-icin-ekstruzyon-hatti\/#breadcrumb\",\"itemListElement\":[{\"@type\":\"ListItem\",\"position\":1,\"name\":\"Home\",\"item\":\"https:\/\/www.taninmismakina.com\/\"},{\"@type\":\"ListItem\",\"position\":2,\"name\":\"BREYER\",\"item\":\"https:\/\/www.taninmismakina.com\/breyer\/\"},{\"@type\":\"ListItem\",\"position\":3,\"name\":\"BREYER TubeFlex &#8211; Laminat Film \u00dcretimi i\u00e7in Ekstr\u00fczyon Hatt\u0131\"}]},{\"@type\":\"WebSite\",\"@id\":\"https:\/\/www.taninmismakina.com\/#website\",\"url\":\"https:\/\/www.taninmismakina.com\/\",\"name\":\"Tan\u0131nm\u0131\u015f Makina\",\"description\":\"Is\u0131tma ve So\u011futma Sistemleri\",\"potentialAction\":[{\"@type\":\"SearchAction\",\"target\":{\"@type\":\"EntryPoint\",\"urlTemplate\":\"https:\/\/www.taninmismakina.com\/?s={search_term_string}\"},\"query-input\":\"required name=search_term_string\"}],\"inLanguage\":\"en-US\"}]}<\/script>\n<!-- \/ Yoast SEO plugin. -->","yoast_head_json":{"title":"BREYER TubeFlex - Laminat Film \u00dcretimi i\u00e7in Ekstr\u00fczyon Hatt\u0131 - Tan\u0131nm\u0131\u015f Makina","robots":{"index":"index","follow":"follow","max-snippet":"max-snippet:-1","max-image-preview":"max-image-preview:large","max-video-preview":"max-video-preview:-1"},"canonical":"https:\/\/www.taninmismakina.com\/en\/breyer\/breyer-tubeflex-laminat-film-uretimi-icin-ekstruzyon-hatti\/","og_locale":"en_US","og_type":"article","og_title":"BREYER TubeFlex - Laminat Film \u00dcretimi i\u00e7in Ekstr\u00fczyon Hatt\u0131 - Tan\u0131nm\u0131\u015f Makina","og_url":"https:\/\/www.taninmismakina.com\/en\/breyer\/breyer-tubeflex-laminat-film-uretimi-icin-ekstruzyon-hatti\/","og_site_name":"Tan\u0131nm\u0131\u015f Makina","article_modified_time":"2024-06-29T12:47:06+00:00","twitter_card":"summary_large_image","twitter_misc":{"Est. reading time":"2 minutes"},"schema":{"@context":"https:\/\/schema.org","@graph":[{"@type":"WebPage","@id":"https:\/\/www.taninmismakina.com\/breyer\/breyer-tubeflex-laminat-film-uretimi-icin-ekstruzyon-hatti\/","url":"https:\/\/www.taninmismakina.com\/breyer\/breyer-tubeflex-laminat-film-uretimi-icin-ekstruzyon-hatti\/","name":"BREYER TubeFlex - Laminat Film \u00dcretimi i\u00e7in Ekstr\u00fczyon Hatt\u0131 - Tan\u0131nm\u0131\u015f Makina","isPartOf":{"@id":"https:\/\/www.taninmismakina.com\/#website"},"datePublished":"2024-06-28T19:08:53+00:00","dateModified":"2024-06-29T12:47:06+00:00","breadcrumb":{"@id":"https:\/\/www.taninmismakina.com\/breyer\/breyer-tubeflex-laminat-film-uretimi-icin-ekstruzyon-hatti\/#breadcrumb"},"inLanguage":"en-US","potentialAction":[{"@type":"ReadAction","target":["https:\/\/www.taninmismakina.com\/breyer\/breyer-tubeflex-laminat-film-uretimi-icin-ekstruzyon-hatti\/"]}]},{"@type":"BreadcrumbList","@id":"https:\/\/www.taninmismakina.com\/breyer\/breyer-tubeflex-laminat-film-uretimi-icin-ekstruzyon-hatti\/#breadcrumb","itemListElement":[{"@type":"ListItem","position":1,"name":"Home","item":"https:\/\/www.taninmismakina.com\/"},{"@type":"ListItem","position":2,"name":"BREYER","item":"https:\/\/www.taninmismakina.com\/breyer\/"},{"@type":"ListItem","position":3,"name":"BREYER TubeFlex &#8211; Laminat Film \u00dcretimi i\u00e7in Ekstr\u00fczyon Hatt\u0131"}]},{"@type":"WebSite","@id":"https:\/\/www.taninmismakina.com\/#website","url":"https:\/\/www.taninmismakina.com\/","name":"Tan\u0131nm\u0131\u015f Makina","description":"Is\u0131tma ve So\u011futma Sistemleri","potentialAction":[{"@type":"SearchAction","target":{"@type":"EntryPoint","urlTemplate":"https:\/\/www.taninmismakina.com\/?s={search_term_string}"},"query-input":"required name=search_term_string"}],"inLanguage":"en-US"}]}},"_links":{"self":[{"href":"https:\/\/www.taninmismakina.com\/en\/wp-json\/wp\/v2\/pages\/5588","targetHints":{"allow":["GET"]}}],"collection":[{"href":"https:\/\/www.taninmismakina.com\/en\/wp-json\/wp\/v2\/pages"}],"about":[{"href":"https:\/\/www.taninmismakina.com\/en\/wp-json\/wp\/v2\/types\/page"}],"author":[{"embeddable":true,"href":"https:\/\/www.taninmismakina.com\/en\/wp-json\/wp\/v2\/users\/1"}],"replies":[{"embeddable":true,"href":"https:\/\/www.taninmismakina.com\/en\/wp-json\/wp\/v2\/comments?post=5588"}],"version-history":[{"count":6,"href":"https:\/\/www.taninmismakina.com\/en\/wp-json\/wp\/v2\/pages\/5588\/revisions"}],"predecessor-version":[{"id":5660,"href":"https:\/\/www.taninmismakina.com\/en\/wp-json\/wp\/v2\/pages\/5588\/revisions\/5660"}],"up":[{"embeddable":true,"href":"https:\/\/www.taninmismakina.com\/en\/wp-json\/wp\/v2\/pages\/4146"}],"wp:attachment":[{"href":"https:\/\/www.taninmismakina.com\/en\/wp-json\/wp\/v2\/media?parent=5588"}],"curies":[{"name":"wp","href":"https:\/\/api.w.org\/{rel}","templated":true}]}}