{"id":5706,"date":"2024-06-29T17:41:22","date_gmt":"2024-06-29T14:41:22","guid":{"rendered":"https:\/\/www.taninmismakina.com\/?page_id=5706"},"modified":"2024-06-29T17:42:59","modified_gmt":"2024-06-29T14:42:59","slug":"kuru-sogutucular-2","status":"publish","type":"page","link":"https:\/\/www.taninmismakina.com\/en\/kuru-sogutucular-2\/","title":{"rendered":"Dryers"},"content":{"rendered":"<div class=\"vc_row wpb_row vc_row-fluid\"><div class=\"wpb_column vc_column_container vc_col-sm-12\"><div class=\"vc_column-inner\"><div class=\"wpb_wrapper\"><div class=\"vc_row wpb_row vc_inner vc_row-fluid\"><div class=\"wpb_column vc_column_container vc_col-sm-6\"><div class=\"vc_column-inner\"><div class=\"wpb_wrapper\"><div class=\"wpb_gallery wpb_content_element vc_clearfix\" ><div class=\"wpb_wrapper\"><div class=\"wpb_gallery_slides wpb_flexslider flexslider_slide flexslider\" data-interval=\"0\" data-flex_fx=\"slide\"><ul class=\"slides\"><li><a class=\"prettyphoto\" href=\"https:\/\/www.taninmismakina.com\/wp-content\/uploads\/2024\/06\/kurusogutucular03.webp\" data-rel=\"prettyPhoto[rel-5706-3560701567]\"><img loading=\"lazy\" decoding=\"async\" width=\"800\" height=\"657\" src=\"https:\/\/www.taninmismakina.com\/wp-content\/uploads\/2024\/06\/kurusogutucular03.webp\" class=\"attachment-full\" alt=\"\" srcset=\"https:\/\/www.taninmismakina.com\/wp-content\/uploads\/2024\/06\/kurusogutucular03.webp 800w, https:\/\/www.taninmismakina.com\/wp-content\/uploads\/2024\/06\/kurusogutucular03-300x246.webp 300w, https:\/\/www.taninmismakina.com\/wp-content\/uploads\/2024\/06\/kurusogutucular03-768x631.webp 768w, https:\/\/www.taninmismakina.com\/wp-content\/uploads\/2024\/06\/kurusogutucular03-15x12.webp 15w, https:\/\/www.taninmismakina.com\/wp-content\/uploads\/2024\/06\/kurusogutucular03-150x123.webp 150w\" sizes=\"auto, (max-width: 800px) 100vw, 800px\" \/><\/a><\/li><li><a class=\"prettyphoto\" href=\"https:\/\/www.taninmismakina.com\/wp-content\/uploads\/2024\/06\/kurusogutucular01.webp\" data-rel=\"prettyPhoto[rel-5706-3560701567]\"><img loading=\"lazy\" decoding=\"async\" width=\"800\" height=\"657\" src=\"https:\/\/www.taninmismakina.com\/wp-content\/uploads\/2024\/06\/kurusogutucular01.webp\" class=\"attachment-full\" alt=\"\" srcset=\"https:\/\/www.taninmismakina.com\/wp-content\/uploads\/2024\/06\/kurusogutucular01.webp 800w, https:\/\/www.taninmismakina.com\/wp-content\/uploads\/2024\/06\/kurusogutucular01-300x246.webp 300w, https:\/\/www.taninmismakina.com\/wp-content\/uploads\/2024\/06\/kurusogutucular01-768x631.webp 768w, https:\/\/www.taninmismakina.com\/wp-content\/uploads\/2024\/06\/kurusogutucular01-15x12.webp 15w, https:\/\/www.taninmismakina.com\/wp-content\/uploads\/2024\/06\/kurusogutucular01-150x123.webp 150w\" sizes=\"auto, (max-width: 800px) 100vw, 800px\" \/><\/a><\/li><li><a class=\"prettyphoto\" href=\"https:\/\/www.taninmismakina.com\/wp-content\/uploads\/2024\/06\/kurusogutucular02.webp\" data-rel=\"prettyPhoto[rel-5706-3560701567]\"><img loading=\"lazy\" decoding=\"async\" width=\"800\" height=\"657\" src=\"https:\/\/www.taninmismakina.com\/wp-content\/uploads\/2024\/06\/kurusogutucular02.webp\" class=\"attachment-full\" alt=\"\" srcset=\"https:\/\/www.taninmismakina.com\/wp-content\/uploads\/2024\/06\/kurusogutucular02.webp 800w, https:\/\/www.taninmismakina.com\/wp-content\/uploads\/2024\/06\/kurusogutucular02-300x246.webp 300w, https:\/\/www.taninmismakina.com\/wp-content\/uploads\/2024\/06\/kurusogutucular02-768x631.webp 768w, https:\/\/www.taninmismakina.com\/wp-content\/uploads\/2024\/06\/kurusogutucular02-15x12.webp 15w, https:\/\/www.taninmismakina.com\/wp-content\/uploads\/2024\/06\/kurusogutucular02-150x123.webp 150w\" sizes=\"auto, (max-width: 800px) 100vw, 800px\" \/><\/a><\/li><\/ul><\/div><\/div><\/div><\/div><\/div><\/div><div class=\"wpb_column vc_column_container vc_col-sm-6\"><div class=\"vc_column-inner\"><div class=\"wpb_wrapper\">\n\t<div  class=\"wpb_single_image wpb_content_element vc_align_left\">\n\t\t\n\t\t<figure class=\"wpb_wrapper vc_figure\">\n\t\t\t<div class=\"vc_single_image-wrapper   vc_box_border_grey\"><img loading=\"lazy\" decoding=\"async\" width=\"180\" height=\"44\" src=\"https:\/\/www.taninmismakina.com\/wp-content\/uploads\/2024\/06\/Churchill.webp\" class=\"vc_single_image-img attachment-full\" alt=\"\" srcset=\"https:\/\/www.taninmismakina.com\/wp-content\/uploads\/2024\/06\/Churchill.webp 180w, https:\/\/www.taninmismakina.com\/wp-content\/uploads\/2024\/06\/Churchill-18x4.webp 18w, https:\/\/www.taninmismakina.com\/wp-content\/uploads\/2024\/06\/Churchill-150x37.webp 150w\" sizes=\"auto, (max-width: 180px) 100vw, 180px\" \/><\/div>\n\t\t<\/figure>\n\t<\/div>\n<h3 style=\"text-align: left\" class=\"vc_custom_heading\" >DRY COOLERS \/ Cooling Systems<\/h3>\n\t<div class=\"wpb_text_column wpb_content_element\" >\n\t\t<div class=\"wpb_wrapper\">\n\t\t\t<p>100 kW to 800 kW capacity range, cassette type and V type dry coolers produced as you can contact us for information.<\/p>\n<ul>\n<li><i class=\"icon-right-circled\" aria-hidden=\"true\"><\/i>100 kW to 800 kW cooling capacity rangeCassette type or V-type design options<\/li>\n<li>Evaporative cooling option<\/li>\n<li>Fan speed control<\/li>\n<li>High energy efficiency<\/li>\n<li>Summer\/Winter kit automation<\/li>\n<li>Hydraulic kit option<\/li>\n<\/ul>\n\n\t\t<\/div>\n\t<\/div>\n<\/div><\/div><\/div><\/div><\/div><\/div><\/div><\/div><div class=\"vc_row wpb_row vc_row-fluid\"><div class=\"wpb_column vc_column_container vc_col-sm-2\"><div class=\"vc_column-inner\"><div class=\"wpb_wrapper\"><\/div><\/div><\/div><div class=\"wpb_column vc_column_container vc_col-sm-8\"><div class=\"vc_column-inner\"><div class=\"wpb_wrapper\"><h3 style=\"text-align: left\" class=\"vc_custom_heading\" >Fill out the form to get a price quote<\/h3>\n<div class=\"wpcf7 no-js\" id=\"wpcf7-f4413-o1\" lang=\"tr-TR\" dir=\"ltr\">\n<div class=\"screen-reader-response\"><p role=\"status\" aria-live=\"polite\" aria-atomic=\"true\"><\/p> <ul><\/ul><\/div>\n<form action=\"\/en\/wp-json\/wp\/v2\/pages\/5706#wpcf7-f4413-o1\" method=\"post\" class=\"wpcf7-form init\" aria-label=\"\u0130leti\u015fim Formu\" novalidate=\"novalidate\" data-status=\"init\" data-trp-original-action=\"\/en\/wp-json\/wp\/v2\/pages\/5706#wpcf7-f4413-o1\">\n<div style=\"display: none;\">\n<input type=\"hidden\" name=\"_wpcf7\" value=\"4413\" \/>\n<input type=\"hidden\" name=\"_wpcf7_version\" value=\"5.9.6\" \/>\n<input type=\"hidden\" name=\"_wpcf7_locale\" value=\"tr_TR\" \/>\n<input type=\"hidden\" name=\"_wpcf7_unit_tag\" value=\"wpcf7-f4413-o1\" \/>\n<input type=\"hidden\" name=\"_wpcf7_container_post\" value=\"0\" \/>\n<input type=\"hidden\" name=\"_wpcf7_posted_data_hash\" value=\"\" \/>\n<\/div>\n<div class=\"vc_row make-an-appointment-form\" style=\"line-height:30px;\">\n\t<div class=\"vc_col-sm-6\">\n\t\t<p><span class=\"wpcf7-form-control-wrap\" data-name=\"ad\"><input size=\"30\" maxlength=\"80\" class=\"wpcf7-form-control wpcf7-text wpcf7-validates-as-required\" aria-required=\"true\" aria-invalid=\"false\" placeholder=\"Name*\" value=\"\" type=\"text\" name=\"ad\" \/><\/span>\n\t\t<\/p>\n\t\t<p><span class=\"wpcf7-form-control-wrap\" data-name=\"tel\"><input size=\"30\" maxlength=\"80\" class=\"wpcf7-form-control wpcf7-text wpcf7-validates-as-required\" aria-required=\"true\" aria-invalid=\"false\" placeholder=\"Mobile Phone*\" value=\"\" type=\"text\" name=\"tel\" \/><\/span>\n\t\t<\/p>\n\t<\/div>\n\t<div class=\"vc_col-sm-6\">\n\t\t<p><span class=\"wpcf7-form-control-wrap\" data-name=\"soyad\"><input size=\"30\" maxlength=\"80\" class=\"wpcf7-form-control wpcf7-text wpcf7-validates-as-required\" aria-required=\"true\" aria-invalid=\"false\" placeholder=\"Surname*\" value=\"\" type=\"text\" name=\"soyad\" \/><\/span>\n\t\t<\/p>\n\t\t<p><span class=\"wpcf7-form-control-wrap\" data-name=\"eposta-adresi\"><input size=\"30\" maxlength=\"80\" class=\"wpcf7-form-control wpcf7-email wpcf7-text wpcf7-validates-as-email\" aria-invalid=\"false\" placeholder=\"E-mail\" value=\"\" type=\"email\" name=\"eposta-adresi\" \/><\/span>\n\t\t<\/p>\n\t<\/div>\n\t<div class=\"vc_col-sm-12\">\n\t\t<p style=\"height: 110px;\" ><span class=\"wpcf7-form-control-wrap\" data-name=\"ziyaretci-mesaji\"><textarea cols=\"60\" rows=\"2\" maxlength=\"400\" class=\"wpcf7-form-control wpcf7-textarea\" aria-invalid=\"false\" placeholder=\"Your Message\" name=\"ziyaretci-mesaji\"><\/textarea><\/span>\n\t\t<\/p>\n\t<\/div>\n<\/div>\n<div class=\"vc_row\" style=\"margin: 20px 0 0;\">\n\t<div class=\"vc_col-xs-12 vc_col-sm-6 vc_col-md-6\">\n\t\t<p style=\"margin: 20px 0;margin-left: 11px;font-size: 15px;line-height: 18px;\">Fill in information\n\t\t<\/p>\n\t<\/div>\n\t<div class=\"vc_col-xs-12 vc_col-sm-6 vc_col-md-6\">\n\t\t<div class=\"form-button wh-borderless pull-right hoverable\" style=\"height: 58px; margin-bottom:35px;\">\n\t\t\t<p><span class=\"anim\"><\/span><input class=\"wpcf7-form-control wpcf7-submit has-spinner\" type=\"submit\" value=\"Get Price Quote\" \/>\n\t\t\t<\/p>\n\t\t<\/div>\n\t<\/div>\n<\/div><div class=\"wpcf7-response-output\" aria-hidden=\"true\"><\/div>\n<input type=\"hidden\" name=\"trp-form-language\" value=\"en\"\/><\/form>\n<\/div>\n<\/div><\/div><\/div><div class=\"wpb_column vc_column_container vc_col-sm-2\"><div class=\"vc_column-inner\"><div class=\"wpb_wrapper\"><\/div><\/div><\/div><\/div>","protected":false},"excerpt":{"rendered":"KURU SO\u011eUTUCULAR \/ So\u011futma Sistemleri 100 kW ile 800 kW kapasite aral\u0131\u011f\u0131nda,kasetli tip ve V tip olarak \u00fcretilen kuru so\u011futucular&nbsp;<a href=\"https:\/\/www.taninmismakina.com\/en\/kuru-sogutucular-2\/\">[&hellip;]<\/a>","protected":false},"author":1,"featured_media":0,"parent":0,"menu_order":0,"comment_status":"closed","ping_status":"closed","template":"template-fullwidth.php","meta":{"footnotes":""},"class_list":["post-5706","page","type-page","status-publish","hentry"],"yoast_head":"<!-- This site is optimized with the Yoast SEO plugin v22.9 - https:\/\/yoast.com\/wordpress\/plugins\/seo\/ -->\n<title>Kuru So\u011futucular - Tan\u0131nm\u0131\u015f Makina<\/title>\n<meta name=\"description\" content=\"100 kW ile 800 kW kapasite aral\u0131\u011f\u0131nda,kasetli tip ve V tip olarak \u00fcretilen kuru so\u011futucular hakk\u0131nda bilgi almak i\u00e7in bizimle irtibata ge\u00e7ebilirsiniz.\" \/>\n<meta name=\"robots\" content=\"index, follow, max-snippet:-1, max-image-preview:large, max-video-preview:-1\" \/>\n<link rel=\"canonical\" href=\"https:\/\/www.taninmismakina.com\/en\/kuru-sogutucular-2\/\" \/>\n<meta property=\"og:locale\" content=\"en_US\" \/>\n<meta property=\"og:type\" content=\"article\" \/>\n<meta property=\"og:title\" content=\"Kuru So\u011futucular - Tan\u0131nm\u0131\u015f Makina\" \/>\n<meta property=\"og:description\" content=\"100 kW ile 800 kW kapasite aral\u0131\u011f\u0131nda,kasetli tip ve V tip olarak \u00fcretilen kuru so\u011futucular hakk\u0131nda bilgi almak i\u00e7in bizimle irtibata ge\u00e7ebilirsiniz.\" \/>\n<meta property=\"og:url\" content=\"https:\/\/www.taninmismakina.com\/en\/kuru-sogutucular-2\/\" \/>\n<meta property=\"og:site_name\" content=\"Tan\u0131nm\u0131\u015f Makina\" \/>\n<meta property=\"article:modified_time\" content=\"2024-06-29T14:42:59+00:00\" \/>\n<meta name=\"twitter:card\" content=\"summary_large_image\" \/>\n<meta name=\"twitter:label1\" content=\"Est. reading time\" \/>\n\t<meta name=\"twitter:data1\" content=\"1 minute\" \/>\n<script type=\"application\/ld+json\" class=\"yoast-schema-graph\">{\"@context\":\"https:\/\/schema.org\",\"@graph\":[{\"@type\":\"WebPage\",\"@id\":\"https:\/\/www.taninmismakina.com\/kuru-sogutucular-2\/\",\"url\":\"https:\/\/www.taninmismakina.com\/kuru-sogutucular-2\/\",\"name\":\"Kuru So\u011futucular - Tan\u0131nm\u0131\u015f Makina\",\"isPartOf\":{\"@id\":\"https:\/\/www.taninmismakina.com\/#website\"},\"datePublished\":\"2024-06-29T14:41:22+00:00\",\"dateModified\":\"2024-06-29T14:42:59+00:00\",\"description\":\"100 kW ile 800 kW kapasite aral\u0131\u011f\u0131nda,kasetli tip ve V tip olarak \u00fcretilen kuru so\u011futucular hakk\u0131nda bilgi almak i\u00e7in bizimle irtibata ge\u00e7ebilirsiniz.\",\"breadcrumb\":{\"@id\":\"https:\/\/www.taninmismakina.com\/kuru-sogutucular-2\/#breadcrumb\"},\"inLanguage\":\"en-US\",\"potentialAction\":[{\"@type\":\"ReadAction\",\"target\":[\"https:\/\/www.taninmismakina.com\/kuru-sogutucular-2\/\"]}]},{\"@type\":\"BreadcrumbList\",\"@id\":\"https:\/\/www.taninmismakina.com\/kuru-sogutucular-2\/#breadcrumb\",\"itemListElement\":[{\"@type\":\"ListItem\",\"position\":1,\"name\":\"Home\",\"item\":\"https:\/\/www.taninmismakina.com\/\"},{\"@type\":\"ListItem\",\"position\":2,\"name\":\"Kuru So\u011futucular\"}]},{\"@type\":\"WebSite\",\"@id\":\"https:\/\/www.taninmismakina.com\/#website\",\"url\":\"https:\/\/www.taninmismakina.com\/\",\"name\":\"Tan\u0131nm\u0131\u015f Makina\",\"description\":\"Is\u0131tma ve So\u011futma Sistemleri\",\"potentialAction\":[{\"@type\":\"SearchAction\",\"target\":{\"@type\":\"EntryPoint\",\"urlTemplate\":\"https:\/\/www.taninmismakina.com\/?s={search_term_string}\"},\"query-input\":\"required name=search_term_string\"}],\"inLanguage\":\"en-US\"}]}<\/script>\n<!-- \/ Yoast SEO plugin. -->","yoast_head_json":{"title":"Kuru So\u011futucular - Tan\u0131nm\u0131\u015f Makina","description":"100 kW ile 800 kW kapasite aral\u0131\u011f\u0131nda,kasetli tip ve V tip olarak \u00fcretilen kuru so\u011futucular hakk\u0131nda bilgi almak i\u00e7in bizimle irtibata ge\u00e7ebilirsiniz.","robots":{"index":"index","follow":"follow","max-snippet":"max-snippet:-1","max-image-preview":"max-image-preview:large","max-video-preview":"max-video-preview:-1"},"canonical":"https:\/\/www.taninmismakina.com\/en\/kuru-sogutucular-2\/","og_locale":"en_US","og_type":"article","og_title":"Kuru So\u011futucular - Tan\u0131nm\u0131\u015f Makina","og_description":"100 kW ile 800 kW kapasite aral\u0131\u011f\u0131nda,kasetli tip ve V tip olarak \u00fcretilen kuru so\u011futucular hakk\u0131nda bilgi almak i\u00e7in bizimle irtibata ge\u00e7ebilirsiniz.","og_url":"https:\/\/www.taninmismakina.com\/en\/kuru-sogutucular-2\/","og_site_name":"Tan\u0131nm\u0131\u015f Makina","article_modified_time":"2024-06-29T14:42:59+00:00","twitter_card":"summary_large_image","twitter_misc":{"Est. reading time":"1 minute"},"schema":{"@context":"https:\/\/schema.org","@graph":[{"@type":"WebPage","@id":"https:\/\/www.taninmismakina.com\/kuru-sogutucular-2\/","url":"https:\/\/www.taninmismakina.com\/kuru-sogutucular-2\/","name":"Kuru So\u011futucular - Tan\u0131nm\u0131\u015f Makina","isPartOf":{"@id":"https:\/\/www.taninmismakina.com\/#website"},"datePublished":"2024-06-29T14:41:22+00:00","dateModified":"2024-06-29T14:42:59+00:00","description":"100 kW ile 800 kW kapasite aral\u0131\u011f\u0131nda,kasetli tip ve V tip olarak \u00fcretilen kuru so\u011futucular hakk\u0131nda bilgi almak i\u00e7in bizimle irtibata ge\u00e7ebilirsiniz.","breadcrumb":{"@id":"https:\/\/www.taninmismakina.com\/kuru-sogutucular-2\/#breadcrumb"},"inLanguage":"en-US","potentialAction":[{"@type":"ReadAction","target":["https:\/\/www.taninmismakina.com\/kuru-sogutucular-2\/"]}]},{"@type":"BreadcrumbList","@id":"https:\/\/www.taninmismakina.com\/kuru-sogutucular-2\/#breadcrumb","itemListElement":[{"@type":"ListItem","position":1,"name":"Home","item":"https:\/\/www.taninmismakina.com\/"},{"@type":"ListItem","position":2,"name":"Kuru So\u011futucular"}]},{"@type":"WebSite","@id":"https:\/\/www.taninmismakina.com\/#website","url":"https:\/\/www.taninmismakina.com\/","name":"Tan\u0131nm\u0131\u015f Makina","description":"Is\u0131tma ve So\u011futma Sistemleri","potentialAction":[{"@type":"SearchAction","target":{"@type":"EntryPoint","urlTemplate":"https:\/\/www.taninmismakina.com\/?s={search_term_string}"},"query-input":"required name=search_term_string"}],"inLanguage":"en-US"}]}},"_links":{"self":[{"href":"https:\/\/www.taninmismakina.com\/en\/wp-json\/wp\/v2\/pages\/5706","targetHints":{"allow":["GET"]}}],"collection":[{"href":"https:\/\/www.taninmismakina.com\/en\/wp-json\/wp\/v2\/pages"}],"about":[{"href":"https:\/\/www.taninmismakina.com\/en\/wp-json\/wp\/v2\/types\/page"}],"author":[{"embeddable":true,"href":"https:\/\/www.taninmismakina.com\/en\/wp-json\/wp\/v2\/users\/1"}],"replies":[{"embeddable":true,"href":"https:\/\/www.taninmismakina.com\/en\/wp-json\/wp\/v2\/comments?post=5706"}],"version-history":[{"count":3,"href":"https:\/\/www.taninmismakina.com\/en\/wp-json\/wp\/v2\/pages\/5706\/revisions"}],"predecessor-version":[{"id":5712,"href":"https:\/\/www.taninmismakina.com\/en\/wp-json\/wp\/v2\/pages\/5706\/revisions\/5712"}],"wp:attachment":[{"href":"https:\/\/www.taninmismakina.com\/en\/wp-json\/wp\/v2\/media?parent=5706"}],"curies":[{"name":"wp","href":"https:\/\/api.w.org\/{rel}","templated":true}]}}